{"id":5737,"date":"2021-09-08T17:33:31","date_gmt":"2021-09-08T15:33:31","guid":{"rendered":"https:\/\/agora.xtec.cat\/iessanthilari\/?page_id=5737"},"modified":"2024-06-30T16:11:09","modified_gmt":"2024-06-30T14:11:09","slug":"criteris-davaluacio","status":"publish","type":"page","link":"https:\/\/agora.xtec.cat\/iessanthilari\/curs\/criteris-davaluacio\/","title":{"rendered":"Avaluaci\u00f3"},"content":{"rendered":"<p>Criteris de qualificaci\u00f3 i d&#8217;atenci\u00f3 universal a la diversitat: <a href=\"https:\/\/drive.google.com\/drive\/u\/0\/folders\/1xH2hWLfPbcX9izcZozfL5V6I2cTbAcSf\">criteris<\/a><\/p>\n<p>Reclamacions de qualificacions finals:<\/p>\n<ul>\n<li><strong>Divendres 21 de juny de 10.00 a 14.00 hores<\/strong><\/li>\n<li>Reclamacions a les qualificacions finals d\u2019una mat\u00e8ria:\n<ul>\n<li>L\u2019alumnat o les seves fam\u00edlies poden demanar aclariments sobre les qualificacions finals als docents.<\/li>\n<li>Si l\u2019alumne\/a no est\u00e0 d\u2019acord amb la resoluci\u00f3 dels docents, els tutors legals (o l\u2019alumnat en cas de majors d\u2019edat) podran reiterar la reclamaci\u00f3 en un escrit adre\u00e7at al director i presentat el mateix dia.<\/li>\n<\/ul>\n<\/li>\n<li>Reclamacions a les decisions relatives a la promoci\u00f3 i la graduaci\u00f3:\n<ul>\n<li>Els tutors legals (o l\u2019alumnat en cas de majors d\u2019edat) poden presentar reclamaci\u00f3 per escrit a la direcci\u00f3 del centre el mateix dia sobre les decisions relatives a la promoci\u00f3 i la graduaci\u00f3.<\/li>\n<\/ul>\n<\/li>\n<\/ul>\n<p>Les reclamacions adre\u00e7ades a la direcci\u00f3 del centre es presentaran fent servir el\u00a0<a href=\"https:\/\/agora.xtec.cat\/iessanthilari\/wp-content\/uploads\/usu490\/2018\/11\/Instancia.pdf\">model d\u2019inst\u00e0ncia gen\u00e8rica<\/a>, per correu electr\u00f2nic a l\u2019adre\u00e7a\u00a0<a href=\"mailto:b7004517@xtec.cat\">b7004517@xtec.cat<\/a>, o en format paper a consergeria, abans de les 14.30 hores del dia 21 de juny de 2024.<\/p>\n<p>&nbsp;<\/p>\n","protected":false},"excerpt":{"rendered":"<p>Criteris de qualificaci\u00f3 i d&#8217;atenci\u00f3 universal a la diversitat: <a href=\"https:\/\/drive.google.com\/drive\/u\/0\/folders\/1xH2hWLfPbcX9izcZozfL5V6I2cTbAcSf\">criteris<\/a><br \/>\nReclamacions de qualificacions finals:<\/p>\n<ul>\n<li>Divendres 21 de juny de 10.00 a 14.00 hores<\/li>\n<li>Reclamacions a les qualificacions finals d\u2019una mat\u00e8ria:\n<ul>\n<li>L\u2019alumnat o les seves fam\u00edlies poden demanar aclariments sobre les qualificacions finals als docents.<\/li>\n<li>Si l\u2019alumne\/a no est\u00e0 d\u2019acord&hellip;  <a href=\"https:\/\/agora.xtec.cat\/iessanthilari\/curs\/criteris-davaluacio\/\" title=\"Read Avaluaci\u00f3\">Llegeix m\u00e9s\u00bb<\/a><br \/>\n","protected":false},"author":1,"featured_media":0,"parent":4152,"menu_order":30,"comment_status":"closed","ping_status":"closed","template":"page-templates\/side-menu.php","meta":{"_bbp_topic_count":0,"_bbp_reply_count":0,"_bbp_total_topic_count":0,"_bbp_total_reply_count":0,"_bbp_voice_count":0,"_bbp_anonymous_reply_count":0,"_bbp_topic_count_hidden":0,"_bbp_reply_count_hidden":0,"_bbp_forum_subforum_count":0,"footnotes":""},"class_list":["post-5737","page","type-page","status-publish","hentry"],"post_mailing_queue_ids":[],"_links":{"self":[{"href":"https:\/\/agora.xtec.cat\/iessanthilari\/wp-json\/wp\/v2\/pages\/5737","targetHints":{"allow":["GET"]}}],"collection":[{"href":"https:\/\/agora.xtec.cat\/iessanthilari\/wp-json\/wp\/v2\/pages"}],"about":[{"href":"https:\/\/agora.xtec.cat\/iessanthilari\/wp-json\/wp\/v2\/types\/page"}],"author":[{"embeddable":true,"href":"https:\/\/agora.xtec.cat\/iessanthilari\/wp-json\/wp\/v2\/users\/1"}],"replies":[{"embeddable":true,"href":"https:\/\/agora.xtec.cat\/iessanthilari\/wp-json\/wp\/v2\/comments?post=5737"}],"version-history":[{"count":5,"href":"https:\/\/agora.xtec.cat\/iessanthilari\/wp-json\/wp\/v2\/pages\/5737\/revisions"}],"predecessor-version":[{"id":7919,"href":"https:\/\/agora.xtec.cat\/iessanthilari\/wp-json\/wp\/v2\/pages\/5737\/revisions\/7919"}],"up":[{"embeddable":true,"href":"https:\/\/agora.xtec.cat\/iessanthilari\/wp-json\/wp\/v2\/pages\/4152"}],"wp:attachment":[{"href":"https:\/\/agora.xtec.cat\/iessanthilari\/wp-json\/wp\/v2\/media?parent=5737"}],"curies":[{"name":"wp","href":"https:\/\/api.w.org\/{rel}","templated":true}]}}