{"id":5662,"date":"2021-07-01T09:30:41","date_gmt":"2021-07-01T07:30:41","guid":{"rendered":"http:\/\/agora.xtec.cat\/iessanthilari\/?page_id=5662"},"modified":"2021-12-10T08:29:35","modified_gmt":"2021-12-10T07:29:35","slug":"coeducacio","status":"publish","type":"page","link":"https:\/\/agora.xtec.cat\/iessanthilari\/secretaria\/coeducacio\/","title":{"rendered":"Coeducaci\u00f3"},"content":{"rendered":"<ul>\n<li>Usapps: podeu consultar la informaci\u00f3 en aquest <a href=\"https:\/\/www.youtube.com\/watch?v=nkgENcCaHH8\" target=\"_blank\" rel=\"noopener\">v\u00eddeo<\/a> i la web d&#8217;<a href=\"https:\/\/projectes.xtec.cat\/educacioinclusiva\/general\/engega-la-usapps\/\" target=\"_blank\" rel=\"noopener\">educaci\u00f3 inclusiva<\/a>.<\/li>\n<li>Web de recursos educatius: <a href=\"https:\/\/sites.google.com\/view\/coeducacio\/inici\" target=\"_blank\" rel=\"noopener noreferrer\">https:\/\/sites.google.com\/view\/coeducacio\/inici<\/a><\/li>\n<li>Servei d&#8217;atenci\u00f3 integral, Gencat: <a href=\"https:\/\/treballiaferssocials.gencat.cat\/ca\/ambits_tematics\/lgbti\/atenciointegral\/recursos\/\" target=\"_blank\" rel=\"noopener noreferrer\">https:\/\/treballiaferssocials.gencat.cat\/ca\/ambits_tematics\/lgbti\/atenciointegral\/recursos\/<\/a><\/li>\n<li>Prevenci\u00f3 i detecci\u00f3 de la viol\u00e8ncia masclista: <a href=\"https:\/\/educacio.gencat.cat\/ca\/arees-actuacio\/families\/ajudem-fills\/violencia-masclista\/\">https:\/\/educacio.gencat.cat\/ca\/arees-actuacio\/families\/ajudem-fills\/violencia-masclista\/<\/a><\/li>\n<\/ul>\n","protected":false},"excerpt":{"rendered":"<ul>\n<li>Usapps: podeu consultar la informaci\u00f3 en aquest <a href=\"https:\/\/www.youtube.com\/watch?v=nkgENcCaHH8\" target=\"_blank\" rel=\"noopener\">v\u00eddeo<\/a> i la web d&#8217;<a href=\"https:\/\/projectes.xtec.cat\/educacioinclusiva\/general\/engega-la-usapps\/\" target=\"_blank\" rel=\"noopener\">educaci\u00f3 inclusiva<\/a>.<\/li>\n<li>Web de recursos educatius: <a href=\"https:\/\/sites.google.com\/view\/coeducacio\/inici\" target=\"_blank\" rel=\"noopener noreferrer\">https:\/\/sites.google.com\/view\/coeducacio\/inici<\/a><\/li>\n<li>Servei d&#8217;atenci\u00f3 integral, Gencat: <a href=\"https:\/\/treballiaferssocials.gencat.cat\/ca\/ambits_tematics\/lgbti\/atenciointegral\/recursos\/\" target=\"_blank\" rel=\"noopener noreferrer\">https:\/\/treballiaferssocials.gencat.cat\/ca\/ambits_tematics\/lgbti\/atenciointegral\/recursos\/<\/a><\/li>\n<li>Prevenci\u00f3 i detecci\u00f3 de la viol\u00e8ncia masclista: <a href=\"https:\/\/educacio.gencat.cat\/ca\/arees-actuacio\/families\/ajudem-fills\/violencia-masclista\/\">https:\/\/educacio.gencat.cat\/ca\/arees-actuacio\/families\/ajudem-fills\/violencia-masclista\/<\/a><\/li>\n<\/ul>\n","protected":false},"author":1,"featured_media":0,"parent":81,"menu_order":55,"comment_status":"closed","ping_status":"closed","template":"page-templates\/side-menu.php","meta":{"_bbp_topic_count":0,"_bbp_reply_count":0,"_bbp_total_topic_count":0,"_bbp_total_reply_count":0,"_bbp_voice_count":0,"_bbp_anonymous_reply_count":0,"_bbp_topic_count_hidden":0,"_bbp_reply_count_hidden":0,"_bbp_forum_subforum_count":0,"footnotes":""},"class_list":["post-5662","page","type-page","status-publish","hentry"],"post_mailing_queue_ids":[],"_links":{"self":[{"href":"https:\/\/agora.xtec.cat\/iessanthilari\/wp-json\/wp\/v2\/pages\/5662","targetHints":{"allow":["GET"]}}],"collection":[{"href":"https:\/\/agora.xtec.cat\/iessanthilari\/wp-json\/wp\/v2\/pages"}],"about":[{"href":"https:\/\/agora.xtec.cat\/iessanthilari\/wp-json\/wp\/v2\/types\/page"}],"author":[{"embeddable":true,"href":"https:\/\/agora.xtec.cat\/iessanthilari\/wp-json\/wp\/v2\/users\/1"}],"replies":[{"embeddable":true,"href":"https:\/\/agora.xtec.cat\/iessanthilari\/wp-json\/wp\/v2\/comments?post=5662"}],"version-history":[{"count":4,"href":"https:\/\/agora.xtec.cat\/iessanthilari\/wp-json\/wp\/v2\/pages\/5662\/revisions"}],"predecessor-version":[{"id":6176,"href":"https:\/\/agora.xtec.cat\/iessanthilari\/wp-json\/wp\/v2\/pages\/5662\/revisions\/6176"}],"up":[{"embeddable":true,"href":"https:\/\/agora.xtec.cat\/iessanthilari\/wp-json\/wp\/v2\/pages\/81"}],"wp:attachment":[{"href":"https:\/\/agora.xtec.cat\/iessanthilari\/wp-json\/wp\/v2\/media?parent=5662"}],"curies":[{"name":"wp","href":"https:\/\/api.w.org\/{rel}","templated":true}]}}