{"id":5639,"date":"2021-06-29T22:02:48","date_gmt":"2021-06-29T20:02:48","guid":{"rendered":"http:\/\/agora.xtec.cat\/iessanthilari\/?page_id=5639"},"modified":"2024-06-25T08:06:43","modified_gmt":"2024-06-25T06:06:43","slug":"recomanacions-destiu","status":"publish","type":"page","link":"https:\/\/agora.xtec.cat\/iessanthilari\/curs\/recomanacions-destiu\/","title":{"rendered":"Recomanacions d&#8217;estiu"},"content":{"rendered":"<ul>\n<li>Lleng\u00fces: <a href=\"https:\/\/agora.xtec.cat\/iessanthilari\/wp-content\/uploads\/usu490\/2024\/06\/RECOMANACIONS-REFRESCANTS-DESTIU-2024.pdf\">RECOMANACIONS REFRESCANTS D&#8217;ESTIU &#8211; 2024<\/a><\/li>\n<li>English: <a href=\"https:\/\/agora.xtec.cat\/iessanthilari\/wp-content\/uploads\/usu490\/2024\/06\/SUMMER-ENGLISH-REVISION-24.pdf\">SUMMER ENGLISH REVISION &#8217;24<\/a><\/li>\n<li>Matem\u00e0tiques 1r d&#8217;ESO: <a href=\"https:\/\/agora.xtec.cat\/iessanthilari\/wp-content\/uploads\/usu490\/2021\/06\/1eso.pdf\" target=\"_blank\" rel=\"noopener noreferrer\">1eso<\/a><\/li>\n<li>Matem\u00e0tiques 2n d&#8217;ESO: <a href=\"https:\/\/agora.xtec.cat\/iessanthilari\/wp-content\/uploads\/usu490\/2021\/06\/2eso.pdf\" target=\"_blank\" rel=\"noopener noreferrer\">2eso<\/a><\/li>\n<li>Matem\u00e0tiques 3r d&#8217;ESO: <a href=\"https:\/\/agora.xtec.cat\/iessanthilari\/wp-content\/uploads\/usu490\/2021\/06\/3eso.pdf\" target=\"_blank\" rel=\"noopener noreferrer\">3eso<\/a><\/li>\n<li>Matem\u00e0tiques 4t d&#8217;ESO: <a href=\"https:\/\/agora.xtec.cat\/iessanthilari\/wp-content\/uploads\/usu490\/2021\/06\/4eso.pdf\" target=\"_blank\" rel=\"noopener noreferrer\">4eso<\/a><\/li>\n<li>Angl\u00e8s 2n i 4t: <em>S&#8217;aconsella fer servir el llibre digital (workbook) que tenen disponible fins l&#8217;agost per a fer rep\u00e0s dels temes que hem estat estudiant aquest curs. Ho poden trobar amb el nom de &#8220;Active Learning KIT&#8221; i per unitats, de la 1 a la 8.<\/em><\/li>\n<li>\u00c0mbit de les ci\u00e8ncies socials: <a href=\"https:\/\/agora.xtec.cat\/iessanthilari\/wp-content\/uploads\/usu490\/2024\/06\/RECOMANACIONS-DE-LECTURES-SOCIALS.pdf\" target=\"_blank\" rel=\"noopener\">RECOMANACIONS DE LECTURES SOCIALS<\/a><\/li>\n<li>F\u00edsica i qu\u00edmica 2n d&#8217;ESO: repassar totes les activitats del\u00a0<a href=\"https:\/\/cienciesabp.blogspot.com\/\" target=\"_blank\" rel=\"noopener\" data-saferedirecturl=\"https:\/\/www.google.com\/url?q=https:\/\/cienciesabp.blogspot.com\/&amp;source=gmail&amp;ust=1718276017708000&amp;usg=AOvVaw1gHdOdAJikiN3CdYN1Nm-r\">blog<\/a> de ci\u00e8ncia.<\/li>\n<li>F\u00edsica i qu\u00edmica 4t d&#8217;ESO: dossiers de revisi\u00f3 del curs del curs Classroom de la mat\u00e8ria.<\/li>\n<li>Activitats del portal Edu365: <a href=\"https:\/\/www.edu365.cat\/estiu\/eso\/index.html\">edu365<\/a><\/li>\n<\/ul>\n","protected":false},"excerpt":{"rendered":"<ul>\n<li>Lleng\u00fces: <a href=\"https:\/\/agora.xtec.cat\/iessanthilari\/wp-content\/uploads\/usu490\/2024\/06\/RECOMANACIONS-REFRESCANTS-DESTIU-2024.pdf\">RECOMANACIONS REFRESCANTS D&#8217;ESTIU &#8211; 2024<\/a><\/li>\n<li>English: <a href=\"https:\/\/agora.xtec.cat\/iessanthilari\/wp-content\/uploads\/usu490\/2024\/06\/SUMMER-ENGLISH-REVISION-24.pdf\">SUMMER ENGLISH REVISION &#8217;24<\/a><\/li>\n<li>Matem\u00e0tiques 1r d&#8217;ESO: <a href=\"https:\/\/agora.xtec.cat\/iessanthilari\/wp-content\/uploads\/usu490\/2021\/06\/1eso.pdf\" target=\"_blank\" rel=\"noopener noreferrer\">1eso<\/a><\/li>\n<li>Matem\u00e0tiques 2n d&#8217;ESO: <a href=\"https:\/\/agora.xtec.cat\/iessanthilari\/wp-content\/uploads\/usu490\/2021\/06\/2eso.pdf\" target=\"_blank\" rel=\"noopener noreferrer\">2eso<\/a><\/li>\n<li>Matem\u00e0tiques 3r d&#8217;ESO: <a href=\"https:\/\/agora.xtec.cat\/iessanthilari\/wp-content\/uploads\/usu490\/2021\/06\/3eso.pdf\" target=\"_blank\" rel=\"noopener noreferrer\">3eso<\/a><\/li>\n<li>Matem\u00e0tiques 4t d&#8217;ESO: <a href=\"https:\/\/agora.xtec.cat\/iessanthilari\/wp-content\/uploads\/usu490\/2021\/06\/4eso.pdf\" target=\"_blank\" rel=\"noopener noreferrer\">4eso<\/a><\/li>\n<li>Angl\u00e8s 2n i 4t: S&#8217;aconsella fer&hellip;  <a href=\"https:\/\/agora.xtec.cat\/iessanthilari\/curs\/recomanacions-destiu\/\" title=\"Read Recomanacions d&#8217;estiu\">Llegeix m\u00e9s\u00bb<\/a><br \/>\n","protected":false},"author":1,"featured_media":0,"parent":4152,"menu_order":31,"comment_status":"closed","ping_status":"closed","template":"page-templates\/side-menu.php","meta":{"_bbp_topic_count":0,"_bbp_reply_count":0,"_bbp_total_topic_count":0,"_bbp_total_reply_count":0,"_bbp_voice_count":0,"_bbp_anonymous_reply_count":0,"_bbp_topic_count_hidden":0,"_bbp_reply_count_hidden":0,"_bbp_forum_subforum_count":0,"footnotes":""},"class_list":["post-5639","page","type-page","status-publish","hentry"],"post_mailing_queue_ids":[],"_links":{"self":[{"href":"https:\/\/agora.xtec.cat\/iessanthilari\/wp-json\/wp\/v2\/pages\/5639","targetHints":{"allow":["GET"]}}],"collection":[{"href":"https:\/\/agora.xtec.cat\/iessanthilari\/wp-json\/wp\/v2\/pages"}],"about":[{"href":"https:\/\/agora.xtec.cat\/iessanthilari\/wp-json\/wp\/v2\/types\/page"}],"author":[{"embeddable":true,"href":"https:\/\/agora.xtec.cat\/iessanthilari\/wp-json\/wp\/v2\/users\/1"}],"replies":[{"embeddable":true,"href":"https:\/\/agora.xtec.cat\/iessanthilari\/wp-json\/wp\/v2\/comments?post=5639"}],"version-history":[{"count":6,"href":"https:\/\/agora.xtec.cat\/iessanthilari\/wp-json\/wp\/v2\/pages\/5639\/revisions"}],"predecessor-version":[{"id":7900,"href":"https:\/\/agora.xtec.cat\/iessanthilari\/wp-json\/wp\/v2\/pages\/5639\/revisions\/7900"}],"up":[{"embeddable":true,"href":"https:\/\/agora.xtec.cat\/iessanthilari\/wp-json\/wp\/v2\/pages\/4152"}],"wp:attachment":[{"href":"https:\/\/agora.xtec.cat\/iessanthilari\/wp-json\/wp\/v2\/media?parent=5639"}],"curies":[{"name":"wp","href":"https:\/\/api.w.org\/{rel}","templated":true}]}}