{"id":4945,"date":"2021-02-03T22:50:26","date_gmt":"2021-02-03T21:50:26","guid":{"rendered":"http:\/\/agora.xtec.cat\/iessanthilari\/?page_id=4945"},"modified":"2024-07-04T08:10:20","modified_gmt":"2024-07-04T06:10:20","slug":"proves-de-competencies-basiques-de-4t-deso","status":"publish","type":"page","link":"https:\/\/agora.xtec.cat\/iessanthilari\/curs\/proves-de-competencies-basiques-de-4t-deso\/","title":{"rendered":"Proves de compet\u00e8ncies b\u00e0siques de 4t d&#8217;ESO"},"content":{"rendered":"<ul>\n<li style=\"list-style-type: none\">\n<ul>\n<li>Informaci\u00f3 de les proves: <a href=\"http:\/\/csda.gencat.cat\/ca\/arees-actuacio\/avaluacions-consell\/avaluacio-quart-eso\/2023\/\">CB_4tESO<\/a><\/li>\n<li>Informaci\u00f3 per a les fam\u00edlies: <a href=\"https:\/\/agora.xtec.cat\/iessanthilari\/wp-content\/uploads\/usu490\/2023\/04\/Avaluacio-educacio-secundaria-obligatoria-1.pdf\">Avaluaci\u00f3 educaci\u00f3 secund\u00e0ria obligat\u00f2ria<\/a><\/li>\n<\/ul>\n<\/li>\n<\/ul>\n<p>&nbsp;<\/p>\n","protected":false},"excerpt":{"rendered":"<ul>\n<li style=\"list-style-type: none\">\n<ul>\n<li>Informaci\u00f3 de les proves: <a href=\"http:\/\/csda.gencat.cat\/ca\/arees-actuacio\/avaluacions-consell\/avaluacio-quart-eso\/2023\/\">CB_4tESO<\/a><\/li>\n<li>Informaci\u00f3 per a les fam\u00edlies: <a href=\"https:\/\/agora.xtec.cat\/iessanthilari\/wp-content\/uploads\/usu490\/2023\/04\/Avaluacio-educacio-secundaria-obligatoria-1.pdf\">Avaluaci\u00f3 educaci\u00f3 secund\u00e0ria obligat\u00f2ria<\/a><\/li>\n<\/ul>\n<\/li>\n<\/ul>\n<p>&nbsp;<\/p>\n","protected":false},"author":1,"featured_media":0,"parent":4152,"menu_order":41,"comment_status":"closed","ping_status":"closed","template":"page-templates\/side-menu.php","meta":{"_bbp_topic_count":0,"_bbp_reply_count":0,"_bbp_total_topic_count":0,"_bbp_total_reply_count":0,"_bbp_voice_count":0,"_bbp_anonymous_reply_count":0,"_bbp_topic_count_hidden":0,"_bbp_reply_count_hidden":0,"_bbp_forum_subforum_count":0,"footnotes":""},"class_list":["post-4945","page","type-page","status-publish","hentry"],"post_mailing_queue_ids":[],"_links":{"self":[{"href":"https:\/\/agora.xtec.cat\/iessanthilari\/wp-json\/wp\/v2\/pages\/4945","targetHints":{"allow":["GET"]}}],"collection":[{"href":"https:\/\/agora.xtec.cat\/iessanthilari\/wp-json\/wp\/v2\/pages"}],"about":[{"href":"https:\/\/agora.xtec.cat\/iessanthilari\/wp-json\/wp\/v2\/types\/page"}],"author":[{"embeddable":true,"href":"https:\/\/agora.xtec.cat\/iessanthilari\/wp-json\/wp\/v2\/users\/1"}],"replies":[{"embeddable":true,"href":"https:\/\/agora.xtec.cat\/iessanthilari\/wp-json\/wp\/v2\/comments?post=4945"}],"version-history":[{"count":4,"href":"https:\/\/agora.xtec.cat\/iessanthilari\/wp-json\/wp\/v2\/pages\/4945\/revisions"}],"predecessor-version":[{"id":7951,"href":"https:\/\/agora.xtec.cat\/iessanthilari\/wp-json\/wp\/v2\/pages\/4945\/revisions\/7951"}],"up":[{"embeddable":true,"href":"https:\/\/agora.xtec.cat\/iessanthilari\/wp-json\/wp\/v2\/pages\/4152"}],"wp:attachment":[{"href":"https:\/\/agora.xtec.cat\/iessanthilari\/wp-json\/wp\/v2\/media?parent=4945"}],"curies":[{"name":"wp","href":"https:\/\/api.w.org\/{rel}","templated":true}]}}