{"id":46,"date":"2014-09-17T16:53:45","date_gmt":"2014-09-17T16:53:45","guid":{"rendered":"http:\/\/agora.xtec.cat\/iessanthilari\/?page_id=46"},"modified":"2024-10-09T18:28:13","modified_gmt":"2024-10-09T16:28:13","slug":"organigrama","status":"publish","type":"page","link":"https:\/\/agora.xtec.cat\/iessanthilari\/curs\/organigrama\/","title":{"rendered":"Equip hum\u00e0 del centre"},"content":{"rendered":"<p>Els \u00f2rgans de gesti\u00f3 de l\u2019Institut Anton Busquets i Punset\u00a0 el formen el consell escolar,\u00a0 l\u2019equip directiu i els diferents departaments.<\/p>\n<ul>\n<li><a title=\"Consell escolar\" href=\"http:\/\/agora.xtec.cat\/iessanthilari\/linstitut\/organigrama\/consell-escolar\/\">Consell escolar<\/a><\/li>\n<li><a title=\"Equip Directiu\" href=\"http:\/\/agora.xtec.cat\/iessanthilari\/linstitut\/organigrama\/equip-directiu\/\">Equip directiu<\/a><\/li>\n<li><a title=\"Departaments\" href=\"http:\/\/agora.xtec.cat\/iessanthilari\/linstitut\/organigrama\/departaments\/\" rel=\"noopener\">Professorat<\/a><\/li>\n<li><a title=\"Personal d\u2019administraci\u00f3 i serveis (PAS)\" href=\"http:\/\/agora.xtec.cat\/iessanthilari\/linstitut\/organigrama\/personal-dadministracio-i-serveis\/\" rel=\"noopener\">Personal d\u2019administraci\u00f3 i serveis (PAS)<\/a><\/li>\n<\/ul>\n<p>&nbsp;<\/p>\n","protected":false},"excerpt":{"rendered":"<p>Els \u00f2rgans de gesti\u00f3 de l\u2019Institut Anton Busquets i Punset\u00a0 el formen el consell escolar,\u00a0 l\u2019equip directiu i els diferents departaments.<\/p>\n<ul>\n<li><a title=\"Consell escolar\" href=\"http:\/\/agora.xtec.cat\/iessanthilari\/linstitut\/organigrama\/consell-escolar\/\">Consell escolar<\/a><\/li>\n<li><a title=\"Equip Directiu\" href=\"http:\/\/agora.xtec.cat\/iessanthilari\/linstitut\/organigrama\/equip-directiu\/\">Equip directiu<\/a><\/li>\n<li><a title=\"Departaments\" href=\"http:\/\/agora.xtec.cat\/iessanthilari\/linstitut\/organigrama\/departaments\/\" rel=\"noopener\">Professorat<\/a><\/li>\n<li><a title=\"Personal d\u2019administraci\u00f3 i serveis (PAS)\" href=\"http:\/\/agora.xtec.cat\/iessanthilari\/linstitut\/organigrama\/personal-dadministracio-i-serveis\/\" rel=\"noopener\">Personal d\u2019administraci\u00f3 i serveis (PAS)<\/a><\/li>\n<\/ul>\n<p>&nbsp;<\/p>\n","protected":false},"author":1,"featured_media":0,"parent":4152,"menu_order":24,"comment_status":"closed","ping_status":"closed","template":"page-templates\/side-menu.php","meta":{"_bbp_topic_count":0,"_bbp_reply_count":0,"_bbp_total_topic_count":0,"_bbp_total_reply_count":0,"_bbp_voice_count":0,"_bbp_anonymous_reply_count":0,"_bbp_topic_count_hidden":0,"_bbp_reply_count_hidden":0,"_bbp_forum_subforum_count":0,"footnotes":""},"class_list":["post-46","page","type-page","status-publish","hentry"],"post_mailing_queue_ids":[],"_links":{"self":[{"href":"https:\/\/agora.xtec.cat\/iessanthilari\/wp-json\/wp\/v2\/pages\/46","targetHints":{"allow":["GET"]}}],"collection":[{"href":"https:\/\/agora.xtec.cat\/iessanthilari\/wp-json\/wp\/v2\/pages"}],"about":[{"href":"https:\/\/agora.xtec.cat\/iessanthilari\/wp-json\/wp\/v2\/types\/page"}],"author":[{"embeddable":true,"href":"https:\/\/agora.xtec.cat\/iessanthilari\/wp-json\/wp\/v2\/users\/1"}],"replies":[{"embeddable":true,"href":"https:\/\/agora.xtec.cat\/iessanthilari\/wp-json\/wp\/v2\/comments?post=46"}],"version-history":[{"count":4,"href":"https:\/\/agora.xtec.cat\/iessanthilari\/wp-json\/wp\/v2\/pages\/46\/revisions"}],"predecessor-version":[{"id":5727,"href":"https:\/\/agora.xtec.cat\/iessanthilari\/wp-json\/wp\/v2\/pages\/46\/revisions\/5727"}],"up":[{"embeddable":true,"href":"https:\/\/agora.xtec.cat\/iessanthilari\/wp-json\/wp\/v2\/pages\/4152"}],"wp:attachment":[{"href":"https:\/\/agora.xtec.cat\/iessanthilari\/wp-json\/wp\/v2\/media?parent=46"}],"curies":[{"name":"wp","href":"https:\/\/api.w.org\/{rel}","templated":true}]}}