{"id":4268,"date":"2020-08-31T14:06:33","date_gmt":"2020-08-31T12:06:33","guid":{"rendered":"http:\/\/agora.xtec.cat\/iessanthilari\/?page_id=4268"},"modified":"2024-10-09T18:28:48","modified_gmt":"2024-10-09T16:28:48","slug":"oferta-formativa","status":"publish","type":"page","link":"https:\/\/agora.xtec.cat\/iessanthilari\/curs\/oferta-formativa\/","title":{"rendered":"Oferta formativa"},"content":{"rendered":"<p><b>Oferta formativa del curs 24-25:\u00a0<\/b><\/p>\n<h4><strong>ESO<\/strong><\/h4>\n<div class=\"entry-content\">\n<ul>\n<li>Estructura dels grups d&#8217;ESO:\n<ul>\n<li>2 grups a 1r d&#8217;ESO<\/li>\n<li>Grup d&#8217;impuls pel treball de les mat\u00e8ries de ci\u00e8ncies i ci\u00e8ncies socials a 1r d&#8217;ESO<\/li>\n<li>2 grups a 2n d&#8217;ESO<\/li>\n<li>Grup d&#8217;impuls pel treball de les mat\u00e8ries de lleng\u00fces i matem\u00e0tiques a 2n d&#8217;ESO<\/li>\n<li>2 grups a 3r d&#8217;ESO<\/li>\n<li>2 grups a 4t d&#8217;ESO<\/li>\n<li>1 grup de Projecte Singular amb alumnat de 3r i 4t d&#8217;ESO<\/li>\n<\/ul>\n<\/li>\n<li>Estructura curricular a ESO:<\/li>\n<\/ul>\n<p style=\"text-align: center;\"><a href=\"https:\/\/agora.xtec.cat\/iessanthilari\/wp-content\/uploads\/usu490\/2023\/07\/curriculum-ESO-1.jpg\"><img loading=\"lazy\" decoding=\"async\" class=\"alignnone size-large wp-image-7441\" src=\"https:\/\/agora.xtec.cat\/iessanthilari\/wp-content\/uploads\/usu490\/2023\/07\/curriculum-ESO-1-966x1024.jpg\" alt=\"\" width=\"966\" height=\"1024\" srcset=\"https:\/\/agora.xtec.cat\/iessanthilari\/wp-content\/uploads\/usu490\/2023\/07\/curriculum-ESO-1-966x1024.jpg 966w, https:\/\/agora.xtec.cat\/iessanthilari\/wp-content\/uploads\/usu490\/2023\/07\/curriculum-ESO-1-283x300.jpg 283w, https:\/\/agora.xtec.cat\/iessanthilari\/wp-content\/uploads\/usu490\/2023\/07\/curriculum-ESO-1-768x814.jpg 768w, https:\/\/agora.xtec.cat\/iessanthilari\/wp-content\/uploads\/usu490\/2023\/07\/curriculum-ESO-1.jpg 1170w\" sizes=\"auto, (max-width: 966px) 100vw, 966px\" \/><\/a><\/p>\n<ul>\n<li>Mat\u00e8ries optatives de 1r a 3r d&#8217;ESO:<\/li>\n<\/ul>\n<table style=\"width: 98.5683%;\">\n<tbody>\n<tr>\n<td style=\"text-align: center; width: 33.4085%;\">\n<h6><span style=\"color: #339966;\"><b>1r ESO<\/b><\/span><\/h6>\n<\/td>\n<td style=\"text-align: center; width: 35.5366%;\">\n<h6><span style=\"color: #339966;\"><b>2n ESO<\/b><\/span><\/h6>\n<\/td>\n<td style=\"text-align: center; width: 29.827%;\">\n<h6><span style=\"color: #339966;\"><b>3r ESO<\/b><\/span><\/h6>\n<\/td>\n<\/tr>\n<tr>\n<td style=\"width: 33.4085%;\"><span style=\"color: #008000;\"><em><strong>Introducci\u00f3 al Franc\u00e8s<\/strong><\/em><\/span><\/p>\n<p><em><span style=\"color: #993300;\"><strong>Mou-te<\/strong><\/span><\/em><\/p>\n<p><span style=\"color: #008000;\"><em><strong>\u00c0mbit social: la volta al M\u00f3n<\/strong><\/em><\/span><\/p>\n<p><span style=\"color: #993300;\"><em><strong>Refor\u00e7 acad\u00e8mic<\/strong><\/em><\/span><\/td>\n<td style=\"width: 35.5366%;\"><strong><span style=\"color: #008000;\"><em>Franc\u00e8s<\/em><\/span><\/strong><\/p>\n<p><span style=\"color: #993300;\"><em><strong>M\u00fasica<\/strong><\/em><\/span><\/p>\n<p><span style=\"color: #008000;\"><em><strong>Emprenedoria<\/strong><\/em><\/span><\/p>\n<p><span style=\"color: #993300;\"><em><strong>\u00c0mbit social: les Guilleries<\/strong><\/em><\/span><\/p>\n<p><span style=\"color: #008000;\"><em><strong>\u00c0mbit cient\u00edfic: petites investigacions<\/strong><\/em><\/span><\/td>\n<td style=\"width: 29.827%;\"><span style=\"color: #008000;\"><em><strong>Franc\u00e8s\u00a0<\/strong><\/em><\/span><\/p>\n<p><span style=\"color: #993300;\"><strong>Rob\u00f2tica<\/strong><\/span><\/p>\n<p><strong><span style=\"color: #008000;\"><em>Cultura cl\u00e0ssica<\/em><\/span><\/strong><\/p>\n<p><span style=\"color: #993300;\"><em><strong>\u00c0mbit matem\u00e0tic: matem\u00e0tiques en context<\/strong><\/em><\/span><\/td>\n<\/tr>\n<\/tbody>\n<\/table>\n<ul>\n<li>Projectes transversals de 1r a 3r d&#8217;ESO:<\/li>\n<\/ul>\n<table style=\"width: 97.9502%;\">\n<tbody>\n<tr>\n<td style=\"text-align: center; width: 7.58621%;\">\n<h6><span style=\"color: #339966;\"><b>\u00a0<\/b><\/span><\/h6>\n<\/td>\n<td style=\"text-align: center; width: 29.5173%;\">\n<h6><span style=\"color: #339966;\"><b>1r ESO<\/b><\/span><\/h6>\n<\/td>\n<td style=\"text-align: center; width: 30.2068%;\">\n<h6><span style=\"color: #339966;\"><b>2n ESO<\/b><\/span><\/h6>\n<\/td>\n<td style=\"text-align: center; width: 31.3104%;\">\n<h6><span style=\"color: #339966;\"><b>3r ESO<\/b><\/span><\/h6>\n<\/td>\n<\/tr>\n<tr>\n<td style=\"width: 7.58621%;\"><span style=\"font-weight: 400;\">1r Tri<\/span><\/td>\n<td style=\"width: 29.5173%;\"><em><span style=\"color: #008000;\"><strong>Hist\u00f2ria de la Terra<\/strong><\/span><\/em><\/p>\n<p><span style=\"color: #993300;\"><em><strong>Literatura d&#8217;aventures<\/strong><\/em><\/span><\/td>\n<td style=\"width: 30.2068%;\"><span style=\"color: #008000;\"><em><strong>S\u00edntesi d&#8217;un perfum<\/strong><\/em><\/span><\/p>\n<p><span style=\"color: #993300;\"><em><strong>L&#8217;anunci publicitari<\/strong><\/em><\/span><\/td>\n<td style=\"width: 31.3104%;\"><span style=\"color: #008000;\"><em><strong>Catal\u00e0 en m\u00fasica<\/strong><\/em><\/span><\/p>\n<p><span style=\"color: #993300;\"><em><strong>Let&#8217;s Know our cultures<\/strong><\/em><\/span><\/td>\n<\/tr>\n<tr>\n<td style=\"width: 7.58621%;\"><span style=\"font-weight: 400;\">2n Tri<\/span><\/td>\n<td style=\"width: 29.5173%;\"><span style=\"color: #008000;\"><em><strong>Els Objectius de Desenvolupament Sostenible<\/strong><\/em><\/span><\/p>\n<p><span style=\"color: #993300;\"><em><strong>Creem el manifest de l&#8217;institut pels ODS<\/strong><\/em><\/span><\/td>\n<td style=\"width: 30.2068%;\"><span style=\"color: #008000;\"><strong>Art i escriptura medievals<\/strong><\/span><\/p>\n<p><span style=\"color: #993300;\"><em><strong>L&#8217;ecosistema del riu pirinenc<\/strong><\/em><\/span><\/td>\n<td style=\"width: 31.3104%;\"><strong><em><span style=\"color: #008000;\">Theatre<\/span><\/em><\/strong><\/p>\n<p><span style=\"color: #993300;\"><em><strong>Activitats del Servei Comunitari<\/strong><\/em><\/span><\/td>\n<\/tr>\n<tr>\n<td style=\"width: 7.58621%;\" rowspan=\"2\"><span style=\"font-weight: 400;\">3r Tri<\/span><\/p>\n<p><span style=\"font-weight: 400;\">\u00a0<\/span><\/td>\n<td style=\"width: 29.5173%;\"><span style=\"color: #008000;\"><em><strong>Fem un herbari<\/strong><\/em><\/span><\/p>\n<p><span style=\"color: #993300;\"><em><strong>Dibuix de la natura<\/strong><\/em><\/span><\/td>\n<td style=\"width: 30.2068%;\"><span style=\"color: #008000;\"><em><strong>May the force be with you<\/strong><\/em><\/span><\/p>\n<p><span style=\"color: #993300;\"><em><strong>La narrativa de la ci\u00e8ncia ficci\u00f3<\/strong><\/em><\/span><\/td>\n<td style=\"width: 31.3104%;\"><span style=\"color: #008000;\"><em><strong>Projecte Sardanes, en col\u00b7laboraci\u00f3 amb el Grup Sardanista de Sant Hilari Sacalm<\/strong><\/em><\/span><\/p>\n<p><span style=\"color: #993300;\"><em><strong>Tancament del projecte Let&#8217;s know our cultures<\/strong><\/em><\/span><\/td>\n<\/tr>\n<tr>\n<td style=\"width: 91.0345%;\" colspan=\"3\">\n<p style=\"text-align: center;\"><span style=\"color: #800080;\"><em><strong>Grup de preparaci\u00f3 de les proves Cambridge Assessment<\/strong><\/em><\/span><\/p>\n<\/td>\n<\/tr>\n<\/tbody>\n<\/table>\n<ul>\n<li>Mat\u00e8ries optatives de 4t d&#8217;ESO:<\/li>\n<\/ul>\n<\/div>\n<div>\n<table style=\"border-collapse: collapse; width: 100%;\">\n<tbody>\n<tr>\n<td style=\"width: 33.3333%; text-align: center;\">\n<h6><strong>Franja A<\/strong><\/h6>\n<\/td>\n<td style=\"width: 33.3333%; text-align: center;\">\n<h6><strong>Franja B<\/strong><\/h6>\n<\/td>\n<td style=\"width: 33.3333%; text-align: center;\">\n<h6><strong>Franja C<\/strong><\/h6>\n<\/td>\n<\/tr>\n<tr>\n<td style=\"width: 33.3333%;\"><span style=\"color: #008000;\"><em><strong>F\u00edsica i qu\u00edmica<\/strong><\/em><\/span><\/p>\n<p><span style=\"color: #993300;\"><em><strong>Economia<\/strong><\/em><\/span><\/p>\n<p><span style=\"color: #008000;\"><em><strong>Cultura cl\u00e0ssica<\/strong><\/em><\/span><\/td>\n<td style=\"width: 33.3333%;\"><span style=\"color: #008000;\"><em><strong>Biologia i geologia<\/strong><\/em><\/span><\/p>\n<p><span style=\"color: #993300;\"><em><strong>Tecnologia i digitalitzaci\u00f3<\/strong><\/em><\/span><\/p>\n<p><span style=\"color: #008000;\"><em><strong>M\u00fasica<\/strong><\/em><\/span><\/td>\n<td style=\"width: 33.3333%;\"><span style=\"color: #008000;\"><em><strong>Formaci\u00f3 i orientaci\u00f3 laboral<\/strong><\/em><\/span><\/p>\n<p><span style=\"color: #993300;\"><em><strong>Expressi\u00f3 art\u00edstica<\/strong><\/em><\/span><\/p>\n<p><span style=\"color: #008000;\"><em><strong>Filosofia<\/strong><\/em><\/span><\/td>\n<\/tr>\n<\/tbody>\n<\/table>\n<\/div>\n<div class=\"entry-content\">\n<header class=\"entry-header\">\n<h4 class=\"entry-title\"><strong>Batxillerat<\/strong><\/h4>\n<\/header>\n<div class=\"entry-content\">\n<ul>\n<li>Mat\u00e8ries comunes:<\/li>\n<\/ul>\n<p style=\"text-align: center;\"><a href=\"https:\/\/agora.xtec.cat\/iessanthilari\/wp-content\/uploads\/usu490\/2023\/07\/curriculum-BAT.jpg\"><img loading=\"lazy\" decoding=\"async\" class=\"alignnone size-large wp-image-7445\" src=\"https:\/\/agora.xtec.cat\/iessanthilari\/wp-content\/uploads\/usu490\/2023\/07\/curriculum-BAT-1024x820.jpg\" alt=\"\" width=\"1024\" height=\"820\" srcset=\"https:\/\/agora.xtec.cat\/iessanthilari\/wp-content\/uploads\/usu490\/2023\/07\/curriculum-BAT-1024x820.jpg 1024w, https:\/\/agora.xtec.cat\/iessanthilari\/wp-content\/uploads\/usu490\/2023\/07\/curriculum-BAT-300x240.jpg 300w, https:\/\/agora.xtec.cat\/iessanthilari\/wp-content\/uploads\/usu490\/2023\/07\/curriculum-BAT-768x615.jpg 768w, https:\/\/agora.xtec.cat\/iessanthilari\/wp-content\/uploads\/usu490\/2023\/07\/curriculum-BAT.jpg 1168w\" sizes=\"auto, (max-width: 1024px) 100vw, 1024px\" \/><\/a><\/p>\n<\/div>\n<ul>\n<li style=\"list-style-type: none;\">\n<ul>\n<li>L&#8217;alumnat de primer de batxillerat pot matricular-se a l&#8217;Estada a l&#8217;Empresa, que es fa durant l&#8217;estiu.<\/li>\n<li>L&#8217;alumnat ha de fer un treball de recerca entre primer i segon de batxillerat, fora d&#8217;horari.<\/li>\n<li>La mat\u00e8ria de llengua anglesa a primer curs s&#8217;ofereix desdoblada en dos grups.<\/li>\n<li>Les mat\u00e8ries de llengua catalana i llengua castellana tenen una hora de desdoblament, tant a primer com a segon curs.<\/li>\n<\/ul>\n<\/li>\n<\/ul>\n<div class=\"entry-content\">\n<ul>\n<li>Mat\u00e8ries de modalitat i optatives de 1r:<\/li>\n<\/ul>\n<p><a href=\"https:\/\/agora.xtec.cat\/iessanthilari\/wp-content\/uploads\/usu490\/2024\/07\/modalitats-1r-BAT.jpg\"><img loading=\"lazy\" decoding=\"async\" class=\"alignnone size-full wp-image-7963\" src=\"https:\/\/agora.xtec.cat\/iessanthilari\/wp-content\/uploads\/usu490\/2024\/07\/modalitats-1r-BAT.jpg\" alt=\"\" width=\"927\" height=\"415\" srcset=\"https:\/\/agora.xtec.cat\/iessanthilari\/wp-content\/uploads\/usu490\/2024\/07\/modalitats-1r-BAT.jpg 927w, https:\/\/agora.xtec.cat\/iessanthilari\/wp-content\/uploads\/usu490\/2024\/07\/modalitats-1r-BAT-300x134.jpg 300w, https:\/\/agora.xtec.cat\/iessanthilari\/wp-content\/uploads\/usu490\/2024\/07\/modalitats-1r-BAT-768x344.jpg 768w\" sizes=\"auto, (max-width: 927px) 100vw, 927px\" \/><\/a><\/p>\n<\/div>\n<\/div>\n<ul>\n<li>Mat\u00e8ries de modalitat de 2n:<\/li>\n<\/ul>\n<p><a href=\"https:\/\/agora.xtec.cat\/iessanthilari\/wp-content\/uploads\/usu490\/2024\/07\/modalitats-2n-BAT.jpg\"><img loading=\"lazy\" decoding=\"async\" class=\"alignnone size-full wp-image-7964\" src=\"https:\/\/agora.xtec.cat\/iessanthilari\/wp-content\/uploads\/usu490\/2024\/07\/modalitats-2n-BAT.jpg\" alt=\"\" width=\"928\" height=\"315\" srcset=\"https:\/\/agora.xtec.cat\/iessanthilari\/wp-content\/uploads\/usu490\/2024\/07\/modalitats-2n-BAT.jpg 928w, https:\/\/agora.xtec.cat\/iessanthilari\/wp-content\/uploads\/usu490\/2024\/07\/modalitats-2n-BAT-300x102.jpg 300w, https:\/\/agora.xtec.cat\/iessanthilari\/wp-content\/uploads\/usu490\/2024\/07\/modalitats-2n-BAT-768x261.jpg 768w\" sizes=\"auto, (max-width: 928px) 100vw, 928px\" \/><\/a><\/p>\n<p style=\"text-align: center;\">\n","protected":false},"excerpt":{"rendered":"<p>Oferta formativa del curs 24-25:\u00a0<br \/>\nESO<\/p>\n<ul>\n<li>Estructura dels grups d&#8217;ESO:\n<ul>\n<li>2 grups a 1r d&#8217;ESO<\/li>\n<li>Grup d&#8217;impuls pel treball de les mat\u00e8ries de ci\u00e8ncies i ci\u00e8ncies socials a 1r d&#8217;ESO<\/li>\n<li>2 grups a 2n d&#8217;ESO<\/li>\n<li>Grup d&#8217;impuls pel treball de les mat\u00e8ries de lleng\u00fces i matem\u00e0tiques a 2n d&#8217;ESO<\/li>\n<li>2 grups a&hellip;  <a href=\"https:\/\/agora.xtec.cat\/iessanthilari\/curs\/oferta-formativa\/\" title=\"Read Oferta formativa\">Llegeix m\u00e9s\u00bb<\/a><br \/>\n","protected":false},"author":1,"featured_media":0,"parent":4152,"menu_order":25,"comment_status":"closed","ping_status":"closed","template":"page-templates\/side-menu.php","meta":{"_bbp_topic_count":0,"_bbp_reply_count":0,"_bbp_total_topic_count":0,"_bbp_total_reply_count":0,"_bbp_voice_count":0,"_bbp_anonymous_reply_count":0,"_bbp_topic_count_hidden":0,"_bbp_reply_count_hidden":0,"_bbp_forum_subforum_count":0,"footnotes":""},"class_list":["post-4268","page","type-page","status-publish","hentry"],"post_mailing_queue_ids":[],"_links":{"self":[{"href":"https:\/\/agora.xtec.cat\/iessanthilari\/wp-json\/wp\/v2\/pages\/4268","targetHints":{"allow":["GET"]}}],"collection":[{"href":"https:\/\/agora.xtec.cat\/iessanthilari\/wp-json\/wp\/v2\/pages"}],"about":[{"href":"https:\/\/agora.xtec.cat\/iessanthilari\/wp-json\/wp\/v2\/types\/page"}],"author":[{"embeddable":true,"href":"https:\/\/agora.xtec.cat\/iessanthilari\/wp-json\/wp\/v2\/users\/1"}],"replies":[{"embeddable":true,"href":"https:\/\/agora.xtec.cat\/iessanthilari\/wp-json\/wp\/v2\/comments?post=4268"}],"version-history":[{"count":6,"href":"https:\/\/agora.xtec.cat\/iessanthilari\/wp-json\/wp\/v2\/pages\/4268\/revisions"}],"predecessor-version":[{"id":7967,"href":"https:\/\/agora.xtec.cat\/iessanthilari\/wp-json\/wp\/v2\/pages\/4268\/revisions\/7967"}],"up":[{"embeddable":true,"href":"https:\/\/agora.xtec.cat\/iessanthilari\/wp-json\/wp\/v2\/pages\/4152"}],"wp:attachment":[{"href":"https:\/\/agora.xtec.cat\/iessanthilari\/wp-json\/wp\/v2\/media?parent=4268"}],"curies":[{"name":"wp","href":"https:\/\/api.w.org\/{rel}","templated":true}]}}