{"id":4240,"date":"2020-08-02T17:47:26","date_gmt":"2020-08-02T15:47:26","guid":{"rendered":"http:\/\/agora.xtec.cat\/iessanthilari\/?page_id=4240"},"modified":"2023-07-03T12:44:11","modified_gmt":"2023-07-03T10:44:11","slug":"quotes-del-curs","status":"publish","type":"page","link":"https:\/\/agora.xtec.cat\/iessanthilari\/curs\/quotes-del-curs\/","title":{"rendered":"Quotes del curs"},"content":{"rendered":"<ul>\n<li>Quota de material (inclou l&#8217;asseguran\u00e7a per 3r, 4t i batxillerat): 40 euros<\/li>\n<li>Quota de socialitzaci\u00f3 de llibres d&#8217;ESO: 80 euros<\/li>\n<li>Quota de l&#8217;Associaci\u00f3 de fam\u00edlies (inclou l&#8217;agenda escolar): 20 euros per fam\u00edlia<\/li>\n<\/ul>\n","protected":false},"excerpt":{"rendered":"<ul>\n<li>Quota de material (inclou l&#8217;asseguran\u00e7a per 3r, 4t i batxillerat): 40 euros<\/li>\n<li>Quota de socialitzaci\u00f3 de llibres d&#8217;ESO: 80 euros<\/li>\n<li>Quota de l&#8217;Associaci\u00f3 de fam\u00edlies (inclou l&#8217;agenda escolar): 20 euros per fam\u00edlia<\/li>\n<\/ul>\n","protected":false},"author":1,"featured_media":0,"parent":4152,"menu_order":22,"comment_status":"closed","ping_status":"closed","template":"page-templates\/side-menu.php","meta":{"_bbp_topic_count":0,"_bbp_reply_count":0,"_bbp_total_topic_count":0,"_bbp_total_reply_count":0,"_bbp_voice_count":0,"_bbp_anonymous_reply_count":0,"_bbp_topic_count_hidden":0,"_bbp_reply_count_hidden":0,"_bbp_forum_subforum_count":0,"footnotes":""},"class_list":["post-4240","page","type-page","status-publish","hentry"],"post_mailing_queue_ids":[],"_links":{"self":[{"href":"https:\/\/agora.xtec.cat\/iessanthilari\/wp-json\/wp\/v2\/pages\/4240","targetHints":{"allow":["GET"]}}],"collection":[{"href":"https:\/\/agora.xtec.cat\/iessanthilari\/wp-json\/wp\/v2\/pages"}],"about":[{"href":"https:\/\/agora.xtec.cat\/iessanthilari\/wp-json\/wp\/v2\/types\/page"}],"author":[{"embeddable":true,"href":"https:\/\/agora.xtec.cat\/iessanthilari\/wp-json\/wp\/v2\/users\/1"}],"replies":[{"embeddable":true,"href":"https:\/\/agora.xtec.cat\/iessanthilari\/wp-json\/wp\/v2\/comments?post=4240"}],"version-history":[{"count":3,"href":"https:\/\/agora.xtec.cat\/iessanthilari\/wp-json\/wp\/v2\/pages\/4240\/revisions"}],"predecessor-version":[{"id":7431,"href":"https:\/\/agora.xtec.cat\/iessanthilari\/wp-json\/wp\/v2\/pages\/4240\/revisions\/7431"}],"up":[{"embeddable":true,"href":"https:\/\/agora.xtec.cat\/iessanthilari\/wp-json\/wp\/v2\/pages\/4152"}],"wp:attachment":[{"href":"https:\/\/agora.xtec.cat\/iessanthilari\/wp-json\/wp\/v2\/media?parent=4240"}],"curies":[{"name":"wp","href":"https:\/\/api.w.org\/{rel}","templated":true}]}}