{"id":418,"date":"2016-04-08T22:46:44","date_gmt":"2016-04-08T21:46:44","guid":{"rendered":"http:\/\/agora.xtec.cat\/iessanthilari\/?page_id=418"},"modified":"2020-07-03T12:59:16","modified_gmt":"2020-07-03T10:59:16","slug":"en-toni","status":"publish","type":"page","link":"https:\/\/agora.xtec.cat\/iessanthilari\/beca-toni-guzman\/en-toni\/","title":{"rendered":"En Toni"},"content":{"rendered":"<div>\n<table class=\" aligncenter\" style=\"width: 859px;\">\n<tbody>\n<tr>\n<td style=\"width: 442.75px;\"><a href=\"http:\/\/agora.xtec.cat\/iessanthilari\/wp-content\/uploads\/usu490\/2016\/04\/Nadal-024.jpg\"><img loading=\"lazy\" decoding=\"async\" class=\" wp-image-419 alignnone\" src=\"http:\/\/agora.xtec.cat\/iessanthilari\/wp-content\/uploads\/usu490\/2016\/04\/Nadal-024-1024x687.jpg\" alt=\"Nadal 024\" width=\"427\" height=\"287\" srcset=\"https:\/\/agora.xtec.cat\/iessanthilari\/wp-content\/uploads\/usu490\/2016\/04\/Nadal-024-1024x687.jpg 1024w, https:\/\/agora.xtec.cat\/iessanthilari\/wp-content\/uploads\/usu490\/2016\/04\/Nadal-024-300x201.jpg 300w\" sizes=\"auto, (max-width: 427px) 100vw, 427px\" \/><\/a><\/td>\n<td style=\"width: 408.25px;\"><a href=\"http:\/\/agora.xtec.cat\/iessanthilari\/wp-content\/uploads\/usu490\/2016\/04\/P1100615.jpg\"><img loading=\"lazy\" decoding=\"async\" class=\" wp-image-420 alignright\" src=\"http:\/\/agora.xtec.cat\/iessanthilari\/wp-content\/uploads\/usu490\/2016\/04\/P1100615.jpg\" alt=\"P1100615\" width=\"376\" height=\"282\" srcset=\"https:\/\/agora.xtec.cat\/iessanthilari\/wp-content\/uploads\/usu490\/2016\/04\/P1100615.jpg 640w, https:\/\/agora.xtec.cat\/iessanthilari\/wp-content\/uploads\/usu490\/2016\/04\/P1100615-300x225.jpg 300w, https:\/\/agora.xtec.cat\/iessanthilari\/wp-content\/uploads\/usu490\/2016\/04\/P1100615-200x150.jpg 200w\" sizes=\"auto, (max-width: 376px) 100vw, 376px\" \/><\/a><\/td>\n<\/tr>\n<tr>\n<td style=\"width: 442.75px;\">\u00a0En Toni amb en Beni, el seu vetllador i amic (Nadal 2012)<\/td>\n<td style=\"width: 408.25px;\">Amb els seus companys de 4t d&#8217;ESO (juny 2013)<\/td>\n<\/tr>\n<\/tbody>\n<\/table>\n<\/div>\n<div><\/div>\n<div>\n<h6>En Toni \u00a0va n\u00e9ixer el 22 de juny de l&#8217;any 1995. Als 4 anys li van detectar distr\u00f2fia muscular Duchenne. \u00a0Als 10 anys ja anava amb cadira de rodes. Sabia qu\u00e8 vol dir haver de dependre d\u2019un altre per a fer gaireb\u00e9 qualsevol cosa: treure un llibre de la motxilla, fer un escrit, anar al lavabo. Ho va aprendre de pressa i molt aviat. Poc despr\u00e9s d\u2019haver comen\u00e7at els estudis de secund\u00e0ria en Toni va descobrir qu\u00e8 significava tenir distr\u00f2fia muscular de Duchenne: una malaltia degenerativa que no el deixaria viure molts anys. Per\u00f2 aix\u00f2 no li va fer perdre el somriure.<\/h6>\n<h6>Quan va acabar l&#8217;educaci\u00f3 secund\u00e0ria obligat\u00f2ria va voler seguir amb el batxillerat. Li entusiasmava la hist\u00f2ria, especialment el renaixement itali\u00e0 i somniava amb anar a Flor\u00e8ncia.Es va esfor\u00e7ar de manera constant per mantenir al m\u00e0xim\u00a0 les seves possibilitats f\u00edsiques. A la piscina i amb la fisioter\u00e0pia a casa i a l&#8217;institut mantenia les capacitats f\u00edsiques que la malaltia li estava robant. Sempre el va treure de polleguera que la gent no fes l\u2019esfor\u00e7 de c\u00f3rrer quan la professora ho manava.\u00a0A casa hi era ben poc. A la pla\u00e7a, sempre.\u00a0El Bar\u00e7a, la velocitat i la m\u00fasica eren la seva passi\u00f3. Rabent va passar la vida.<\/h6>\n<h6>Va celebrar els 18 anys a la festa de final de curs de l&#8217;institut, envoltat d&#8217;amics. Li va fer molta\u00a0il\u00b7lusi\u00f3\u00a0quan, despr\u00e9s del sopar, li van\u00a0posar la can\u00e7\u00f3 d&#8217;aniversari i va apar\u00e8ixer un past\u00eds per sorpresa.<\/h6>\n<h6>En Toni va morir mentre estava fent 1r de batxillerat el 21 de febrer de 2014.<\/h6>\n<h6>El trobem a faltar.<\/h6>\n<p><a href=\"http:\/\/agora.xtec.cat\/iessanthilari\/wp-content\/uploads\/usu490\/2016\/04\/PhotoFancie_2015_03_19_19_35_24.jpeg\"><img loading=\"lazy\" decoding=\"async\" class=\"alignnone wp-image-425\" src=\"http:\/\/agora.xtec.cat\/iessanthilari\/wp-content\/uploads\/usu490\/2016\/04\/PhotoFancie_2015_03_19_19_35_24-1024x1024.jpeg\" alt=\"PhotoFancie_2015_03_19_19_35_24\" width=\"431\" height=\"431\" srcset=\"https:\/\/agora.xtec.cat\/iessanthilari\/wp-content\/uploads\/usu490\/2016\/04\/PhotoFancie_2015_03_19_19_35_24-1024x1024.jpeg 1024w, https:\/\/agora.xtec.cat\/iessanthilari\/wp-content\/uploads\/usu490\/2016\/04\/PhotoFancie_2015_03_19_19_35_24-150x150.jpeg 150w, https:\/\/agora.xtec.cat\/iessanthilari\/wp-content\/uploads\/usu490\/2016\/04\/PhotoFancie_2015_03_19_19_35_24-300x300.jpeg 300w, https:\/\/agora.xtec.cat\/iessanthilari\/wp-content\/uploads\/usu490\/2016\/04\/PhotoFancie_2015_03_19_19_35_24.jpeg 1222w\" sizes=\"auto, (max-width: 431px) 100vw, 431px\" \/><\/a><a href=\"http:\/\/agora.xtec.cat\/iessanthilari\/wp-content\/uploads\/usu490\/2016\/04\/IMG-20150406-WA0000-1.jpg\"><img loading=\"lazy\" decoding=\"async\" class=\" size-full wp-image-427 alignright\" src=\"http:\/\/agora.xtec.cat\/iessanthilari\/wp-content\/uploads\/usu490\/2016\/04\/IMG-20150406-WA0000-1.jpg\" alt=\"IMG-20150406-WA0000-1\" width=\"267\" height=\"400\" srcset=\"https:\/\/agora.xtec.cat\/iessanthilari\/wp-content\/uploads\/usu490\/2016\/04\/IMG-20150406-WA0000-1.jpg 267w, https:\/\/agora.xtec.cat\/iessanthilari\/wp-content\/uploads\/usu490\/2016\/04\/IMG-20150406-WA0000-1-200x300.jpg 200w\" sizes=\"auto, (max-width: 267px) 100vw, 267px\" \/><\/a><\/p>\n<\/div>\n","protected":false},"excerpt":{"rendered":"<p><a href=\"http:\/\/agora.xtec.cat\/iessanthilari\/wp-content\/uploads\/usu490\/2016\/04\/Nadal-024.jpg\"><\/a><br \/>\n<a href=\"http:\/\/agora.xtec.cat\/iessanthilari\/wp-content\/uploads\/usu490\/2016\/04\/P1100615.jpg\"><\/a><\/p>\n<p>\u00a0En Toni amb en Beni, el seu vetllador i amic (Nadal 2012)<br \/>\nAmb els seus companys de 4t d&#8217;ESO (juny 2013)<\/p>\n<p>En Toni \u00a0va n\u00e9ixer el 22 de juny de l&#8217;any 1995. Als 4 anys li van detectar distr\u00f2fia muscular Duchenne. \u00a0Als 10 anys ja&hellip;  <a href=\"https:\/\/agora.xtec.cat\/iessanthilari\/beca-toni-guzman\/en-toni\/\" title=\"Read En Toni\">Llegeix m\u00e9s\u00bb<\/a><\/p>\n","protected":false},"author":1,"featured_media":0,"parent":416,"menu_order":0,"comment_status":"closed","ping_status":"closed","template":"page-templates\/side-menu.php","meta":{"_bbp_topic_count":0,"_bbp_reply_count":0,"_bbp_total_topic_count":0,"_bbp_total_reply_count":0,"_bbp_voice_count":0,"_bbp_anonymous_reply_count":0,"_bbp_topic_count_hidden":0,"_bbp_reply_count_hidden":0,"_bbp_forum_subforum_count":0,"footnotes":""},"class_list":["post-418","page","type-page","status-publish","hentry"],"post_mailing_queue_ids":[],"_links":{"self":[{"href":"https:\/\/agora.xtec.cat\/iessanthilari\/wp-json\/wp\/v2\/pages\/418","targetHints":{"allow":["GET"]}}],"collection":[{"href":"https:\/\/agora.xtec.cat\/iessanthilari\/wp-json\/wp\/v2\/pages"}],"about":[{"href":"https:\/\/agora.xtec.cat\/iessanthilari\/wp-json\/wp\/v2\/types\/page"}],"author":[{"embeddable":true,"href":"https:\/\/agora.xtec.cat\/iessanthilari\/wp-json\/wp\/v2\/users\/1"}],"replies":[{"embeddable":true,"href":"https:\/\/agora.xtec.cat\/iessanthilari\/wp-json\/wp\/v2\/comments?post=418"}],"version-history":[{"count":3,"href":"https:\/\/agora.xtec.cat\/iessanthilari\/wp-json\/wp\/v2\/pages\/418\/revisions"}],"predecessor-version":[{"id":4184,"href":"https:\/\/agora.xtec.cat\/iessanthilari\/wp-json\/wp\/v2\/pages\/418\/revisions\/4184"}],"up":[{"embeddable":true,"href":"https:\/\/agora.xtec.cat\/iessanthilari\/wp-json\/wp\/v2\/pages\/416"}],"wp:attachment":[{"href":"https:\/\/agora.xtec.cat\/iessanthilari\/wp-json\/wp\/v2\/media?parent=418"}],"curies":[{"name":"wp","href":"https:\/\/api.w.org\/{rel}","templated":true}]}}