{"id":414,"date":"2016-04-08T22:32:51","date_gmt":"2016-04-08T21:32:51","guid":{"rendered":"http:\/\/agora.xtec.cat\/iessanthilari\/?page_id=414"},"modified":"2018-06-22T10:17:17","modified_gmt":"2018-06-22T08:17:17","slug":"bases-de-la-beca-toni-guzman","status":"publish","type":"page","link":"https:\/\/agora.xtec.cat\/iessanthilari\/beca-toni-guzman\/bases-de-la-beca-toni-guzman\/","title":{"rendered":"Bases de la beca Toni Guzm\u00e1n"},"content":{"rendered":"<h6><b><span lang=\"CA\">1-\u00a0\u00a0\u00a0 <\/span><\/b><b><span lang=\"CA\">Definici\u00f3 de la beca<\/span><\/b><\/h6>\n<p><span lang=\"CA\">En mem\u00f2ria d\u2019en Toni Guzm\u00e1n, la seva fam\u00edlia i l\u2019Ajuntament de Sant Hilari Sacalm convoquen anualment la Beca Toni Guzm\u00e1n.<\/span><\/p>\n<p><span lang=\"CA\">En Toni va ser un alumne que va estudiar tota l\u2019ESO a l\u2019Institut Anton Busquets i Punset.\u00a0 A causa d\u2019una malaltia degenerativa, va morir mentre estava cursant 1r de batxillerat.<\/span><\/p>\n<p><span lang=\"CA\">\u00a0 \u00a0 \u00a0 \u00a0<\/span><\/p>\n<h6><b><span lang=\"CA\">2-\u00a0\u00a0\u00a0 <\/span><\/b><b><span lang=\"CA\">Objecte<\/span><\/b><\/h6>\n<p><span lang=\"CA\">La beca t\u00e9 com a objectiu recon\u00e8ixer la feina i l\u2019esfor\u00e7\u00a0 que fan els alumnes al llarg de l\u2019ESO , premiar l\u2019alumne\/a que hagi obtingut el millor curr\u00edculum en finalitzar l\u2019educaci\u00f3 secund\u00e0ria obligat\u00f2ria i facilitar els estudis postobligatoris.<\/span><\/p>\n<h6><span lang=\"CA\">\u00a0<\/span><\/h6>\n<h6><b><span lang=\"CA\">3-\u00a0\u00a0\u00a0 <\/span><\/b><b><span lang=\"CA\">Requisits dels candidats<\/span><\/b><\/h6>\n<p><span lang=\"CA\">Els candidats hauran de reunir les condicions seg\u00fcents:<\/span><\/p>\n<p><span lang=\"CA\">o\u00a0\u00a0\u00a0\u00a0\u00a0\u00a0 <\/span><span lang=\"CA\">Ser alumne\/a de 4t d\u2019ESO de l\u2019Institut Anton Busquets i Punset durant l\u2019any en curs.<\/span><\/p>\n<p><span lang=\"CA\">o\u00a0\u00a0\u00a0\u00a0\u00a0\u00a0 <\/span><span lang=\"CA\">Haver estat alumne\/a del centre com a m\u00ednim durant els dos \u00faltims cursos.<\/span><\/p>\n<p><span lang=\"CA\">o\u00a0\u00a0\u00a0\u00a0\u00a0\u00a0 <\/span><span lang=\"CA\">No haver repetit cap curs\u00a0 a l\u2019ESO.<\/span><\/p>\n<p><span lang=\"CA\">\u00a0<\/span><\/p>\n<h6><b><span lang=\"CA\">4-\u00a0\u00a0\u00a0 <\/span><\/b><b><span lang=\"CA\">Criteris de valoraci\u00f3<\/span><\/b><\/h6>\n<p><span lang=\"CA\">La beca es concedir\u00e0 a l\u2019alumne\/a que obtingui la millor nota final en acabar l\u2019educaci\u00f3 secund\u00e0ria obligat\u00f2ria.<\/span><\/p>\n<p><span lang=\"CA\">En cas d&#8217;empat, es concedir\u00e0 a l&#8217;alumne amb la millor mitjana a 4t d\u2019ESO.<\/span><\/p>\n<p><span lang=\"CA\">Si continua havent-hi empat, es repartir\u00e0 el premi a parts iguals.<\/span><\/p>\n<h6><span lang=\"CA\">\u00a0<\/span><\/h6>\n<h6><b><span lang=\"CA\">5-\u00a0\u00a0\u00a0 <\/span><\/b><b><span lang=\"CA\">El Jurat<\/span><\/b><\/h6>\n<p><span lang=\"CA\">El Jurat tindr\u00e0 la funci\u00f3 de vetllar pel bon funcionament del proc\u00e9s i avaluar\u00e0 els curr\u00edculums educatius dels aspirants. Aix\u00ed mateix resoldr\u00e0 qualsevol eventualitat i la seva decisi\u00f3 ser\u00e0 inapel\u00b7lable.<\/span><\/p>\n<p><span lang=\"CA\">Estar\u00e0 format per cinc membres:<\/span><\/p>\n<p><span lang=\"CA\">o\u00a0\u00a0\u00a0\u00a0\u00a0\u00a0 <\/span><span lang=\"CA\">un representant de la fam\u00edlia d\u2019en Toni Guzm\u00e1n<\/span><\/p>\n<p><span lang=\"CA\">o\u00a0\u00a0\u00a0\u00a0\u00a0\u00a0 <\/span><span lang=\"CA\">l\u2019alcalde o persona en qui delegui<\/span><\/p>\n<p><span lang=\"CA\">o\u00a0\u00a0\u00a0\u00a0\u00a0\u00a0 <\/span><span lang=\"CA\">el director \/a de l\u2019institut o persona en qui delegui<\/span><\/p>\n<p><span lang=\"CA\">o\u00a0\u00a0\u00a0\u00a0\u00a0\u00a0 <\/span><span lang=\"CA\">el tutor\/a de 4t d\u2019ESO<\/span><\/p>\n<p><span lang=\"CA\">o\u00a0\u00a0\u00a0\u00a0\u00a0\u00a0 <\/span><span lang=\"CA\">un alumne\/a, membre del Consell Escolar, que no estigui cursant 4t d\u2019ESO<\/span><\/p>\n<p><span lang=\"CA\">\u00a0<\/span><\/p>\n<h6><b><span lang=\"CA\">6-\u00a0\u00a0\u00a0 <\/span><\/b><b><span lang=\"CA\">Premi<\/span><\/b><\/h6>\n<p><span lang=\"CA\">La Beca Toni<\/span><span lang=\"CA\"> Guzm\u00e1n t\u00e9 car\u00e0cter econ\u00f2mic i la seva dotaci\u00f3 \u00e9s de 500 \u20ac,\u00a0 el 50% dels quals ser\u00e0 una aportaci\u00f3 de la fam\u00edlia d\u2019enToni Guzm\u00e1n i l\u2019altre 50% ser\u00e0 una aportaci\u00f3 de l\u2019Ajuntament de Sant Hilari Sacalm.<\/span><\/p>\n<h6><span lang=\"CA\">\u00a0<\/span><\/h6>\n<h6><b><span lang=\"CA\">7-\u00a0\u00a0\u00a0 <\/span><\/b><b><span lang=\"CA\">Lliurament del premi<\/span><\/b><\/h6>\n<p><span lang=\"CA\">El lliurament del premi es realitzar\u00e0 de manera simb\u00f2lica en el marc de la Festa de Graduaci\u00f3 de 4t d\u2019ESO.<\/span><\/p>\n<p>El premi es lliurar\u00e0 a l\u2019interessat o interessada, si \u00e9s major d\u2019edat, i al pare, a la mare o al tutor legal, en cas que l\u2019alumne\/a sigui menor d\u2019edat.<\/p>\n<p>El premi es lliurar\u00e0 al final de l\u2019any acad\u00e8mic en curs o, com a m\u00e0xim, al final de l\u2019any acad\u00e8mic seg\u00fcent, en el moment que es presenti el resguard de matr\u00edcula d\u2019algun curs d\u2019ensenyament reglat.<\/p>\n","protected":false},"excerpt":{"rendered":"<p>1-\u00a0\u00a0\u00a0 Definici\u00f3 de la beca<br \/>\nEn mem\u00f2ria d\u2019en Toni Guzm\u00e1n, la seva fam\u00edlia i l\u2019Ajuntament de Sant Hilari Sacalm convoquen anualment la Beca Toni Guzm\u00e1n.<br \/>\nEn Toni va ser un alumne que va estudiar tota l\u2019ESO a l\u2019Institut Anton Busquets i Punset.\u00a0 A causa d\u2019una malaltia degenerativa,&hellip;  <a href=\"https:\/\/agora.xtec.cat\/iessanthilari\/beca-toni-guzman\/bases-de-la-beca-toni-guzman\/\" title=\"Read Bases de la beca Toni Guzm\u00e1n\">Llegeix m\u00e9s\u00bb<\/a><\/p>\n","protected":false},"author":1,"featured_media":0,"parent":416,"menu_order":20,"comment_status":"closed","ping_status":"closed","template":"page-templates\/side-menu.php","meta":{"_bbp_topic_count":0,"_bbp_reply_count":0,"_bbp_total_topic_count":0,"_bbp_total_reply_count":0,"_bbp_voice_count":0,"_bbp_anonymous_reply_count":0,"_bbp_topic_count_hidden":0,"_bbp_reply_count_hidden":0,"_bbp_forum_subforum_count":0,"footnotes":""},"class_list":["post-414","page","type-page","status-publish","hentry"],"post_mailing_queue_ids":[],"_links":{"self":[{"href":"https:\/\/agora.xtec.cat\/iessanthilari\/wp-json\/wp\/v2\/pages\/414","targetHints":{"allow":["GET"]}}],"collection":[{"href":"https:\/\/agora.xtec.cat\/iessanthilari\/wp-json\/wp\/v2\/pages"}],"about":[{"href":"https:\/\/agora.xtec.cat\/iessanthilari\/wp-json\/wp\/v2\/types\/page"}],"author":[{"embeddable":true,"href":"https:\/\/agora.xtec.cat\/iessanthilari\/wp-json\/wp\/v2\/users\/1"}],"replies":[{"embeddable":true,"href":"https:\/\/agora.xtec.cat\/iessanthilari\/wp-json\/wp\/v2\/comments?post=414"}],"version-history":[{"count":2,"href":"https:\/\/agora.xtec.cat\/iessanthilari\/wp-json\/wp\/v2\/pages\/414\/revisions"}],"predecessor-version":[{"id":2004,"href":"https:\/\/agora.xtec.cat\/iessanthilari\/wp-json\/wp\/v2\/pages\/414\/revisions\/2004"}],"up":[{"embeddable":true,"href":"https:\/\/agora.xtec.cat\/iessanthilari\/wp-json\/wp\/v2\/pages\/416"}],"wp:attachment":[{"href":"https:\/\/agora.xtec.cat\/iessanthilari\/wp-json\/wp\/v2\/media?parent=414"}],"curies":[{"name":"wp","href":"https:\/\/api.w.org\/{rel}","templated":true}]}}