{"id":3757,"date":"2020-01-15T11:41:45","date_gmt":"2020-01-15T10:41:45","guid":{"rendered":"http:\/\/agora.xtec.cat\/iessanthilari\/?page_id=3757"},"modified":"2020-02-27T11:15:28","modified_gmt":"2020-02-27T10:15:28","slug":"radio","status":"publish","type":"page","link":"https:\/\/agora.xtec.cat\/iessanthilari\/radio\/","title":{"rendered":"R\u00e0dio"},"content":{"rendered":"<div><span style=\"color: #0000ff;\">Els alumnes de 2n d&#8217;ESO de l&#8217;optativa de r\u00e0dio hem em\u00e8s el nostre segon programa, en aquest cas un informatiu, que es va poder escoltar per R\u00e0dio Sant Hilari entre el 20 i el 25 de desembre en diferents franges hor\u00e0ries. Us el podeu descarregar i escoltar-lo aqu\u00ed.\u00a0<\/span><\/div>\n<div><span style=\"color: #0000ff;\">\u00a0<\/span><\/div>\n<div><span style=\"color: #0000ff;\">Ara ja estem treballant en el proper informatiu que s&#8217;emetr\u00e0 a finals de gener, si\u00a0\u00e9s possible, en directe. I tamb\u00e9 estem acabant de muntar un programa de dedicat\u00f2ries musicals que ben aviat tindrem enllestit.\u00a0<\/span><\/div>\n","protected":false},"excerpt":{"rendered":"<p>Els alumnes de 2n d&#8217;ESO de l&#8217;optativa de r\u00e0dio hem em\u00e8s el nostre segon programa, en aquest cas un informatiu, que es va poder escoltar per R\u00e0dio Sant Hilari entre el 20 i el 25 de desembre en diferents franges hor\u00e0ries. Us el podeu descarregar&hellip;  <a href=\"https:\/\/agora.xtec.cat\/iessanthilari\/radio\/\" title=\"Read R\u00e0dio\">Llegeix m\u00e9s\u00bb<\/a><\/p>\n","protected":false},"author":1,"featured_media":0,"parent":0,"menu_order":0,"comment_status":"closed","ping_status":"closed","template":"","meta":{"_bbp_topic_count":0,"_bbp_reply_count":0,"_bbp_total_topic_count":0,"_bbp_total_reply_count":0,"_bbp_voice_count":0,"_bbp_anonymous_reply_count":0,"_bbp_topic_count_hidden":0,"_bbp_reply_count_hidden":0,"_bbp_forum_subforum_count":0,"footnotes":""},"class_list":["post-3757","page","type-page","status-publish","hentry"],"post_mailing_queue_ids":[],"_links":{"self":[{"href":"https:\/\/agora.xtec.cat\/iessanthilari\/wp-json\/wp\/v2\/pages\/3757","targetHints":{"allow":["GET"]}}],"collection":[{"href":"https:\/\/agora.xtec.cat\/iessanthilari\/wp-json\/wp\/v2\/pages"}],"about":[{"href":"https:\/\/agora.xtec.cat\/iessanthilari\/wp-json\/wp\/v2\/types\/page"}],"author":[{"embeddable":true,"href":"https:\/\/agora.xtec.cat\/iessanthilari\/wp-json\/wp\/v2\/users\/1"}],"replies":[{"embeddable":true,"href":"https:\/\/agora.xtec.cat\/iessanthilari\/wp-json\/wp\/v2\/comments?post=3757"}],"version-history":[{"count":2,"href":"https:\/\/agora.xtec.cat\/iessanthilari\/wp-json\/wp\/v2\/pages\/3757\/revisions"}],"predecessor-version":[{"id":3759,"href":"https:\/\/agora.xtec.cat\/iessanthilari\/wp-json\/wp\/v2\/pages\/3757\/revisions\/3759"}],"wp:attachment":[{"href":"https:\/\/agora.xtec.cat\/iessanthilari\/wp-json\/wp\/v2\/media?parent=3757"}],"curies":[{"name":"wp","href":"https:\/\/api.w.org\/{rel}","templated":true}]}}