{"id":369,"date":"2016-04-01T22:31:03","date_gmt":"2016-04-01T21:31:03","guid":{"rendered":"http:\/\/agora.xtec.cat\/iessanthilari\/?page_id=369"},"modified":"2024-06-30T15:56:10","modified_gmt":"2024-06-30T13:56:10","slug":"informacio-per-a-pares","status":"publish","type":"page","link":"https:\/\/agora.xtec.cat\/iessanthilari\/curs\/informacio-per-a-pares\/","title":{"rendered":"Informaci\u00f3 per a les fam\u00edlies"},"content":{"rendered":"<h5>Marc horari<\/h5>\n<ul>\n<li>De 8:20 a 10:20 \u00a0 &gt; Dues hores lectives<\/li>\n<li>De 10:20 a 10:45 &gt; Esbarjo<\/li>\n<li>De 10:45 a 12:45 &gt; Dues hores lectives<\/li>\n<li>De 12:45 a 13:05 &gt; Esbarjo<\/li>\n<li>De 13:05 a 15:05 &gt; Dues hores lectives<\/li>\n<\/ul>\n<h5>Llibres escolars. Fem reutilitzaci\u00f3?<\/h5>\n<p>El Centre participa del pla de reutilitzaci\u00f3 dels llibres. El curs 2024-2025 la quota de socialitzaci\u00f3 de llibres a ESO ser\u00e0 de 80\u20ac, que s&#8217;hauran d&#8217;abonar abans del 6 de setembre.<\/p>\n<h5>Poden portar el m\u00f2bil a l&#8217;institut?<\/h5>\n<p>No, el tel\u00e8fon m\u00f2bil est\u00e0 prohibit en el centre, tant a l&#8217;edifici com en els espais d&#8217;esbarjo.<\/p>\n<p>Si es veu un tel\u00e8fon m\u00f2bil, sona o es fa servir es requisar\u00e0 i nom\u00e9s es tornar\u00e0 als tutors legals quan el vinguin a buscar a direcci\u00f3.<\/p>\n<h5>Com s&#8217;informa de la no assist\u00e8ncia dels alumnes?<\/h5>\n<p>El professorat en fa un control cada hora.<\/p>\n<p>Abans de les 9.20 s&#8217;informar\u00e0 a les fam\u00edlies sobre les faltes d&#8217;assist\u00e8ncia dels seus fills i filles mitjan\u00e7ant el correu electr\u00f2nic.<\/p>\n<h5>Si el meu fill\/a es posa malalt, com s&#8217;avisa?<\/h5>\n<p>Les fam\u00edlies han de comunicar per tel\u00e8fon quan un alumne est\u00e0 malalt o ha de faltar per qualsevol circumst\u00e0ncia. Cal presentar un justificant per escrit al tutor. En cas de tenir examen, la fam\u00edlia ho ha de comunicar quan truca.<\/p>\n<p>Si un alumne es troba malament en horari lectiu, s&#8217;avisa a la fam\u00edlia. Cal que un familiar el vingui a recollir. L&#8217;alumne s&#8217;esperar\u00e0 a recepci\u00f3.<\/p>\n<p>Els alumnes de batxillerat podran marxar, si la fam\u00edlia ho ha autoritzat a principi de curs.<\/p>\n<h5>Drets d&#8217;imatge de l&#8217;alumne\/a?<\/h5>\n<p>A principi de curs es demana autoritzaci\u00f3 per fer \u00fas d&#8217;imatges en els canals oficials del centre.<\/p>\n<h5>El meu fill pot sortir del recinte de l&#8217;institut durant l&#8217;horari lectiu?<\/h5>\n<p>Els alumnes d&#8217;ESO no poden sortir durant tot l&#8217;horari lectiu. En cas que un alumne hagi de marxar, cal que \u00a0un familiar el vingui a recollir. L&#8217;alumne s&#8217;esperar\u00e0 a recepci\u00f3.<\/p>\n<p>Els alumnes de batxillerat poden sortir durant l&#8217;esbarjo, si tenen signada l&#8217;autoritzaci\u00f3 de la fam\u00edlia.<\/p>\n<h5>Cal signar autoritzaci\u00f3 per totes les activitats i sortides?<\/h5>\n<p>A inici de curs es demana autoritzaci\u00f3 per a totes les sortides que es fan a \u00a0Sant Hilari \u00a0que no tenen cost econ\u00f2mic (sortides d&#8217;entorn).<\/p>\n<p>S\u00ed que cal autoritzar les sortides que es fan fora de Sant Hilari o que tenen un cost econ\u00f2mic. L&#8217;autoritzaci\u00f3 es fa a trav\u00e9s de l&#8217;<a href=\"https:\/\/agora.xtec.cat\/iessanthilari\/tpv-escola\/\">aplicaci\u00f3 TPV<\/a>.<\/p>\n<h5>Com es paguen les activitats i sortides curriculars?<\/h5>\n<p>Els pagaments es realitzen a trav\u00e9s de l&#8217;<a href=\"https:\/\/agora.xtec.cat\/iessanthilari\/tpv-escola\/\">aplicaci\u00f3 TPV<\/a>.<\/p>\n<h5>Com em poso en contacte amb la tutoria del meu fill\/filla?<\/h5>\n<p>Podeu contactar amb el tutor a trav\u00e9s de l&#8217;agenda o b\u00e9 l&#8217;adre\u00e7a de correu electr\u00f2nic de <a href=\"https:\/\/agora.xtec.cat\/iessanthilari\/curs\/tutories\/\">tutoria<\/a> que trobareu a la p\u00e0gina.<\/p>\n<p>&nbsp;<\/p>\n<p>&nbsp;<\/p>\n<p>&nbsp;<\/p>\n","protected":false},"excerpt":{"rendered":"<p>Marc horari<\/p>\n<ul>\n<li>De 8:20 a 10:20 \u00a0 &gt; Dues hores lectives<\/li>\n<li>De 10:20 a 10:45 &gt; Esbarjo<\/li>\n<li>De 10:45 a 12:45 &gt; Dues hores lectives<\/li>\n<li>De 12:45 a 13:05 &gt; Esbarjo<\/li>\n<li>De 13:05 a 15:05 &gt; Dues hores lectives<\/li>\n<\/ul>\n<p>Llibres escolars. Fem reutilitzaci\u00f3?<br \/>\nEl Centre participa del pla de reutilitzaci\u00f3 dels llibres.&hellip;  <a href=\"https:\/\/agora.xtec.cat\/iessanthilari\/curs\/informacio-per-a-pares\/\" title=\"Read Informaci\u00f3 per a les fam\u00edlies\">Llegeix m\u00e9s\u00bb<\/a><\/p>\n","protected":false},"author":1,"featured_media":0,"parent":4152,"menu_order":21,"comment_status":"closed","ping_status":"closed","template":"page-templates\/side-menu.php","meta":{"_bbp_topic_count":0,"_bbp_reply_count":0,"_bbp_total_topic_count":0,"_bbp_total_reply_count":0,"_bbp_voice_count":0,"_bbp_anonymous_reply_count":0,"_bbp_topic_count_hidden":0,"_bbp_reply_count_hidden":0,"_bbp_forum_subforum_count":0,"footnotes":""},"class_list":["post-369","page","type-page","status-publish","hentry"],"post_mailing_queue_ids":[],"_links":{"self":[{"href":"https:\/\/agora.xtec.cat\/iessanthilari\/wp-json\/wp\/v2\/pages\/369","targetHints":{"allow":["GET"]}}],"collection":[{"href":"https:\/\/agora.xtec.cat\/iessanthilari\/wp-json\/wp\/v2\/pages"}],"about":[{"href":"https:\/\/agora.xtec.cat\/iessanthilari\/wp-json\/wp\/v2\/types\/page"}],"author":[{"embeddable":true,"href":"https:\/\/agora.xtec.cat\/iessanthilari\/wp-json\/wp\/v2\/users\/1"}],"replies":[{"embeddable":true,"href":"https:\/\/agora.xtec.cat\/iessanthilari\/wp-json\/wp\/v2\/comments?post=369"}],"version-history":[{"count":6,"href":"https:\/\/agora.xtec.cat\/iessanthilari\/wp-json\/wp\/v2\/pages\/369\/revisions"}],"predecessor-version":[{"id":7910,"href":"https:\/\/agora.xtec.cat\/iessanthilari\/wp-json\/wp\/v2\/pages\/369\/revisions\/7910"}],"up":[{"embeddable":true,"href":"https:\/\/agora.xtec.cat\/iessanthilari\/wp-json\/wp\/v2\/pages\/4152"}],"wp:attachment":[{"href":"https:\/\/agora.xtec.cat\/iessanthilari\/wp-json\/wp\/v2\/media?parent=369"}],"curies":[{"name":"wp","href":"https:\/\/api.w.org\/{rel}","templated":true}]}}