{"id":280,"date":"2016-03-17T23:31:22","date_gmt":"2016-03-17T22:31:22","guid":{"rendered":"http:\/\/agora.xtec.cat\/iessanthilari\/?page_id=280"},"modified":"2024-09-05T11:35:53","modified_gmt":"2024-09-05T09:35:53","slug":"departaments","status":"publish","type":"page","link":"https:\/\/agora.xtec.cat\/iessanthilari\/curs\/organigrama\/departaments\/","title":{"rendered":"Professorat"},"content":{"rendered":"<p><strong>Lleng\u00fces<\/strong><\/p>\n<ul>\n<li>Arola Anglerill Frigol\u00e9<\/li>\n<li>Gl\u00f2ria Donadeu Mas\u00f3<\/li>\n<li>Anna Guix Bartis<\/li>\n<li>Llu\u00eds Orri Gorgoll<\/li>\n<li>Alba Rost i Bah\u00ed<\/li>\n<li>Anna Vilalta Sidera<\/li>\n<\/ul>\n<p><strong>Orientaci\u00f3<\/strong><\/p>\n<ul>\n<li>Montserrat Bosch Delmas<\/li>\n<li>Cristina Carrillo L\u00f3pez<\/li>\n<li>Carlos Rodr\u00edguez Mart\u00edn<\/li>\n<\/ul>\n<p><strong>T\u00e8cnic de fusta i moble<\/strong><\/p>\n<ul>\n<li>David Roura Esparch<\/li>\n<\/ul>\n<p><strong>Geografia i hist\u00f2ria<\/strong><\/p>\n<ul>\n<li>Maria Cuberta Camps<\/li>\n<li>Cristina G\u00f3mez Sanz<\/li>\n<\/ul>\n<p><strong>Ci\u00e8ncies socials<\/strong><\/p>\n<ul>\n<li>Ester Amat F\u00e0bregas (economia)<\/li>\n<li>Leila Amrani Ram\u00edrez (cultura cl\u00e0ssica)<\/li>\n<li>Montse Molist Funollet (filosofia)<\/li>\n<li>Gl\u00f2ria Torres Sanchis (religi\u00f3)<\/li>\n<\/ul>\n<p><strong>Expressi\u00f3<\/strong><\/p>\n<ul>\n<li>S\u00f2nia Collell Puig (educaci\u00f3 f\u00edsica)<\/li>\n<li>Andreu Vil\u00e0 Colomer (educaci\u00f3 f\u00edsica)<\/li>\n<li>Marta Pint\u00f3 Moreno (m\u00fasica)<\/li>\n<li>Anna Xargay Soler (visual i pl\u00e0stica)<\/li>\n<\/ul>\n<p><strong>Matem\u00e0tiques<\/strong><\/p>\n<ul>\n<li>Marisa Gilabert Santiveri<\/li>\n<li>Marc R\u00edos Masferrer<\/li>\n<li>Jordi Rib\u00f3 Rovira<\/li>\n<\/ul>\n<p><strong>F\u00edsica i qu\u00edmica<\/strong><\/p>\n<ul>\n<li>Josep Broch Mu\u00f1oz<\/li>\n<li>Magda Parera Brians\u00f3<\/li>\n<li>Quimi Serrano Triad\u00f3<\/li>\n<\/ul>\n<p><strong>Biologia i geologia<\/strong><\/p>\n<ul>\n<li>Marta Rodr\u00edguez Pav\u00f3n<\/li>\n<li>Judit Rovira Prat<\/li>\n<\/ul>\n<p><strong>Tecnologia<\/strong><\/p>\n<ul>\n<li>Neus Puigdemont Melian<\/li>\n<li>Jordi Tordera Soler<\/li>\n<\/ul>\n<p><strong>Angl\u00e8s i franc\u00e8s<\/strong><\/p>\n<ul>\n<li>A\u00efda Codina Cam\u00f3<\/li>\n<li>Cristina Cunill Vilalta<\/li>\n<li>Eli Marc\u00f3 Juli\u00e0<\/li>\n<li>Carme Matavacas Bay\u00e9s<\/li>\n<\/ul>\n<p><strong>TIS<\/strong><\/p>\n<ul>\n<li>Adri\u00e0 Mart\u00ednez Garcia<\/li>\n<\/ul>\n<p><strong>Vetlladora<\/strong><\/p>\n<ul>\n<li>Meritxell Pons Mar\u00e9s<\/li>\n<\/ul>\n","protected":false},"excerpt":{"rendered":"<p>Lleng\u00fces<\/p>\n<ul>\n<li>Arola Anglerill Frigol\u00e9<\/li>\n<li>Gl\u00f2ria Donadeu Mas\u00f3<\/li>\n<li>Anna Guix Bartis<\/li>\n<li>Llu\u00eds Orri Gorgoll<\/li>\n<li>Alba Rost i Bah\u00ed<\/li>\n<li>Anna Vilalta Sidera<\/li>\n<\/ul>\n<p>Orientaci\u00f3<\/p>\n<ul>\n<li>Montserrat Bosch Delmas<\/li>\n<li>Cristina Carrillo L\u00f3pez<\/li>\n<li>Carlos Rodr\u00edguez Mart\u00edn<\/li>\n<\/ul>\n<p>T\u00e8cnic de fusta i moble<\/p>\n<ul>\n<li>David Roura Esparch<\/li>\n<\/ul>\n<p>Geografia i hist\u00f2ria<\/p>\n<ul>\n<li>Maria Cuberta Camps<\/li>\n<li>Cristina G\u00f3mez Sanz<\/li>\n<\/ul>\n<p>Ci\u00e8ncies socials<\/p>\n<ul>\n<li>Ester Amat F\u00e0bregas (economia)<\/li>\n<li>Leila Amrani Ram\u00edrez (cultura cl\u00e0ssica)<\/li>\n<li>Montse Molist Funollet (filosofia)<\/li>\n<li>Gl\u00f2ria Torres Sanchis&hellip;  <a href=\"https:\/\/agora.xtec.cat\/iessanthilari\/curs\/organigrama\/departaments\/\" title=\"Read Professorat\">Llegeix m\u00e9s\u00bb<\/a><br \/>\n","protected":false},"author":1,"featured_media":0,"parent":46,"menu_order":42,"comment_status":"closed","ping_status":"closed","template":"page-templates\/side-menu.php","meta":{"_bbp_topic_count":0,"_bbp_reply_count":0,"_bbp_total_topic_count":0,"_bbp_total_reply_count":0,"_bbp_voice_count":0,"_bbp_anonymous_reply_count":0,"_bbp_topic_count_hidden":0,"_bbp_reply_count_hidden":0,"_bbp_forum_subforum_count":0,"footnotes":""},"class_list":["post-280","page","type-page","status-publish","hentry"],"post_mailing_queue_ids":[],"_links":{"self":[{"href":"https:\/\/agora.xtec.cat\/iessanthilari\/wp-json\/wp\/v2\/pages\/280","targetHints":{"allow":["GET"]}}],"collection":[{"href":"https:\/\/agora.xtec.cat\/iessanthilari\/wp-json\/wp\/v2\/pages"}],"about":[{"href":"https:\/\/agora.xtec.cat\/iessanthilari\/wp-json\/wp\/v2\/types\/page"}],"author":[{"embeddable":true,"href":"https:\/\/agora.xtec.cat\/iessanthilari\/wp-json\/wp\/v2\/users\/1"}],"replies":[{"embeddable":true,"href":"https:\/\/agora.xtec.cat\/iessanthilari\/wp-json\/wp\/v2\/comments?post=280"}],"version-history":[{"count":7,"href":"https:\/\/agora.xtec.cat\/iessanthilari\/wp-json\/wp\/v2\/pages\/280\/revisions"}],"predecessor-version":[{"id":7977,"href":"https:\/\/agora.xtec.cat\/iessanthilari\/wp-json\/wp\/v2\/pages\/280\/revisions\/7977"}],"up":[{"embeddable":true,"href":"https:\/\/agora.xtec.cat\/iessanthilari\/wp-json\/wp\/v2\/pages\/46"}],"wp:attachment":[{"href":"https:\/\/agora.xtec.cat\/iessanthilari\/wp-json\/wp\/v2\/media?parent=280"}],"curies":[{"name":"wp","href":"https:\/\/api.w.org\/{rel}","templated":true}]}}