{"id":27,"date":"2014-09-17T16:24:03","date_gmt":"2014-09-17T16:24:03","guid":{"rendered":"http:\/\/agora.xtec.cat\/iessanthilari\/?page_id=27"},"modified":"2021-09-30T20:16:20","modified_gmt":"2021-09-30T18:16:20","slug":"historia","status":"publish","type":"page","link":"https:\/\/agora.xtec.cat\/iessanthilari\/linstitut\/historia\/","title":{"rendered":"Hist\u00f2ria"},"content":{"rendered":"<p><a href=\"http:\/\/agora.xtec.cat\/iessanthilari\/wp-content\/uploads\/usu490\/2014\/09\/INS.jpg\"><img loading=\"lazy\" decoding=\"async\" class=\" wp-image-277 alignright\" src=\"http:\/\/agora.xtec.cat\/iessanthilari\/wp-content\/uploads\/usu490\/2014\/09\/INS.jpg\" alt=\"INS\" width=\"483\" height=\"363\" srcset=\"https:\/\/agora.xtec.cat\/iessanthilari\/wp-content\/uploads\/usu490\/2014\/09\/INS.jpg 640w, https:\/\/agora.xtec.cat\/iessanthilari\/wp-content\/uploads\/usu490\/2014\/09\/INS-300x225.jpg 300w, https:\/\/agora.xtec.cat\/iessanthilari\/wp-content\/uploads\/usu490\/2014\/09\/INS-200x150.jpg 200w\" sizes=\"auto, (max-width: 483px) 100vw, 483px\" \/><\/a><\/p>\n<div>\n<p>En els seus inicis, el nostre institut nom\u00e9s feia un cicle formatiu de grau mig d\u2019administratiu i era una secci\u00f3 de l\u2019institut Serrallarga de Blanes. L\u2019any 1996 vam comen\u00e7ar a fer 3r d\u2019ESO com a centre pioner. Els alumnes feien fins a 8\u00e8 a l\u2019escola i despr\u00e9s passaven a fer els dos cursos restants d\u2019ESO. Tot aix\u00f2 es feia dins l\u2019edifici de l\u2019escola de prim\u00e0ria Guilleries. Aquest mateix any es va comen\u00e7ar a fer el grau superior d\u2019administratiu que, com que no hi havia prou espai a l\u2019escola, s\u2019impartia a la casa de cultura.<\/p>\n<p>El curs 1997-1998 ens vam traslladar als m\u00f2duls prefabricats i \u00a0es va comen\u00e7ar a oferir 1r de Batxillerat, al mateix temps que es feia ESO i els dos cursos de grau superior d&#8217;administratiu.<\/p>\n<p>El curs 1998-1999 es va fer l&#8217;\u00faltim any de 5\u00e8 de FP i es van oferir tots els cursos d&#8217;ESO i els de Batxillerat.<\/p>\n<p>El curs 1999-2000 ja vam deixar de ser secci\u00f3 de l\u2019institut de Blanes per ser institut propi: l\u2019institut Sant Hilari Sacalm.<\/p>\n<p>L\u2019any 2004, l\u2019Institut Anton Busquets i Punset va estrenar edifici i nom.<\/p>\n<p>El curs 2012-2013 es va canviar el marc horari de l\u2019institut amb la conformitat de professors, pares i alumnes. Les classes comencen a les 8:20 i acaben a les 15:00 i es fan en franges de dues hores amb un descans de 20 minuts a cada franja.<\/p>\n<p>Aquest horari ha suposat molts avantatges pedag\u00f2gics: reducci\u00f3 de l\u2019absentisme de tarda, millora del rendiment acad\u00e8mic, disminuci\u00f3 de conflictivitat en horari escolar i millora de la qualitat de vida dels nostres escolars (m\u00e9s disponibilitat de temps per les activitats extraescolars i per fer els deures).<\/p>\n<p>Quant a oferta educativa, actualment l\u2019Institut Anton Busquets i Punset ofereix ESO i batxillerat en horari di\u00fcrn. Concretament, ara tenim dues l\u00ednies a ESO i una de batxillerat, que ofereix tant la branca cient\u00edfico-tecnol\u00f2gica com la human\u00edstico-social.<\/p>\n<\/div>\n","protected":false},"excerpt":{"rendered":"<p><a href=\"http:\/\/agora.xtec.cat\/iessanthilari\/wp-content\/uploads\/usu490\/2014\/09\/INS.jpg\"><\/a><\/p>\n<p>En els seus inicis, el nostre institut nom\u00e9s feia un cicle formatiu de grau mig d\u2019administratiu i era una secci\u00f3 de l\u2019institut Serrallarga de Blanes. L\u2019any 1996 vam comen\u00e7ar a fer 3r d\u2019ESO com a centre pioner. Els alumnes feien fins a 8\u00e8 a&hellip;  <a href=\"https:\/\/agora.xtec.cat\/iessanthilari\/linstitut\/historia\/\" title=\"Read Hist\u00f2ria\">Llegeix m\u00e9s\u00bb<\/a><\/p>\n","protected":false},"author":1,"featured_media":0,"parent":19,"menu_order":13,"comment_status":"closed","ping_status":"closed","template":"page-templates\/side-menu.php","meta":{"_bbp_topic_count":0,"_bbp_reply_count":0,"_bbp_total_topic_count":0,"_bbp_total_reply_count":0,"_bbp_voice_count":0,"_bbp_anonymous_reply_count":0,"_bbp_topic_count_hidden":0,"_bbp_reply_count_hidden":0,"_bbp_forum_subforum_count":0,"footnotes":""},"class_list":["post-27","page","type-page","status-publish","hentry"],"post_mailing_queue_ids":[],"_links":{"self":[{"href":"https:\/\/agora.xtec.cat\/iessanthilari\/wp-json\/wp\/v2\/pages\/27","targetHints":{"allow":["GET"]}}],"collection":[{"href":"https:\/\/agora.xtec.cat\/iessanthilari\/wp-json\/wp\/v2\/pages"}],"about":[{"href":"https:\/\/agora.xtec.cat\/iessanthilari\/wp-json\/wp\/v2\/types\/page"}],"author":[{"embeddable":true,"href":"https:\/\/agora.xtec.cat\/iessanthilari\/wp-json\/wp\/v2\/users\/1"}],"replies":[{"embeddable":true,"href":"https:\/\/agora.xtec.cat\/iessanthilari\/wp-json\/wp\/v2\/comments?post=27"}],"version-history":[{"count":4,"href":"https:\/\/agora.xtec.cat\/iessanthilari\/wp-json\/wp\/v2\/pages\/27\/revisions"}],"predecessor-version":[{"id":5859,"href":"https:\/\/agora.xtec.cat\/iessanthilari\/wp-json\/wp\/v2\/pages\/27\/revisions\/5859"}],"up":[{"embeddable":true,"href":"https:\/\/agora.xtec.cat\/iessanthilari\/wp-json\/wp\/v2\/pages\/19"}],"wp:attachment":[{"href":"https:\/\/agora.xtec.cat\/iessanthilari\/wp-json\/wp\/v2\/media?parent=27"}],"curies":[{"name":"wp","href":"https:\/\/api.w.org\/{rel}","templated":true}]}}