{"id":2309,"date":"2018-11-16T22:41:30","date_gmt":"2018-11-16T21:41:30","guid":{"rendered":"http:\/\/agora.xtec.cat\/iessanthilari\/?page_id=2309"},"modified":"2018-11-16T22:42:15","modified_gmt":"2018-11-16T21:42:15","slug":"servei-comunitari","status":"publish","type":"page","link":"https:\/\/agora.xtec.cat\/iessanthilari\/servei-comunitari\/","title":{"rendered":"Servei Comunitari"},"content":{"rendered":"<p>Els alumnes de 3r d&#8217;ESO de l&#8217;Institut participaran durant aquest curs en projectes de Servei Comunitari, orientats a millorar la relaci\u00f3 amb l&#8217;entorn proper i el coneixement de la realitat que ens envolta.<\/p>\n<p>Els alumnes de 3r d&#8217;ESO s&#8217;han agrupat en tres projectes:<\/p>\n<ul>\n<li>Internet &#8220;Tu a tu&#8221;.\n<ul>\n<li>Els alumnes realitzaran un taller de l&#8217;\u00fas segur d&#8217;Internet, amb l&#8217;assessorament d&#8217;agents del cos de Mossos d&#8217;Esquadra. Aquest taller es realitzar\u00e0 amb alumnes de sis\u00e8 de prim\u00e0ria de l&#8217;Escola Guilleries.<\/li>\n<li>Fitxa del projecte:\u00a0<a href=\"https:\/\/agora.xtec.cat\/iessanthilari\/wp-content\/uploads\/usu490\/2018\/11\/ABPserveiInternet.pdf\">ABPserveiInternet<\/a><\/li>\n<li>Alumnes participants:\n<ul>\n<li>Iu Luque, Claudia Vicente, Sergi Bonfill, Nerea Roquet, Lluc Prat, Nerea Rojas i Joel Rodr\u00edguez.<\/li>\n<\/ul>\n<\/li>\n<\/ul>\n<\/li>\n<\/ul>\n<p><a href=\"https:\/\/agora.xtec.cat\/iessanthilari\/wp-content\/uploads\/usu490\/2018\/11\/ServeiComunitari2.jpeg\"><img loading=\"lazy\" decoding=\"async\" class=\"wp-image-2307 aligncenter\" src=\"https:\/\/agora.xtec.cat\/iessanthilari\/wp-content\/uploads\/usu490\/2018\/11\/ServeiComunitari2-1024x768.jpeg\" alt=\"\" width=\"400\" height=\"300\" srcset=\"https:\/\/agora.xtec.cat\/iessanthilari\/wp-content\/uploads\/usu490\/2018\/11\/ServeiComunitari2-1024x768.jpeg 1024w, https:\/\/agora.xtec.cat\/iessanthilari\/wp-content\/uploads\/usu490\/2018\/11\/ServeiComunitari2-300x225.jpeg 300w, https:\/\/agora.xtec.cat\/iessanthilari\/wp-content\/uploads\/usu490\/2018\/11\/ServeiComunitari2-768x576.jpeg 768w, https:\/\/agora.xtec.cat\/iessanthilari\/wp-content\/uploads\/usu490\/2018\/11\/ServeiComunitari2-200x150.jpeg 200w, https:\/\/agora.xtec.cat\/iessanthilari\/wp-content\/uploads\/usu490\/2018\/11\/ServeiComunitari2.jpeg 1600w\" sizes=\"auto, (max-width: 400px) 100vw, 400px\" \/><\/a><\/p>\n<ul>\n<li>Cursa d&#8217;orientaci\u00f3.\n<ul>\n<li>Els alumnes participaran en la planificaci\u00f3 i organitzaci\u00f3 d&#8217;una activitat esportiva durant la setmana de l&#8217;esport de Sant Hilari Sacalm, amb l&#8217;assessorament d&#8217;en Joan Mim\u00f3.<\/li>\n<li>Fitxa de projecte:\u00a0<a href=\"https:\/\/agora.xtec.cat\/iessanthilari\/wp-content\/uploads\/usu490\/2018\/11\/ABPserveiEsports.pdf\">ABPserveiEsports<\/a><\/li>\n<li>Alumnes participants:\n<ul>\n<li>Marc Tresserres, Lidia Montilla, Xavi Criado, Julia \u00c0vila, Aina Prat, D\u00eddac Sol\u00e0, Lluis Arjonilla i F\u00e0tima Kibach.<\/li>\n<\/ul>\n<\/li>\n<\/ul>\n<\/li>\n<\/ul>\n<p><a href=\"https:\/\/agora.xtec.cat\/iessanthilari\/wp-content\/uploads\/usu490\/2018\/11\/ServeiComunitari3.jpeg\"><img loading=\"lazy\" decoding=\"async\" class=\"wp-image-2308 aligncenter\" src=\"https:\/\/agora.xtec.cat\/iessanthilari\/wp-content\/uploads\/usu490\/2018\/11\/ServeiComunitari3-1024x768.jpeg\" alt=\"\" width=\"400\" height=\"300\" srcset=\"https:\/\/agora.xtec.cat\/iessanthilari\/wp-content\/uploads\/usu490\/2018\/11\/ServeiComunitari3-1024x768.jpeg 1024w, https:\/\/agora.xtec.cat\/iessanthilari\/wp-content\/uploads\/usu490\/2018\/11\/ServeiComunitari3-300x225.jpeg 300w, https:\/\/agora.xtec.cat\/iessanthilari\/wp-content\/uploads\/usu490\/2018\/11\/ServeiComunitari3-768x576.jpeg 768w, https:\/\/agora.xtec.cat\/iessanthilari\/wp-content\/uploads\/usu490\/2018\/11\/ServeiComunitari3-200x150.jpeg 200w, https:\/\/agora.xtec.cat\/iessanthilari\/wp-content\/uploads\/usu490\/2018\/11\/ServeiComunitari3.jpeg 1600w\" sizes=\"auto, (max-width: 400px) 100vw, 400px\" \/><\/a><\/p>\n<ul>\n<li>Campanya de conscienciaci\u00f3 medi ambiental.\n<ul>\n<li>Els nois i noies d&#8217;aquest grup duran a terme un estudi de la situaci\u00f3 de l&#8217;entorn natural del poble, amb l&#8217;objectiu de preparar una campanya de difusi\u00f3 sobre la situaci\u00f3 real dels nostres boscos.<\/li>\n<li>Fitxa del projecte:\u00a0<a href=\"https:\/\/agora.xtec.cat\/iessanthilari\/wp-content\/uploads\/usu490\/2018\/11\/ABPserveiMediAmbient.pdf\">ABPserveiMediAmbient<\/a><\/li>\n<li>Alumnes participants:\n<ul>\n<li>Milena Comas, Marcos Fern\u00e0ndez, Roger Obiols, Mart\u00ed Morales, Mohamed Lamkadmi, Daphne Mas\u00f3, N\u00faria Pueyo i N\u00e9stor Exp\u00f2sito.<\/li>\n<\/ul>\n<\/li>\n<\/ul>\n<\/li>\n<\/ul>\n<p><a href=\"https:\/\/agora.xtec.cat\/iessanthilari\/wp-content\/uploads\/usu490\/2018\/11\/ServeiComunitari1.jpeg\"><img loading=\"lazy\" decoding=\"async\" class=\"wp-image-2306 aligncenter\" src=\"https:\/\/agora.xtec.cat\/iessanthilari\/wp-content\/uploads\/usu490\/2018\/11\/ServeiComunitari1-1024x768.jpeg\" alt=\"\" width=\"400\" height=\"300\" srcset=\"https:\/\/agora.xtec.cat\/iessanthilari\/wp-content\/uploads\/usu490\/2018\/11\/ServeiComunitari1-1024x768.jpeg 1024w, https:\/\/agora.xtec.cat\/iessanthilari\/wp-content\/uploads\/usu490\/2018\/11\/ServeiComunitari1-300x225.jpeg 300w, https:\/\/agora.xtec.cat\/iessanthilari\/wp-content\/uploads\/usu490\/2018\/11\/ServeiComunitari1-768x576.jpeg 768w, https:\/\/agora.xtec.cat\/iessanthilari\/wp-content\/uploads\/usu490\/2018\/11\/ServeiComunitari1-200x150.jpeg 200w, https:\/\/agora.xtec.cat\/iessanthilari\/wp-content\/uploads\/usu490\/2018\/11\/ServeiComunitari1.jpeg 1600w\" sizes=\"auto, (max-width: 400px) 100vw, 400px\" \/><\/a><\/p>\n","protected":false},"excerpt":{"rendered":"<p>Els alumnes de 3r d&#8217;ESO de l&#8217;Institut participaran durant aquest curs en projectes de Servei Comunitari, orientats a millorar la relaci\u00f3 amb l&#8217;entorn proper i el coneixement de la realitat que ens envolta.<br \/>\nEls alumnes de 3r d&#8217;ESO s&#8217;han agrupat en tres projectes:<\/p>\n<ul>\n<li>Internet &#8220;Tu a tu&#8221;.\n<ul>\n<li>Els&hellip;  <a href=\"https:\/\/agora.xtec.cat\/iessanthilari\/servei-comunitari\/\" title=\"Read Servei Comunitari\">Llegeix m\u00e9s\u00bb<\/a><br \/>\n","protected":false},"author":1,"featured_media":0,"parent":0,"menu_order":0,"comment_status":"closed","ping_status":"closed","template":"","meta":{"_bbp_topic_count":0,"_bbp_reply_count":0,"_bbp_total_topic_count":0,"_bbp_total_reply_count":0,"_bbp_voice_count":0,"_bbp_anonymous_reply_count":0,"_bbp_topic_count_hidden":0,"_bbp_reply_count_hidden":0,"_bbp_forum_subforum_count":0,"footnotes":""},"class_list":["post-2309","page","type-page","status-publish","hentry"],"post_mailing_queue_ids":[],"_links":{"self":[{"href":"https:\/\/agora.xtec.cat\/iessanthilari\/wp-json\/wp\/v2\/pages\/2309","targetHints":{"allow":["GET"]}}],"collection":[{"href":"https:\/\/agora.xtec.cat\/iessanthilari\/wp-json\/wp\/v2\/pages"}],"about":[{"href":"https:\/\/agora.xtec.cat\/iessanthilari\/wp-json\/wp\/v2\/types\/page"}],"author":[{"embeddable":true,"href":"https:\/\/agora.xtec.cat\/iessanthilari\/wp-json\/wp\/v2\/users\/1"}],"replies":[{"embeddable":true,"href":"https:\/\/agora.xtec.cat\/iessanthilari\/wp-json\/wp\/v2\/comments?post=2309"}],"version-history":[{"count":2,"href":"https:\/\/agora.xtec.cat\/iessanthilari\/wp-json\/wp\/v2\/pages\/2309\/revisions"}],"predecessor-version":[{"id":2311,"href":"https:\/\/agora.xtec.cat\/iessanthilari\/wp-json\/wp\/v2\/pages\/2309\/revisions\/2311"}],"wp:attachment":[{"href":"https:\/\/agora.xtec.cat\/iessanthilari\/wp-json\/wp\/v2\/media?parent=2309"}],"curies":[{"name":"wp","href":"https:\/\/api.w.org\/{rel}","templated":true}]}}