{"id":761,"date":"2015-09-11T16:39:29","date_gmt":"2015-09-11T15:39:29","guid":{"rendered":"http:\/\/agora.xtec.cat\/iessantfeliu\/?page_id=761"},"modified":"2023-03-16T10:01:14","modified_gmt":"2023-03-16T09:01:14","slug":"assessorament","status":"publish","type":"page","link":"https:\/\/agora.xtec.cat\/iessantfeliu\/assessorament\/","title":{"rendered":"Assessorament i Reconeixement"},"content":{"rendered":"<table border=\"0\">\n<tbody>\n<tr>\n<td>\n<h4><a href=\"http:\/\/agora.xtec.cat\/iessantfeliu\/wp-content\/uploads\/usu232\/2015\/05\/Assessorament-e1434045998688.jpg\"><img loading=\"lazy\" decoding=\"async\" class=\" wp-image-350 alignleft\" src=\"http:\/\/agora.xtec.cat\/iessantfeliu\/wp-content\/uploads\/usu232\/2015\/05\/Assessorament-300x300.jpg\" alt=\"Assessorament\" width=\"97\" height=\"97\" \/><\/a><span style=\"font-family: Times New Roman,serif;\"><span style=\"font-size: medium;\"><span style=\"font-family: Century Gothic,sans-serif;\"><span lang=\"ca-ES\">Adre\u00e7at a persones, majors de 18 anys, interessades en obtenir una diagnosi de les seves possibilitats formatives i de promoci\u00f3 professional i con\u00e8ixer l&#8217;itinerari formatiu m\u00e9s adequat per a aconseguir-ho<\/span><\/span><\/span><\/span>.<\/h4>\n<\/td>\n<\/tr>\n<\/tbody>\n<\/table>\n<h4>1. Descripci\u00f3 del Servei d\u2019assessorament<\/h4>\n<p>&nbsp;<\/p>\n<p>INFORMACI\u00d3 PER LA DIFUSI\u00d3 SERVEI D\u2019ASSESSORAMENT I DE RECONEIXEMENT DELS APRENENTATGES POSA EN VALOR LA TEVA EXPERI\u00c8NCIA<\/p>\n<p>Qu\u00e8 \u00e9s pot aconseguir?<\/p>\n<p>Recon\u00e8ixer acad\u00e8micament els treballs i\/o feines que una persona ha realitzat durant la seva vida laboral. En el proc\u00e9s es verifiquen les feines realitzades i s\u2019equiparen amb els continguts dels cicles formatius de formaci\u00f3 professional relacionats. S\u2019adre\u00e7a A les persones que han complert 18 anys i poden acreditar una experi\u00e8ncia laboral o en activitats socials d\u2019almenys dos anys en el sector relacionat amb el cicle formatiu del qual volen recon\u00e8ixer els aprenentatges.<\/p>\n<p>Com funciona?<\/p>\n<p>Es tracta d\u2019un proc\u00e9s documental, d\u2019entrevista, avaluaci\u00f3 i certificaci\u00f3. La persona pr\u00e8viament ha d\u2019haver rebut l\u2019informe del servei d\u2019assessorament en la formaci\u00f3 professional del sistema educatiu.<\/p>\n<p>EL SERVEI D\u2019ASSESSORAMENT EN LA FORMACI\u00d3 PROFESSIONAL DEL SISTEMA EDUCATIU.<\/p>\n<p>El presta el centre educatiu de forma personalitzada i t\u00e9 un cost de 60\u20ac de preu p\u00fablic. Identifica i analitza detalladament les capacitats i les expectatives professionals de la persona, valorant i fent les recomanacions de les ofertes formatives que millor s\u2019adaptin al seu perfil i interessos. Conclou amb el lliurament de l\u2019informe d\u2019assessorament, requisit per presentar-se al servei de reconeixement acad\u00e8mic dels aprenentatges assolits mitjan\u00e7ant l\u2019experi\u00e8ncia laboral i on hi constar\u00e0:<\/p>\n<ul>\n<li>Les recomanacions de la persona assessora.<\/li>\n<li>L\u2019itinerari formatiu i professional.<\/li>\n<li>El dossier de la traject\u00f2ria professional.<\/li>\n<\/ul>\n<p>&nbsp;<\/p>\n<ul>\n<li>SERVEI DE RECONEIXEMENT ACAD\u00c8MIC DELS APRENENTATGES ASSOLITS MITJAN\u00c7ANT L\u2019EXPERI\u00c8NCIA LABORAL.<\/li>\n<\/ul>\n<p>El presta el centre educatiu de forma personalitzada i t\u00e9 un cost determinat pel preu p\u00fablic de 18\u20ac per Unitat Formativa o 40\u20ac per cr\u00e8dit que es vol recon\u00e8ixer.<\/p>\n<p>Consisteix en una entrevista entre la persona i els avaluadors del centre educatiu de forma individualitzada.<\/p>\n<p>Conclou amb un certificat oficial expedit pel centre educatiu a on hi constaran els cr\u00e8dits, o unitats formatives i m\u00f2duls reconegudes.<\/p>\n<p>Per convalidar les Unitats Formatives o cr\u00e8dits certificats, la persona s\u2019ha de matricular en el cicle formatiu corresponent acreditant els requisits d&#8217;acc\u00e9s.<\/p>\n<p>Sol\u00b7licitar el servei?<\/p>\n<p>El serveis d\u2019assessorament es sol\u00b7licita als centres a trav\u00e9s de les respectives p\u00e0gines web.<\/p>\n<p>Per consultar Centres autoritzats: <a href=\"http:\/\/www.gencat.cat\/ensenyament\">www.gencat.cat\/ensenyament<\/a><\/p>\n<p>On puc obtenir informaci\u00f3? A la web del Departament d\u2019Ensenyament: <a href=\"http:\/\/www20.gencat.cat\/ensenyament\">http:\/\/www20.gencat.cat\/ensenyament<\/a><\/p>\n<p>Als centres que ofereixin el serveis d\u2019assessorament i de reconeixement acad\u00e8mic dels aprenentatges presencialment o al seu web.<\/p>\n<p>&nbsp;<\/p>\n<h4>2. Carta de comprom\u00eds de qualitat dels serveis<\/h4>\n<p>&nbsp;<\/p>\n<p>CARTA DE COMPROM\u00cdS DE QUALITAT EN LA PRESTACI\u00d3 DEL SERVEI D\u2019ASSESSORAMENT EN LA FORMACI\u00d3 PROFESSIONAL DEL SISTEMA EDUCATIU<\/p>\n<p>L\u2019Institut\u00a0 St Feliu de Gu\u00edxols\u00a0 es compromet a realitzar un servei d\u2019assessorament dels aprenentatges en la formaci\u00f3 professional d\u2019acord amb l\u2019establert a les normes i instruccions del Departament d\u2019Ensenyament, la qual cosa inclou:<\/p>\n<ol>\n<li>Realitzar i publicar \u2013al taulell d\u2019anuncis i a la web del centre- abans del 30 de setembre de cada curs:<\/li>\n<li>Les fam\u00edlies professionals per a les quals s\u2019ofereix el servei i els cicles associats.<\/li>\n<li>El nombre de places que s\u2019ofereixen per a cada fam\u00edlia professional.<\/li>\n<li>Els criteris i el procediment d\u2019admissi\u00f3 de les sol\u00b7licituds.<\/li>\n<li>Les dates del per\u00edode de sol\u00b7licitud al servei d\u2019assessorament.<\/li>\n<li>La data de publicaci\u00f3 de la llista d\u2018admesos al servei i les places de reserva en cas que hi hagi una demanda superior a les places ofertades, aix\u00ed com el preu del servei.<\/li>\n<li>El termini per presentar la documentaci\u00f3 i fer el pagament del preu del servei.<\/li>\n<li>El calendari del servei d\u2019assessorament.<\/li>\n<li>Desplegar, almenys, un proc\u00e9s anual d\u2019informaci\u00f3 d\u2019assessorament dels aprenentatges assolits mitjan\u00e7ant l\u2019experi\u00e8ncia laboral o en activitats socials.<\/li>\n<li>Prestar, almenys, un servei d\u2019assessorament anual, per a cadascuna de les fam\u00edlies de l\u2019oferta publicada.<\/li>\n<li>Ampliar el termini de sol\u00b7licitud si no s\u2019exhaureix el nombre de places assignades en la primera oferta publicada.<\/li>\n<li>Publicar les llistes d\u2019admesos al servei d\u2019assessorament en un per\u00edode m\u00e0xim de 7 dies h\u00e0bils despr\u00e9s del termini de sol\u00b7licitud.<\/li>\n<li>Assignaruna persona assessora experta en orientaci\u00f3 professionalde la fam\u00edlia profesional corresponent.<\/li>\n<li>Assessorar a les persones usu\u00e0ries en l\u2019elaboraci\u00f3 del dossier de traject\u00f2ria profesional<\/li>\n<li>Lliurar a les persones usu\u00e0ries un informe d\u2019assessorament, on costar\u00e0 l\u2019itinerari formatiu per assolir l\u2019objectiu professional desitjat i les recomanacions per dur-lo a terme.<\/li>\n<li>Realitzar enquestes per poder recollir el grau de satisfacci\u00f3 de les persones usu\u00e0ries sobre el servei proporcionat.<\/li>\n<li>Posar a l\u2019abast de la persona usu\u00e0ria un servei de queixes i\/o suggeriments, les qualstindran resposta en un termini no superior a 7 dies.<\/li>\n<\/ol>\n<h4>3. Preu del <strong>Servei<\/strong><\/h4>\n<ul>\n<li>60\u20ac (Centres p\u00fablics del Departament d\u2019Ensenyament)<\/li>\n<li>Als centres educatius dependents del Departament d\u2019Ensenyament la prestaci\u00f3 del Servei est\u00e0 subjecta a l\u2019ingr\u00e9s de 60\u20ac en concepte de preu p\u00fablic, tal i com s\u2019estableix a l\u2019ORDRE NS\/270\/2012, de creaci\u00f3 de preus p\u00fablics per diversos serveis relacionats amb els ensenyaments de formaci\u00f3 professional inicial que es presten als centres educatius depenents del Departament d\u2019Ensenyament (DOGC n\u00fam. 6221, de 27.9.2012). L\u2019ordre determina en quines situacions les persones interessades poden demanar exempcions i bonificacions.<\/li>\n<\/ul>\n<p>&nbsp;<\/p>\n<ul>\n<li><u> Oferta de <\/u><u>places <\/u><u>al Servei d\u2019Assessorament de l\u2019institut St Feliu de Gu\u00edxols curs 2022-2023. PENDENT DE CONVOCAT\u00d2RIA<\/u><\/li>\n<\/ul>\n<h4>4. Oferta de places al Servei d\u2019Assessorament de l\u2019institut Sant Feliu de Gu\u00edxols curs 2022-2023 (PENDENT DE CONVOCAT\u00d2RIA)<\/h4>\n<table style=\"height: 295px; width: 63.3476%;\">\n<tbody>\n<tr style=\"height: 33px;\">\n<td style=\"background-color: #0f00f7; text-align: center; width: 284px; height: 33px;\"><strong><span style=\"color: #ffffff;\">Fam\u00edlia Professional<\/span><\/strong><span style=\"color: #ffffff;\"><strong><br \/>\n<\/strong><\/span><\/td>\n<td style=\"background-color: #0f00f7; text-align: center; height: 33px; width: 285.317px;\"><span style=\"color: #ffffff;\">Cicle formatiu<\/span><\/td>\n<td style=\"background-color: #0f00f7; text-align: center; height: 33px; width: 284.683px;\"><span style=\"color: #ffffff;\"><strong>Places<\/strong><\/span><\/td>\n<\/tr>\n<tr style=\"height: 33px;\">\n<td style=\"width: 284px; text-align: center; height: 33px;\">Comer\u00e7 i m\u00e0rqueting<\/td>\n<td style=\"height: 33px; width: 285.317px; text-align: center;\">CFGM Activitats Comercials (CM10)<\/td>\n<td style=\"height: 33px; width: 284.683px; text-align: center;\"><\/td>\n<\/tr>\n<tr style=\"height: 33px;\">\n<td style=\"width: 284px; text-align: center; height: 49px;\">Electricitat i electr\u00f2nica<\/td>\n<td style=\"height: 49px; width: 285.317px; text-align: center;\">CFGM Instal\u00b7lacions el\u00e8ctriques i autom\u00e0tiques (EE10)<\/td>\n<td style=\"height: 49px; width: 284.683px; text-align: center;\"><\/td>\n<\/tr>\n<tr style=\"height: 33px;\">\n<td style=\"width: 284px; text-align: center; height: 33px;\">Imatge Personal<\/td>\n<td style=\"height: 33px; width: 285.317px; text-align: center;\">CFGM Est\u00e8tica i Bellesa (IP20)<\/td>\n<td style=\"height: 33px; width: 284.683px; text-align: center;\"><\/td>\n<\/tr>\n<tr style=\"height: 33px;\">\n<td style=\"width: 284px; text-align: center; height: 65px;\">Transport i manteniment de vehicles<\/td>\n<td style=\"height: 65px; width: 285.317px; text-align: center;\">CFGM Manteniment d&#8217;Estructures de Fusta i Mobiliari d&#8217; Embarcacions d&#8217;Esbarjo (TM70)<\/td>\n<td style=\"height: 65px; width: 284.683px; text-align: center;\"><\/td>\n<\/tr>\n<tr style=\"height: 49px;\">\n<td style=\"width: 284px; text-align: center; height: 49px;\">Imatge Personal<\/td>\n<td style=\"width: 285.317px; text-align: center; height: 49px;\">CFGM Perruqueria i Cosm\u00e8tica Capil\u00b7lar (IP10)<\/td>\n<td style=\"width: 284.683px; text-align: center; height: 49px;\"><\/td>\n<\/tr>\n<tr style=\"height: 33px;\">\n<td style=\"width: 284px; text-align: center; height: 33px;\">Serveis socioculturals i a la comunitat<\/td>\n<td style=\"width: 285.317px; text-align: center; height: 33px;\">CFGS Educaci\u00f3 Infantil (SCB0)<\/td>\n<td style=\"width: 284.683px; text-align: center; height: 33px;\"><\/td>\n<\/tr>\n<tr>\n<td style=\"width: 284px; text-align: center;\">Administraci\u00f3 i gesti\u00f3<\/td>\n<td style=\"width: 285.317px; text-align: center;\">CFGM Gesti\u00f3 Administrativa (CFPM AG10)<\/td>\n<td style=\"width: 284.683px; text-align: center;\"><\/td>\n<\/tr>\n<tr>\n<td style=\"width: 284px; text-align: center;\">Administraci\u00f3 i gesti\u00f3<\/td>\n<td style=\"width: 285.317px; text-align: center;\">CFGS Administraci\u00f3 i Finances (CFPS AGB0)<\/td>\n<td style=\"width: 284.683px; text-align: center;\"><\/td>\n<\/tr>\n<\/tbody>\n<\/table>\n<p>&nbsp;<\/p>\n<h4>5. Criteris d\u2019admissi\u00f3<\/h4>\n<p>L\u2019ordre d\u2019admissi\u00f3, als centres del Departament, es realitzar\u00e0 d\u2019acord amb la major edat de la persona sol\u00b7licitant.<\/p>\n<h4>6. Calendari (PENDENT DE CONVOCAT\u00d2RIA)<\/h4>\n<table style=\"width: 592px;\" width=\"614\">\n<tbody>\n<tr>\n<td style=\"background-color: #0f00fa; width: 218px;\">\n<p style=\"text-align: center;\"><span style=\"color: #ffffff;\">Descripci\u00f3<\/span><\/p>\n<\/td>\n<td style=\"background-color: #0f00fa; text-align: center; width: 168px;\"><span style=\"color: #ffffff;\">Data<\/span><\/td>\n<td style=\"background-color: #0f00fa; text-align: center; width: 206px;\"><span style=\"color: #ffffff;\">Observacions<\/span><\/td>\n<\/tr>\n<tr>\n<td style=\"width: 218px;\">Per\u00edode d\u2019admissi\u00f3 de sol\u00b7licituds. <a href=\"https:\/\/drive.google.com\/file\/d\/16tX7ObMtbf5eqfliXPP646rOqepv9H6t\/view?usp=sharing\" target=\"_blank\" rel=\"noopener\">Enlla\u00e7<\/a><\/td>\n<td style=\"width: 168px;\"><\/td>\n<td style=\"width: 206px;\"><\/td>\n<\/tr>\n<tr>\n<td style=\"width: 218px;\">Publicaci\u00f3 de les llistes provisional d\u2019admesos i places de reserva<\/td>\n<td style=\"width: 168px;\"><\/td>\n<td style=\"width: 206px;\"><\/td>\n<\/tr>\n<tr>\n<td style=\"width: 218px;\">Reclamacions a la llista provisional de persones admeses.<\/td>\n<td style=\"width: 168px;\"><\/td>\n<td style=\"width: 206px;\"><\/td>\n<\/tr>\n<tr>\n<td style=\"width: 218px;\">Publicaci\u00f3 llista definitiva de persones admeses i places de reserva.<\/td>\n<td style=\"width: 168px;\"><\/td>\n<td style=\"width: 206px;\"><\/td>\n<\/tr>\n<tr>\n<td style=\"width: 218px;\" width=\"224\">Inscripci\u00f3 i pagament (full d\u2019inscripci\u00f3)<\/td>\n<td style=\"width: 168px;\" width=\"173\"><\/td>\n<td style=\"width: 206px;\" width=\"209\"><\/td>\n<\/tr>\n<\/tbody>\n<\/table>\n<p><span style=\"color: #000000;\"><span style=\"font-family: Arial;\"><span style=\"font-size: medium;\">Totes les gestions derivades del proc\u00e9s es faran \u00fanicament per via telem\u00e0tica o b\u00e9 concertant\u00a0 cita pr\u00e8via a la seg\u00fcent adre\u00e7a de correu electr\u00f2nic: <\/span><\/span><\/span><a href=\"mailto:institut@isantfeliu.net\"><span style=\"color: #2795b6;\"><span style=\"font-family: Arial;\"><span style=\"font-size: small;\">institut@isantfeliu.net<\/span><\/span><\/span><\/a><\/p>\n<h4>7. Full sol\u00b7licitud del servei (PENDENT DE CONVOCAT\u00d2RIA)<\/h4>\n<p>Sol\u00b7licitud inscripci\u00f3 al Servei d\u2019Assessorament: enlla\u00e7<\/p>\n<p>Llista provisional i definitiva a (pendent), de persones admeses al Servei d\u2019Assessorament en la Formaci\u00f3 Professional:<\/p>\n<ul>\n<li><span style=\"color: #444444;\"><span style=\"font-family: Open Sans, serif;\"><span style=\"font-size: medium;\">L\u2019alumnat adm\u00e8s al servei d\u2019Assessorament s\u2019ha d\u2019inscriure, realitzar l\u2019ingr\u00e9s de 60\u20ac i aportar el rebut justificatiu de l\u2019abonament al servei inscrit. (consultar bonificacions)<\/span><\/span><\/span><\/li>\n<li><span style=\"color: #444444;\"><span style=\"font-family: Open Sans, serif;\"><span style=\"font-size: medium;\">\u00c9s recomana portar tota la documentaci\u00f3 laboral i formativa, (curr\u00edculums, informes d\u2019empresa, t\u00edtols \u2026) relacionada amb el cicle formatiu on desitja recon\u00e8ixer la seva experi\u00e8ncia laboral o formaci\u00f3 rebuda.<\/span><\/span><\/span><\/li>\n<\/ul>\n<p><span style=\"color: #444444;\"><span style=\"font-family: Open Sans, serif;\"><span style=\"font-size: medium;\">Bonificacions del preu p\u00fablic.<\/span><\/span><\/span><\/p>\n<p><span style=\"color: #444444;\"><span style=\"font-family: Open Sans, serif;\"><span style=\"font-size: medium;\">Bonificaci\u00f3 del 50% de l\u2019import per a:<\/span><\/span><\/span><\/p>\n<p><span style=\"color: #444444;\"><span style=\"font-family: Open Sans, serif;\"><span style=\"font-size: medium;\">membres de fam\u00edlia nombrosa de categoria general i<br \/>\nmembres de fam\u00edlies monoparentals.<\/span><\/span><\/span><\/p>\n<p><span style=\"color: #444444;\"><span style=\"font-family: Open Sans, serif;\"><span style=\"font-size: medium;\">Exempci\u00f3 del 100% del pagament per a: <\/span><\/span><\/span><span style=\"color: #444444;\"><span style=\"font-family: Open Sans, serif;\"><span style=\"font-size: medium;\">membres de fam\u00edlia nombrosa de categoria especial, v\u00edctimes del terrorisme (i els seus c\u00f2njuges i els seus fills i filles),<br \/>\npersones amb discapacitat igual o superior al 33% i infants o adolescents en acolliment familiar.<\/span><\/span><\/span><\/p>\n<p><span style=\"color: #444444;\"><span style=\"font-family: Open Sans, serif;\"><span style=\"font-size: medium;\">El preu p\u00fablic del servei d\u2019assessorament \u00e9s de 60\u20ac en els centres p\u00fablics del Departament d\u2019Educaci\u00f3. (consultar criteris de bonificaci\u00f3 o exempci\u00f3)<br \/>\nEl preu p\u00fablic del servei de reconeixement \u00e9s de 18\u20ac per Unitat formativa a recon\u00e8ixer (\u00e9s imprescindible disposar d\u2019informe del servei d\u2019assessorament o document equivalent per participar-hi)<\/span><\/span><\/span><\/p>\n<p>&nbsp;<\/p>\n<p>&nbsp;<\/p>\n<p><a href=\"http:\/\/agora.xtec.cat\/iessantfeliu\/wp-content\/uploads\/usu232\/2015\/05\/Reconeixement-e1432121053319.jpg\" rel=\"attachment wp-att-349\"><img loading=\"lazy\" decoding=\"async\" class=\"wp-image-349 alignleft\" src=\"http:\/\/agora.xtec.cat\/iessantfeliu\/wp-content\/uploads\/usu232\/2015\/05\/Reconeixement-300x300.jpg\" alt=\"Reconeixement\" width=\"108\" height=\"108\" \/><\/a>Adre\u00e7at a persones, majors de 18 anys, que vulguin tenir un reconeixement acad\u00e8mic dels aprenentatges adquirits, b\u00e9 amb l&#8217;experi\u00e8ncia laboral o en activitats socials, relacionats amb un determinat cicle formatiu.<\/p>\n<div align=\"center\">\n<p lang=\"es-ES\" align=\"justify\"><span style=\"font-family: Times New Roman,serif;\"><span style=\"font-size: medium;\"><span style=\"font-family: Century Gothic,sans-serif;\"><span style=\"font-size: large;\"><span lang=\"ca-ES\"><b>Convocat\u00f2ria servei de reconeixement curs 2022-2023.<\/b><\/span><\/span><\/span><\/span><\/span><\/p>\n<p lang=\"es-ES\" align=\"justify\"><span style=\"font-family: Times New Roman,serif;\"><span style=\"font-size: medium;\"><span style=\"font-family: Century Gothic,sans-serif;\"><span lang=\"ca-ES\">El calendari amb els terminis de preinscripci\u00f3 i matr\u00edcula al servei es podr\u00e0 consultar quan surti la convocat\u00f2ria.<br \/>\n<\/span><\/span><\/span><\/span><\/p>\n<p class=\"western\" lang=\"es-ES\">\n<\/div>\n","protected":false},"excerpt":{"rendered":"<p><a href=\"http:\/\/agora.xtec.cat\/iessantfeliu\/wp-content\/uploads\/usu232\/2015\/05\/Assessorament-e1434045998688.jpg\"><\/a>Adre\u00e7at a persones, majors de 18 anys, interessades en obtenir una diagnosi de les seves possibilitats formatives i de promoci\u00f3 professional i con\u00e8ixer l&#8217;itinerari formatiu m\u00e9s adequat per a aconseguir-ho.<\/p>\n<p>1. Descripci\u00f3 del Servei d\u2019assessorament<br \/>\n&nbsp;<br \/>\nINFORMACI\u00d3 PER LA DIFUSI\u00d3 SERVEI D\u2019ASSESSORAMENT I DE RECONEIXEMENT DELS APRENENTATGES&hellip;  <a href=\"https:\/\/agora.xtec.cat\/iessantfeliu\/assessorament\/\" title=\"Read Assessorament i Reconeixement\">Llegeix m\u00e9s\u00bb<\/a><\/p>\n","protected":false},"author":1,"featured_media":0,"parent":0,"menu_order":0,"comment_status":"closed","ping_status":"closed","template":"","meta":{"_bbp_topic_count":0,"_bbp_reply_count":0,"_bbp_total_topic_count":0,"_bbp_total_reply_count":0,"_bbp_voice_count":0,"_bbp_anonymous_reply_count":0,"_bbp_topic_count_hidden":0,"_bbp_reply_count_hidden":0,"_bbp_forum_subforum_count":0,"footnotes":""},"class_list":["post-761","page","type-page","status-publish","hentry"],"post_mailing_queue_ids":[],"_links":{"self":[{"href":"https:\/\/agora.xtec.cat\/iessantfeliu\/wp-json\/wp\/v2\/pages\/761","targetHints":{"allow":["GET"]}}],"collection":[{"href":"https:\/\/agora.xtec.cat\/iessantfeliu\/wp-json\/wp\/v2\/pages"}],"about":[{"href":"https:\/\/agora.xtec.cat\/iessantfeliu\/wp-json\/wp\/v2\/types\/page"}],"author":[{"embeddable":true,"href":"https:\/\/agora.xtec.cat\/iessantfeliu\/wp-json\/wp\/v2\/users\/1"}],"replies":[{"embeddable":true,"href":"https:\/\/agora.xtec.cat\/iessantfeliu\/wp-json\/wp\/v2\/comments?post=761"}],"version-history":[{"count":3,"href":"https:\/\/agora.xtec.cat\/iessantfeliu\/wp-json\/wp\/v2\/pages\/761\/revisions"}],"predecessor-version":[{"id":9669,"href":"https:\/\/agora.xtec.cat\/iessantfeliu\/wp-json\/wp\/v2\/pages\/761\/revisions\/9669"}],"wp:attachment":[{"href":"https:\/\/agora.xtec.cat\/iessantfeliu\/wp-json\/wp\/v2\/media?parent=761"}],"curies":[{"name":"wp","href":"https:\/\/api.w.org\/{rel}","templated":true}]}}