{"id":6168,"date":"2020-07-30T12:19:04","date_gmt":"2020-07-30T10:19:04","guid":{"rendered":"https:\/\/agora.xtec.cat\/iessantfeliu\/?page_id=6168"},"modified":"2020-09-01T10:17:41","modified_gmt":"2020-09-01T08:17:41","slug":"matricula-curs-20-21-cf-grau-mig","status":"publish","type":"page","link":"https:\/\/agora.xtec.cat\/iessantfeliu\/preinscripcio-cicles-formatius-grau-mig\/matricula-curs-20-21-cf-grau-mig\/","title":{"rendered":"Matr\u00edcula Curs 20-21 1r CF Grau Mig"},"content":{"rendered":"<table>\n<tbody>\n<tr>\n<td><strong>Llista d&#8217;admesos i d&#8217;espera al CFGM<br \/>\n<\/strong><\/p>\n<ul>\n<li><a href=\"https:\/\/agora.xtec.cat\/iessantfeliu\/wp-content\/uploads\/usu232\/2020\/07\/17003318-LLISTA-ADMESOS-CFGM.pdf\" target=\"_blank\" rel=\"noopener noreferrer\">Llista d&#8217;alumnes admesos<\/a><\/li>\n<li><a href=\"https:\/\/agora.xtec.cat\/iessantfeliu\/wp-content\/uploads\/usu232\/2020\/07\/17003318-LLISTA-ESPERA-CFGM.pdf\" target=\"_blank\" rel=\"noopener noreferrer\">Llista d&#8217;espera<\/a><\/li>\n<\/ul>\n<\/td>\n<\/tr>\n<\/tbody>\n<\/table>\n<div class=\"FW_sPregunta FW_sImpacte\">\n<div class=\"FW_sArticleFoto\">\n<div class=\"FW_sEditPro\"><\/div>\n<\/div>\n<\/div>\n<p>Benvolgudes fam\u00edlies,<\/p>\n<p>Per poder formalitzar la matr\u00edcula de 1r de CFM pel curs 2020-2021, cal que <strong>ompliu el formulari <\/strong>que trobareu adjunt.<\/p>\n<ol>\n<li>Que <strong>ompliu el formulari <\/strong>que trobareu adjunt.<\/li>\n<\/ol>\n<p><a href=\"https:\/\/docs.google.com\/forms\/d\/e\/1FAIpQLSe6PZevZQ7xbmYTc85JyTyWXnLGkG1TK_FZ5XznzZ9sNZUs7w\/viewform?usp=sf_link\" target=\"_blank\" rel=\"noopener noreferrer\">https:\/\/docs.google.com\/forms\/d\/e\/1FAIpQLSe6PZevZQ7xbmYTc85JyTyWXnLGkG1TK_FZ5XznzZ9sNZUs7w\/viewform?usp=sf_link<\/a><\/p>\n<ol>\n<li>Actualitzar les dades<\/li>\n<li>Adjuntar els comprovants del pagament<\/li>\n<li>Adjuntar una fotografia mida carnet<\/li>\n<li>C\u00f2pia del resguard del t\u00edtol de l\u2019ESO o de la prova d\u2019acc\u00e9s<\/li>\n<li>Tamb\u00e9 haureu d\u2019emplenar l\u2019autoritzaci\u00f3 relativa a l\u2019\u00fas d\u2019imatge.<\/li>\n<\/ol>\n<p>El termini per fer la matr\u00edcula \u00e9s de l&#8217;1 al 7 de setembre. Un cop formalitzada la matr\u00edcula rebreu un correu com a justificant.<\/p>\n<h6>De manera excepcional, si teniu algun problema per fer els tr\u00e0mits telem\u00e0ticament, es podr\u00e0 venir a fer la gesti\u00f3 al centre, demanant cita pr\u00e8via mitjan\u00e7ant la p\u00e0gina web o per tel\u00e8fon 972820118.<\/h6>\n<p><a href=\"https:\/\/aplicacions.gestioeducativa.gencat.cat\/pls\/apex\/f?p=CITA_PREVIA:4::::4:P4_TIPUS_CALENDARI,P4_DOMINI:03_CGS,17003318\" target=\"_blank\" rel=\"noopener noreferrer\"><img loading=\"lazy\" decoding=\"async\" class=\" wp-image-5934 alignleft\" src=\"https:\/\/agora.xtec.cat\/iessantfeliu\/wp-content\/uploads\/usu232\/2020\/05\/Boto-cita-previa.png\" alt=\"\" width=\"116\" height=\"76\" \/><\/a><\/p>\n<p>&nbsp;<\/p>\n<p>Recordeu que la informaci\u00f3 d\u2019inici de curs, la trobareu penjada a la p\u00e0gina web de l\u2019institut.<\/p>\n","protected":false},"excerpt":{"rendered":"<p>Llista d&#8217;admesos i d&#8217;espera al CFGM<\/p>\n<ul>\n<li><a href=\"https:\/\/agora.xtec.cat\/iessantfeliu\/wp-content\/uploads\/usu232\/2020\/07\/17003318-LLISTA-ADMESOS-CFGM.pdf\" target=\"_blank\" rel=\"noopener noreferrer\">Llista d&#8217;alumnes admesos<\/a><\/li>\n<li><a href=\"https:\/\/agora.xtec.cat\/iessantfeliu\/wp-content\/uploads\/usu232\/2020\/07\/17003318-LLISTA-ESPERA-CFGM.pdf\" target=\"_blank\" rel=\"noopener noreferrer\">Llista d&#8217;espera<\/a><\/li>\n<\/ul>\n<p>Benvolgudes fam\u00edlies,<br \/>\nPer poder formalitzar la matr\u00edcula de 1r de CFM pel curs 2020-2021, cal que ompliu el formulari que trobareu adjunt.<\/p>\n<ol>\n<li>Que ompliu el formulari que trobareu adjunt.<\/li>\n<\/ol>\n<p><a href=\"https:\/\/docs.google.com\/forms\/d\/e\/1FAIpQLSe6PZevZQ7xbmYTc85JyTyWXnLGkG1TK_FZ5XznzZ9sNZUs7w\/viewform?usp=sf_link\" target=\"_blank\"&hellip;  <a href=\"https:\/\/agora.xtec.cat\/iessantfeliu\/preinscripcio-cicles-formatius-grau-mig\/matricula-curs-20-21-cf-grau-mig\/\" title=\"Read Matr\u00edcula Curs 20-21 1r CF Grau Mig\">Llegeix m\u00e9s\u00bb<\/a><\/p>\n","protected":false},"author":1,"featured_media":0,"parent":5802,"menu_order":0,"comment_status":"closed","ping_status":"closed","template":"","meta":{"_bbp_topic_count":0,"_bbp_reply_count":0,"_bbp_total_topic_count":0,"_bbp_total_reply_count":0,"_bbp_voice_count":0,"_bbp_anonymous_reply_count":0,"_bbp_topic_count_hidden":0,"_bbp_reply_count_hidden":0,"_bbp_forum_subforum_count":0,"footnotes":""},"class_list":["post-6168","page","type-page","status-publish","hentry"],"post_mailing_queue_ids":[],"_links":{"self":[{"href":"https:\/\/agora.xtec.cat\/iessantfeliu\/wp-json\/wp\/v2\/pages\/6168","targetHints":{"allow":["GET"]}}],"collection":[{"href":"https:\/\/agora.xtec.cat\/iessantfeliu\/wp-json\/wp\/v2\/pages"}],"about":[{"href":"https:\/\/agora.xtec.cat\/iessantfeliu\/wp-json\/wp\/v2\/types\/page"}],"author":[{"embeddable":true,"href":"https:\/\/agora.xtec.cat\/iessantfeliu\/wp-json\/wp\/v2\/users\/1"}],"replies":[{"embeddable":true,"href":"https:\/\/agora.xtec.cat\/iessantfeliu\/wp-json\/wp\/v2\/comments?post=6168"}],"version-history":[{"count":3,"href":"https:\/\/agora.xtec.cat\/iessantfeliu\/wp-json\/wp\/v2\/pages\/6168\/revisions"}],"predecessor-version":[{"id":6235,"href":"https:\/\/agora.xtec.cat\/iessantfeliu\/wp-json\/wp\/v2\/pages\/6168\/revisions\/6235"}],"up":[{"embeddable":true,"href":"https:\/\/agora.xtec.cat\/iessantfeliu\/wp-json\/wp\/v2\/pages\/5802"}],"wp:attachment":[{"href":"https:\/\/agora.xtec.cat\/iessantfeliu\/wp-json\/wp\/v2\/media?parent=6168"}],"curies":[{"name":"wp","href":"https:\/\/api.w.org\/{rel}","templated":true}]}}