{"id":5806,"date":"2020-05-08T11:32:01","date_gmt":"2020-05-08T09:32:01","guid":{"rendered":"https:\/\/agora.xtec.cat\/iessantfeliu\/?page_id=5806"},"modified":"2024-03-06T21:39:03","modified_gmt":"2024-03-06T20:39:03","slug":"formacio-professional-grau-superior","status":"publish","type":"page","link":"https:\/\/agora.xtec.cat\/iessantfeliu\/formacio-professional-grau-superior\/","title":{"rendered":"Formaci\u00f3 professional &#8211; Grau Superior"},"content":{"rendered":"<p class=\"title ng-star-inserted\">Us informem que la preinscripci\u00f3 per accedir als Cicles de formaci\u00f3 professional de Grau Superior ser\u00e0 entre el 10 i el 17 de juny.<\/p>\n<p>Si voleu importar les dates a Google Calendar, feu clic a la icona seg\u00fcent: \u00a0\u00a0 <a href=\"https:\/\/calendar.google.com\/event?action=TEMPLATE&amp;tmeid=MmNldXYzMzhpdHIwYjNxZWpsZHIwdjY5bTQgaXNhbnRmZWxpdS5uZXRfOWZ0NDNiYWZzcTgxaXNkcnMzZmI2czY4YjBAZw&amp;tmsrc=isantfeliu.net_9ft43bafsq81isdrs3fb6s68b0%40group.calendar.google.com\" target=\"_blank\" rel=\"noopener noreferrer\"><img decoding=\"async\" src=\"https:\/\/www.google.com\/calendar\/images\/ext\/gc_button1_ca.gif\" border=\"0\" \/><\/a><\/p>\n<table style=\"width: 100%; height: 204px;\" cellspacing=\"4\" cellpadding=\"2\">\n<tbody>\n<tr style=\"height: 34px;\">\n<td style=\"height: 34px;\"><a href=\"http:\/\/queestudiar.gencat.cat\/ca\/preinscripcio\/estudis\/fp-gs\/info-general\/\" target=\"_blank\" rel=\"noopener noreferrer\"><strong>Informaci\u00f3 general<\/strong><\/a><\/td>\n<\/tr>\n<tr>\n<td><strong><a href=\"http:\/\/queestudiar.gencat.cat\/ca\/preinscripcio\/estudis\/fp-gs\/calendari\/\" target=\"_blank\" rel=\"noopener noreferrer\">Calendari<\/a><\/strong><\/p>\n<div class=\"FW_sArticleFoto\">\n<div class=\"FW_sEditPro\">\n<ul>\n<li>Oferta inicial de places per a la preinscripci\u00f3: 5 de juny de 2020<\/li>\n<li>Presentaci\u00f3 de sol\u00b7licituds: <strong>del 10 al 17 de juny de 2020<\/strong>, ambd\u00f3s inclosos<\/li>\n<li>Presentaci\u00f3 de documentaci\u00f3: fins al 18 de juny de 2020<\/li>\n<li>Llista de sol\u00b7licituds amb la puntuaci\u00f3 provisional: 13 de juliol de 2020<\/li>\n<li>Presentaci\u00f3 de reclamacions: del 14 al 16 de juliol de 2020<\/li>\n<li>Llista de sol\u00b7licituds amb la puntuaci\u00f3 un cop resoltes les reclamacions: 20 de juliol de 2020<\/li>\n<li>Sorteig del n\u00famero de desempat: 20 de juliol de 2020, a les 11 h<\/li>\n<li>Llista ordenada definitiva: 23 de juliol de 2020<\/li>\n<li>Oferta final de places escolars: 28 de juliol de 2020<\/li>\n<li>Llista d&#8217;alumnes admesos i llista d&#8217;espera: 30 de juliol de 2020<\/li>\n<\/ul>\n<\/div>\n<\/div>\n<\/td>\n<\/tr>\n<tr>\n<td><strong><a href=\"http:\/\/queestudiar.gencat.cat\/ca\/preinscripcio\/estudis\/fp-gs\/codis\/\" target=\"_blank\" rel=\"noopener noreferrer\">Consulta de codis<\/a><br \/>\n<\/strong><\/td>\n<\/tr>\n<tr style=\"height: 34px;\">\n<td style=\"height: 34px;\"><a href=\"http:\/\/queestudiar.gencat.cat\/ca\/preinscripcio\/estudis\/fp-gs\/documentacio\/\" target=\"_blank\" rel=\"noopener noreferrer\"><strong>Documentaci\u00f3 i criteris de prioritat<\/strong><\/a><\/td>\n<\/tr>\n<tr style=\"height: 34px;\">\n<td style=\"height: 34px;\"><a href=\"http:\/\/queestudiar.gencat.cat\/ca\/preinscripcio\/estudis\/fp-gs\/consulta-resultats\/\" target=\"_blank\" rel=\"noopener noreferrer\"><strong>Consulta de resultats<\/strong><\/a><\/td>\n<\/tr>\n<tr>\n<td><strong><a href=\"http:\/\/queestudiar.gencat.cat\/ca\/preinscripcio\/estudis\/fp-gs\/prioritat-batx\/\" target=\"_blank\" rel=\"noopener noreferrer\"><strong>Prioritats per la via de batxillerat<\/strong><\/a><\/strong><\/td>\n<\/tr>\n<tr>\n<td><strong><a href=\"http:\/\/queestudiar.gencat.cat\/ca\/preinscripcio\/estudis\/fp-gs\/prioritat-tecnic-fp\/\" target=\"_blank\" rel=\"noopener noreferrer\"><strong>Prioritats per la via d&#8217;acc\u00e9s del t\u00edtol de t\u00e8cnic de formaci\u00f3 professional <\/strong><\/a><\/strong><\/td>\n<\/tr>\n<tr>\n<td>\n<h6><strong>Preinscripci\u00f3<br \/>\n<\/strong><\/h6>\n<div class=\"col-xs-10\"><a href=\"https:\/\/accesvalidat.ensenyament.gencat.cat\/pls\/apex\/f?p=20160079072543618:102\" target=\"_blank\" rel=\"noopener noreferrer\"> Sol\u00b7licitud electr\u00f2nica <\/a><\/div>\n<div class=\"boto-veshi\">\n<div class=\"col-xs-2 text-center\"><\/div>\n<\/div>\n<p>Cal identificar-se mitjan\u00e7ant un certificat digital, com per exemple el DNI electr\u00f2nic, o el sistema alternatiu d&#8217;identificaci\u00f3 idCAT M\u00f2bil, i el n\u00famero d&#8217;identificaci\u00f3 de l&#8217;alumne\/a amb el qual consta al Registre d&#8217;Alumnes de Catalunya (RALC).<\/p>\n<p>El tr\u00e0mit de presentaci\u00f3 de la sol\u00b7licitud electr\u00f2nica s&#8217;acaba amb l&#8217;enviament del formulari i <strong>no s&#8217;ha de presentar cap c\u00f2pia al centre<\/strong>.<\/p>\n<p><a title=\"Sol\u00b7licitud amb suport inform\u00e0tic\" href=\"https:\/\/aplicacions.gestioeducativa.gencat.cat\/pls\/apex\/f?p=20160079072543618:CAT_AL_SI\" target=\"_blank\" rel=\"noopener noreferrer\">Sol\u00b7licitud amb suport inform\u00e0tic<\/a><\/p>\n<p>El tr\u00e0mit de presentaci\u00f3 de la sol\u00b7licitud amb suport inform\u00e0tic s&#8217;acaba amb l&#8217;<strong>enviament per correu electr\u00f2nic a institut@isantfeliu.net<\/strong> del resguard acompanyat de la documentaci\u00f3 acreditativa corresponent a la b\u00fastia electr\u00f2nica oficial del centre demanat en primera opci\u00f3 dins el termini establert per presentar la documentaci\u00f3.<\/p>\n<h6>Sol\u00b7licitud presencial (nom\u00e9s casos excepcionals amb cita pr\u00e8via)<\/h6>\n<p><a href=\"https:\/\/aplicacions.gestioeducativa.gencat.cat\/pls\/apex\/f?p=2020002:18:122679351271464::NO:::\" target=\"_blank\" rel=\"noopener noreferrer\"><img loading=\"lazy\" decoding=\"async\" class=\"wp-image-5934 alignleft\" src=\"https:\/\/agora.xtec.cat\/iessantfeliu\/wp-content\/uploads\/usu232\/2020\/05\/Boto-cita-previa.png\" alt=\"\" width=\"69\" height=\"46\" \/><\/a><\/td>\n<\/tr>\n<tr style=\"height: 34px;\">\n<td style=\"height: 34px;\"><a href=\"http:\/\/queestudiar.gencat.cat\/ca\/preinscripcio\/estudis\/fp-gs\/matricula\/\" target=\"_blank\" rel=\"noopener noreferrer\"><strong>Matr\u00edcula<\/strong><\/a><\/td>\n<\/tr>\n<tr style=\"height: 34px;\">\n<td style=\"height: 34px;\"><a href=\"http:\/\/queestudiar.gencat.cat\/ca\/preinscripcio\/estudis\/fp-gs\/fp-dual\/\" target=\"_blank\" rel=\"noopener noreferrer\"><strong>Formaci\u00f3 professional DUAL<\/strong><\/a><\/td>\n<\/tr>\n<tr style=\"height: 34px;\">\n<td style=\"height: 34px;\"><a href=\"http:\/\/queestudiar.gencat.cat\/ca\/preinscripcio\/estudis\/fp-gs\/segona-fase-admissio\/\" target=\"_blank\" rel=\"noopener noreferrer\"><strong>Segona fase d&#8217;admissi\u00f3<\/strong><\/a><\/td>\n<\/tr>\n<\/tbody>\n<\/table>\n","protected":false},"excerpt":{"rendered":"<p>Us informem que la preinscripci\u00f3 per accedir als Cicles de formaci\u00f3 professional de Grau Superior ser\u00e0 entre el 10 i el 17 de juny.<br \/>\nSi voleu importar les dates a Google Calendar, feu clic a la icona seg\u00fcent: \u00a0\u00a0 <a href=\"https:\/\/calendar.google.com\/event?action=TEMPLATE&amp;tmeid=MmNldXYzMzhpdHIwYjNxZWpsZHIwdjY5bTQgaXNhbnRmZWxpdS5uZXRfOWZ0NDNiYWZzcTgxaXNkcnMzZmI2czY4YjBAZw&amp;tmsrc=isantfeliu.net_9ft43bafsq81isdrs3fb6s68b0%40group.calendar.google.com\" target=\"_blank\" rel=\"noopener noreferrer\"><\/a><\/p>\n<p><a href=\"http:\/\/queestudiar.gencat.cat\/ca\/preinscripcio\/estudis\/fp-gs\/info-general\/\" target=\"_blank\"&hellip;  <a href=\"https:\/\/agora.xtec.cat\/iessantfeliu\/formacio-professional-grau-superior\/\" title=\"Read Formaci\u00f3 professional &#8211; Grau Superior\">Llegeix m\u00e9s\u00bb<\/a><\/p>\n","protected":false},"author":1,"featured_media":0,"parent":0,"menu_order":4,"comment_status":"closed","ping_status":"closed","template":"page-templates\/side-menu.php","meta":{"_bbp_topic_count":0,"_bbp_reply_count":0,"_bbp_total_topic_count":0,"_bbp_total_reply_count":0,"_bbp_voice_count":0,"_bbp_anonymous_reply_count":0,"_bbp_topic_count_hidden":0,"_bbp_reply_count_hidden":0,"_bbp_forum_subforum_count":0,"footnotes":""},"class_list":["post-5806","page","type-page","status-publish","hentry"],"post_mailing_queue_ids":[],"_links":{"self":[{"href":"https:\/\/agora.xtec.cat\/iessantfeliu\/wp-json\/wp\/v2\/pages\/5806","targetHints":{"allow":["GET"]}}],"collection":[{"href":"https:\/\/agora.xtec.cat\/iessantfeliu\/wp-json\/wp\/v2\/pages"}],"about":[{"href":"https:\/\/agora.xtec.cat\/iessantfeliu\/wp-json\/wp\/v2\/types\/page"}],"author":[{"embeddable":true,"href":"https:\/\/agora.xtec.cat\/iessantfeliu\/wp-json\/wp\/v2\/users\/1"}],"replies":[{"embeddable":true,"href":"https:\/\/agora.xtec.cat\/iessantfeliu\/wp-json\/wp\/v2\/comments?post=5806"}],"version-history":[{"count":3,"href":"https:\/\/agora.xtec.cat\/iessantfeliu\/wp-json\/wp\/v2\/pages\/5806\/revisions"}],"predecessor-version":[{"id":6037,"href":"https:\/\/agora.xtec.cat\/iessantfeliu\/wp-json\/wp\/v2\/pages\/5806\/revisions\/6037"}],"wp:attachment":[{"href":"https:\/\/agora.xtec.cat\/iessantfeliu\/wp-json\/wp\/v2\/media?parent=5806"}],"curies":[{"name":"wp","href":"https:\/\/api.w.org\/{rel}","templated":true}]}}