{"id":5802,"date":"2020-05-08T11:25:37","date_gmt":"2020-05-08T09:25:37","guid":{"rendered":"https:\/\/agora.xtec.cat\/iessantfeliu\/?page_id=5802"},"modified":"2024-03-06T21:38:12","modified_gmt":"2024-03-06T20:38:12","slug":"preinscripcio-cicles-formatius-grau-mig","status":"publish","type":"page","link":"https:\/\/agora.xtec.cat\/iessantfeliu\/preinscripcio-cicles-formatius-grau-mig\/","title":{"rendered":"Formaci\u00f3 professional &#8211; Grau Mitj\u00e0"},"content":{"rendered":"<p class=\"title ng-star-inserted\">Us informem que la preinscripci\u00f3 per accedir als Cicles de formaci\u00f3 professional de Grau Mitj\u00e0 ser\u00e0 entre el 2 i el 8 de juny.<\/p>\n<p>Si voleu importar les dates a Google Calendar, feu clic a la icona seg\u00fcent: \u00a0\u00a0 <a href=\"https:\/\/calendar.google.com\/event?action=TEMPLATE&amp;tmeid=MmNldXYzMzhpdHIwYjNxZWpsZHIwdjY5bTQgaXNhbnRmZWxpdS5uZXRfOWZ0NDNiYWZzcTgxaXNkcnMzZmI2czY4YjBAZw&amp;tmsrc=isantfeliu.net_9ft43bafsq81isdrs3fb6s68b0%40group.calendar.google.com\" target=\"_blank\" rel=\"noopener noreferrer\"><img decoding=\"async\" src=\"https:\/\/www.google.com\/calendar\/images\/ext\/gc_button1_ca.gif\" border=\"0\" \/><\/a><\/p>\n<table style=\"width: 100%;\" cellspacing=\"4\" cellpadding=\"2\">\n<tbody>\n<tr>\n<td><a href=\"http:\/\/queestudiar.gencat.cat\/ca\/preinscripcio\/estudis\/fp-gm\/info-general\/\" target=\"_blank\" rel=\"noopener noreferrer\"><strong>Informaci\u00f3 general<\/strong><\/a><\/td>\n<\/tr>\n<tr>\n<td><strong><a href=\"http:\/\/queestudiar.gencat.cat\/ca\/preinscripcio\/estudis\/fp-gm\/calendari\/\" target=\"_blank\" rel=\"noopener noreferrer\">Calendari<\/a><br \/>\n<\/strong><\/p>\n<ul>\n<li>Oferta inicial de places escolars: 29 de maig de 2020<\/li>\n<li>Presentaci\u00f3 de sol\u00b7licituds: <strong>del 2 al 8 de juny de 2020<\/strong><\/li>\n<li>Presentaci\u00f3 de documentaci\u00f3: fins al 9 de juny de 2020<\/li>\n<\/ul>\n<\/td>\n<\/tr>\n<tr>\n<td><a href=\"http:\/\/queestudiar.gencat.cat\/ca\/preinscripcio\/estudis\/fp-gm\/documentacio\/\" target=\"_blank\" rel=\"noopener noreferrer\"><strong>Documentaci\u00f3 i criteris de prioritat<\/strong><\/a><\/td>\n<\/tr>\n<tr>\n<td><strong><a href=\"http:\/\/queestudiar.gencat.cat\/ca\/preinscripcio\/estudis\/fp-gm\/codis\/\" target=\"_blank\" rel=\"noopener noreferrer\">Consulta de codis<\/a><br \/>\n<\/strong><\/td>\n<\/tr>\n<tr>\n<td>\n<h6><strong>Preinscripci\u00f3<br \/>\n<\/strong><\/h6>\n<div class=\"col-xs-10\"><a href=\"http:\/\/ensenyament.gencat.cat\/ca\/tramits\/tramits-temes\/9420-FP-grau-mitja?moda=1\" target=\"_blank\" rel=\"noopener noreferrer\"> Sol\u00b7licitud electr\u00f2nica <\/a><\/div>\n<div class=\"boto-veshi\">\n<div class=\"col-xs-2 text-center\"><\/div>\n<\/div>\n<p>Cal identificar-se mitjan\u00e7ant un certificat digital, com per exemple el DNI electr\u00f2nic, o el sistema alternatiu d&#8217;identificaci\u00f3 idCAT M\u00f2bil, i el n\u00famero d&#8217;identificaci\u00f3 de l&#8217;alumne\/a amb el qual consta al Registre d&#8217;Alumnes de Catalunya (RALC).<\/p>\n<p>El tr\u00e0mit de presentaci\u00f3 de la sol\u00b7licitud electr\u00f2nica s&#8217;acaba amb l&#8217;enviament del formulari i <strong>no s&#8217;ha de presentar cap c\u00f2pia al centre<\/strong>.<\/p>\n<div class=\"row vertical-offset\">\n<div class=\"col-xs-10\"><a title=\"Sol\u00b7licitud amb suport inform\u00e0tic\" href=\"https:\/\/aplicacions.gestioeducativa.gencat.cat\/pls\/apex\/f?p=20160079072543618:CAT\" target=\"_blank\" rel=\"noopener noreferrer\">Sol\u00b7licitud amb suport inform\u00e0tic<\/a><\/div>\n<div class=\"boto-veshi\">\n<div class=\"col-xs-2 text-center\"><\/div>\n<\/div>\n<\/div>\n<p>El tr\u00e0mit de presentaci\u00f3 de la sol\u00b7licitud amb suport inform\u00e0tic s&#8217;acaba amb l&#8217;<strong>enviament per correu electr\u00f2nic a institut@isantfeliu.net<\/strong> del resguard acompanyat de la documentaci\u00f3 acreditativa corresponent a la b\u00fastia electr\u00f2nica oficial del centre demanat en primera opci\u00f3 dins el termini establert per presentar la documentaci\u00f3.<\/p>\n<h6>Sol\u00b7licitud presencial (nom\u00e9s casos excepcionals amb cita pr\u00e8via)<\/h6>\n<p><a href=\"https:\/\/aplicacions.gestioeducativa.gencat.cat\/pls\/apex\/f?p=CITA_PREVIA:4::::4:P4_TIPUS_CALENDARI,P4_DOMINI:03_CGM,17003318\" target=\"_blank\" rel=\"noopener noreferrer\"><img loading=\"lazy\" decoding=\"async\" class=\"wp-image-5934 alignleft\" src=\"https:\/\/agora.xtec.cat\/iessantfeliu\/wp-content\/uploads\/usu232\/2020\/05\/Boto-cita-previa.png\" alt=\"\" width=\"69\" height=\"46\" \/><\/a><\/td>\n<\/tr>\n<tr>\n<td><a href=\"http:\/\/queestudiar.gencat.cat\/ca\/preinscripcio\/estudis\/fp-gm\/consulta-resultats\/\" target=\"_blank\" rel=\"noopener noreferrer\"><strong>Consulta de resultats<\/strong><\/a><\/td>\n<\/tr>\n<tr>\n<td><a href=\"http:\/\/queestudiar.gencat.cat\/ca\/preinscripcio\/estudis\/fp-gm\/matricula\/\" target=\"_blank\" rel=\"noopener noreferrer\"><strong>Matr\u00edcula<\/strong><\/a><\/td>\n<\/tr>\n<tr>\n<td><a href=\"http:\/\/queestudiar.gencat.cat\/ca\/preinscripcio\/estudis\/fp-gm\/fp_dual\/\" target=\"_blank\" rel=\"noopener noreferrer\"><strong>Formaci\u00f3 professional DUAL<\/strong><\/a><\/td>\n<\/tr>\n<tr>\n<td><strong><a href=\"http:\/\/queestudiar.gencat.cat\/ca\/preinscripcio\/estudis\/fp-gm\/segona-fase-admissio\/\" target=\"_blank\" rel=\"noopener noreferrer\"><strong>Segona fase d&#8217;admissi\u00f3<\/strong><\/a><\/strong><\/td>\n<\/tr>\n<\/tbody>\n<\/table>\n","protected":false},"excerpt":{"rendered":"<p>Us informem que la preinscripci\u00f3 per accedir als Cicles de formaci\u00f3 professional de Grau Mitj\u00e0 ser\u00e0 entre el 2 i el 8 de juny.<br \/>\nSi voleu importar les dates a Google Calendar, feu clic a la icona seg\u00fcent: \u00a0\u00a0 <a href=\"https:\/\/calendar.google.com\/event?action=TEMPLATE&amp;tmeid=MmNldXYzMzhpdHIwYjNxZWpsZHIwdjY5bTQgaXNhbnRmZWxpdS5uZXRfOWZ0NDNiYWZzcTgxaXNkcnMzZmI2czY4YjBAZw&amp;tmsrc=isantfeliu.net_9ft43bafsq81isdrs3fb6s68b0%40group.calendar.google.com\" target=\"_blank\" rel=\"noopener noreferrer\"><\/a><\/p>\n<p><a href=\"http:\/\/queestudiar.gencat.cat\/ca\/preinscripcio\/estudis\/fp-gm\/info-general\/\" target=\"_blank\"&hellip;  <a href=\"https:\/\/agora.xtec.cat\/iessantfeliu\/preinscripcio-cicles-formatius-grau-mig\/\" title=\"Read Formaci\u00f3 professional &#8211; Grau Mitj\u00e0\">Llegeix m\u00e9s\u00bb<\/a><\/p>\n","protected":false},"author":1,"featured_media":0,"parent":0,"menu_order":3,"comment_status":"closed","ping_status":"closed","template":"page-templates\/side-menu.php","meta":{"_bbp_topic_count":0,"_bbp_reply_count":0,"_bbp_total_topic_count":0,"_bbp_total_reply_count":0,"_bbp_voice_count":0,"_bbp_anonymous_reply_count":0,"_bbp_topic_count_hidden":0,"_bbp_reply_count_hidden":0,"_bbp_forum_subforum_count":0,"footnotes":""},"class_list":["post-5802","page","type-page","status-publish","hentry"],"post_mailing_queue_ids":[],"_links":{"self":[{"href":"https:\/\/agora.xtec.cat\/iessantfeliu\/wp-json\/wp\/v2\/pages\/5802","targetHints":{"allow":["GET"]}}],"collection":[{"href":"https:\/\/agora.xtec.cat\/iessantfeliu\/wp-json\/wp\/v2\/pages"}],"about":[{"href":"https:\/\/agora.xtec.cat\/iessantfeliu\/wp-json\/wp\/v2\/types\/page"}],"author":[{"embeddable":true,"href":"https:\/\/agora.xtec.cat\/iessantfeliu\/wp-json\/wp\/v2\/users\/1"}],"replies":[{"embeddable":true,"href":"https:\/\/agora.xtec.cat\/iessantfeliu\/wp-json\/wp\/v2\/comments?post=5802"}],"version-history":[{"count":3,"href":"https:\/\/agora.xtec.cat\/iessantfeliu\/wp-json\/wp\/v2\/pages\/5802\/revisions"}],"predecessor-version":[{"id":6012,"href":"https:\/\/agora.xtec.cat\/iessantfeliu\/wp-json\/wp\/v2\/pages\/5802\/revisions\/6012"}],"wp:attachment":[{"href":"https:\/\/agora.xtec.cat\/iessantfeliu\/wp-json\/wp\/v2\/media?parent=5802"}],"curies":[{"name":"wp","href":"https:\/\/api.w.org\/{rel}","templated":true}]}}