{"id":5785,"date":"2020-05-08T11:13:14","date_gmt":"2020-05-08T09:13:14","guid":{"rendered":"https:\/\/agora.xtec.cat\/iessantfeliu\/?page_id=5785"},"modified":"2024-03-06T21:39:33","modified_gmt":"2024-03-06T20:39:33","slug":"preinscripcio-eso","status":"publish","type":"page","link":"https:\/\/agora.xtec.cat\/iessantfeliu\/preinscripcio-eso\/","title":{"rendered":"Preinscripci\u00f3 ESO"},"content":{"rendered":"<table style=\"width: 100%;\">\n<tbody>\n<tr>\n<td>Sorteig del n\u00famero de desempat: <strong>33.386<\/strong><\/p>\n<p><a href=\"https:\/\/agora.xtec.cat\/iessantfeliu\/wp-content\/uploads\/usu232\/2020\/06\/INFORME_BAREM_DEFINITIU_BAREM.pdf\" target=\"_blank\" rel=\"noopener noreferrer\">Acc\u00e9s a la llista definitiva ordenada de sol\u00b7licituds<\/a><\/td>\n<\/tr>\n<\/tbody>\n<\/table>\n<p>&nbsp;<\/p>\n<p class=\"title ng-star-inserted\">Us informem que la preinscripci\u00f3 escolar per ESO ser\u00e0 entre el 13 i el 22 de maig.<\/p>\n<p>Es podr\u00e0 fer de manera telem\u00e0tica i no presencial des del dia 13 a partir de possibilitats diverses.<\/p>\n<p>Ateses les actuals circumst\u00e0ncies extraordin\u00e0ries per la covid-19, es podr\u00e0 fer de forma presencial nom\u00e9s amb cita pr\u00e8via, entre el 19 i el 22.<\/p>\n<p>Si voleu importar les dates a Google Calendar, feu clic a la icona seg\u00fcent: \u00a0\u00a0 <a href=\"https:\/\/calendar.google.com\/event?action=TEMPLATE&amp;tmeid=NTk5NWJnZHU3bGZhMXZicjFxbDg0ZWE4c2wgaXNhbnRmZWxpdS5uZXRfOWZ0NDNiYWZzcTgxaXNkcnMzZmI2czY4YjBAZw&amp;tmsrc=isantfeliu.net_9ft43bafsq81isdrs3fb6s68b0%40group.calendar.google.com\" target=\"_blank\" rel=\"noopener noreferrer\"><img decoding=\"async\" src=\"https:\/\/www.google.com\/calendar\/images\/ext\/gc_button1_ca.gif\" border=\"0\" \/><\/a><\/p>\n<p><strong>Per dubtes i consultes us podeu adre\u00e7ar al correu<a href=\"mailto:institut@isantfeliu.net\"> institut@isantfeliu.net<\/a> o trucar al tel\u00e8fon 602 425 004.<\/strong><\/p>\n<p>&nbsp;<\/p>\n<div><\/div>\n<h6><strong>Qui ha de fer la preinscripci\u00f3 ?<\/strong><\/h6>\n<p>Han de fer la preinscripci\u00f3 els alumnes que s\u2019incorporen a 1r d\u2019ESO i els alumnes de nova incorporaci\u00f3 a l\u2019Institut Sant Feliu de Gu\u00edxols de qualsevol curs d\u2019ESO.<\/p>\n<table style=\"width: 100%; height: 238px;\" cellspacing=\"4\" cellpadding=\"2\">\n<tbody>\n<tr style=\"background-color: #ffffff;\">\n<td style=\"width: 251px; height: 34px;\"><span style=\"color: #000000;\"><a style=\"color: #000000;\" href=\"http:\/\/queestudiar.gencat.cat\/ca\/preinscripcio\/estudis\/obligatoris\/info-general\/\" target=\"_blank\" rel=\"noopener noreferrer\"><strong>Informaci\u00f3 general<\/strong><\/a><\/span><\/td>\n<\/tr>\n<tr style=\"height: 34px;\">\n<td style=\"width: 251px; height: 34px;\"><span style=\"color: #000000;\"><strong><a style=\"color: #000000;\" href=\"http:\/\/queestudiar.gencat.cat\/ca\/preinscripcio\/estudis\/obligatoris\/calendari\/\" target=\"_blank\" rel=\"noopener noreferrer\"><strong>Calendari<\/strong><\/a><\/strong><\/span><\/p>\n<ul>\n<li>Ampliaci\u00f3 de petici\u00f3 de centres per a les sol\u00b7licituds que no han obtingut cap assignaci\u00f3 (assignaci\u00f3 d&#8217;ofici): del del 26 al 29 de juny de 2020<\/li>\n<li>Oferta final de places escolars: 6 de juliol de 2020<\/li>\n<li>Llista d&#8217;alumnes admesos i\u00a0llista d&#8217;espera: 7 de juliol\u00a0de 2020<\/li>\n<\/ul>\n<\/td>\n<\/tr>\n<tr style=\"height: 34px;\">\n<td style=\"width: 251px; height: 34px;\"><span style=\"color: #000000;\"><a style=\"color: #000000;\" href=\"http:\/\/queestudiar.gencat.cat\/ca\/preinscripcio\/estudis\/obligatoris\/sollicitud\/\" target=\"_blank\" rel=\"noopener noreferrer\"><strong>SOL\u00b7LICITUD DE PREINSCRIPCI\u00d3<\/strong><\/a><strong><br \/>\n<\/strong><\/span><\/p>\n<ul style=\"list-style-type: circle;\">\n<li><a href=\"https:\/\/aplicacions.gestioeducativa.gencat.cat\/pls\/apex\/f?p=20160079072543618:CAT_AL_SI\" target=\"_blank\" rel=\"noopener noreferrer\">Telem\u00e0tica (feu clic aqu\u00ed per anar-hi)<\/a><\/li>\n<li>Presencial (nom\u00e9s casos excepcionals): <a href=\"http:\/\/ensenyament.gencat.cat\/web\/shared\/OVT\/Departaments\/ENS\/TramitOVT\/preinscripcio\/obligatoris\/A42.pdf\" target=\"_blank\" rel=\"noopener noreferrer\">descarregueu el seg\u00fcent document<\/a>, empleneu-lo i entregueu-lo juntament amb la resta de documentaci\u00f3 requerida al centre, MITJAN\u00c7ANT CITA PR\u00c8VIA:\n<ul>\n<li style=\"list-style-type: none;\">\n<ul style=\"list-style-type: square;\">\n<li><a href=\"https:\/\/aplicacions.gestioeducativa.gencat.cat\/pls\/apex\/f?p=CITA_PREVIA:4::::4:P4_TIPUS_CALENDARI,P4_DOMINI:01_Oblig,17003318\" target=\"_blank\" rel=\"noopener noreferrer\">Aplicaci\u00f3 web<\/a><\/li>\n<li>Tel\u00e8fon: 602 425 004<\/li>\n<\/ul>\n<\/li>\n<\/ul>\n<\/li>\n<\/ul>\n<\/td>\n<\/tr>\n<tr style=\"background-color: #ffffff;\">\n<td style=\"width: 251px; height: 34px;\"><span style=\"color: #000000;\"><a style=\"color: #000000;\" href=\"http:\/\/queestudiar.gencat.cat\/ca\/preinscripcio\/estudis\/obligatoris\/documentacio\/\" target=\"_blank\" rel=\"noopener noreferrer\"><strong>Documentaci\u00f3 que heu d&#8217;aportar<\/strong><\/a><\/span><\/p>\n<p>El resguard de la sol\u00b7licitud s&#8217;ha d&#8217;enviar per correu electr\u00f2nic a <a href=\"mailto:institut@isantfeliu.net\">institut@isantfeliu.net<\/a>, en tots els casos, acompanyat dels <strong>documents escanejats o fotografiats\u00a0<\/strong>seg\u00fcents:<\/p>\n<ul>\n<li>El\u00a0llibre de fam\u00edlia o altres documents relatius a la filiaci\u00f3. Si l&#8217;alumne o alumna est\u00e0 en situaci\u00f3 d&#8217;acolliment, la resoluci\u00f3 d&#8217;acolliment del Departament de Treball, Afers Socials i Fam\u00edlies.<\/li>\n<li>El DNI de la persona sol\u00b7licitant (pare, mare, tutor\/a o guardador\/a de fet) o, si el sol\u00b7licitant \u00e9s estranger, de la targeta de resid\u00e8ncia on consta el NIE o el passaport. Si es tracta d&#8217;estrangers comunitaris, document d&#8217;identitat del pa\u00eds d&#8217;origen.<\/li>\n<li>El DNI\u00a0de l&#8217;alumne o alumna major de 14 anys o si t\u00e9 DNI tot i ser menor de 14 anys.<\/li>\n<\/ul>\n<h6 id=\"FW_bloc_64c3baaf-55e8-11e4-aafa-000c29f68999_2\" class=\"FW_ancora\">Documentaci\u00f3 acreditativa dels criteris de prioritat<\/h6>\n<div class=\"FW_sArticleFoto\">\n<div class=\"FW_sEditPro\">\n<p>Tamb\u00e9 s&#8217;haur\u00e0 d&#8217;enviar la <strong>documentaci\u00f3 complement\u00e0ria<\/strong> escanejada o fotografiada, per les dues cares, en els casos seg\u00fcents:<\/p>\n<ol>\n<li style=\"list-style-type: none;\">\n<ol>\n<li>Si s&#8217;al\u00b7lega Proximitat del<strong> domicili <\/strong>habitual\u00a0de l&#8217;alumne o alumna al centre o\u00a0proximitat del<strong> lloc de treball<\/strong> del pare, la mare, el tutor o tutora o el guardador o guardadora de fet:\n<ul style=\"list-style-type: circle;\">\n<li>El DNI de la persona sol\u00b7licitant o de la targeta de resid\u00e8ncia on consta el NIE en el cas de persones estrangeres.<\/li>\n<li>Quan el domicili habitual que s&#8217;al\u00b7lega no coincideix amb el del DNI, amb el de la targeta de resid\u00e8ncia on consta el NIE o es tracta de persones estrangeres sense NIE, certificat o volant municipal de conviv\u00e8ncia de l&#8217;alumne o alumna, on ha de constar que conviu amb la persona sol\u00b7licitant.<\/li>\n<li>Quan, per aquest criteri es considera el domicili del lloc de treball, el contracte laboral o un certificat em\u00e8s a aquest efecte per l&#8217;empresa. En el cas de treballadors en el r\u00e8gim d&#8217;aut\u00f2noms es t\u00e9 en compte el domicili acreditat a l&#8217;Ag\u00e8ncia Tribut\u00e0ria i es justifica amb el formulari de la declaraci\u00f3 censal d&#8217;alta, modificaci\u00f3 i baixa en el cens d&#8217;obligats tributaris (model 036 i 037).<\/li>\n<\/ul>\n<\/li>\n<li><strong>Renda anual <\/strong>de la unitat familiar\u00a0en el cas que\u00a0el pare, la mare, el tutor o tutora, o el guardador o guardadora, siguin beneficiaris de l&#8217;ajut de la renda garantida de ciutadania.\n<ul style=\"list-style-type: circle;\">\n<li>Acreditaci\u00f3 de ser beneficiari o benefici\u00e0ria de la prestaci\u00f3 econ\u00f2mica de la renda garantida de ciutadania.<\/li>\n<\/ul>\n<\/li>\n<li><strong>Discapacitat<\/strong> (igual o superior al 33%) de l&#8217;alumne o alumna, el pare o mare, o el germ\u00e0 o germana:\n<ul style=\"list-style-type: circle;\">\n<li>El certificat o la targeta acreditativa de la discapacitat de la persona que n&#8217;al\u00b7lega la condici\u00f3 em\u00e8s pel Departament de Treball, Afers Socials i Fam\u00edlies o organismes competents d&#8217;altres comunitats aut\u00f2nomes.<\/li>\n<li>Si \u00e9s el cas, el document acreditatiu de ser beneficiari d&#8217;una pensi\u00f3 d&#8217;incapacitat permanent de grau total o de gran invalidesa i els de les classes passives que tenen reconeguda una pensi\u00f3 de jubilaci\u00f3 o de retir per incapacitat permanent per al servei o inutilitat.<\/li>\n<\/ul>\n<\/li>\n<li><strong>Criteri complementari: <\/strong>L&#8217;alumne o alumna forma part d&#8217;una <strong>fam\u00edlia nombrosa<\/strong> o <strong>monoparental<\/strong>:\n<ul style=\"list-style-type: circle;\">\n<li>El t\u00edtol de fam\u00edlia nombrosa o monoparental vigent.<\/li>\n<\/ul>\n<\/li>\n<\/ol>\n<\/li>\n<\/ol>\n<\/div>\n<\/div>\n<\/td>\n<\/tr>\n<tr style=\"background-color: #ffffff;\">\n<td style=\"width: 251px; height: 34px;\"><span style=\"color: #000000;\"><a style=\"color: #000000;\" href=\"http:\/\/queestudiar.gencat.cat\/ca\/preinscripcio\/estudis\/obligatoris\/consulta-resultats\/\" target=\"_blank\" rel=\"noopener noreferrer\"><strong>Consulta de resultats<\/strong><\/a><\/span><\/td>\n<\/tr>\n<tr style=\"background-color: #ffffff;\">\n<td style=\"width: 251px; height: 34px;\"><span style=\"color: #000000;\"><a style=\"color: #000000;\" href=\"http:\/\/queestudiar.gencat.cat\/ca\/preinscripcio\/estudis\/obligatoris\/matricula\/\" target=\"_blank\" rel=\"noopener noreferrer\"><strong>Matr\u00edcula<\/strong><\/a><\/span><\/p>\n<ul>\n<li>Alumnes preinscrits amb pla\u00e7a assignada a segon cicle d&#8217;educaci\u00f3 infantil, educaci\u00f3 prim\u00e0ria i ESO: <strong>del 13 al 17 de juliol de 2020<\/strong><\/li>\n<\/ul>\n<\/td>\n<\/tr>\n<\/tbody>\n<\/table>\n<p>&nbsp;<\/p>\n<p>Us informem de l&#8217;oferta inicial de places per Educaci\u00f3 Secund\u00e0ria Obligat\u00f2ria (ESO) pel curs 2020\/2021:<\/p>\n<p><a href=\"http:\/\/mapaescolar.gencat.cat\/\" target=\"_blank\" rel=\"noopener noreferrer\">Aneu al <strong>Mapa escolar de la preinscripci\u00f3 curs 2020\/21<\/strong><\/a><\/p>\n","protected":false},"excerpt":{"rendered":"<p>Sorteig del n\u00famero de desempat: 33.386<br \/>\n<a href=\"https:\/\/agora.xtec.cat\/iessantfeliu\/wp-content\/uploads\/usu232\/2020\/06\/INFORME_BAREM_DEFINITIU_BAREM.pdf\" target=\"_blank\" rel=\"noopener noreferrer\">Acc\u00e9s a la llista definitiva ordenada de sol\u00b7licituds<\/a><\/p>\n<p>&nbsp;<br \/>\nUs informem que la preinscripci\u00f3 escolar per ESO ser\u00e0 entre el 13 i el 22 de maig.<br \/>\nEs podr\u00e0 fer de manera telem\u00e0tica i no presencial des del dia 13&hellip;  <a href=\"https:\/\/agora.xtec.cat\/iessantfeliu\/preinscripcio-eso\/\" title=\"Read Preinscripci\u00f3 ESO\">Llegeix m\u00e9s\u00bb<\/a><\/p>\n","protected":false},"author":1,"featured_media":0,"parent":0,"menu_order":0,"comment_status":"closed","ping_status":"closed","template":"page-templates\/side-menu.php","meta":{"_bbp_topic_count":0,"_bbp_reply_count":0,"_bbp_total_topic_count":0,"_bbp_total_reply_count":0,"_bbp_voice_count":0,"_bbp_anonymous_reply_count":0,"_bbp_topic_count_hidden":0,"_bbp_reply_count_hidden":0,"_bbp_forum_subforum_count":0,"footnotes":""},"class_list":["post-5785","page","type-page","status-publish","hentry"],"post_mailing_queue_ids":[],"_links":{"self":[{"href":"https:\/\/agora.xtec.cat\/iessantfeliu\/wp-json\/wp\/v2\/pages\/5785","targetHints":{"allow":["GET"]}}],"collection":[{"href":"https:\/\/agora.xtec.cat\/iessantfeliu\/wp-json\/wp\/v2\/pages"}],"about":[{"href":"https:\/\/agora.xtec.cat\/iessantfeliu\/wp-json\/wp\/v2\/types\/page"}],"author":[{"embeddable":true,"href":"https:\/\/agora.xtec.cat\/iessantfeliu\/wp-json\/wp\/v2\/users\/1"}],"replies":[{"embeddable":true,"href":"https:\/\/agora.xtec.cat\/iessantfeliu\/wp-json\/wp\/v2\/comments?post=5785"}],"version-history":[{"count":3,"href":"https:\/\/agora.xtec.cat\/iessantfeliu\/wp-json\/wp\/v2\/pages\/5785\/revisions"}],"predecessor-version":[{"id":6044,"href":"https:\/\/agora.xtec.cat\/iessantfeliu\/wp-json\/wp\/v2\/pages\/5785\/revisions\/6044"}],"wp:attachment":[{"href":"https:\/\/agora.xtec.cat\/iessantfeliu\/wp-json\/wp\/v2\/media?parent=5785"}],"curies":[{"name":"wp","href":"https:\/\/api.w.org\/{rel}","templated":true}]}}