{"id":55,"date":"2014-09-17T16:59:49","date_gmt":"2014-09-17T15:59:49","guid":{"rendered":"http:\/\/agora.xtec.cat\/iessantfeliu\/?page_id=55"},"modified":"2018-11-14T11:08:42","modified_gmt":"2018-11-14T10:08:42","slug":"horaris","status":"publish","type":"page","link":"https:\/\/agora.xtec.cat\/iessantfeliu\/linstitut\/horaris\/","title":{"rendered":"Atenci\u00f3 a la diversitat"},"content":{"rendered":"<p><strong>AULA D\u2019ACOLLIDA <\/strong><\/p>\n<p>L\u2019aula d\u2019acollida (AA) s\u2019adre\u00e7a als alumnes que fa menys de 24 mesos que han arribat a Catalunya. Cal entendre l\u2019AA com un marc de refer\u00e8ncia i un entorn de treball obert dins del centre educatiu que facilita l\u2019atenci\u00f3 immediata i m\u00e9s adequada de l\u2019alumnat nouvingut i que ajuda a resoldre les inquietuds del conjunt del professorat davant la nova realitat.<\/p>\n<p>Aquesta estructura organitzativa permet tenir previstes una s\u00e8rie de mesures curriculars i metodol\u00f2giques, materials curriculars, etc. que garanteixen l\u2019aprenentatge intensiu de la llengua i la progressiva incorporaci\u00f3 de l\u2019alumnat a l\u2019aula ordin\u00e0ria.<\/p>\n<p><strong>AULA IMPULS<\/strong><\/p>\n<p>L\u2019aula impuls (AI) est\u00e0 adre\u00e7ada a alumnes d\u2019ESO i vol donar resposta educativa als alumnes desmotivats i\/o amb actitud de rebuig al sistema escolar.<\/p>\n<p>L\u2019aula impuls vol endegar un proc\u00e9s que busqui millorar l&#8217;equilibri personal i unes relacions interpersonals m\u00e9s satisfact\u00f2ries, aprenentatge d&#8217;habilitats socials. Caminar cap un millor autoconcepte i autoestima. Capacitaci\u00f3 per l&#8217;aprenentatge de les coses que els mereixen inter\u00e8s i creaci\u00f3 d&#8217;expectatives de futur.<\/p>\n<p>L\u2019aula impuls vol desenvolupar el domini a nivell b\u00e0sic i funcional de les compet\u00e8ncies instrumentals, i desenvolupar les habilitats m\u00e9s personals de l\u2019alumnat per a una propera inserci\u00f3 social i laboral.<\/p>\n<p>Per tot aix\u00f2 fer-ho possible, l\u2019aula impuls combina hores de formaci\u00f3 a l\u2019aula amb altres activitats educatives en un entorn m\u00e9s manipulatiu i organitzades per projectes.<\/p>\n<p><strong> PROJECTE GARB\u00cd <\/strong><\/p>\n<p>El Projecte Garb\u00ed \u00e9s un projecte singular d\u2019\u00e0mbit municipal que pret\u00e9n ser una experi\u00e8ncia educativa on participin tots els sectors que actualment incideixen en l\u2019educaci\u00f3 dels joves. El fet que alguns alumnes puguin rebre una atenci\u00f3 m\u00e9s adient per les seves caracter\u00edstiques fora dels instituts enriqueix i cohesiona el teixit social.<\/p>\n<div><\/div>\n<p>Es dirigeix a alumnes de 3r i 4t d\u2019ESO que hagin demostrat que poden treure\u2019n un bon profit i que tenen un inter\u00e8s accentuat pel m\u00f3n laboral, ja que es combina la formaci\u00f3 a l\u2019institut amb la formaci\u00f3 a l\u2019empresa.<\/p>\n<div><\/div>\n<p>Aquest projecte es configura com una acci\u00f3 de treball en xarxa en el territori a partir de la implicaci\u00f3 de: L\u2019Ajuntament de Sant Feliu De Gu\u00edxols, el Departament d\u2019Educaci\u00f3 i els centres col\u00b7laboradors de la poblaci\u00f3.<\/p>\n<p><strong>UNITAT D\u2019ESCOLARITZACI\u00d3 COMPARTIDA <\/strong><\/p>\n<p>La Unitat d\u2019Escolaritzaci\u00f3 Compartida (UEC) \u00e9s un recurs municipal est\u00e0 adre\u00e7ada a aquells alumnes amb inadaptaci\u00f3 al medi escolar i risc d\u2019exclusi\u00f3 social.<\/p>\n<p>Aquesta unitat t\u00e9 per finalitat prestar atenci\u00f3 educativa, complementant la que ofereixen els centres educatius a l\u2019alumnat d\u2019ESO. Afavoreix l\u2019assoliment de les compet\u00e8ncies b\u00e0siques de l\u2019etapa vetllant per la formaci\u00f3 d\u2019aquest col\u00b7lectiu d\u2019alumnes d\u2019acord amb les seves capacitats, aptituds i realitats que els envolten.<\/p>\n<p>Els professionals dedicats a la UEC, utilitzen una metodologia motivadora a fi de retornar a l\u2019alumnat la confian\u00e7a en les possibilitats d\u2019\u00e8xit personal.<\/p>\n<p><strong> UNITAT DE SUPORT INTENSIU PER L&#8217;ESCOLARITZACI\u00d3 INCLUSIVA<\/strong><\/p>\n<p>La Unitat de Suport Intensiu per l&#8217;Escolaritzaci\u00f3 Inclusiva (SIEI) \u00e9s una unitat de recursos (humans i material) per afavorir la participaci\u00f3 en entorns escolars ordinaris de l\u2019alumnat amb necessitats educatives especials greus i permanents susceptibles de ser atesos per un centre d\u2019educaci\u00f3 especial.<\/p>\n<p>Tots els alumnes formen part d\u2019un grup ordinari, tot i que tindran un horari fet a mida en funci\u00f3 de les seves necessitats, i combinen el treball a l\u2019aula SIEI i a l\u2019aula ordin\u00e0ria.<\/p>\n<p>Aquesta unitat de treball suposa potenciar l\u2019escola inclusiva, \u00e9s a dir, l&#8217;escola que contempla la diversitat de tota la comunitat educativa com a mostra representativa de la nostra societat, i suposa la implicaci\u00f3 de tot el centre educatiu per a la bona integraci\u00f3 i treball d\u2019aquest alumnat.<\/p>\n<p><strong>ATENCI\u00d3 INDIVIDUALITZADA <\/strong><\/p>\n<p>L\u2019atenci\u00f3 individualitzada (AI) consisteix en una estrat\u00e8gia m\u00e9s per atendre els alumnes que tenen dificultats greus en l\u2019assoliment de les compet\u00e8ncies b\u00e0siques, principalment la comprensi\u00f3 i l\u2019expressi\u00f3 oral i escrites i les compet\u00e8ncies matem\u00e0tiques.<\/p>\n<p>Aquestes actuacions poden ser organitzades en petit grup o de manera individualitzada, dins o fora de l\u2019aula i han d\u2019incidir, fonamentalment, en les estrat\u00e8gies did\u00e0ctiques i metodol\u00f2giques i en el proc\u00e9s d\u2019avaluaci\u00f3 de l\u2019alumnat.<\/p>\n<p><strong>ALTRES RECURSOS D\u2019ATENCI\u00d3 A LA DIVERSITAT <\/strong><\/p>\n<div><\/div>\n<p><strong> Taller d\u2019estudi assistit <\/strong><\/p>\n<p>L\u2019AMPA del centre subvenciona una persona encarregada d\u2019un taller d\u2019estudi assistit que es realitza a la biblioteca del centre fora de l\u2019horari escolar, per tal que els alumnes que per diverses causes no poden fer les tasques encomanades per el centre a casa tinguin un espai on poder treballar.<\/p>\n<div><\/div>\n<p><strong> Grups flexibles <\/strong><\/p>\n<p>La distribuci\u00f3 dels alumnes s\u2019ajusta a les seves necessitats i es modifiquen d\u2019acord amb els requeriments de cada moment.<\/p>\n<div><\/div>\n<p><strong> Optatives <\/strong><\/p>\n<p>S\u2019ofereixen optatives tant de refor\u00e7, iniciaci\u00f3 o ampliaci\u00f3 a les mat\u00e8ries curriculars.<\/p>\n<div><\/div>\n<p><strong> Promoci\u00f3 de l\u2019excel\u00b7l\u00e8ncia <\/strong><\/p>\n<p>Es promou la participaci\u00f3 en concursos, seminaris, i qualsevol altra activitat que estimuli als alumnes i els ajudi en l\u2019assoliment de les compet\u00e8ncies b\u00e0siques.<\/p>\n","protected":false},"excerpt":{"rendered":"<p>AULA D\u2019ACOLLIDA<br \/>\nL\u2019aula d\u2019acollida (AA) s\u2019adre\u00e7a als alumnes que fa menys de 24 mesos que han arribat a Catalunya. Cal entendre l\u2019AA com un marc de refer\u00e8ncia i un entorn de treball obert dins del centre educatiu que facilita l\u2019atenci\u00f3 immediata i m\u00e9s adequada de&hellip;  <a href=\"https:\/\/agora.xtec.cat\/iessantfeliu\/linstitut\/horaris\/\" title=\"Read Atenci\u00f3 a la diversitat\">Llegeix m\u00e9s\u00bb<\/a><\/p>\n","protected":false},"author":1,"featured_media":0,"parent":19,"menu_order":10,"comment_status":"closed","ping_status":"closed","template":"page-templates\/side-menu.php","meta":{"_bbp_topic_count":0,"_bbp_reply_count":0,"_bbp_total_topic_count":0,"_bbp_total_reply_count":0,"_bbp_voice_count":0,"_bbp_anonymous_reply_count":0,"_bbp_topic_count_hidden":0,"_bbp_reply_count_hidden":0,"_bbp_forum_subforum_count":0,"footnotes":""},"class_list":["post-55","page","type-page","status-publish","hentry"],"post_mailing_queue_ids":[],"_links":{"self":[{"href":"https:\/\/agora.xtec.cat\/iessantfeliu\/wp-json\/wp\/v2\/pages\/55","targetHints":{"allow":["GET"]}}],"collection":[{"href":"https:\/\/agora.xtec.cat\/iessantfeliu\/wp-json\/wp\/v2\/pages"}],"about":[{"href":"https:\/\/agora.xtec.cat\/iessantfeliu\/wp-json\/wp\/v2\/types\/page"}],"author":[{"embeddable":true,"href":"https:\/\/agora.xtec.cat\/iessantfeliu\/wp-json\/wp\/v2\/users\/1"}],"replies":[{"embeddable":true,"href":"https:\/\/agora.xtec.cat\/iessantfeliu\/wp-json\/wp\/v2\/comments?post=55"}],"version-history":[{"count":2,"href":"https:\/\/agora.xtec.cat\/iessantfeliu\/wp-json\/wp\/v2\/pages\/55\/revisions"}],"predecessor-version":[{"id":409,"href":"https:\/\/agora.xtec.cat\/iessantfeliu\/wp-json\/wp\/v2\/pages\/55\/revisions\/409"}],"up":[{"embeddable":true,"href":"https:\/\/agora.xtec.cat\/iessantfeliu\/wp-json\/wp\/v2\/pages\/19"}],"wp:attachment":[{"href":"https:\/\/agora.xtec.cat\/iessantfeliu\/wp-json\/wp\/v2\/media?parent=55"}],"curies":[{"name":"wp","href":"https:\/\/api.w.org\/{rel}","templated":true}]}}