{"id":43,"date":"2014-09-17T16:45:07","date_gmt":"2014-09-17T15:45:07","guid":{"rendered":"http:\/\/agora.xtec.cat\/iessantfeliu\/?page_id=43"},"modified":"2025-12-19T10:58:45","modified_gmt":"2025-12-19T09:58:45","slug":"consell-escolar","status":"publish","type":"page","link":"https:\/\/agora.xtec.cat\/iessantfeliu\/organitzacio\/consell-escolar\/","title":{"rendered":"Consell escolar"},"content":{"rendered":"<p id=\"yui_3_13_0_3_1432053820498_72\">El Consell Escolar \u00e9s un \u00f2rgan col\u00b7legiat de participaci\u00f3 de la comunitat en el govern del centre. La seva composici\u00f3 contempla la representaci\u00f3 de tots els estaments del centre.<\/p>\n<p><b>\u00a0<\/b><\/p>\n<p><b>Membres del Consell Escolar<\/b><\/p>\n<table style=\"height: 716px; width: 67.0162%;\" border=\"1\" cellspacing=\"0\" cellpadding=\"0\">\n<tbody>\n<tr style=\"height: 31px;\">\n<td style=\"height: 10px; width: 27.2535%; background-color: #8fb7f2;\"><b>C\u00e0rrec<\/b><\/td>\n<td style=\"height: 10px; width: 110.268%; background-color: #8fb7f2;\"><b>Membres<\/b><\/td>\n<\/tr>\n<tr style=\"height: 57px;\">\n<td style=\"width: 27.2535%; height: 31px; background-color: #d4d2d2;\" width=\"312\">Director<\/td>\n<td style=\"width: 110.268%; height: 31px;\" width=\"303\">Xavi Rio N\u00fa\u00f1ez<\/td>\n<\/tr>\n<tr style=\"height: 57px;\">\n<td style=\"width: 27.2535%; height: 30px; background-color: #d4d2d2;\" width=\"312\">Cap d\u2019estudis<\/td>\n<td style=\"width: 110.268%; height: 30px;\" width=\"303\">Gemma Recasens Balt\u00e0<\/td>\n<\/tr>\n<tr style=\"height: 57px;\">\n<td style=\"width: 27.2535%; height: 30px; background-color: #d4d2d2;\" width=\"312\">Secretari<\/td>\n<td style=\"width: 110.268%; height: 30px;\" width=\"303\">Jordi Pereferrer Ros<\/td>\n<\/tr>\n<tr style=\"height: 57px;\">\n<td style=\"width: 27.2535%; height: 30px; background-color: #d4d2d2;\" width=\"312\">Representant de l\u2019Ajuntament<\/td>\n<td style=\"width: 110.268%; height: 30px;\" width=\"303\">Laura Serrano Galvez<\/td>\n<\/tr>\n<tr style=\"height: 57px;\">\n<td style=\"width: 27.2535%; height: 29px; background-color: #d4d2d2;\" width=\"312\">Representant de l\u2019alumnat<\/td>\n<td style=\"width: 110.268%; height: 29px;\" width=\"303\">Amira Massaoudi Amrachi<\/td>\n<\/tr>\n<tr style=\"height: 57px;\">\n<td style=\"width: 27.2535%; height: 28px; background-color: #d4d2d2;\" width=\"312\">Representant de l\u2019alumnat<\/td>\n<td style=\"width: 110.268%; height: 28px;\" width=\"303\">C\u00e8lia Cort\u00e9s S\u00e1nchez<\/td>\n<\/tr>\n<tr style=\"height: 57px;\">\n<td style=\"width: 27.2535%; height: 30px; background-color: #d4d2d2;\" width=\"312\">Representant de l\u2019alumnat<\/td>\n<td style=\"width: 110.268%; height: 30px;\" width=\"303\">Joel Isaac Piquer Figueras<\/td>\n<\/tr>\n<tr style=\"height: 57px;\">\n<td style=\"width: 27.2535%; height: 28px; background-color: #d4d2d2;\" width=\"312\">Representant de l\u2019alumnat<\/td>\n<td style=\"width: 110.268%; height: 28px;\" width=\"303\">Zahra Aadach Ourchid<\/td>\n<\/tr>\n<tr style=\"height: 57px;\">\n<td style=\"width: 27.2535%; height: 31px; background-color: #d4d2d2;\" width=\"312\">Representant de l\u2019AMPA<\/td>\n<td style=\"width: 110.268%; height: 31px;\" width=\"303\">Emma Vila Closas<\/td>\n<\/tr>\n<tr style=\"height: 57px;\">\n<td style=\"width: 27.2535%; height: 31px; background-color: #d4d2d2;\" width=\"312\">Representant de pares i mares<\/td>\n<td style=\"width: 110.268%; height: 31px;\" width=\"303\">Berta Sagu\u00e9 Garreta<\/td>\n<\/tr>\n<tr style=\"height: 57px;\">\n<td style=\"width: 27.2535%; height: 30px; background-color: #d4d2d2;\" width=\"312\">Representant de pares i mares<\/td>\n<td style=\"width: 110.268%; height: 30px;\" width=\"303\">Montserrat Roig Esque<\/td>\n<\/tr>\n<tr style=\"height: 57px;\">\n<td style=\"width: 27.2535%; height: 29px; background-color: #d4d2d2;\" width=\"312\">Representant de pares i mares<\/td>\n<td style=\"width: 110.268%; height: 29px;\" width=\"303\">Nat\u00e0lia Combis Juncarol<\/td>\n<\/tr>\n<tr style=\"height: 57px;\">\n<td style=\"width: 27.2535%; height: 30px; background-color: #d4d2d2;\" width=\"312\">Representant de pares i mares<\/td>\n<td style=\"width: 110.268%; height: 30px;\" width=\"303\">Sandra L\u00f3pez Calder\u00f3n<\/td>\n<\/tr>\n<tr style=\"height: 57px;\">\n<td style=\"width: 27.2535%; height: 28px; background-color: #d4d2d2;\" width=\"312\">Representant del m\u00f3n laboral<\/td>\n<td style=\"width: 110.268%; height: 28px;\" width=\"303\">Olga Vila Prat<\/td>\n<\/tr>\n<tr style=\"height: 57px;\">\n<td style=\"width: 27.2535%; height: 29px; background-color: #d4d2d2;\" width=\"312\">Representant del PAE<\/td>\n<td style=\"width: 110.268%; height: 29px;\" width=\"303\">Griselda Ll\u00f2ria Val<\/td>\n<\/tr>\n<tr style=\"height: 57px;\">\n<td style=\"width: 27.2535%; height: 31px; background-color: #d4d2d2;\" width=\"312\">Representant del PAS<\/td>\n<td style=\"width: 110.268%; height: 31px;\" width=\"303\">Jenny Xufr\u00e9 Marc\u00e9<\/td>\n<\/tr>\n<tr style=\"height: 57px;\">\n<td style=\"width: 27.2535%; height: 35px; background-color: #d4d2d2;\" width=\"312\">Representant del professorat<\/td>\n<td style=\"width: 110.268%; height: 35px;\" width=\"303\">Alexa Serrano Salvi<\/td>\n<\/tr>\n<tr style=\"height: 57px;\">\n<td style=\"width: 27.2535%; height: 29px; background-color: #d4d2d2;\" width=\"312\">Representant del professorat<\/td>\n<td style=\"width: 110.268%; height: 29px;\" width=\"303\">Cristina Gonz\u00e1lez Nievas<\/td>\n<\/tr>\n<tr style=\"height: 57px;\">\n<td style=\"width: 27.2535%; height: 30px; background-color: #d4d2d2;\" width=\"312\">Representant del professorat<\/td>\n<td style=\"width: 110.268%; height: 30px;\" width=\"303\">Esther Salas Pardo<\/td>\n<\/tr>\n<tr style=\"height: 57px;\">\n<td style=\"width: 27.2535%; height: 31px; background-color: #d4d2d2;\" width=\"312\">Representant del professorat<\/td>\n<td style=\"width: 110.268%; height: 31px;\" width=\"303\">Marc Padrosa R\u00edos<\/td>\n<\/tr>\n<tr style=\"height: 57px;\">\n<td style=\"width: 27.2535%; height: 34px; background-color: #d4d2d2;\" width=\"312\">Representant del professorat<\/td>\n<td style=\"width: 110.268%; height: 34px;\" width=\"303\">Nat\u00e0lia S\u00e1nchez Hern\u00e1ndez<\/td>\n<\/tr>\n<tr style=\"height: 57px;\">\n<td style=\"width: 27.2535%; height: 32px; background-color: #d4d2d2;\" width=\"312\">Representant del professorat<\/td>\n<td style=\"width: 110.268%; height: 32px;\" width=\"303\">N\u00faria Plenacosta Vall-Llosera<\/td>\n<\/tr>\n<tr style=\"height: 10px;\">\n<td style=\"width: 27.2535%; height: 10px; background-color: #d4d2d2;\" width=\"312\">Representant del professorat<\/td>\n<td style=\"width: 110.268%; height: 10px;\" width=\"303\">Ruben Rodriguez de la Iglesia<\/td>\n<\/tr>\n<tr style=\"height: 30px;\">\n<td style=\"width: 27.2535%; height: 30px; background-color: #d4d2d2;\" width=\"312\">Representant del professorat<\/td>\n<td style=\"width: 110.268%; height: 30px;\" width=\"303\">Yolanda Serrano Moyano<\/td>\n<\/tr>\n<\/tbody>\n<\/table>\n<p>Actualitzaci\u00f3: 18\/12\/2025<\/p>\n","protected":false},"excerpt":{"rendered":"<p>El Consell Escolar \u00e9s un \u00f2rgan col\u00b7legiat de participaci\u00f3 de la comunitat en el govern del centre. La seva composici\u00f3 contempla la representaci\u00f3 de tots els estaments del centre.<br \/>\n\u00a0<br \/>\nMembres del Consell Escolar<\/p>\n<p>C\u00e0rrec<br \/>\nMembres<\/p>\n<p>Director<br \/>\nXavi Rio N\u00fa\u00f1ez<\/p>\n<p>Cap d\u2019estudis<br \/>\nGemma Recasens Balt\u00e0<\/p>\n<p>Secretari<br \/>\nJordi Pereferrer Ros<\/p>\n<p>Representant de l\u2019Ajuntament<br \/>\nLaura Serrano Galvez<\/p>\n<p>Representant de l\u2019alumnat<br \/>\nAmira&hellip;  <a href=\"https:\/\/agora.xtec.cat\/iessantfeliu\/organitzacio\/consell-escolar\/\" title=\"Read Consell escolar\">Llegeix m\u00e9s\u00bb<\/a><\/p>\n","protected":false},"author":1,"featured_media":0,"parent":441,"menu_order":30,"comment_status":"closed","ping_status":"closed","template":"page-templates\/side-menu.php","meta":{"_bbp_topic_count":0,"_bbp_reply_count":0,"_bbp_total_topic_count":0,"_bbp_total_reply_count":0,"_bbp_voice_count":0,"_bbp_anonymous_reply_count":0,"_bbp_topic_count_hidden":0,"_bbp_reply_count_hidden":0,"_bbp_forum_subforum_count":0,"footnotes":""},"class_list":["post-43","page","type-page","status-publish","hentry"],"post_mailing_queue_ids":[],"_links":{"self":[{"href":"https:\/\/agora.xtec.cat\/iessantfeliu\/wp-json\/wp\/v2\/pages\/43","targetHints":{"allow":["GET"]}}],"collection":[{"href":"https:\/\/agora.xtec.cat\/iessantfeliu\/wp-json\/wp\/v2\/pages"}],"about":[{"href":"https:\/\/agora.xtec.cat\/iessantfeliu\/wp-json\/wp\/v2\/types\/page"}],"author":[{"embeddable":true,"href":"https:\/\/agora.xtec.cat\/iessantfeliu\/wp-json\/wp\/v2\/users\/1"}],"replies":[{"embeddable":true,"href":"https:\/\/agora.xtec.cat\/iessantfeliu\/wp-json\/wp\/v2\/comments?post=43"}],"version-history":[{"count":8,"href":"https:\/\/agora.xtec.cat\/iessantfeliu\/wp-json\/wp\/v2\/pages\/43\/revisions"}],"predecessor-version":[{"id":14115,"href":"https:\/\/agora.xtec.cat\/iessantfeliu\/wp-json\/wp\/v2\/pages\/43\/revisions\/14115"}],"up":[{"embeddable":true,"href":"https:\/\/agora.xtec.cat\/iessantfeliu\/wp-json\/wp\/v2\/pages\/441"}],"wp:attachment":[{"href":"https:\/\/agora.xtec.cat\/iessantfeliu\/wp-json\/wp\/v2\/media?parent=43"}],"curies":[{"name":"wp","href":"https:\/\/api.w.org\/{rel}","templated":true}]}}