{"id":372,"date":"2015-05-19T17:03:22","date_gmt":"2015-05-19T16:03:22","guid":{"rendered":"http:\/\/agora.xtec.cat\/iessantfeliu\/?page_id=372"},"modified":"2026-01-29T17:12:30","modified_gmt":"2026-01-29T16:12:30","slug":"cicles-formatius-grau-superior","status":"publish","type":"page","link":"https:\/\/agora.xtec.cat\/iessantfeliu\/estudis\/cicles-formatius-grau-superior\/","title":{"rendered":"Cicle Formatiu de Grau Superior"},"content":{"rendered":"<div><\/div>\n<h4 style=\"text-align: center;\"><span style=\"text-decoration: underline;\"><strong>Titulaci\u00f3 que s&#8217;obt\u00e9:<\/strong> T\u00e8cnic o t\u00e8cnica superior de la professi\u00f3 corresponent<\/span><\/h4>\n<h4 style=\"text-align: center;\"><span style=\"font-weight: 400;\">Oferta de <b>Cicles Formatius de Grau Superior<\/b><\/span><b>\u00a0a l\u2019Institut de Sant Feliu de Gu\u00edxols<\/b><span style=\"font-weight: 400;\">:<\/span><\/h4>\n<h4 style=\"text-align: center;\"><b>CURS 2025-2026<\/b><\/h4>\n<p>&nbsp;<\/p>\n<table style=\"border-collapse: collapse; width: 100%;\">\n<tbody>\n<tr>\n<td style=\"width: 100%; background-color: #75b3c9; text-align: center;\">\n<h5><b style=\"font-size: 16px; text-align: center;\">Horari de MAT\u00cd<\/b><span style=\"font-weight: 400;\">: de dilluns a divendres de 08.30 a 15.00h<\/span><span style=\"font-weight: 400;\"><br \/>\n<\/span><b style=\"font-size: 16px; text-align: center;\">Horari de TARDA<\/b><span style=\"font-weight: 400;\">: de dilluns a dijous de 15.30 a 20.00h<\/span><\/h5>\n<\/td>\n<\/tr>\n<\/tbody>\n<\/table>\n<p>&nbsp;<\/p>\n<p>L\u2019oferta de <strong>cicles formatius de grau superior a l\u2019Institut de Sant Feliu de Gu\u00edxols<\/strong>:<\/p>\n<ul>\n<li style=\"font-weight: 400;\" aria-level=\"1\"><a href=\"https:\/\/triaeducativa.gencat.cat\/ca\/estudis?administracio-finances&amp;p_id=1630\"><span style=\"font-weight: 400;\">Administraci\u00f3 i Finances<\/span><\/a><\/li>\n<\/ul>\n<p><span style=\"font-weight: 400;\">2 grup de 1r curs en horari de mat\u00ed: 1r AFI A + 1r AFI B<\/span><span style=\"font-weight: 400;\"><br \/>\n<\/span><span style=\"font-weight: 400;\">1 grup de 2n curs en horari de tarda<\/span><\/p>\n<ul>\n<li style=\"font-weight: 400;\" aria-level=\"1\"><a href=\"https:\/\/triaeducativa.gencat.cat\/ca\/estudis?educacio-infantil&amp;p_id=200\"><span style=\"font-weight: 400;\">Educaci\u00f3 Infantil<\/span><\/a><\/li>\n<\/ul>\n<p><span style=\"font-weight: 400;\">2 grups de 1r curs en horari de mat\u00ed: 1r INF A + 1r INF B<\/span><span style=\"font-weight: 400;\"><br \/>\n<\/span><span style=\"font-weight: 400;\">1 grup de 2n curs en horari de tarda<\/span><\/p>\n<h6><\/h6>\n<h6 style=\"text-align: center;\">El curs 2026-2027, tots els cursos de 2n passen a horari de TARDA<\/h6>\n<p>&nbsp;<\/p>\n","protected":false},"excerpt":{"rendered":"<p>Titulaci\u00f3 que s&#8217;obt\u00e9: T\u00e8cnic o t\u00e8cnica superior de la professi\u00f3 corresponent<br \/>\nOferta de Cicles Formatius de Grau Superior\u00a0a l\u2019Institut de Sant Feliu de Gu\u00edxols:<br \/>\nCURS 2025-2026<br \/>\n&nbsp;<\/p>\n<p>Horari de MAT\u00cd: de dilluns a divendres de 08.30 a 15.00h<br \/>\nHorari de TARDA: de dilluns a dijous de 15.30 a 20.00h<\/p>\n<p>&nbsp;<br \/>\nL\u2019oferta de&hellip;  <a href=\"https:\/\/agora.xtec.cat\/iessantfeliu\/estudis\/cicles-formatius-grau-superior\/\" title=\"Read Cicle Formatiu de Grau Superior\">Llegeix m\u00e9s\u00bb<\/a><\/p>\n","protected":false},"author":1,"featured_media":0,"parent":457,"menu_order":40,"comment_status":"closed","ping_status":"closed","template":"page-templates\/side-menu.php","meta":{"_bbp_topic_count":0,"_bbp_reply_count":0,"_bbp_total_topic_count":0,"_bbp_total_reply_count":0,"_bbp_voice_count":0,"_bbp_anonymous_reply_count":0,"_bbp_topic_count_hidden":0,"_bbp_reply_count_hidden":0,"_bbp_forum_subforum_count":0,"footnotes":""},"class_list":["post-372","page","type-page","status-publish","hentry"],"post_mailing_queue_ids":[],"_links":{"self":[{"href":"https:\/\/agora.xtec.cat\/iessantfeliu\/wp-json\/wp\/v2\/pages\/372","targetHints":{"allow":["GET"]}}],"collection":[{"href":"https:\/\/agora.xtec.cat\/iessantfeliu\/wp-json\/wp\/v2\/pages"}],"about":[{"href":"https:\/\/agora.xtec.cat\/iessantfeliu\/wp-json\/wp\/v2\/types\/page"}],"author":[{"embeddable":true,"href":"https:\/\/agora.xtec.cat\/iessantfeliu\/wp-json\/wp\/v2\/users\/1"}],"replies":[{"embeddable":true,"href":"https:\/\/agora.xtec.cat\/iessantfeliu\/wp-json\/wp\/v2\/comments?post=372"}],"version-history":[{"count":5,"href":"https:\/\/agora.xtec.cat\/iessantfeliu\/wp-json\/wp\/v2\/pages\/372\/revisions"}],"predecessor-version":[{"id":14252,"href":"https:\/\/agora.xtec.cat\/iessantfeliu\/wp-json\/wp\/v2\/pages\/372\/revisions\/14252"}],"up":[{"embeddable":true,"href":"https:\/\/agora.xtec.cat\/iessantfeliu\/wp-json\/wp\/v2\/pages\/457"}],"wp:attachment":[{"href":"https:\/\/agora.xtec.cat\/iessantfeliu\/wp-json\/wp\/v2\/media?parent=372"}],"curies":[{"name":"wp","href":"https:\/\/api.w.org\/{rel}","templated":true}]}}