{"id":370,"date":"2015-05-19T17:03:00","date_gmt":"2015-05-19T16:03:00","guid":{"rendered":"http:\/\/agora.xtec.cat\/iessantfeliu\/?page_id=370"},"modified":"2026-03-19T11:18:47","modified_gmt":"2026-03-19T10:18:47","slug":"cicles-formatius-grau-mig","status":"publish","type":"page","link":"https:\/\/agora.xtec.cat\/iessantfeliu\/estudis\/cicles-formatius-grau-mig\/","title":{"rendered":"Cicle Formatiu de Grau Mitj\u00e0"},"content":{"rendered":"<h4 style=\"text-align: center;\"><span style=\"text-decoration: underline;\"><strong>Titulaci\u00f3 que s&#8217;obt\u00e9:<\/strong> T\u00e8cnic o t\u00e8cnica de la professi\u00f3 corresponent.<\/span><\/h4>\n<h4 style=\"text-align: center;\"><span style=\"font-weight: 400;\">Oferta de\u00a0<\/span><b>Cicles Formatius de grau mitj\u00e0 a l\u2019Institut de Sant Feliu de Gu\u00edxols<\/b><span style=\"font-weight: 400;\">:<\/span><\/h4>\n<h4 style=\"text-align: center;\"><b>CURS 2025-2026<\/b><\/h4>\n<p>&nbsp;<\/p>\n<table style=\"border-collapse: collapse; width: 100%;\">\n<tbody>\n<tr>\n<td style=\"width: 100%; background-color: #75b3c9; text-align: center;\">\n<h5><b style=\"font-size: 16px; text-align: center;\">Horari de MAT\u00cd<\/b><span style=\"font-weight: 400;\">: de dilluns a divendres de 08.30 a 15.00h<\/span><span style=\"font-weight: 400;\"><br \/>\n<\/span><b style=\"font-size: 16px; text-align: center;\">Horari de TARDA<\/b><span style=\"font-weight: 400;\">: de dilluns a dijous de 15.30 a 20.00h<\/span><\/h5>\n<\/td>\n<\/tr>\n<\/tbody>\n<\/table>\n<p>&nbsp;<\/p>\n<ul>\n<li style=\"font-weight: 400;\" aria-level=\"1\">\n<h5><a href=\"https:\/\/triaeducativa.gencat.cat\/ca\/estudis\/?activitats-comercials&amp;p_id=1370\"><span style=\"font-weight: 400;\">Activitats Comercials<\/span><\/a><span style=\"font-weight: 400;\">\u00a0<\/span><\/h5>\n<\/li>\n<\/ul>\n<p><span style=\"font-weight: 400;\">2 grups de 1r curs en horari de mat\u00ed: 1r AC A + 1r AC B<\/span><span style=\"font-weight: 400;\"><br \/>\n<\/span><span style=\"font-weight: 400;\">1 grup de 2n curs en horari de tarda<\/span><\/p>\n<ul>\n<li style=\"font-weight: 400;\" aria-level=\"1\">\n<h5><a href=\"https:\/\/triaeducativa.gencat.cat\/ca\/estudis?estetica-bellesa&amp;p_id=1470\"><span style=\"font-weight: 400;\">Est\u00e8tica i Bellesa<\/span><\/a><\/h5>\n<\/li>\n<\/ul>\n<p><span style=\"font-weight: 400;\">1 grup de 1r curs en horari de mat\u00ed<\/span><span style=\"font-weight: 400;\"><br \/>\n<\/span><span style=\"font-weight: 400;\">1 grup de 2n curs en horari de mat\u00ed<\/span><\/p>\n<h5><a href=\"https:\/\/triaeducativa.gencat.cat\/ca\/estudis?gestio-administrativa&amp;p_id=49\"><span style=\"font-weight: 400;\">Gesti\u00f3 administrativa<\/span><\/a><\/h5>\n<p><span style=\"font-weight: 400;\">2 grups de 1r curs en horari de mat\u00ed: 1r GAD A + 1r GAD B<\/span><span style=\"font-weight: 400;\"><br \/>\n<\/span><span style=\"font-weight: 400;\">1 grup de 2n curs en horari de mat\u00ed<\/span><\/p>\n<ul>\n<li style=\"font-weight: 400;\" aria-level=\"1\">\n<h5><a href=\"https:\/\/triaeducativa.gencat.cat\/ca\/estudis?installacions-electriques-automatiques&amp;p_id=74\"><span style=\"font-weight: 400;\">Instal\u00b7lacions el\u00e8ctriques i autom\u00e0tiques<\/span><\/a><\/h5>\n<\/li>\n<\/ul>\n<p><span style=\"font-weight: 400;\">2 grups de 1r curs en horari de mat\u00ed: 1r ELE A + 1r ELE B<\/span><span style=\"font-weight: 400;\"><br \/>\n<\/span><span style=\"font-weight: 400;\">1 grup de 2n curs en horari de tarda<\/span><\/p>\n<ul>\n<li style=\"font-weight: 400;\" aria-level=\"1\">\n<h5><a href=\"https:\/\/triaeducativa.gencat.cat\/ca\/estudis?perruqueria-cosmetica-capillar&amp;p_id=1590\"><span style=\"font-weight: 400;\">Perruqueria i cosm\u00e8tica capil\u00b7lar<\/span><\/a><\/h5>\n<\/li>\n<\/ul>\n<p><span style=\"font-weight: 400;\">1 grup de 1r en horari de mat\u00ed<\/span><span style=\"font-weight: 400;\"><br \/>\n<\/span><span style=\"font-weight: 400;\">1 grup de 2n en horari de mat\u00ed<\/span><\/p>\n<h5><a href=\"https:\/\/triaeducativa.gencat.cat\/ca\/estudis?manteniment-embarcacions-esbarjo&amp;p_id=4193\"><span style=\"font-weight: 400;\">Manteniment de vaixells<\/span><\/a><\/h5>\n<p><span style=\"text-decoration: underline;\"><span style=\"font-weight: 400;\">Les classes es fan al PORT de SANT FELIU DE GU\u00cdXOLS<\/span><\/span><span style=\"font-weight: 400;\"><br \/>\n<\/span><span style=\"font-weight: 400;\"><strong>Ubicaci\u00f3:<\/strong> <a href=\"https:\/\/maps.app.goo.gl\/Wy9yDgLaXKD4J2JN9?g_st=am\">https:\/\/maps.app.goo.gl\/Wy9yDgLaXKD4J2JN9?g_st=am<\/a><\/span><\/p>\n<p><span style=\"font-weight: 400;\">1 grup de 1r curs en horari de mat\u00ed<\/span><span style=\"font-weight: 400;\"><br \/>\n<\/span><span style=\"font-weight: 400;\">1 grup de 2n curs en horari de mat\u00ed<\/span><\/p>\n<p>&nbsp;<\/p>\n<p>&nbsp;<\/p>\n<p style=\"text-align: center;\"><b>El curs 2026-2027, tots els cursos de 2n passen a horari de TARDA excepte el cicle formatiu de Manteniment de Vaixells que es mant\u00e9 en horari de matins<\/b><\/p>\n","protected":false},"excerpt":{"rendered":"<p>Titulaci\u00f3 que s&#8217;obt\u00e9: T\u00e8cnic o t\u00e8cnica de la professi\u00f3 corresponent.<br \/>\nOferta de\u00a0Cicles Formatius de grau mitj\u00e0 a l\u2019Institut de Sant Feliu de Gu\u00edxols:<br \/>\nCURS 2025-2026<br \/>\n&nbsp;<\/p>\n<p>Horari de MAT\u00cd: de dilluns a divendres de 08.30 a 15.00h<br \/>\nHorari de TARDA: de dilluns a dijous de 15.30 a 20.00h<\/p>\n<p>&nbsp;<\/p>\n<ul>\n<li style=\"font-weight: 400;\"&hellip;  <a href=\"https:\/\/agora.xtec.cat\/iessantfeliu\/estudis\/cicles-formatius-grau-mig\/\" title=\"Read Cicle Formatiu de Grau Mitj\u00e0\">Llegeix m\u00e9s\u00bb<\/a><br \/>\n","protected":false},"author":1,"featured_media":0,"parent":457,"menu_order":30,"comment_status":"closed","ping_status":"closed","template":"page-templates\/side-menu.php","meta":{"_bbp_topic_count":0,"_bbp_reply_count":0,"_bbp_total_topic_count":0,"_bbp_total_reply_count":0,"_bbp_voice_count":0,"_bbp_anonymous_reply_count":0,"_bbp_topic_count_hidden":0,"_bbp_reply_count_hidden":0,"_bbp_forum_subforum_count":0,"footnotes":""},"class_list":["post-370","page","type-page","status-publish","hentry"],"post_mailing_queue_ids":[],"_links":{"self":[{"href":"https:\/\/agora.xtec.cat\/iessantfeliu\/wp-json\/wp\/v2\/pages\/370","targetHints":{"allow":["GET"]}}],"collection":[{"href":"https:\/\/agora.xtec.cat\/iessantfeliu\/wp-json\/wp\/v2\/pages"}],"about":[{"href":"https:\/\/agora.xtec.cat\/iessantfeliu\/wp-json\/wp\/v2\/types\/page"}],"author":[{"embeddable":true,"href":"https:\/\/agora.xtec.cat\/iessantfeliu\/wp-json\/wp\/v2\/users\/1"}],"replies":[{"embeddable":true,"href":"https:\/\/agora.xtec.cat\/iessantfeliu\/wp-json\/wp\/v2\/comments?post=370"}],"version-history":[{"count":7,"href":"https:\/\/agora.xtec.cat\/iessantfeliu\/wp-json\/wp\/v2\/pages\/370\/revisions"}],"predecessor-version":[{"id":14540,"href":"https:\/\/agora.xtec.cat\/iessantfeliu\/wp-json\/wp\/v2\/pages\/370\/revisions\/14540"}],"up":[{"embeddable":true,"href":"https:\/\/agora.xtec.cat\/iessantfeliu\/wp-json\/wp\/v2\/pages\/457"}],"wp:attachment":[{"href":"https:\/\/agora.xtec.cat\/iessantfeliu\/wp-json\/wp\/v2\/media?parent=370"}],"curies":[{"name":"wp","href":"https:\/\/api.w.org\/{rel}","templated":true}]}}