{"id":3684,"date":"2018-10-23T15:36:27","date_gmt":"2018-10-23T13:36:27","guid":{"rendered":"http:\/\/agora.xtec.cat\/iessantfeliu\/?page_id=3684"},"modified":"2019-01-23T11:25:24","modified_gmt":"2019-01-23T10:25:24","slug":"fll-2019-missions-robot","status":"publish","type":"page","link":"https:\/\/agora.xtec.cat\/iessantfeliu\/fll\/fll-2019-into-orbit\/fll-2019-missions-robot\/","title":{"rendered":"FLL 2019 Missions robot"},"content":{"rendered":"<table>\n<tbody>\n<tr>\n<td><b>Missi\u00f3<\/b><\/td>\n<td><b>Qu\u00e8 ha de fer el robot?<\/b><\/td>\n<td><b>Puntuaci\u00f3<\/b><\/td>\n<\/tr>\n<tr>\n<td>\n<p>1<\/td>\n<td>El robot ha d\u2019enviar coets amb c\u00e0rrega \u00fatil (carros) rodant per la Rampa de Viatge Espacial. El primer carro est\u00e0 preparat per\u00f2 els altres el haur\u00e0 carregar el robot.<\/td>\n<td>C\u00e0rrega de vehicle: 22<\/p>\n<p>C\u00e0rrega de suministres: 14<\/p>\n<p>C\u00e0rrega de tripulaci\u00f3: 10<\/p>\n<p>Puntuacions possibles: 0,10,14,22,24,32,36,46<\/td>\n<\/tr>\n<tr>\n<td>\n<p>2<\/td>\n<td>\n<p>Els panells solars s\u2019han de inclinar en un sentit o altre, depenent de les condicions i la estrategia.<\/td>\n<td>Tots dos panells orientats cap al mateix lloc: 22 (per tots dos equips)<\/p>\n<p>El nostre panell orientat cap al terreny de joc contrari: 18<\/p>\n<p>Puntuacions possibles: 0,18,22,40<\/td>\n<\/tr>\n<tr>\n<td>\n<p>3<\/td>\n<td>\nEl robot ha d\u2019obtenir una mostra b\u00e0sica de meteorit i dipositar-la dins la impresora 3D, lo que provocar\u00e0 que aquesta expulsi un ma\u00f3 de 2&#215;4, on haur\u00e0 de despla\u00e7ar-lo per obtenir m\u00e9s punts.<\/td>\n<td>Expulsar el ma\u00f3: dins la zona: 22<\/p>\n<p>Expulsar el ma\u00f3 i que aquest no estigui completament dins la zona: 18<\/p>\n<p>Puntuacions possibles: 0,18,22<\/td>\n<\/tr>\n<tr>\n<td>\n<p>4<\/td>\n<td>El robot o qualsevol nau que el robot envi\u00ef ha de creuar completament el Model de Cr\u00e0ters circulant directament sobre ell. Sense passar a prop ni envoltar-lo.<\/td>\n<td>\nCreuar baixant la valla d\u2019est a oest: 20<\/p>\n<p>Puntuacions possibles: 0,20<\/td>\n<\/tr>\n<tr>\n<td>\n<p>5<\/td>\n<td>\n<p>El robot ha d\u2019expulsar totes les mostres b\u00e0siques del model d\u2019instal\u00b7laci\u00f3 central. T\u00e9 diferents opcions per fer.<\/td>\n<td>\u00a0\u00a0Moure les 4 mostres \u00a0\u00a0\u00a0\u00a0\u00a0\u00a0\u00a0\u00a0\u00a0\u00a0\u00a0\u00a0\u00a0\u00a0\u00a0\u00a0\u00a0\u00a0\u00a0\u00a0b\u00e0siques: 16<\/p>\n<p>Ubicar la mostra de gas tocant el cercle d\u2019aterratge: 12<\/p>\n<p>Ubicar la mostra de gas dins la base: 10<\/p>\n<p>Deixar la mostra d\u2019aigua a la cambra de vegetals: 8<\/p>\n<p>Puntuacions possibles: 0,16,24,26,28,34,36.<\/td>\n<\/tr>\n<tr>\n<td>\n<p>6<\/td>\n<td>El robot ha de retirar i insertar moduls, habitables entre les escotilles del nucli de l\u2019estaci\u00f3.<\/td>\n<td>Completament dins: 22<\/p>\n<p>Parcialment a dins: 18<\/p>\n<p>Possibles puntuacions: 0,18,22<\/td>\n<\/tr>\n<tr>\n<td>\n<p>7<\/td>\n<td>\n<p>El robot ha de portar el cos de Gherard dins la cambra herm\u00e8tica.<\/td>\n<td>Moure a Gherard fins a insertar el seu cos a la cambra herm\u00e8tica<\/p>\n<p>Completament a dins: 22<\/p>\n<p>Parcialment dins: 18<\/p>\n<p>Possibles puntuacions: 0,18,22<\/td>\n<\/tr>\n<tr>\n<td>\n<p>8<\/td>\n<td>\n<p>El robot ha de moure repetidament una empunyadura, o ambdues de la m\u00e0quina d\u2019exercici per fer que el Puntero avanci.<\/td>\n<td>El Puntero ha d\u2019avan\u00e7ar al llarg del Dial de la M\u00e0quina d\u2019exercici.<\/p>\n<p>Que sigui dins o que l\u2019extrem taronja sigui a dins: 22<\/p>\n<p>Que el Puntero sigui completament blanc: 20<\/p>\n<p>Que el Puntero sigui completament dins o que cobreixi qualsevol extrem gris: 18<\/p>\n<p>Puntuacions possibles: 0,18,20,22<\/td>\n<\/tr>\n<tr>\n<td><\/td>\n<td><\/td>\n<td><\/td>\n<\/tr>\n<tr>\n<td><\/td>\n<td><\/td>\n<td><\/td>\n<\/tr>\n<tr>\n<td>\n<p>9<\/td>\n<td>\n<p>El robot ha de aixecar la Barra d\u2019Esfor\u00e7 fins a una altura que sigui puntuable.<\/td>\n<td>Aixecar la barra d\u2019esfor\u00e7 de manera que el quart forat de la barra dentada sigui parcialment visible: 16<\/p>\n<p>Puntuacions possibles: 0,16<\/td>\n<\/tr>\n<tr>\n<td>\n<p>10<\/td>\n<td>Roteu els colors de la cambra de creixement de vegetals de manera que el pes gris estigui caigut despr\u00e9s del verd per\u00f2 abans del marr\u00f3, movent la Barra.<\/td>\n<td>\n<p>Puntuacions possibles: 0,16<\/td>\n<\/tr>\n<tr>\n<td>\n11<\/td>\n<td>Conseguiu que la nau arribi a la velocitat i la altura necess\u00e0ria per mantenir-se a dalt.<\/td>\n<td>\nPuntuacions possibles: 0,24<\/td>\n<\/tr>\n<tr>\n<td>12<\/td>\n<td>El Robot ha de moure un o m\u00e9s sat\u00e8l\u00b7lits fins a l\u2019\u00f2rbita externa.<\/td>\n<td><\/td>\n<\/tr>\n<tr>\n<td>13<\/td>\n<td>Amb l\u2019ajuda del robot, heu d\u2019aconseguir rotar l\u2019observatori, de manera que apunti a una direcci\u00f3 precisa.<\/td>\n<td>Puntuacions possibles:<\/p>\n<p>0,16,18,20<\/td>\n<\/tr>\n<tr>\n<td>14<\/td>\n<td>Llenceu un o ambd\u00f3s meteroides de manera independent cap al receptor de meteroides des de l&#8217;oest de la l\u00ednia lliure.<\/td>\n<td>Puntuacions possibles:<\/p>\n<p>0,8,12,16,20,24<\/td>\n<\/tr>\n<tr>\n<td>15<\/td>\n<td>aconseguir que el m\u00f2dul d&#8217;aterratge estigui intacte en una zona o que, almenys, arribi a la base.<\/td>\n<td>Puntuacions possibles:<\/p>\n<p>0,16,20,22<\/td>\n<\/tr>\n<\/tbody>\n<\/table>\n","protected":false},"excerpt":{"rendered":"<p>Missi\u00f3<br \/>\nQu\u00e8 ha de fer el robot?<br \/>\nPuntuaci\u00f3<\/p>\n<p>1<br \/>\nEl robot ha d\u2019enviar coets amb c\u00e0rrega \u00fatil (carros) rodant per la Rampa de Viatge Espacial. El primer carro est\u00e0 preparat per\u00f2 els altres el haur\u00e0 carregar el robot.<br \/>\nC\u00e0rrega de vehicle: 22<br \/>\nC\u00e0rrega de suministres: 14<br \/>\nC\u00e0rrega de tripulaci\u00f3: 10<br \/>\nPuntuacions possibles: 0,10,14,22,24,32,36,46<\/p>\n<p>2<\/p>\n<p>Els&hellip;  <a href=\"https:\/\/agora.xtec.cat\/iessantfeliu\/fll\/fll-2019-into-orbit\/fll-2019-missions-robot\/\" title=\"Read FLL 2019 Missions robot\">Llegeix m\u00e9s\u00bb<\/a><\/p>\n","protected":false},"author":1,"featured_media":0,"parent":3678,"menu_order":20,"comment_status":"closed","ping_status":"closed","template":"page-templates\/side-menu.php","meta":{"_bbp_topic_count":0,"_bbp_reply_count":0,"_bbp_total_topic_count":0,"_bbp_total_reply_count":0,"_bbp_voice_count":0,"_bbp_anonymous_reply_count":0,"_bbp_topic_count_hidden":0,"_bbp_reply_count_hidden":0,"_bbp_forum_subforum_count":0,"footnotes":""},"class_list":["post-3684","page","type-page","status-publish","hentry"],"post_mailing_queue_ids":[],"_links":{"self":[{"href":"https:\/\/agora.xtec.cat\/iessantfeliu\/wp-json\/wp\/v2\/pages\/3684","targetHints":{"allow":["GET"]}}],"collection":[{"href":"https:\/\/agora.xtec.cat\/iessantfeliu\/wp-json\/wp\/v2\/pages"}],"about":[{"href":"https:\/\/agora.xtec.cat\/iessantfeliu\/wp-json\/wp\/v2\/types\/page"}],"author":[{"embeddable":true,"href":"https:\/\/agora.xtec.cat\/iessantfeliu\/wp-json\/wp\/v2\/users\/1"}],"replies":[{"embeddable":true,"href":"https:\/\/agora.xtec.cat\/iessantfeliu\/wp-json\/wp\/v2\/comments?post=3684"}],"version-history":[{"count":2,"href":"https:\/\/agora.xtec.cat\/iessantfeliu\/wp-json\/wp\/v2\/pages\/3684\/revisions"}],"predecessor-version":[{"id":4111,"href":"https:\/\/agora.xtec.cat\/iessantfeliu\/wp-json\/wp\/v2\/pages\/3684\/revisions\/4111"}],"up":[{"embeddable":true,"href":"https:\/\/agora.xtec.cat\/iessantfeliu\/wp-json\/wp\/v2\/pages\/3678"}],"wp:attachment":[{"href":"https:\/\/agora.xtec.cat\/iessantfeliu\/wp-json\/wp\/v2\/media?parent=3684"}],"curies":[{"name":"wp","href":"https:\/\/api.w.org\/{rel}","templated":true}]}}