{"id":368,"date":"2015-05-19T17:02:34","date_gmt":"2015-05-19T16:02:34","guid":{"rendered":"http:\/\/agora.xtec.cat\/iessantfeliu\/?page_id=368"},"modified":"2026-04-08T11:19:41","modified_gmt":"2026-04-08T09:19:41","slug":"batxillerat","status":"publish","type":"page","link":"https:\/\/agora.xtec.cat\/iessantfeliu\/estudis\/batxillerat\/","title":{"rendered":"Batxillerat"},"content":{"rendered":"<div id=\"yui_3_13_0_3_1432054440124_74\" class=\"box generalbox center clearfix\">\n<div id=\"yui_3_13_0_3_1432054440124_73\" class=\"no-overflow\">\n<p>El batxillerat forma part de l\u2019educaci\u00f3 secund\u00e0ria postobligat\u00f2ria i es distribueix en dos cursos acad\u00e8mics. Es desenvolupa en diverses modalitats, s\u2019organitza de manera flexible i, si cal, en vies diferents dins de cada modalitat, de manera que pot oferir una preparaci\u00f3 especialitzada als alumnes d\u2019acord amb les seves perspectives i interessos de formaci\u00f3.<\/p>\n<p>A l&#8217;institut de Sant Feliu de Gu\u00edxols es pot escollir entre dos modalitats de batxillerat:\u00a0ci\u00e8ncies i tecnologia, i\u00a0humanitats i ci\u00e8ncies socials.<\/p>\n<p>El curr\u00edculum de batxillerat consta d&#8217;una part comuna (les mat\u00e8ries comunes) i una part diversificada (la mat\u00e8ria comuna d&#8217;opci\u00f3, les mat\u00e8ries de modalitat, les mat\u00e8ries espec\u00edfiques i el treball de recerca). A m\u00e9s, els alumnes tenen assignada una hora setmanal de tutoria.<\/p>\n<p>Els curr\u00edculums de les mat\u00e8ries expliciten les compet\u00e8ncies espec\u00edfiques que s&#8217;hi treballen, aix\u00ed com la contribuci\u00f3 de la mat\u00e8ria al desenvolupament de les compet\u00e8ncies generals.<\/p>\n<ul>\n<li><a href=\"http:\/\/www.gencat.cat\/ensenyament\/eac\/pdf\/BATXLOE_CA.pdf\" target=\"_blank\" rel=\"noopener\"><strong>Fullet informatiu del batxillerat<\/strong><\/a><\/li>\n<\/ul>\n<hr \/>\n<h3 style=\"text-align: center;\">ESTRUCTURA DEL BATXILLERAT<\/h3>\n<p><a href=\"https:\/\/agora.xtec.cat\/iessantfeliu\/wp-content\/uploads\/usu232\/2024\/04\/Captura-de-pantalla-2024-04-04-111719.png\"><img loading=\"lazy\" decoding=\"async\" class=\"wp-image-11537 aligncenter\" src=\"https:\/\/agora.xtec.cat\/iessantfeliu\/wp-content\/uploads\/usu232\/2024\/04\/Captura-de-pantalla-2024-04-04-111719.png\" alt=\"\" width=\"514\" height=\"267\" srcset=\"https:\/\/agora.xtec.cat\/iessantfeliu\/wp-content\/uploads\/usu232\/2024\/04\/Captura-de-pantalla-2024-04-04-111719.png 814w, https:\/\/agora.xtec.cat\/iessantfeliu\/wp-content\/uploads\/usu232\/2024\/04\/Captura-de-pantalla-2024-04-04-111719-300x156.png 300w, https:\/\/agora.xtec.cat\/iessantfeliu\/wp-content\/uploads\/usu232\/2024\/04\/Captura-de-pantalla-2024-04-04-111719-768x399.png 768w\" sizes=\"auto, (max-width: 514px) 100vw, 514px\" \/><\/a><\/p>\n<h3>Mat\u00e8ries<\/h3>\n<\/div>\n<\/div>\n<table style=\"border-collapse: collapse; width: 100.909%; height: 524px;\">\n<tbody>\n<tr>\n<td style=\"width: 33.3333%;\"><strong>MAT\u00c8RIES COMUNES<\/strong><\/td>\n<td style=\"width: 33.3333%; text-align: center;\"><strong>1r<\/strong><\/td>\n<td style=\"width: 33.3333%; text-align: center;\"><strong>2n<\/strong><\/td>\n<\/tr>\n<tr>\n<td style=\"width: 33.3333%;\">Llengua castellana i literatura<\/td>\n<td style=\"width: 33.3333%; text-align: center;\">2<\/td>\n<td style=\"width: 33.3333%; text-align: center;\">2<\/td>\n<\/tr>\n<tr>\n<td style=\"width: 33.3333%;\">Llengua catalana i literatura<\/td>\n<td style=\"width: 33.3333%; text-align: center;\">2<\/td>\n<td style=\"width: 33.3333%; text-align: center;\">2<\/td>\n<\/tr>\n<tr>\n<td style=\"width: 33.3333%;\">Llengua estrangera angl\u00e8s<\/td>\n<td style=\"width: 33.3333%; text-align: center;\">3<\/td>\n<td style=\"width: 33.3333%; text-align: center;\">3<\/td>\n<\/tr>\n<tr>\n<td style=\"width: 33.3333%;\">Educaci\u00f3 f\u00edsica<\/td>\n<td style=\"width: 33.3333%; text-align: center;\">2<\/td>\n<td style=\"width: 33.3333%; text-align: center;\"><\/td>\n<\/tr>\n<tr>\n<td style=\"width: 33.3333%;\">Filosofia<\/td>\n<td style=\"width: 33.3333%; text-align: center;\">2<\/td>\n<td style=\"width: 33.3333%; text-align: center;\"><\/td>\n<\/tr>\n<tr>\n<td style=\"width: 33.3333%;\">Hist\u00f2ria de la filosofia<\/td>\n<td style=\"width: 33.3333%; text-align: center;\"><\/td>\n<td style=\"width: 33.3333%; text-align: center;\">3<\/td>\n<\/tr>\n<tr>\n<td style=\"width: 33.3333%;\">Hist\u00f2ria<\/td>\n<td style=\"width: 33.3333%; text-align: center;\"><\/td>\n<td style=\"width: 33.3333%; text-align: center;\">3<\/td>\n<\/tr>\n<tr>\n<td style=\"width: 33.3333%;\">Tutoria<\/td>\n<td style=\"width: 33.3333%; text-align: center;\">1<\/td>\n<td style=\"width: 33.3333%; text-align: center;\">1<\/td>\n<\/tr>\n<tr>\n<td style=\"width: 33.3333%;\" colspan=\"3\">Treball de recerca<\/p>\n<p>El Treball de Recerca \u00e9s una activitat d&#8217;investigaci\u00f3 que ha de fer tot l&#8217;alumnat de batxillerat. S&#8217;ha d&#8217;iniciar preferentment durant el primer curs i presentar obligat\u00f2riament durant el segon curs.<\/td>\n<\/tr>\n<\/tbody>\n<\/table>\n<p>&nbsp;<\/p>\n<div id=\"yui_3_13_0_3_1432054440124_74\" class=\"box generalbox center clearfix\">\n<div id=\"yui_3_13_0_3_1432054440124_73\" class=\"no-overflow\">\n<p><strong>Mat\u00e8ries de la modalitat de ci\u00e8ncies i tecnologia<\/strong><\/p>\n<\/div>\n<\/div>\n<div id=\"yui_3_13_0_3_1432054440124_74\" class=\"box generalbox center clearfix\">\n<div id=\"yui_3_13_0_3_1432054440124_73\" class=\"no-overflow\">\n<a href=\"https:\/\/agora.xtec.cat\/iessantfeliu\/estudis\/batxillerat\/attachment\/materies_batxillerat_page-0002\/\" rel=\"attachment wp-att-14649\"><img loading=\"lazy\" decoding=\"async\" class=\"alignnone size-full wp-image-14649\" src=\"https:\/\/agora.xtec.cat\/iessantfeliu\/wp-content\/uploads\/usu232\/2026\/04\/Materies_Batxillerat_page-0002.jpg\" alt=\"\" width=\"1500\" height=\"1125\" srcset=\"https:\/\/agora.xtec.cat\/iessantfeliu\/wp-content\/uploads\/usu232\/2026\/04\/Materies_Batxillerat_page-0002.jpg 1500w, https:\/\/agora.xtec.cat\/iessantfeliu\/wp-content\/uploads\/usu232\/2026\/04\/Materies_Batxillerat_page-0002-300x225.jpg 300w, https:\/\/agora.xtec.cat\/iessantfeliu\/wp-content\/uploads\/usu232\/2026\/04\/Materies_Batxillerat_page-0002-1024x768.jpg 1024w, https:\/\/agora.xtec.cat\/iessantfeliu\/wp-content\/uploads\/usu232\/2026\/04\/Materies_Batxillerat_page-0002-768x576.jpg 768w, https:\/\/agora.xtec.cat\/iessantfeliu\/wp-content\/uploads\/usu232\/2026\/04\/Materies_Batxillerat_page-0002-200x150.jpg 200w\" sizes=\"auto, (max-width: 1500px) 100vw, 1500px\" \/><\/a><\/p>\n<\/div>\n<div id=\"yui_3_13_0_3_1432054440124_73\" class=\"no-overflow\">\n<p><strong>Mat\u00e8ries de la modalitat d&#8217;humanitats i ci\u00e8ncies socials<\/strong><\/p>\n<p><a href=\"https:\/\/agora.xtec.cat\/iessantfeliu\/estudis\/batxillerat\/attachment\/materies_batxillerat_page-0001-2\/\" rel=\"attachment wp-att-14651\"><img loading=\"lazy\" decoding=\"async\" class=\"alignnone size-full wp-image-14651\" src=\"https:\/\/agora.xtec.cat\/iessantfeliu\/wp-content\/uploads\/usu232\/2026\/04\/Materies_Batxillerat_page-0001-1.jpg\" alt=\"\" width=\"1500\" height=\"1125\" srcset=\"https:\/\/agora.xtec.cat\/iessantfeliu\/wp-content\/uploads\/usu232\/2026\/04\/Materies_Batxillerat_page-0001-1.jpg 1500w, https:\/\/agora.xtec.cat\/iessantfeliu\/wp-content\/uploads\/usu232\/2026\/04\/Materies_Batxillerat_page-0001-1-300x225.jpg 300w, https:\/\/agora.xtec.cat\/iessantfeliu\/wp-content\/uploads\/usu232\/2026\/04\/Materies_Batxillerat_page-0001-1-1024x768.jpg 1024w, https:\/\/agora.xtec.cat\/iessantfeliu\/wp-content\/uploads\/usu232\/2026\/04\/Materies_Batxillerat_page-0001-1-768x576.jpg 768w, https:\/\/agora.xtec.cat\/iessantfeliu\/wp-content\/uploads\/usu232\/2026\/04\/Materies_Batxillerat_page-0001-1-200x150.jpg 200w\" sizes=\"auto, (max-width: 1500px) 100vw, 1500px\" \/><\/a><br \/>\nM\u00e9s informaci\u00f3 a <a href=\"https:\/\/triaeducativa.gencat.cat\/ca\/batxillerat\/index.html\">gencat<\/a><\/p>\n<p><a href=\"https:\/\/www.gencat.cat\/ensenyament\/eac\/pdf\/ETAPA_BATXLOE_CA.pdf\">Fitxa de l&#8217;etapa educativa<\/a><\/p>\n<\/div>\n<\/div>\n","protected":false},"excerpt":{"rendered":"<p>El batxillerat forma part de l\u2019educaci\u00f3 secund\u00e0ria postobligat\u00f2ria i es distribueix en dos cursos acad\u00e8mics. Es desenvolupa en diverses modalitats, s\u2019organitza de manera flexible i, si cal, en vies diferents dins de cada modalitat, de manera que pot oferir una preparaci\u00f3 especialitzada als alumnes d\u2019acord&hellip;  <a href=\"https:\/\/agora.xtec.cat\/iessantfeliu\/estudis\/batxillerat\/\" title=\"Read Batxillerat\">Llegeix m\u00e9s\u00bb<\/a><\/p>\n","protected":false},"author":1,"featured_media":0,"parent":457,"menu_order":10,"comment_status":"closed","ping_status":"closed","template":"page-templates\/side-menu.php","meta":{"_bbp_topic_count":0,"_bbp_reply_count":0,"_bbp_total_topic_count":0,"_bbp_total_reply_count":0,"_bbp_voice_count":0,"_bbp_anonymous_reply_count":0,"_bbp_topic_count_hidden":0,"_bbp_reply_count_hidden":0,"_bbp_forum_subforum_count":0,"footnotes":""},"class_list":["post-368","page","type-page","status-publish","hentry"],"post_mailing_queue_ids":[],"_links":{"self":[{"href":"https:\/\/agora.xtec.cat\/iessantfeliu\/wp-json\/wp\/v2\/pages\/368","targetHints":{"allow":["GET"]}}],"collection":[{"href":"https:\/\/agora.xtec.cat\/iessantfeliu\/wp-json\/wp\/v2\/pages"}],"about":[{"href":"https:\/\/agora.xtec.cat\/iessantfeliu\/wp-json\/wp\/v2\/types\/page"}],"author":[{"embeddable":true,"href":"https:\/\/agora.xtec.cat\/iessantfeliu\/wp-json\/wp\/v2\/users\/1"}],"replies":[{"embeddable":true,"href":"https:\/\/agora.xtec.cat\/iessantfeliu\/wp-json\/wp\/v2\/comments?post=368"}],"version-history":[{"count":6,"href":"https:\/\/agora.xtec.cat\/iessantfeliu\/wp-json\/wp\/v2\/pages\/368\/revisions"}],"predecessor-version":[{"id":14652,"href":"https:\/\/agora.xtec.cat\/iessantfeliu\/wp-json\/wp\/v2\/pages\/368\/revisions\/14652"}],"up":[{"embeddable":true,"href":"https:\/\/agora.xtec.cat\/iessantfeliu\/wp-json\/wp\/v2\/pages\/457"}],"wp:attachment":[{"href":"https:\/\/agora.xtec.cat\/iessantfeliu\/wp-json\/wp\/v2\/media?parent=368"}],"curies":[{"name":"wp","href":"https:\/\/api.w.org\/{rel}","templated":true}]}}