{"id":3046,"date":"2018-03-08T09:43:08","date_gmt":"2018-03-08T08:43:08","guid":{"rendered":"http:\/\/agora.xtec.cat\/iessantfeliu\/?page_id=3046"},"modified":"2018-03-08T14:27:46","modified_gmt":"2018-03-08T13:27:46","slug":"edurovs-2","status":"publish","type":"page","link":"https:\/\/agora.xtec.cat\/iessantfeliu\/edurovs-2\/","title":{"rendered":"EduROVS"},"content":{"rendered":"<p>En aquest projecte estudiants que cursen 1r de Batxillerat de la modalitat Tecnologia, constru\u00efm robots submarins operats per control remot (ROVs).<\/p>\n<p>Els objectius del projecte s\u00f3n:<\/p>\n<ul>\n<li>Introduir als estudiants a la ci\u00e8ncia, tecnologia i enginyeria, potenciant conceptes com ara les lleis de Newton, densitat, moment, parell, for\u00e7a, o distribuci\u00f3 de masses.<\/li>\n<li>Fomentar en els escolars l\u2019inter\u00e8s per la ci\u00e8ncia i la tecnologia fent servir l\u2019exploraci\u00f3 submarina i la rob\u00f2tica, com a eina com\u00fa que lliga aquests \u00e0mbits.<\/li>\n<li>Incentivar el treball en equip, respectant valors i potenciant la creativitat.<\/li>\n<li>Construir tenint en compte una necessitat tecnol\u00f2gica d\u2019\u00fas mar\u00ed, respectant el medi ambient i fent servir materials d\u2019\u00fas quotidi\u00e0.<\/li>\n<\/ul>\n\r\n\t<div class=\"slideshow_container slideshow_container_style-light\" style=\"height: 200px; \" data-slideshow-id=\"3061\" data-style-name=\"style-light\" data-style-version=\"2.3.1\" >\r\n\r\n\t\t\t\t\t<div class=\"slideshow_loading_icon\"><\/div>\r\n\t\t\r\n\t\t<div class=\"slideshow_content\" style=\"display: none;\">\r\n\r\n\t\t\t<div class=\"slideshow_view\">\r\n\t\t\t\t<div class=\"slideshow_slide slideshow_slide_image\">\r\n\t\t\t\t\t<a href=\"https:\/\/photos.app.goo.gl\/eqGfV60lzheJcsIM2\" target=\"_blank\" >\t\t\t\t\t\t<img src=\"https:\/\/agora.xtec.cat\/iessantfeliu\/wp-content\/uploads\/usu232\/2018\/03\/IMG_20180131_133720.jpg\" alt=\"Consola de control\" width=\"500\" height=\"280\" \/>\r\n\t\t\t\t\t<\/a>\t\t\t\t\t<div class=\"slideshow_description_box slideshow_transparent\">\r\n\t\t\t\t\t\t<div class=\"slideshow_title\"><a href=\"https:\/\/photos.app.goo.gl\/eqGfV60lzheJcsIM2\" target=\"_blank\" >Consola de control<\/a><\/div>\t\t\t\t\t\t\t\t\t\t\t<\/div>\r\n\t\t\t\t<\/div>\r\n\r\n\t\t\t\t\t\t\r\n\t\t\t\t<div class=\"slideshow_slide slideshow_slide_image\">\r\n\t\t\t\t\t<a href=\"https:\/\/photos.app.goo.gl\/HNH4d6KtSamBxCfi1\" target=\"_blank\" >\t\t\t\t\t\t<img src=\"https:\/\/agora.xtec.cat\/iessantfeliu\/wp-content\/uploads\/usu232\/2018\/03\/rovs-2018-proves.png\" alt=\"Proves funcionament\" width=\"528\" height=\"335\" \/>\r\n\t\t\t\t\t<\/a>\t\t\t\t\t<div class=\"slideshow_description_box slideshow_transparent\">\r\n\t\t\t\t\t\t<div class=\"slideshow_title\"><a href=\"https:\/\/photos.app.goo.gl\/HNH4d6KtSamBxCfi1\" target=\"_blank\" >Proves funcionament<\/a><\/div>\t\t\t\t\t\t\t\t\t\t\t<\/div>\r\n\t\t\t\t<\/div>\r\n\r\n\t\t\t\t\t\t\r\n\t\t\t\t<div class=\"slideshow_slide slideshow_slide_image\">\r\n\t\t\t\t\t<a href=\"https:\/\/photos.app.goo.gl\/GpgUlYp3ANd5yAzP2\" target=\"_blank\" >\t\t\t\t\t\t<img src=\"https:\/\/agora.xtec.cat\/iessantfeliu\/wp-content\/uploads\/usu232\/2018\/03\/rovs-2018-programacio.png\" alt=\"Programaci\u00f3\" width=\"436\" height=\"342\" \/>\r\n\t\t\t\t\t<\/a>\t\t\t\t\t<div class=\"slideshow_description_box slideshow_transparent\">\r\n\t\t\t\t\t\t<div class=\"slideshow_title\"><a href=\"https:\/\/photos.app.goo.gl\/GpgUlYp3ANd5yAzP2\" target=\"_blank\" >Programaci\u00f3<\/a><\/div>\t\t\t\t\t\t\t\t\t\t\t<\/div>\r\n\t\t\t\t<\/div>\r\n\r\n\t\t\t\t\t\t\r\n\t<div class=\"slideshow_slide slideshow_slide_text\" style=\"background-color: #95aabf;\">\r\n\t\t\t\t<div class=\"slideshow_title\" style=\"color: #0752b5;\">\r\n\t\t\t\t\t\t\tImmersi\u00f3\t\t\t\t\t<\/div>\r\n\t\t\r\n\t\t\t\t<div class=\"slideshow_description\" style=\"color: #0752b5;\">\r\n\t\t\t\t\t\t\tProperament\t\t\t\t\t<\/div>\r\n\t\t\r\n\t\t<a  class=\"slideshow_background_anchor\"><\/a>\r\n\t<\/div>\r\n<div style=\"clear: both;\"><\/div><\/div>\r\n\t\t<\/div>\r\n\r\n\t\t<div class=\"slideshow_controlPanel slideshow_transparent\" style=\"display: none;\"><ul><li class=\"slideshow_togglePlay\" data-play-text=\"Visualitza\" data-pause-text=\"Pausa\"><\/li><\/ul><\/div>\r\n\r\n\t\t<div class=\"slideshow_button slideshow_previous slideshow_transparent\" role=\"button\" data-previous-text=\"Anterior\" style=\"display: none;\"><\/div>\r\n\t\t<div class=\"slideshow_button slideshow_next slideshow_transparent\" role=\"button\" data-next-text=\"Seg\u00fcent\" style=\"display: none;\"><\/div>\r\n\r\n\t\t<div class=\"slideshow_pagination\" style=\"display: none;\" data-go-to-text=\"V\u00e9s a la diapositiva\"><div class=\"slideshow_pagination_center\"><\/div><\/div>\r\n\r\n\t\t<!-- WordPress Slideshow Version 2.3.1 -->\r\n\r\n\t\t\t<\/div>\r\n\r\n\n","protected":false},"excerpt":{"rendered":"<p>En aquest projecte estudiants que cursen 1r de Batxillerat de la modalitat Tecnologia, constru\u00efm robots submarins operats per control remot (ROVs).<br \/>\nEls objectius del projecte s\u00f3n:<\/p>\n<ul>\n<li>Introduir als estudiants a la ci\u00e8ncia, tecnologia i enginyeria, potenciant conceptes com ara les lleis de Newton, densitat, moment, parell, for\u00e7a,&hellip;  <a href=\"https:\/\/agora.xtec.cat\/iessantfeliu\/edurovs-2\/\" title=\"Read EduROVS\">Llegeix m\u00e9s\u00bb<\/a><br \/>\n","protected":false},"author":1,"featured_media":0,"parent":0,"menu_order":0,"comment_status":"closed","ping_status":"closed","template":"","meta":{"_bbp_topic_count":0,"_bbp_reply_count":0,"_bbp_total_topic_count":0,"_bbp_total_reply_count":0,"_bbp_voice_count":0,"_bbp_anonymous_reply_count":0,"_bbp_topic_count_hidden":0,"_bbp_reply_count_hidden":0,"_bbp_forum_subforum_count":0,"footnotes":""},"class_list":["post-3046","page","type-page","status-publish","hentry"],"post_mailing_queue_ids":[],"_links":{"self":[{"href":"https:\/\/agora.xtec.cat\/iessantfeliu\/wp-json\/wp\/v2\/pages\/3046","targetHints":{"allow":["GET"]}}],"collection":[{"href":"https:\/\/agora.xtec.cat\/iessantfeliu\/wp-json\/wp\/v2\/pages"}],"about":[{"href":"https:\/\/agora.xtec.cat\/iessantfeliu\/wp-json\/wp\/v2\/types\/page"}],"author":[{"embeddable":true,"href":"https:\/\/agora.xtec.cat\/iessantfeliu\/wp-json\/wp\/v2\/users\/1"}],"replies":[{"embeddable":true,"href":"https:\/\/agora.xtec.cat\/iessantfeliu\/wp-json\/wp\/v2\/comments?post=3046"}],"version-history":[{"count":2,"href":"https:\/\/agora.xtec.cat\/iessantfeliu\/wp-json\/wp\/v2\/pages\/3046\/revisions"}],"predecessor-version":[{"id":3071,"href":"https:\/\/agora.xtec.cat\/iessantfeliu\/wp-json\/wp\/v2\/pages\/3046\/revisions\/3071"}],"wp:attachment":[{"href":"https:\/\/agora.xtec.cat\/iessantfeliu\/wp-json\/wp\/v2\/media?parent=3046"}],"curies":[{"name":"wp","href":"https:\/\/api.w.org\/{rel}","templated":true}]}}