{"id":2980,"date":"2018-03-03T16:44:54","date_gmt":"2018-03-03T15:44:54","guid":{"rendered":"http:\/\/agora.xtec.cat\/iessantfeliu\/?page_id=2980"},"modified":"2018-03-03T17:04:38","modified_gmt":"2018-03-03T16:04:38","slug":"clautic-2015-16-repte-5","status":"publish","type":"page","link":"https:\/\/agora.xtec.cat\/iessantfeliu\/clautic-league\/clautic-2015-16\/clautic-2015-16-repte-5\/","title":{"rendered":"ClauTIC 2015-16 &#8211; Repte 5"},"content":{"rendered":"<h4>5\u00e8 Repte: Guerra de Troia<\/h4>\n<p><span lang=\"ca\">Aquest repte est\u00e0 basat en la guerra de Troia. El vostre robot representa al cavall de Troia, el desencadenant del final d&#8217;aquesta famosa guerra entre Gr\u00e8cia i Troia. <\/span><\/p>\n<h6><span lang=\"ca\">EL REPTE: <\/span><\/h6>\n<p><span lang=\"ca\">En aquest repte heu de representar l&#8217;entrada del cavall dins de la ciutat de Troia, parant on correspongui i seguint les instruccions seg\u00fcents: <\/span><\/p>\n<p>OBJECTIU<\/p>\n<p><span lang=\"ca\">Representar el recorregut dels Atenesos i del cavall de Troia <\/span><\/p>\n<h6><span lang=\"ca\">COM FUNCIONA?<\/span><\/h6>\n<div>\n<div>\n<p><span lang=\"ca\">Heu de construir una paret que s&#8217;aguanti sola i posar-la sobre de la l\u00ednia blanca que hi ha al <\/span><span lang=\"ca\">costat del portal blanc i negre on hi ha un sol i una lluna representats. Heu de posar-la en el\u00a0 <\/span><span lang=\"ca\">mateix sentit d&#8217;aquesta l\u00ednia blanca. La paret pot tenir les mesures que vosaltres vulgueu i pot\u00a0<\/span><span lang=\"ca\"> ser dels materials que vulgueu.\u00a0 <\/span><\/p>\n<p><span lang=\"ca\">El vostre robot ha de sortir de la Base i arribar fins davant de la paret que heu creat. El robot <\/span><span lang=\"ca\">ha d&#8217;estar en perpendicular amb la paret i parar-se a m\u00e9s de 20 cms d&#8217;aquesta (entre 20 i 25). Un cop s&#8217;hagi aturat, heu de treure la paret (manual o autom\u00e0ticament) i el robot ha d&#8217;avan\u00e7ar\u00a0 <\/span><span lang=\"ca\">fins al portal del sol i la lluna. <\/span><\/p>\n<p><span lang=\"ca\">Amb el sensor de llum ha de saber si est\u00e0 a la zona negra o blanca. Quan el robot entri a la\u00a0 <\/span><span lang=\"ca\">zona blanca ha de parar-se i sortir un ninot \/ objecte de dins del robot (activant un mecanisme <\/span><span lang=\"ca\">autom\u00e0tic que representi la sortida dels grecs del cavall de Troia per envair la ciutat).<\/span><\/p>\n<p><span lang=\"ca\">En aquest punt, el vostre robot ha de tornar a la base<\/span><span lang=\"ca\">.<\/span><\/p>\n<\/div>\n<\/div>\n<h4><span lang=\"ca\">\u00a0<\/span>REPTE ACONSEGUIT EN 24,8 SEGONS!<\/h4>\n<p><iframe loading=\"lazy\" src=\"https:\/\/www.youtube.com\/embed\/D6B3Vhf86ZU\" width=\"560\" height=\"315\" frameborder=\"0\" allowfullscreen=\"allowfullscreen\"><\/iframe><\/p>\n","protected":false},"excerpt":{"rendered":"<p>5\u00e8 Repte: Guerra de Troia<br \/>\nAquest repte est\u00e0 basat en la guerra de Troia. El vostre robot representa al cavall de Troia, el desencadenant del final d&#8217;aquesta famosa guerra entre Gr\u00e8cia i Troia.<br \/>\nEL REPTE:<br \/>\nEn aquest repte heu de representar l&#8217;entrada del cavall dins de&hellip;  <a href=\"https:\/\/agora.xtec.cat\/iessantfeliu\/clautic-league\/clautic-2015-16\/clautic-2015-16-repte-5\/\" title=\"Read ClauTIC 2015-16 &#8211; Repte 5\">Llegeix m\u00e9s\u00bb<\/a><\/p>\n","protected":false},"author":1,"featured_media":0,"parent":2970,"menu_order":0,"comment_status":"closed","ping_status":"closed","template":"page-templates\/side-menu.php","meta":{"_bbp_topic_count":0,"_bbp_reply_count":0,"_bbp_total_topic_count":0,"_bbp_total_reply_count":0,"_bbp_voice_count":0,"_bbp_anonymous_reply_count":0,"_bbp_topic_count_hidden":0,"_bbp_reply_count_hidden":0,"_bbp_forum_subforum_count":0,"footnotes":""},"class_list":["post-2980","page","type-page","status-publish","hentry"],"post_mailing_queue_ids":[],"_links":{"self":[{"href":"https:\/\/agora.xtec.cat\/iessantfeliu\/wp-json\/wp\/v2\/pages\/2980","targetHints":{"allow":["GET"]}}],"collection":[{"href":"https:\/\/agora.xtec.cat\/iessantfeliu\/wp-json\/wp\/v2\/pages"}],"about":[{"href":"https:\/\/agora.xtec.cat\/iessantfeliu\/wp-json\/wp\/v2\/types\/page"}],"author":[{"embeddable":true,"href":"https:\/\/agora.xtec.cat\/iessantfeliu\/wp-json\/wp\/v2\/users\/1"}],"replies":[{"embeddable":true,"href":"https:\/\/agora.xtec.cat\/iessantfeliu\/wp-json\/wp\/v2\/comments?post=2980"}],"version-history":[{"count":2,"href":"https:\/\/agora.xtec.cat\/iessantfeliu\/wp-json\/wp\/v2\/pages\/2980\/revisions"}],"predecessor-version":[{"id":2991,"href":"https:\/\/agora.xtec.cat\/iessantfeliu\/wp-json\/wp\/v2\/pages\/2980\/revisions\/2991"}],"up":[{"embeddable":true,"href":"https:\/\/agora.xtec.cat\/iessantfeliu\/wp-json\/wp\/v2\/pages\/2970"}],"wp:attachment":[{"href":"https:\/\/agora.xtec.cat\/iessantfeliu\/wp-json\/wp\/v2\/media?parent=2980"}],"curies":[{"name":"wp","href":"https:\/\/api.w.org\/{rel}","templated":true}]}}