{"id":2978,"date":"2018-03-03T16:44:42","date_gmt":"2018-03-03T15:44:42","guid":{"rendered":"http:\/\/agora.xtec.cat\/iessantfeliu\/?page_id=2978"},"modified":"2018-03-03T17:03:07","modified_gmt":"2018-03-03T16:03:07","slug":"clautic-2015-16-repte-4","status":"publish","type":"page","link":"https:\/\/agora.xtec.cat\/iessantfeliu\/clautic-league\/clautic-2015-16\/clautic-2015-16-repte-4\/","title":{"rendered":"ClauTIC 2015-16 &#8211; Repte 4"},"content":{"rendered":"<h4>4rt Repte: Damon, el constructor de temples!<\/h4>\n<p>Com b\u00e9 sabeu, en la primera prova, hi va haver un terratr\u00e8mol que va destruir temples i va fer enfurismar als d\u00e9us, ara ens toca reconstruir els seus temples. Damon, despr\u00e9s del seu intent de ser atleta grec, va decidir que aix\u00f2 de l&#8217;esport no era el seu i va decidir que la seva seg\u00fcent tasca seria reconstruir alguns temples destru\u00efts pel terratr\u00e8mol. Anem all\u00e0!<\/p>\n<h6>EL REPTE:<\/h6>\n<p>En aquest repte hem de construir per parts el temple que hi ha a sobre de Zeus.<\/p>\n<h6>OBJECTIU<\/h6>\n<p>Construir el temple de Zeus. Posar les 2 columnes de peu en els cercles negres que hi ha a sobre del d\u00e9u Zeus i posar la coberta (sostre) sobre les columnes.<\/p>\n<h6>COM FUNCIONA?<\/h6>\n<p>El nostre robot ha de sortir de la Base i col\u00b7locar, part a part, tot el temple de Zeus. En aquest repte som nosaltres qui escollim el nivell de dificultat i en funci\u00f3 d&#8217;aix\u00f2 la puntuaci\u00f3 variar\u00e0. No podem posar m\u00e9s d&#8217;una pe\u00e7a a la vegada. Hem d&#8217;anar a la Base a recollir cadascuna de les peces.<\/p>\n<p>* Important: EN AQUEST REPTE NOM\u00c9S ES PODEN UTILITZAR LES PECES DEL ROBOT, 2 COLUMNES I LA COBERTA<\/p>\n<ul>\n<li>Posici\u00f3 inicial de les columnes:<\/li>\n<\/ul>\n<ol>\n<li>Rectes dins de la base (en vertical). En el moment de comen\u00e7ar el repte han d&#8217;estar les dues dins de la base<\/li>\n<li>Posar-vosaltres sobre o tocant el robot, en la posici\u00f3 desitjada durant el repte, sempre que el robot estigui dins de la base (es considera que el robot est\u00e0 dins de la Base, quan aquest est\u00e0 al 100% dins de la Base)<\/li>\n<li>Tombades dins de la Base. En el moment de comen\u00e7ar el repte han d&#8217;estar les dues dins de la Base.<\/li>\n<\/ol>\n<ul>\n<li>Posici\u00f3 inicial la coberta (sostre del temple):<\/li>\n<\/ul>\n<ol>\n<li>Recta dins de la Base (horitzontal, per entendre&#8217;ns, amb la punta, o v\u00e8rtex, cap amunt). En el moment de comen\u00e7ar el repte ha d&#8217;estar dins de la base en aquesta posici\u00f3<\/li>\n<li>Posar-vosaltres sobre o tocant el robot, en la posici\u00f3 desitjada durant el repte, sempre que el robot estigui dins de la base (es considera que el robot est\u00e0 dins de la Base, quan aquest est\u00e0 al 100% dins de la Base).<\/li>\n<li>Girada dins de la base (tant \u00e9s quina sigui la posici\u00f3 mentre no estigui recte)<\/li>\n<\/ol>\n<h4><a name=\"TOC-REPTE-GAIREB-ACONSEGUIT\"><\/a>REPTE GAIREB\u00c9 ACONSEGUIT<\/h4>\n<p><iframe loading=\"lazy\" src=\"https:\/\/www.youtube.com\/embed\/lwl2DR_pCOw\" width=\"560\" height=\"315\" frameborder=\"0\" allowfullscreen=\"allowfullscreen\"><\/iframe><\/p>\n","protected":false},"excerpt":{"rendered":"<p>4rt Repte: Damon, el constructor de temples!<br \/>\nCom b\u00e9 sabeu, en la primera prova, hi va haver un terratr\u00e8mol que va destruir temples i va fer enfurismar als d\u00e9us, ara ens toca reconstruir els seus temples. Damon, despr\u00e9s del seu intent de ser atleta grec, va&hellip;  <a href=\"https:\/\/agora.xtec.cat\/iessantfeliu\/clautic-league\/clautic-2015-16\/clautic-2015-16-repte-4\/\" title=\"Read ClauTIC 2015-16 &#8211; Repte 4\">Llegeix m\u00e9s\u00bb<\/a><\/p>\n","protected":false},"author":1,"featured_media":0,"parent":2970,"menu_order":0,"comment_status":"closed","ping_status":"closed","template":"page-templates\/side-menu.php","meta":{"_bbp_topic_count":0,"_bbp_reply_count":0,"_bbp_total_topic_count":0,"_bbp_total_reply_count":0,"_bbp_voice_count":0,"_bbp_anonymous_reply_count":0,"_bbp_topic_count_hidden":0,"_bbp_reply_count_hidden":0,"_bbp_forum_subforum_count":0,"footnotes":""},"class_list":["post-2978","page","type-page","status-publish","hentry"],"post_mailing_queue_ids":[],"_links":{"self":[{"href":"https:\/\/agora.xtec.cat\/iessantfeliu\/wp-json\/wp\/v2\/pages\/2978","targetHints":{"allow":["GET"]}}],"collection":[{"href":"https:\/\/agora.xtec.cat\/iessantfeliu\/wp-json\/wp\/v2\/pages"}],"about":[{"href":"https:\/\/agora.xtec.cat\/iessantfeliu\/wp-json\/wp\/v2\/types\/page"}],"author":[{"embeddable":true,"href":"https:\/\/agora.xtec.cat\/iessantfeliu\/wp-json\/wp\/v2\/users\/1"}],"replies":[{"embeddable":true,"href":"https:\/\/agora.xtec.cat\/iessantfeliu\/wp-json\/wp\/v2\/comments?post=2978"}],"version-history":[{"count":2,"href":"https:\/\/agora.xtec.cat\/iessantfeliu\/wp-json\/wp\/v2\/pages\/2978\/revisions"}],"predecessor-version":[{"id":2990,"href":"https:\/\/agora.xtec.cat\/iessantfeliu\/wp-json\/wp\/v2\/pages\/2978\/revisions\/2990"}],"up":[{"embeddable":true,"href":"https:\/\/agora.xtec.cat\/iessantfeliu\/wp-json\/wp\/v2\/pages\/2970"}],"wp:attachment":[{"href":"https:\/\/agora.xtec.cat\/iessantfeliu\/wp-json\/wp\/v2\/media?parent=2978"}],"curies":[{"name":"wp","href":"https:\/\/api.w.org\/{rel}","templated":true}]}}