{"id":2949,"date":"2018-03-03T16:03:00","date_gmt":"2018-03-03T15:03:00","guid":{"rendered":"http:\/\/agora.xtec.cat\/iessantfeliu\/?page_id=2949"},"modified":"2018-03-03T17:09:02","modified_gmt":"2018-03-03T16:09:02","slug":"clautic-2014-15-repte-4","status":"publish","type":"page","link":"https:\/\/agora.xtec.cat\/iessantfeliu\/clautic-league\/clautic-2014-15\/clautic-2014-15-repte-4\/","title":{"rendered":"ClauTIC 2014-15 &#8211; Repte 4"},"content":{"rendered":"<h4>4rt Repte: Aconseguim l&#8217;or<\/h4>\n<div><\/div>\n<div><b>OBJECTIU<br \/>\n<\/b>Aconseguir recollir les 3 monedes d\u2019or que hi ha a la mina d\u2019or.<\/div>\n<h6><b>MATERIAL<\/b><\/h6>\n<p>En aquesta prova necessiteu:<\/p>\n<p>&#8211; 3 c\u00e0psules daurades que s\u2019han de posar a dins del cercle daurat on posa \u201cMina d\u2019or\u201d.<br \/>\n&#8211; El vostre robot<br \/>\n&#8211; Podeu utilitzar sensors si ho creieu necessari<\/p>\n<p><b>PUNTUACI\u00d3<\/b><\/p>\n<p>En aquesta prova es puntua per objectiu aconseguit i per temps. Primer de tot es puntua en funci\u00f3 de les monedes d\u2019or recollides, si hem recollit les mateixes monedes, es tindr\u00e0 en compte que hagi fet el circuit correcte. Entre els que recullin el mateix nombre de monedes i facin el circuit correcte, es decidir\u00e0 per temps. Entre un robot que reculli les 3 monedes, per\u00f2 amb un circuit incorrecte i un que reculli menys monedes, per\u00f2 fent el circuit correcte, quedar\u00e0 m\u00e9s ben posicionat el primer robot.<\/p>\n<p><iframe loading=\"lazy\" src=\"https:\/\/www.youtube.com\/embed\/W7VUA6-IgB8\" width=\"560\" height=\"315\" frameborder=\"0\" allowfullscreen=\"allowfullscreen\"><\/iframe><\/p>\n","protected":false},"excerpt":{"rendered":"<p>4rt Repte: Aconseguim l&#8217;or<\/p>\n<p>OBJECTIU<br \/>\nAconseguir recollir les 3 monedes d\u2019or que hi ha a la mina d\u2019or.<br \/>\nMATERIAL<br \/>\nEn aquesta prova necessiteu:<br \/>\n&#8211; 3 c\u00e0psules daurades que s\u2019han de posar a dins del cercle daurat on posa \u201cMina d\u2019or\u201d.<br \/>\n&#8211; El vostre robot<br \/>\n&#8211; Podeu utilitzar sensors si ho creieu necessari<br \/>\nPUNTUACI\u00d3<br \/>\nEn&hellip;  <a href=\"https:\/\/agora.xtec.cat\/iessantfeliu\/clautic-league\/clautic-2014-15\/clautic-2014-15-repte-4\/\" title=\"Read ClauTIC 2014-15 &#8211; Repte 4\">Llegeix m\u00e9s\u00bb<\/a><\/p>\n","protected":false},"author":1,"featured_media":0,"parent":2940,"menu_order":0,"comment_status":"closed","ping_status":"closed","template":"page-templates\/side-menu.php","meta":{"_bbp_topic_count":0,"_bbp_reply_count":0,"_bbp_total_topic_count":0,"_bbp_total_reply_count":0,"_bbp_voice_count":0,"_bbp_anonymous_reply_count":0,"_bbp_topic_count_hidden":0,"_bbp_reply_count_hidden":0,"_bbp_forum_subforum_count":0,"footnotes":""},"class_list":["post-2949","page","type-page","status-publish","hentry"],"post_mailing_queue_ids":[],"_links":{"self":[{"href":"https:\/\/agora.xtec.cat\/iessantfeliu\/wp-json\/wp\/v2\/pages\/2949","targetHints":{"allow":["GET"]}}],"collection":[{"href":"https:\/\/agora.xtec.cat\/iessantfeliu\/wp-json\/wp\/v2\/pages"}],"about":[{"href":"https:\/\/agora.xtec.cat\/iessantfeliu\/wp-json\/wp\/v2\/types\/page"}],"author":[{"embeddable":true,"href":"https:\/\/agora.xtec.cat\/iessantfeliu\/wp-json\/wp\/v2\/users\/1"}],"replies":[{"embeddable":true,"href":"https:\/\/agora.xtec.cat\/iessantfeliu\/wp-json\/wp\/v2\/comments?post=2949"}],"version-history":[{"count":4,"href":"https:\/\/agora.xtec.cat\/iessantfeliu\/wp-json\/wp\/v2\/pages\/2949\/revisions"}],"predecessor-version":[{"id":2993,"href":"https:\/\/agora.xtec.cat\/iessantfeliu\/wp-json\/wp\/v2\/pages\/2949\/revisions\/2993"}],"up":[{"embeddable":true,"href":"https:\/\/agora.xtec.cat\/iessantfeliu\/wp-json\/wp\/v2\/pages\/2940"}],"wp:attachment":[{"href":"https:\/\/agora.xtec.cat\/iessantfeliu\/wp-json\/wp\/v2\/media?parent=2949"}],"curies":[{"name":"wp","href":"https:\/\/api.w.org\/{rel}","templated":true}]}}