{"id":2947,"date":"2018-03-03T16:02:44","date_gmt":"2018-03-03T15:02:44","guid":{"rendered":"http:\/\/agora.xtec.cat\/iessantfeliu\/?page_id=2947"},"modified":"2018-03-03T16:33:05","modified_gmt":"2018-03-03T15:33:05","slug":"clautic-2014-15-repte-3","status":"publish","type":"page","link":"https:\/\/agora.xtec.cat\/iessantfeliu\/clautic-league\/clautic-2014-15\/clautic-2014-15-repte-3\/","title":{"rendered":"ClauTIC 2014-15 &#8211; Repte 3"},"content":{"rendered":"<h4>3r Repte: Atleta Olimpic 2!<\/h4>\n<p>Seguim amb el nostre atleta. Ara \u00e9s el torn de c\u00f3rrer. Una altra de les proves relacionada amb els Agones Atl\u00e8tics eren les carreres. En aquest cas, segur que podeu localitzar una l\u00ednia negra que representa la t\u00edpica pista\u00a0 d&#8217;atletisme. Anem a entrenar!<\/p>\n<h6>EL REPTE:<\/h6>\n<p>En aquest repte hem de c\u00f3rrer m\u00e9s que la resta d&#8217;equips, de fet representa que hem de c\u00f3rrer 1600 metres llisos (4 voltes). Un cop correguts aquests metres el robot ha de parar autom\u00e0ticament.<\/p>\n<h6>OBJECTIU:<\/h6>\n<p>Fer 4 voltes a la m\u00e0xima velocitat seguint la l\u00ednia negra del circuit que est\u00e0 a la part inferior esquerra.<\/p>\n<h6>COM FUNCIONA?<\/h6>\n<p>El robot ha d&#8217;estar posicionat inicialment abans de la l\u00ednia blanca i va a fer les voltes en el sentit contrari de les agulles del rellotge. El robot ha de seguir la l\u00ednia i heu de cronometrar quant triga a fer 4 voltes. La primera volta comen\u00e7a en el moment que el robot comen\u00e7a a moure. El robot no es pot tocar amb la m\u00e0 ni cap objecte mentre d\u00f3na les voltes.<\/p>\n<h6>REGLES:<\/h6>\n<p>El robot ha de sortir mirant cap a la part inferior de la lona darrere de la l\u00ednia blanca que creua amb el circuit que est\u00e0 a la part inferior esquerra. El cron\u00f2metre s&#8217;enc\u00e9n quan el robot es comen\u00e7a a moure i s&#8217;atura quan aquest acaba les<br \/>\n4 voltes.<\/p>\n<p>Es considera que el robot ha fet una volta cada vegada que creua la l\u00ednia blanca, quan qualsevol part del robot creua aquesta l\u00ednia. Un cop el robot hagi fet les 4 voltes ha de parar autom\u00e0ticament.<\/p>\n<h4><a name=\"TOC-REPTE-ACONSEGUIT-AMB-UN-TEMPS-DE-41-SEGONS-\"><\/a>REPTE ACONSEGUIT AMB UN TEMPS DE 41 SEGONS!!!<\/h4>\n<p><iframe loading=\"lazy\" src=\"https:\/\/www.youtube.com\/embed\/tqo6V3BHX0k\" width=\"560\" height=\"315\" frameborder=\"0\" allowfullscreen=\"allowfullscreen\"><\/iframe><\/p>\n<p><iframe loading=\"lazy\" src=\"https:\/\/www.youtube.com\/embed\/nT53ffeTxmE\" width=\"560\" height=\"315\" frameborder=\"0\" allowfullscreen=\"allowfullscreen\"><\/iframe><\/p>\n<p><iframe loading=\"lazy\" src=\"https:\/\/www.youtube.com\/embed\/7T6g6ZWKFho\" width=\"560\" height=\"315\" frameborder=\"0\" allowfullscreen=\"allowfullscreen\"><\/iframe><\/p>\n","protected":false},"excerpt":{"rendered":"<p>3r Repte: Atleta Olimpic 2!<br \/>\nSeguim amb el nostre atleta. Ara \u00e9s el torn de c\u00f3rrer. Una altra de les proves relacionada amb els Agones Atl\u00e8tics eren les carreres. En aquest cas, segur que podeu localitzar una l\u00ednia negra que representa la t\u00edpica pista\u00a0 d&#8217;atletisme. Anem&hellip;  <a href=\"https:\/\/agora.xtec.cat\/iessantfeliu\/clautic-league\/clautic-2014-15\/clautic-2014-15-repte-3\/\" title=\"Read ClauTIC 2014-15 &#8211; Repte 3\">Llegeix m\u00e9s\u00bb<\/a><\/p>\n","protected":false},"author":1,"featured_media":0,"parent":2940,"menu_order":0,"comment_status":"closed","ping_status":"closed","template":"page-templates\/side-menu.php","meta":{"_bbp_topic_count":0,"_bbp_reply_count":0,"_bbp_total_topic_count":0,"_bbp_total_reply_count":0,"_bbp_voice_count":0,"_bbp_anonymous_reply_count":0,"_bbp_topic_count_hidden":0,"_bbp_reply_count_hidden":0,"_bbp_forum_subforum_count":0,"footnotes":""},"class_list":["post-2947","page","type-page","status-publish","hentry"],"post_mailing_queue_ids":[],"_links":{"self":[{"href":"https:\/\/agora.xtec.cat\/iessantfeliu\/wp-json\/wp\/v2\/pages\/2947","targetHints":{"allow":["GET"]}}],"collection":[{"href":"https:\/\/agora.xtec.cat\/iessantfeliu\/wp-json\/wp\/v2\/pages"}],"about":[{"href":"https:\/\/agora.xtec.cat\/iessantfeliu\/wp-json\/wp\/v2\/types\/page"}],"author":[{"embeddable":true,"href":"https:\/\/agora.xtec.cat\/iessantfeliu\/wp-json\/wp\/v2\/users\/1"}],"replies":[{"embeddable":true,"href":"https:\/\/agora.xtec.cat\/iessantfeliu\/wp-json\/wp\/v2\/comments?post=2947"}],"version-history":[{"count":3,"href":"https:\/\/agora.xtec.cat\/iessantfeliu\/wp-json\/wp\/v2\/pages\/2947\/revisions"}],"predecessor-version":[{"id":2962,"href":"https:\/\/agora.xtec.cat\/iessantfeliu\/wp-json\/wp\/v2\/pages\/2947\/revisions\/2962"}],"up":[{"embeddable":true,"href":"https:\/\/agora.xtec.cat\/iessantfeliu\/wp-json\/wp\/v2\/pages\/2940"}],"wp:attachment":[{"href":"https:\/\/agora.xtec.cat\/iessantfeliu\/wp-json\/wp\/v2\/media?parent=2947"}],"curies":[{"name":"wp","href":"https:\/\/api.w.org\/{rel}","templated":true}]}}