{"id":2937,"date":"2018-03-03T15:48:09","date_gmt":"2018-03-03T14:48:09","guid":{"rendered":"http:\/\/agora.xtec.cat\/iessantfeliu\/?page_id=2937"},"modified":"2018-03-03T17:13:10","modified_gmt":"2018-03-03T16:13:10","slug":"clautic-league","status":"publish","type":"page","link":"https:\/\/agora.xtec.cat\/iessantfeliu\/clautic-league\/","title":{"rendered":"ClauTIC League"},"content":{"rendered":"<div>\n<div dir=\"ltr\">\n<div dir=\"ltr\">\n<div dir=\"ltr\">\n<h4 dir=\"ltr\"><span style=\"font-family: verdana, sans-serif; font-size: x-large;\"><img loading=\"lazy\" decoding=\"async\" class=\"aligncenter size-medium wp-image-2995\" src=\"http:\/\/agora.xtec.cat\/iessantfeliu\/wp-content\/uploads\/usu232\/2018\/03\/portada_clautic_league1-300x79.png\" alt=\"\" width=\"300\" height=\"79\" srcset=\"https:\/\/agora.xtec.cat\/iessantfeliu\/wp-content\/uploads\/usu232\/2018\/03\/portada_clautic_league1-300x79.png 300w, https:\/\/agora.xtec.cat\/iessantfeliu\/wp-content\/uploads\/usu232\/2018\/03\/portada_clautic_league1.png 760w\" sizes=\"auto, (max-width: 300px) 100vw, 300px\" \/>Qu\u00e8 \u00e9s la ClauTIC League?<b> <\/b><\/span><\/h4>\n<p dir=\"ltr\"><a href=\"http:\/\/www.clautic.com\/league\/\" target=\"_blank\" rel=\"nofollow noopener noreferrer\">ClauTIC League <\/a>\u00e9s un concurs de\u00a0rob\u00f2tica online, per a nois\/es de 7 a 18 anys. a on les edicions de cada any van sobre una\u00a0tem\u00e0tica\u00a0diferent<\/p>\n<p dir=\"ltr\">En aquest concurs es proposen \u00a0una s\u00e8rie de proves durant tot el curs . Son 6 reptes, un repte cada 6 setmanes. \u00a0S&#8217;han de treballar aspectes com la f\u00edsica, la mec\u00e0nica, electr\u00f2nica, fent servir la creativitat \u00a0i que ens permet ampliar els nostres coneixements sobre la rob\u00f2tica. Cada equip ha\u00a0d&#8217;incloure\u00a0com a\u00a0m\u00e0xim\u00a08 membres.<\/p>\n<p dir=\"ltr\">\n<\/div>\n<\/div>\n<\/div>\n<\/div>\n","protected":false},"excerpt":{"rendered":"<p>Qu\u00e8 \u00e9s la ClauTIC League?<br \/>\n<a href=\"http:\/\/www.clautic.com\/league\/\" target=\"_blank\" rel=\"nofollow noopener noreferrer\">ClauTIC League <\/a>\u00e9s un concurs de\u00a0rob\u00f2tica online, per a nois\/es de 7 a 18 anys. a on les edicions de cada any van sobre una\u00a0tem\u00e0tica\u00a0diferent<br \/>\nEn aquest concurs es proposen \u00a0una s\u00e8rie de proves durant tot&hellip;  <a href=\"https:\/\/agora.xtec.cat\/iessantfeliu\/clautic-league\/\" title=\"Read ClauTIC League\">Llegeix m\u00e9s\u00bb<\/a><\/p>\n","protected":false},"author":1,"featured_media":0,"parent":0,"menu_order":0,"comment_status":"closed","ping_status":"closed","template":"page-templates\/side-menu.php","meta":{"_bbp_topic_count":0,"_bbp_reply_count":0,"_bbp_total_topic_count":0,"_bbp_total_reply_count":0,"_bbp_voice_count":0,"_bbp_anonymous_reply_count":0,"_bbp_topic_count_hidden":0,"_bbp_reply_count_hidden":0,"_bbp_forum_subforum_count":0,"footnotes":""},"class_list":["post-2937","page","type-page","status-publish","hentry"],"post_mailing_queue_ids":[],"_links":{"self":[{"href":"https:\/\/agora.xtec.cat\/iessantfeliu\/wp-json\/wp\/v2\/pages\/2937","targetHints":{"allow":["GET"]}}],"collection":[{"href":"https:\/\/agora.xtec.cat\/iessantfeliu\/wp-json\/wp\/v2\/pages"}],"about":[{"href":"https:\/\/agora.xtec.cat\/iessantfeliu\/wp-json\/wp\/v2\/types\/page"}],"author":[{"embeddable":true,"href":"https:\/\/agora.xtec.cat\/iessantfeliu\/wp-json\/wp\/v2\/users\/1"}],"replies":[{"embeddable":true,"href":"https:\/\/agora.xtec.cat\/iessantfeliu\/wp-json\/wp\/v2\/comments?post=2937"}],"version-history":[{"count":3,"href":"https:\/\/agora.xtec.cat\/iessantfeliu\/wp-json\/wp\/v2\/pages\/2937\/revisions"}],"predecessor-version":[{"id":2997,"href":"https:\/\/agora.xtec.cat\/iessantfeliu\/wp-json\/wp\/v2\/pages\/2937\/revisions\/2997"}],"wp:attachment":[{"href":"https:\/\/agora.xtec.cat\/iessantfeliu\/wp-json\/wp\/v2\/media?parent=2937"}],"curies":[{"name":"wp","href":"https:\/\/api.w.org\/{rel}","templated":true}]}}