{"id":2916,"date":"2018-03-02T16:26:28","date_gmt":"2018-03-02T15:26:28","guid":{"rendered":"http:\/\/agora.xtec.cat\/iessantfeliu\/?page_id=2916"},"modified":"2018-03-02T16:34:54","modified_gmt":"2018-03-02T15:34:54","slug":"mobile-history-maps","status":"publish","type":"page","link":"https:\/\/agora.xtec.cat\/iessantfeliu\/mobile-history-maps\/","title":{"rendered":"Mobile History Maps"},"content":{"rendered":"<div><a href=\"https:\/\/sites.google.com\/a\/isantfeliu.net\/mobile-history-map\/home\/curs-2015-16\/220x260-1.jpg?attredirects=0\"><img loading=\"lazy\" decoding=\"async\" src=\"https:\/\/sites.google.com\/a\/isantfeliu.net\/mobile-history-map\/_\/rsrc\/1456749442655\/home\/curs-2015-16\/220x260-1.jpg?height=200&amp;width=169\" width=\"169\" height=\"200\" border=\"0\" \/><\/a><\/div>\n<p><b>Geobiografies<\/b> \u00e9s un projecte que\u00a0consisteix en l&#8217;elaboraci\u00f3 d&#8217;una <b>biografia multim\u00e8dia i pluriling\u00fce<\/b>\u00a0 a partir de\u00a0la de geolocalitzaci\u00f3 en<b> l&#8217;<\/b><b>entorn del MHM. <\/b>Es tracta\u00a0de crear en el mapa punts relacionats amb\u00a0els fets m\u00e9s importants de la vida d&#8217;una personalitat contempor\u00e0nia de\u00a0l&#8217;entorn proper del centre o que tingui rellev\u00e0ncia hist\u00f2rica per la seves aportacions socials o culturals.<\/p>\n<p>La coordinaci\u00f3 del projecte es fa conjuntament entre el Servei TAC, Tecnologies per a l&#8217;Aprenentatge i el\u00a0Coneixement, de la Direcci\u00f3 General d\u2019Atenci\u00f3 a la Fam\u00edlia i Comunitat Educativa i el Servei d&#8217;Immersi\u00f3 i\u00a0Acolliment Ling\u00fc\u00edstics de la Subdirecci\u00f3 de Llengua i Pluriling\u00fcisme.<\/p>\n<h5><a name=\"TOC-Aquest-curs-els-alumnes-de-3r-d-ESO-participem-en-aquest-projecte-Aqu-podeu-veure-la-nostra-presentaci-\"><\/a><i>Aquest curs, els alumnes de 3r d&#8217;ESO participem en aquest projecte! Aqu\u00ed podeu veure la nostra presentaci\u00f3!<\/i><\/h5>\n<div><a href=\"https:\/\/www.youtube.com\/watch?v=EV7YqtXOsNg\" target=\"_blank\" rel=\"noopener noreferrer\"><img decoding=\"async\" src=\"https:\/\/sites.google.com\/a\/isantfeliu.net\/mobile-history-map\/_\/rsrc\/1454576565728\/home\/curs-2015-16\/mhm.JPG\" alt=\"Presentaci\u00f3 projecte Geobiografies\" border=\"0\" \/><\/a><\/div>\n<div id=\"sites-canvas-bottom-panel\"><\/div>\n<div id=\"sites-chrome-footer-wrapper\"><\/div>\n","protected":false},"excerpt":{"rendered":"<p><a href=\"https:\/\/sites.google.com\/a\/isantfeliu.net\/mobile-history-map\/home\/curs-2015-16\/220x260-1.jpg?attredirects=0\"><\/a><br \/>\nGeobiografies \u00e9s un projecte que\u00a0consisteix en l&#8217;elaboraci\u00f3 d&#8217;una biografia multim\u00e8dia i pluriling\u00fce\u00a0 a partir de\u00a0la de geolocalitzaci\u00f3 en l&#8217;entorn del MHM. Es tracta\u00a0de crear en el mapa punts relacionats amb\u00a0els fets m\u00e9s importants de la vida d&#8217;una personalitat contempor\u00e0nia de\u00a0l&#8217;entorn proper del centre o&hellip;  <a href=\"https:\/\/agora.xtec.cat\/iessantfeliu\/mobile-history-maps\/\" title=\"Read Mobile History Maps\">Llegeix m\u00e9s\u00bb<\/a><\/p>\n","protected":false},"author":1,"featured_media":0,"parent":0,"menu_order":0,"comment_status":"closed","ping_status":"closed","template":"page-templates\/side-menu.php","meta":{"_bbp_topic_count":0,"_bbp_reply_count":0,"_bbp_total_topic_count":0,"_bbp_total_reply_count":0,"_bbp_voice_count":0,"_bbp_anonymous_reply_count":0,"_bbp_topic_count_hidden":0,"_bbp_reply_count_hidden":0,"_bbp_forum_subforum_count":0,"footnotes":""},"class_list":["post-2916","page","type-page","status-publish","hentry"],"post_mailing_queue_ids":[],"_links":{"self":[{"href":"https:\/\/agora.xtec.cat\/iessantfeliu\/wp-json\/wp\/v2\/pages\/2916","targetHints":{"allow":["GET"]}}],"collection":[{"href":"https:\/\/agora.xtec.cat\/iessantfeliu\/wp-json\/wp\/v2\/pages"}],"about":[{"href":"https:\/\/agora.xtec.cat\/iessantfeliu\/wp-json\/wp\/v2\/types\/page"}],"author":[{"embeddable":true,"href":"https:\/\/agora.xtec.cat\/iessantfeliu\/wp-json\/wp\/v2\/users\/1"}],"replies":[{"embeddable":true,"href":"https:\/\/agora.xtec.cat\/iessantfeliu\/wp-json\/wp\/v2\/comments?post=2916"}],"version-history":[{"count":3,"href":"https:\/\/agora.xtec.cat\/iessantfeliu\/wp-json\/wp\/v2\/pages\/2916\/revisions"}],"predecessor-version":[{"id":2918,"href":"https:\/\/agora.xtec.cat\/iessantfeliu\/wp-json\/wp\/v2\/pages\/2916\/revisions\/2918"}],"wp:attachment":[{"href":"https:\/\/agora.xtec.cat\/iessantfeliu\/wp-json\/wp\/v2\/media?parent=2916"}],"curies":[{"name":"wp","href":"https:\/\/api.w.org\/{rel}","templated":true}]}}