{"id":2867,"date":"2018-03-01T23:27:16","date_gmt":"2018-03-01T22:27:16","guid":{"rendered":"http:\/\/agora.xtec.cat\/iessantfeliu\/?page_id=2867"},"modified":"2018-03-02T16:08:06","modified_gmt":"2018-03-02T15:08:06","slug":"projecte-cientific","status":"publish","type":"page","link":"https:\/\/agora.xtec.cat\/iessantfeliu\/fll\/fll-2015-el-repte\/projecte-cientific\/","title":{"rendered":"FLL 2015 &#8211; Projecte Cient\u00edfic"},"content":{"rendered":"<h5 dir=\"ltr\">Introducci\u00f3<\/h5>\n<p dir=\"ltr\">El tema que hem triat per fer el nostre treball \u00e9s la c\u00e8l\u00b7lula i els seus org\u00e0nuls. El vam triar perqu\u00e8 un dia mentre f\u00e8iem classe de biologia, sobre el tema de la c\u00e8l\u00b7lula, ens vam adonar que als nostres companys de classe, i a nosaltres, ens costava molt aquest tema. En acabar la classe vam decidir fer-li unes preguntes a la professora. Vam preguntar-li si li era dif\u00edcil ensenyar aquest tema als alumnes i ens va respondre que s\u00ed. Aleshores vam preguntar-li si creia que seria \u00fatil que hi hagu\u00e9s una nova manera m\u00e9s did\u00e0ctica i visual per ensenyar aquest tema i com que ens va respondre que s\u00ed, vam decidir que aquest seria el tema del nostre projecte cient\u00edfic.<\/p>\n<h5 dir=\"ltr\">Projecte de recerca<\/h5>\n<p dir=\"ltr\">El nostre treball consta de 3 parts:<\/p>\n<p><span style=\"font-size: large;\">Programaci\u00f3 amb Scratch:<\/span> Durant 4 hores aproxim\u00e0dament vam fer un projecte en el programa Scratch que consistia en programar una maqueta d\u2019una c\u00e8l\u00b7lula, la qual us la mostrem a continuaci\u00f3.<\/p>\n<p><img loading=\"lazy\" decoding=\"async\" class=\"size-medium wp-image-2911 alignleft\" src=\"http:\/\/agora.xtec.cat\/iessantfeliu\/wp-content\/uploads\/usu232\/2018\/03\/S4A-imatge-1-300x188.jpg\" alt=\"\" width=\"300\" height=\"188\" srcset=\"https:\/\/agora.xtec.cat\/iessantfeliu\/wp-content\/uploads\/usu232\/2018\/03\/S4A-imatge-1-300x188.jpg 300w, https:\/\/agora.xtec.cat\/iessantfeliu\/wp-content\/uploads\/usu232\/2018\/03\/S4A-imatge-1-768x480.jpg 768w, https:\/\/agora.xtec.cat\/iessantfeliu\/wp-content\/uploads\/usu232\/2018\/03\/S4A-imatge-1-1024x640.jpg 1024w, https:\/\/agora.xtec.cat\/iessantfeliu\/wp-content\/uploads\/usu232\/2018\/03\/S4A-imatge-1.jpg 1280w\" sizes=\"auto, (max-width: 300px) 100vw, 300px\" \/> <img loading=\"lazy\" decoding=\"async\" class=\"aligncenter size-medium wp-image-2912\" src=\"http:\/\/agora.xtec.cat\/iessantfeliu\/wp-content\/uploads\/usu232\/2018\/03\/S4A-imatge-2-300x188.jpg\" alt=\"\" width=\"300\" height=\"188\" srcset=\"https:\/\/agora.xtec.cat\/iessantfeliu\/wp-content\/uploads\/usu232\/2018\/03\/S4A-imatge-2-300x188.jpg 300w, https:\/\/agora.xtec.cat\/iessantfeliu\/wp-content\/uploads\/usu232\/2018\/03\/S4A-imatge-2-768x480.jpg 768w, https:\/\/agora.xtec.cat\/iessantfeliu\/wp-content\/uploads\/usu232\/2018\/03\/S4A-imatge-2-1024x640.jpg 1024w, https:\/\/agora.xtec.cat\/iessantfeliu\/wp-content\/uploads\/usu232\/2018\/03\/S4A-imatge-2.jpg 1280w\" sizes=\"auto, (max-width: 300px) 100vw, 300px\" \/><\/p>\n<p dir=\"ltr\">\n<p dir=\"ltr\"><span style=\"font-size: large;\">Programaci\u00f3 amb AppInventor: <\/span>Vam fer el mateix que amb el programa Scratch per\u00f2 en l\u2019AppInventor (programa per crear una aplicaci\u00f3 en m\u00f2vils, tablets i similars).<br \/>\n<img decoding=\"async\" src=\"https:\/\/lh5.googleusercontent.com\/xumdPbMHRcqJJBBdQ_n29q7OuQfyP296RKMwNlyZ2z3jrDUWE5ndVR013LgHMlJzadG_GFBS8LYoPj2BZGlrrtIkYahFC1HKuN1B08p5e-9aN59RBUHS4O-TnApB8-u_CCYJ\" width=\"416px;\" height=\"278px;\" \/><\/p>\n<p><span style=\"font-size: large;\">\u00b7 Creaci\u00f3 de la maqueta:<\/span> Oriol (Maqueta f\u00edsica) Stefan (sketchUp) Un membre del grup va agafar una esfera de porexpan i la va tallar de manera que m\u00e9s o menys quedi d\u2019aquesta forma:<\/p>\n<p dir=\"ltr\"><img decoding=\"async\" src=\"https:\/\/lh4.googleusercontent.com\/0QEL-oABa76tzYnuYtvBv4ZexFa69532xBCdyG6NYF7CWLLVqbEAB_wvT1aWJbHG6EHZB43NzhoY-9VvAsf3weRy0TyRdNdSOyr_fgL0YjGyfdoWChMlqINuYlFIiTY29u7_\" width=\"383px;\" height=\"311px;\" \/><\/p>\n","protected":false},"excerpt":{"rendered":"<p>Introducci\u00f3<br \/>\nEl tema que hem triat per fer el nostre treball \u00e9s la c\u00e8l\u00b7lula i els seus org\u00e0nuls. El vam triar perqu\u00e8 un dia mentre f\u00e8iem classe de biologia, sobre el tema de la c\u00e8l\u00b7lula, ens vam adonar que als nostres companys de classe, i a&hellip;  <a href=\"https:\/\/agora.xtec.cat\/iessantfeliu\/fll\/fll-2015-el-repte\/projecte-cientific\/\" title=\"Read FLL 2015 &#8211; Projecte Cient\u00edfic\">Llegeix m\u00e9s\u00bb<\/a><\/p>\n","protected":false},"author":1,"featured_media":0,"parent":2863,"menu_order":0,"comment_status":"closed","ping_status":"closed","template":"page-templates\/side-menu.php","meta":{"_bbp_topic_count":0,"_bbp_reply_count":0,"_bbp_total_topic_count":0,"_bbp_total_reply_count":0,"_bbp_voice_count":0,"_bbp_anonymous_reply_count":0,"_bbp_topic_count_hidden":0,"_bbp_reply_count_hidden":0,"_bbp_forum_subforum_count":0,"footnotes":""},"class_list":["post-2867","page","type-page","status-publish","hentry"],"post_mailing_queue_ids":[],"_links":{"self":[{"href":"https:\/\/agora.xtec.cat\/iessantfeliu\/wp-json\/wp\/v2\/pages\/2867","targetHints":{"allow":["GET"]}}],"collection":[{"href":"https:\/\/agora.xtec.cat\/iessantfeliu\/wp-json\/wp\/v2\/pages"}],"about":[{"href":"https:\/\/agora.xtec.cat\/iessantfeliu\/wp-json\/wp\/v2\/types\/page"}],"author":[{"embeddable":true,"href":"https:\/\/agora.xtec.cat\/iessantfeliu\/wp-json\/wp\/v2\/users\/1"}],"replies":[{"embeddable":true,"href":"https:\/\/agora.xtec.cat\/iessantfeliu\/wp-json\/wp\/v2\/comments?post=2867"}],"version-history":[{"count":3,"href":"https:\/\/agora.xtec.cat\/iessantfeliu\/wp-json\/wp\/v2\/pages\/2867\/revisions"}],"predecessor-version":[{"id":2913,"href":"https:\/\/agora.xtec.cat\/iessantfeliu\/wp-json\/wp\/v2\/pages\/2867\/revisions\/2913"}],"up":[{"embeddable":true,"href":"https:\/\/agora.xtec.cat\/iessantfeliu\/wp-json\/wp\/v2\/pages\/2863"}],"wp:attachment":[{"href":"https:\/\/agora.xtec.cat\/iessantfeliu\/wp-json\/wp\/v2\/media?parent=2867"}],"curies":[{"name":"wp","href":"https:\/\/api.w.org\/{rel}","templated":true}]}}