{"id":2863,"date":"2018-03-01T23:26:32","date_gmt":"2018-03-01T22:26:32","guid":{"rendered":"http:\/\/agora.xtec.cat\/iessantfeliu\/?page_id=2863"},"modified":"2018-03-02T16:11:20","modified_gmt":"2018-03-02T15:11:20","slug":"fll-2015-el-repte","status":"publish","type":"page","link":"https:\/\/agora.xtec.cat\/iessantfeliu\/fll\/fll-2015-el-repte\/","title":{"rendered":"FLL 2015 &#8211; El Repte"},"content":{"rendered":"<p>Aquest any el repte de la FIRST LEGO LEAGUE \u00e9s el Word Class. L&#8217;objectiu d&#8217;aquest repte es crear\/desenvolupar una soluci\u00f3 innovadora que sigui efica\u00e7 per ensenyar als altres una cosa dif\u00edcil d&#8217;explicar o entendre ja que lo nostra soluci\u00f3 podria servir d&#8217;experi\u00e8ncia per alg\u00fa altre.<\/p>\n<h6 style=\"text-align: center;\">L&#8217;equip iSantFeliu Team GUANYADORS DEL PREMI AL PROJECTE CIENT\u00cdFIC DE LA FLL WORLD CLASS 2015! ENHORABONA NOIS!<\/h6>\n<div><a href=\"https:\/\/sites.google.com\/a\/isantfeliu.net\/isantfeliuteamfirstlegoleague\/home\/slideimage10.jpg?attredirects=0\"><img decoding=\"async\" class=\"aligncenter\" src=\"https:\/\/sites.google.com\/a\/isantfeliu.net\/isantfeliuteamfirstlegoleague\/_\/rsrc\/1426707885264\/home\/slideimage10.jpg\" border=\"0\" \/><\/a><\/div>\n<p>Nosaltres som l&#8217;equip SantFeliu Team, i est\u00e0 format per en Max, en Ferran, l&#8217;Stefan, l&#8217;Alex, l&#8217;Oriol, en Guillem, l&#8217;Arnau, en Joel, en\u00a0 Musta i en Fran.<\/p>\n<div><a href=\"https:\/\/sites.google.com\/a\/isantfeliu.net\/isantfeliuteamfirstlegoleague\/home\/lego%20leage.jpg?attredirects=0\"><img loading=\"lazy\" decoding=\"async\" class=\"aligncenter\" src=\"https:\/\/sites.google.com\/a\/isantfeliu.net\/isantfeliuteamfirstlegoleague\/_\/rsrc\/1417691311557\/home\/lego%20leage.jpg\" alt=\"\" width=\"475\" height=\"267\" border=\"0\" \/><\/a><\/div>\n","protected":false},"excerpt":{"rendered":"<p>Aquest any el repte de la FIRST LEGO LEAGUE \u00e9s el Word Class. L&#8217;objectiu d&#8217;aquest repte es crear\/desenvolupar una soluci\u00f3 innovadora que sigui efica\u00e7 per ensenyar als altres una cosa dif\u00edcil d&#8217;explicar o entendre ja que lo nostra soluci\u00f3 podria servir d&#8217;experi\u00e8ncia per alg\u00fa altre.<br \/>\nL&#8217;equip&hellip;  <a href=\"https:\/\/agora.xtec.cat\/iessantfeliu\/fll\/fll-2015-el-repte\/\" title=\"Read FLL 2015 &#8211; El Repte\">Llegeix m\u00e9s\u00bb<\/a><\/p>\n","protected":false},"author":1,"featured_media":0,"parent":2803,"menu_order":110,"comment_status":"closed","ping_status":"closed","template":"page-templates\/side-menu.php","meta":{"_bbp_topic_count":0,"_bbp_reply_count":0,"_bbp_total_topic_count":0,"_bbp_total_reply_count":0,"_bbp_voice_count":0,"_bbp_anonymous_reply_count":0,"_bbp_topic_count_hidden":0,"_bbp_reply_count_hidden":0,"_bbp_forum_subforum_count":0,"footnotes":""},"class_list":["post-2863","page","type-page","status-publish","hentry"],"post_mailing_queue_ids":[],"_links":{"self":[{"href":"https:\/\/agora.xtec.cat\/iessantfeliu\/wp-json\/wp\/v2\/pages\/2863","targetHints":{"allow":["GET"]}}],"collection":[{"href":"https:\/\/agora.xtec.cat\/iessantfeliu\/wp-json\/wp\/v2\/pages"}],"about":[{"href":"https:\/\/agora.xtec.cat\/iessantfeliu\/wp-json\/wp\/v2\/types\/page"}],"author":[{"embeddable":true,"href":"https:\/\/agora.xtec.cat\/iessantfeliu\/wp-json\/wp\/v2\/users\/1"}],"replies":[{"embeddable":true,"href":"https:\/\/agora.xtec.cat\/iessantfeliu\/wp-json\/wp\/v2\/comments?post=2863"}],"version-history":[{"count":3,"href":"https:\/\/agora.xtec.cat\/iessantfeliu\/wp-json\/wp\/v2\/pages\/2863\/revisions"}],"predecessor-version":[{"id":2914,"href":"https:\/\/agora.xtec.cat\/iessantfeliu\/wp-json\/wp\/v2\/pages\/2863\/revisions\/2914"}],"up":[{"embeddable":true,"href":"https:\/\/agora.xtec.cat\/iessantfeliu\/wp-json\/wp\/v2\/pages\/2803"}],"wp:attachment":[{"href":"https:\/\/agora.xtec.cat\/iessantfeliu\/wp-json\/wp\/v2\/media?parent=2863"}],"curies":[{"name":"wp","href":"https:\/\/api.w.org\/{rel}","templated":true}]}}