{"id":2859,"date":"2018-03-01T23:24:07","date_gmt":"2018-03-01T22:24:07","guid":{"rendered":"http:\/\/agora.xtec.cat\/iessantfeliu\/?page_id=2859"},"modified":"2018-03-02T00:02:06","modified_gmt":"2018-03-01T23:02:06","slug":"fll-2016-valors","status":"publish","type":"page","link":"https:\/\/agora.xtec.cat\/iessantfeliu\/fll\/fll-2016-el-repte\/fll-2016-valors\/","title":{"rendered":"FLL 2016 &#8211; Valors"},"content":{"rendered":"<div><span style=\"font-family: arial, sans-serif;\">Hem ideat un \u00a0p\u00f2ster explicant tots els valors que hem hagut de posar en pr\u00e0ctica per tal de tirar endavant el projecte. Valors com la cooperaci\u00f3, la dedicaci\u00f3, el comprom\u00eds i el treball en equip han estat fonamentals per completar els nostres objectius.<\/span><\/div>\n<div><span style=\"font-family: arial, sans-serif;\">\u00a0<\/span><\/div>\n<div>\n<div><a href=\"https:\/\/sites.google.com\/a\/isantfeliu.net\/isantfeliuteamfirstlegoleague\/fll-trash-trek\/valors-fll\/Valors.JPG?attredirects=0\"><img decoding=\"async\" src=\"https:\/\/sites.google.com\/a\/isantfeliu.net\/isantfeliuteamfirstlegoleague\/_\/rsrc\/1478782808871\/fll-trash-trek\/valors-fll\/Valors.JPG\" border=\"0\" \/><\/a><\/div>\n<\/div>\n","protected":false},"excerpt":{"rendered":"<p>Hem ideat un \u00a0p\u00f2ster explicant tots els valors que hem hagut de posar en pr\u00e0ctica per tal de tirar endavant el projecte. Valors com la cooperaci\u00f3, la dedicaci\u00f3, el comprom\u00eds i el treball en equip han estat fonamentals per completar els nostres objectius.<br \/>\n\u00a0<\/p>\n<p><a href=\"https:\/\/sites.google.com\/a\/isantfeliu.net\/isantfeliuteamfirstlegoleague\/fll-trash-trek\/valors-fll\/Valors.JPG?attredirects=0\"><\/a><\/p>\n","protected":false},"author":1,"featured_media":0,"parent":2853,"menu_order":0,"comment_status":"closed","ping_status":"closed","template":"page-templates\/side-menu.php","meta":{"_bbp_topic_count":0,"_bbp_reply_count":0,"_bbp_total_topic_count":0,"_bbp_total_reply_count":0,"_bbp_voice_count":0,"_bbp_anonymous_reply_count":0,"_bbp_topic_count_hidden":0,"_bbp_reply_count_hidden":0,"_bbp_forum_subforum_count":0,"footnotes":""},"class_list":["post-2859","page","type-page","status-publish","hentry"],"post_mailing_queue_ids":[],"_links":{"self":[{"href":"https:\/\/agora.xtec.cat\/iessantfeliu\/wp-json\/wp\/v2\/pages\/2859","targetHints":{"allow":["GET"]}}],"collection":[{"href":"https:\/\/agora.xtec.cat\/iessantfeliu\/wp-json\/wp\/v2\/pages"}],"about":[{"href":"https:\/\/agora.xtec.cat\/iessantfeliu\/wp-json\/wp\/v2\/types\/page"}],"author":[{"embeddable":true,"href":"https:\/\/agora.xtec.cat\/iessantfeliu\/wp-json\/wp\/v2\/users\/1"}],"replies":[{"embeddable":true,"href":"https:\/\/agora.xtec.cat\/iessantfeliu\/wp-json\/wp\/v2\/comments?post=2859"}],"version-history":[{"count":2,"href":"https:\/\/agora.xtec.cat\/iessantfeliu\/wp-json\/wp\/v2\/pages\/2859\/revisions"}],"predecessor-version":[{"id":2883,"href":"https:\/\/agora.xtec.cat\/iessantfeliu\/wp-json\/wp\/v2\/pages\/2859\/revisions\/2883"}],"up":[{"embeddable":true,"href":"https:\/\/agora.xtec.cat\/iessantfeliu\/wp-json\/wp\/v2\/pages\/2853"}],"wp:attachment":[{"href":"https:\/\/agora.xtec.cat\/iessantfeliu\/wp-json\/wp\/v2\/media?parent=2859"}],"curies":[{"name":"wp","href":"https:\/\/api.w.org\/{rel}","templated":true}]}}