{"id":2857,"date":"2018-03-01T23:23:47","date_gmt":"2018-03-01T22:23:47","guid":{"rendered":"http:\/\/agora.xtec.cat\/iessantfeliu\/?page_id=2857"},"modified":"2018-03-02T00:18:05","modified_gmt":"2018-03-01T23:18:05","slug":"fll-2016-projecte-cientific","status":"publish","type":"page","link":"https:\/\/agora.xtec.cat\/iessantfeliu\/fll\/fll-2016-el-repte\/fll-2016-projecte-cientific\/","title":{"rendered":"FLL 2016 &#8211; Projecte Cient\u00edfic"},"content":{"rendered":"<p>El nostre projecte consta de dues parts, una soluci\u00f3 educativa i una t\u00e8cnica.<\/p>\n<h4><a name=\"TOC-La-soluci-educativa\"><\/a><span style=\"font-size: medium;\"><b>La soluci\u00f3 educativa<\/b><\/span><\/h4>\n<p>Aquesta part del projecte va destinada a nens petits per tal de qu\u00e8 coneguin en qu\u00e8 consisteix el reciclatge i el seu proc\u00e9s, d&#8217;una manera m\u00e9s divertida i interactiva. Hem fet diferents aplicacions, amb l&#8217;Scratch i l&#8217;App Inventor on s&#8217;explica el proc\u00e9s del reciclatge i es formulen preguntes sobre aquest.<\/p>\n<div><a href=\"http:\/\/agora.xtec.cat\/iessantfeliu\/fll\/fll-2016-el-repte\/fll-2016-projecte-cientific\/fll-2016-projecte-cientific-reciclem-amb-scratch\/\"><img loading=\"lazy\" decoding=\"async\" class=\"alignleft\" src=\"https:\/\/sites.google.com\/a\/isantfeliu.net\/isantfeliuteamfirstlegoleague\/_\/rsrc\/1478782808869\/fll-trash-trek\/projecte-cientific\/367306-scratch-from-mit.jpg?height=130&amp;width=200\" alt=\"\" width=\"200\" height=\"130\" border=\"0\" \/><\/a><\/div>\n<p><b><span style=\"font-size: medium;\"><a href=\"http:\/\/agora.xtec.cat\/iessantfeliu\/fll\/fll-2016-el-repte\/fll-2016-projecte-cientific\/fll-2016-projecte-cientific-reciclem-amb-el-mobil\/\"><img loading=\"lazy\" decoding=\"async\" class=\"alignleft\" src=\"https:\/\/sites.google.com\/a\/isantfeliu.net\/isantfeliuteamfirstlegoleague\/_\/rsrc\/1478782808869\/fll-trash-trek\/projecte-cientific\/app-inventor.jpg?height=130&amp;width=200\" alt=\"\" width=\"200\" height=\"130\" border=\"0\" \/><\/a><\/span><\/b><\/p>\n<p>&nbsp;<\/p>\n<p>&nbsp;<\/p>\n<p>&nbsp;<\/p>\n<p>&nbsp;<\/p>\n<p>Tamb\u00e9 hem fet un dossier interactiu utilitzant el programa Aurasma, on mitjan\u00e7ant un aparell electr\u00f2nic es podr\u00e0 visualitzar diferents v\u00eddeos i imatges sobre el reciclatge del paper.<\/p>\n<p><a href=\"http:\/\/agora.xtec.cat\/iessantfeliu\/fll\/fll-2016-el-repte\/fll-2016-projecte-cientific\/fll-2016-projecte-cientific-reciclem-amb-realitat-augmentada\/\"><img loading=\"lazy\" decoding=\"async\" class=\"alignnone\" src=\"https:\/\/sites.google.com\/a\/isantfeliu.net\/isantfeliuteamfirstlegoleague\/_\/rsrc\/1478782808869\/fll-trash-trek\/projecte-cientific\/images.jpg?height=173&amp;width=200\" alt=\"\" width=\"124\" height=\"107\" border=\"0\" \/><\/a><b><span style=\"font-size: medium;\"><br \/>\n<\/span><\/b><\/p>\n<h4><a name=\"TOC-La-soluci-t-cnica\"><\/a><b><span style=\"font-size: medium;\">La soluci\u00f3 t\u00e8cnica<\/span><\/b><\/h4>\n<p>En els departaments del nostre institut no hi ha papereres pel paper. Per aix\u00f2 hem volgut crear una soluci\u00f3 on es col\u00b7loca una paperera a cada departament i a partir d&#8217;un sistema de sensors, es detectar\u00e0 quan les papereres estiguin plenes per poder-les buidar.<\/p>\n<p>Per mostrar-vos com ho volem fer, hem ideat una maqueta dels departaments i hi hem instal\u00b7lat el sistema de sensors.\u00a0 <a href=\"http:\/\/agora.xtec.cat\/iessantfeliu\/fll\/fll-2016-el-repte\/fll-2016-projecte-cientific\/fll-2016-projecte-cientific-solucio-tecnica\/\"><img loading=\"lazy\" decoding=\"async\" class=\"aligncenter\" src=\"https:\/\/sites.google.com\/a\/isantfeliu.net\/isantfeliuteamfirstlegoleague\/_\/rsrc\/1478782808869\/fll-trash-trek\/projecte-cientific\/IMG_2188.JPG?height=240&amp;width=320\" alt=\"\" width=\"320\" height=\"240\" border=\"0\" \/><\/a><\/p>\n","protected":false},"excerpt":{"rendered":"<p>El nostre projecte consta de dues parts, una soluci\u00f3 educativa i una t\u00e8cnica.<br \/>\n<a name=\"TOC-La-soluci-educativa\"><\/a>La soluci\u00f3 educativa<br \/>\nAquesta part del projecte va destinada a nens petits per tal de qu\u00e8 coneguin en qu\u00e8 consisteix el reciclatge i el seu proc\u00e9s, d&#8217;una manera m\u00e9s divertida i interactiva. Hem&hellip;  <a href=\"https:\/\/agora.xtec.cat\/iessantfeliu\/fll\/fll-2016-el-repte\/fll-2016-projecte-cientific\/\" title=\"Read FLL 2016 &#8211; Projecte Cient\u00edfic\">Llegeix m\u00e9s\u00bb<\/a><\/p>\n","protected":false},"author":1,"featured_media":0,"parent":2853,"menu_order":0,"comment_status":"closed","ping_status":"closed","template":"page-templates\/side-menu.php","meta":{"_bbp_topic_count":0,"_bbp_reply_count":0,"_bbp_total_topic_count":0,"_bbp_total_reply_count":0,"_bbp_voice_count":0,"_bbp_anonymous_reply_count":0,"_bbp_topic_count_hidden":0,"_bbp_reply_count_hidden":0,"_bbp_forum_subforum_count":0,"footnotes":""},"class_list":["post-2857","page","type-page","status-publish","hentry"],"post_mailing_queue_ids":[],"_links":{"self":[{"href":"https:\/\/agora.xtec.cat\/iessantfeliu\/wp-json\/wp\/v2\/pages\/2857","targetHints":{"allow":["GET"]}}],"collection":[{"href":"https:\/\/agora.xtec.cat\/iessantfeliu\/wp-json\/wp\/v2\/pages"}],"about":[{"href":"https:\/\/agora.xtec.cat\/iessantfeliu\/wp-json\/wp\/v2\/types\/page"}],"author":[{"embeddable":true,"href":"https:\/\/agora.xtec.cat\/iessantfeliu\/wp-json\/wp\/v2\/users\/1"}],"replies":[{"embeddable":true,"href":"https:\/\/agora.xtec.cat\/iessantfeliu\/wp-json\/wp\/v2\/comments?post=2857"}],"version-history":[{"count":4,"href":"https:\/\/agora.xtec.cat\/iessantfeliu\/wp-json\/wp\/v2\/pages\/2857\/revisions"}],"predecessor-version":[{"id":2895,"href":"https:\/\/agora.xtec.cat\/iessantfeliu\/wp-json\/wp\/v2\/pages\/2857\/revisions\/2895"}],"up":[{"embeddable":true,"href":"https:\/\/agora.xtec.cat\/iessantfeliu\/wp-json\/wp\/v2\/pages\/2853"}],"wp:attachment":[{"href":"https:\/\/agora.xtec.cat\/iessantfeliu\/wp-json\/wp\/v2\/media?parent=2857"}],"curies":[{"name":"wp","href":"https:\/\/api.w.org\/{rel}","templated":true}]}}