{"id":2853,"date":"2018-03-01T23:23:09","date_gmt":"2018-03-01T22:23:09","guid":{"rendered":"http:\/\/agora.xtec.cat\/iessantfeliu\/?page_id=2853"},"modified":"2018-03-02T00:00:46","modified_gmt":"2018-03-01T23:00:46","slug":"fll-2016-el-repte","status":"publish","type":"page","link":"https:\/\/agora.xtec.cat\/iessantfeliu\/fll\/fll-2016-el-repte\/","title":{"rendered":"FLL 2016 &#8211; El Repte"},"content":{"rendered":"<table class=\"sites-layout-name-two-column sites-layout-hbox\" cellspacing=\"0\">\n<tbody>\n<tr>\n<td class=\"sites-layout-tile sites-tile-name-content-1\">\n<div dir=\"ltr\">\n<div>\n<p><a href=\"https:\/\/sites.google.com\/a\/isantfeliu.net\/isantfeliuteamfirstlegoleague\/fll-trash-trek\/TrashTrek_Logo.jpg?attredirects=0\"><img decoding=\"async\" src=\"https:\/\/sites.google.com\/a\/isantfeliu.net\/isantfeliuteamfirstlegoleague\/_\/rsrc\/1478782801514\/fll-trash-trek\/TrashTrek_Logo.jpg\" border=\"0\" \/><\/a><\/p>\n<\/div>\n<\/div>\n<\/td>\n<td class=\"sites-layout-tile sites-tile-name-content-2\"><a name=\"TOC-FIRST-LEGO-LEAGUE-TRASH-TREK-\"><\/a><span style=\"font-size: large;\">FIRST LEGO LEAGUE TRASH TREK!<\/span><\/p>\n<p>Buscarem noves formes de gestionar els nostres residus.<\/p>\n<p>Explorarem els fascinant m\u00f3n dels residus. Des de la recollida, a la classificaci\u00f3 i la reutilitzaci\u00f3 intel\u00b7ligent.<\/p>\n<p>Descobrirem el m\u00f3n desconegut dels residus!<\/td>\n<\/tr>\n<\/tbody>\n<\/table>\n<div>\n<p>Aquest any FIRST LEGO League presenta un repte als joves, el &#8220;Trash Trek&#8221;, a buscar noves formes de gestionar els residus, desafiant-los aix\u00ed a crear noves solucions innovadores a problemes relacionats amb la neteja vi\u00e0ria, la recollida, el tractament, el reciclatge i la valoritzaci\u00f3 energ\u00e8tica, entre d&#8217;altres. Els equips es guiar\u00e0n pels Valors FLL, celebrant descobriments i treballant en equip.<\/p>\n<p>En aquesta edici\u00f3, els participants a m\u00e9s d&#8217;explorar el fascinant m\u00f3n dels residus, contribuiran a donar respostes a necesitats reals que en l&#8217;actualitat els professionals del sector s&#8217;est\u00e0n plantejant. A m\u00e9s a m\u00e9s construir\u00e0n un robot utilitzant la tecnologia LEGO MINDSTORM per resoldre alguns reptes, que s\u00f3n missions.<\/p>\n<\/div>\n<p>El nostre repte \u00e9s un sistema de reciclatge de papers als departaments i farem un projecte cient\u00edfic per fomentar el reciclatge al institut.<\/p>\n","protected":false},"excerpt":{"rendered":"<p><a href=\"https:\/\/sites.google.com\/a\/isantfeliu.net\/isantfeliuteamfirstlegoleague\/fll-trash-trek\/TrashTrek_Logo.jpg?attredirects=0\"><\/a><\/p>\n<p><a name=\"TOC-FIRST-LEGO-LEAGUE-TRASH-TREK-\"><\/a>FIRST LEGO LEAGUE TRASH TREK!<br \/>\nBuscarem noves formes de gestionar els nostres residus.<br \/>\nExplorarem els fascinant m\u00f3n dels residus. Des de la recollida, a la classificaci\u00f3 i la reutilitzaci\u00f3 intel\u00b7ligent.<br \/>\nDescobrirem el m\u00f3n desconegut dels residus!<\/p>\n<p>Aquest any FIRST LEGO League presenta un repte als joves, el&hellip;  <a href=\"https:\/\/agora.xtec.cat\/iessantfeliu\/fll\/fll-2016-el-repte\/\" title=\"Read FLL 2016 &#8211; El Repte\">Llegeix m\u00e9s\u00bb<\/a><\/p>\n","protected":false},"author":1,"featured_media":0,"parent":2803,"menu_order":100,"comment_status":"closed","ping_status":"closed","template":"page-templates\/side-menu.php","meta":{"_bbp_topic_count":0,"_bbp_reply_count":0,"_bbp_total_topic_count":0,"_bbp_total_reply_count":0,"_bbp_voice_count":0,"_bbp_anonymous_reply_count":0,"_bbp_topic_count_hidden":0,"_bbp_reply_count_hidden":0,"_bbp_forum_subforum_count":0,"footnotes":""},"class_list":["post-2853","page","type-page","status-publish","hentry"],"post_mailing_queue_ids":[],"_links":{"self":[{"href":"https:\/\/agora.xtec.cat\/iessantfeliu\/wp-json\/wp\/v2\/pages\/2853","targetHints":{"allow":["GET"]}}],"collection":[{"href":"https:\/\/agora.xtec.cat\/iessantfeliu\/wp-json\/wp\/v2\/pages"}],"about":[{"href":"https:\/\/agora.xtec.cat\/iessantfeliu\/wp-json\/wp\/v2\/types\/page"}],"author":[{"embeddable":true,"href":"https:\/\/agora.xtec.cat\/iessantfeliu\/wp-json\/wp\/v2\/users\/1"}],"replies":[{"embeddable":true,"href":"https:\/\/agora.xtec.cat\/iessantfeliu\/wp-json\/wp\/v2\/comments?post=2853"}],"version-history":[{"count":3,"href":"https:\/\/agora.xtec.cat\/iessantfeliu\/wp-json\/wp\/v2\/pages\/2853\/revisions"}],"predecessor-version":[{"id":2881,"href":"https:\/\/agora.xtec.cat\/iessantfeliu\/wp-json\/wp\/v2\/pages\/2853\/revisions\/2881"}],"up":[{"embeddable":true,"href":"https:\/\/agora.xtec.cat\/iessantfeliu\/wp-json\/wp\/v2\/pages\/2803"}],"wp:attachment":[{"href":"https:\/\/agora.xtec.cat\/iessantfeliu\/wp-json\/wp\/v2\/media?parent=2853"}],"curies":[{"name":"wp","href":"https:\/\/api.w.org\/{rel}","templated":true}]}}