{"id":2851,"date":"2018-03-01T23:22:05","date_gmt":"2018-03-01T22:22:05","guid":{"rendered":"http:\/\/agora.xtec.cat\/iessantfeliu\/?page_id=2851"},"modified":"2018-03-01T23:43:02","modified_gmt":"2018-03-01T22:43:02","slug":"fll-2017-valors","status":"publish","type":"page","link":"https:\/\/agora.xtec.cat\/iessantfeliu\/fll\/fll-2017-el-repte\/fll-2017-valors\/","title":{"rendered":"FLL 2017 &#8211; Valors"},"content":{"rendered":"<p>Si adaptem els valors\u00a0First\u00a0Lego\u00a0League\u00a0els participants que la competici\u00f3 amistosa i el benefici mutu no estan separats dels objectius. Ajudar als altres\u00a0\u00e9s la base del treball amb equip. \u00c9s necessari que repasseu els valors\u00a0Frist\u00a0Lego\u00a0League\u00a0i els discutiu si fa falta amb l&#8217;equip.<\/p>\n<p>El P\u00f2ster dels Valors\u00a0FIRST\u00a0LEGO\u00a0League\u00a0est\u00e0 dissenyat per ajudar els jutges a aprendre m\u00e9s sobre el vostre equip i la vostra hist\u00f2ria \u00fanica.<\/p>\n","protected":false},"excerpt":{"rendered":"<p>Si adaptem els valors\u00a0First\u00a0Lego\u00a0League\u00a0els participants que la competici\u00f3 amistosa i el benefici mutu no estan separats dels objectius. Ajudar als altres\u00a0\u00e9s la base del treball amb equip. \u00c9s necessari que repasseu els valors\u00a0Frist\u00a0Lego\u00a0League\u00a0i els discutiu si fa falta amb l&#8217;equip.<br \/>\nEl P\u00f2ster dels Valors\u00a0FIRST\u00a0LEGO\u00a0League\u00a0est\u00e0 dissenyat per&hellip;  <a href=\"https:\/\/agora.xtec.cat\/iessantfeliu\/fll\/fll-2017-el-repte\/fll-2017-valors\/\" title=\"Read FLL 2017 &#8211; Valors\">Llegeix m\u00e9s\u00bb<\/a><\/p>\n","protected":false},"author":1,"featured_media":0,"parent":2845,"menu_order":0,"comment_status":"closed","ping_status":"closed","template":"page-templates\/side-menu.php","meta":{"_bbp_topic_count":0,"_bbp_reply_count":0,"_bbp_total_topic_count":0,"_bbp_total_reply_count":0,"_bbp_voice_count":0,"_bbp_anonymous_reply_count":0,"_bbp_topic_count_hidden":0,"_bbp_reply_count_hidden":0,"_bbp_forum_subforum_count":0,"footnotes":""},"class_list":["post-2851","page","type-page","status-publish","hentry"],"post_mailing_queue_ids":[],"_links":{"self":[{"href":"https:\/\/agora.xtec.cat\/iessantfeliu\/wp-json\/wp\/v2\/pages\/2851","targetHints":{"allow":["GET"]}}],"collection":[{"href":"https:\/\/agora.xtec.cat\/iessantfeliu\/wp-json\/wp\/v2\/pages"}],"about":[{"href":"https:\/\/agora.xtec.cat\/iessantfeliu\/wp-json\/wp\/v2\/types\/page"}],"author":[{"embeddable":true,"href":"https:\/\/agora.xtec.cat\/iessantfeliu\/wp-json\/wp\/v2\/users\/1"}],"replies":[{"embeddable":true,"href":"https:\/\/agora.xtec.cat\/iessantfeliu\/wp-json\/wp\/v2\/comments?post=2851"}],"version-history":[{"count":2,"href":"https:\/\/agora.xtec.cat\/iessantfeliu\/wp-json\/wp\/v2\/pages\/2851\/revisions"}],"predecessor-version":[{"id":2874,"href":"https:\/\/agora.xtec.cat\/iessantfeliu\/wp-json\/wp\/v2\/pages\/2851\/revisions\/2874"}],"up":[{"embeddable":true,"href":"https:\/\/agora.xtec.cat\/iessantfeliu\/wp-json\/wp\/v2\/pages\/2845"}],"wp:attachment":[{"href":"https:\/\/agora.xtec.cat\/iessantfeliu\/wp-json\/wp\/v2\/media?parent=2851"}],"curies":[{"name":"wp","href":"https:\/\/api.w.org\/{rel}","templated":true}]}}