{"id":2847,"date":"2018-03-01T23:21:32","date_gmt":"2018-03-01T22:21:32","guid":{"rendered":"http:\/\/agora.xtec.cat\/iessantfeliu\/?page_id=2847"},"modified":"2018-03-01T23:41:47","modified_gmt":"2018-03-01T22:41:47","slug":"fll-2017-missions-robot","status":"publish","type":"page","link":"https:\/\/agora.xtec.cat\/iessantfeliu\/fll\/fll-2017-el-repte\/fll-2017-missions-robot\/","title":{"rendered":"FLL 2017 &#8211; Missions robot"},"content":{"rendered":"<table border=\"1\" cellspacing=\"0\">\n<tbody>\n<tr>\n<td><\/td>\n<td>\u00a0\u00a0\u00a0\u00a0\u00a0\u00a0\u00a0\u00a0\u00a0\u00a0\u00a0\u00a0\u00a0\u00a0\u00a0\u00a0 <u><b>Missions<\/b><\/u><br \/>\nTransportar al taur\u00f3 a la seva nova casa sense que toqui les parets del seu tanc.<\/td>\n<td>\u00a0 \u00a0 \u00a0 \u00a0 \u00a0 \u00a0 \u00a0 \u00a0 \u00a0 \u00a0 \u00a0 \u00a0 \u00a0 \u00a0<b><u>V<\/u><\/b><u><b>alors<\/b><\/u><br \/>\nZona 1= 7 punts\u00a0\u00a0 \u00a0\u00a0 \u00a0 \u00a0\u00a0zona 2 = 10 punts<br \/>\nsense tocar parets = 20 punts<\/td>\n<\/tr>\n<tr>\n<td><\/td>\n<td>Pasar el senyor amb discapacitat visual amb l&#8217;aguda del gos pigall que far\u00e0 la seva feina.<\/td>\n<td>\u00a0Si la tanca d&#8217;advert\u00e8ncia est\u00e0 baixada= 15 punts.<\/td>\n<\/tr>\n<tr>\n<td><\/td>\n<td>\u00a0Amb aquesta missi\u00f3 s&#8217;ha de treballar amb un altre grup. Es tracta de pasar un c\u00e8rvol a l&#8217;altre costat.<\/td>\n<td>\u00a020 punts quan dos animals id\u00e8ntics estan al mateix costat<\/td>\n<\/tr>\n<tr>\n<td><\/td>\n<td><span lang=\"ca\">Repartiu el menjar del Refrigerador a les<br \/>\nZones per Dinar dels Animals<\/span><\/td>\n<td>\u00a0<span lang=\"ca\">Un tros de Menjar est\u00e0 completament dins d&#8217;una zona per Dinar: 10 Punts (Cada tros)<\/span><\/td>\n<\/tr>\n<tr>\n<td><\/td>\n<td><span lang=\"ca\">Col\u00b7locar la Salamanca blanca i mirar que el robot trepi per la paret<\/span><\/td>\n<td>\u00a0La paret suporta el pes de la Salamanca= 15punts. Si suporta el pes del robot = 32 punts<\/td>\n<\/tr>\n<tr>\n<td><\/td>\n<td>\u00a0<span lang=\"ca\">Guieu la vaca dins de la m\u00e0quina, despr\u00e9s roteu la m\u00e0quina fins que surti la Llet. S<\/span><span lang=\"ca\">i roteu massa, tamb\u00e9 sortiran\u00a0fems<\/span><\/td>\n<td>Si surt la llet i el fem = 15 punts.<br \/>\nSi nom\u00e9s surt llet = 20 punts.<\/td>\n<\/tr>\n<tr>\n<td><\/td>\n<td><span lang=\"ca\">Convertiu l&#8217;escena dels Pandes d&#8217;una<br \/>\ninstal\u00b7laci\u00f3 per l&#8217;atenci\u00f3 i l&#8217;observaci\u00f3 en<br \/>\nuna situaci\u00f3 de naturalesa lliure.<\/span><\/td>\n<td>\u00a0<span lang=\"ca\">La frontissa s&#8217;observa completament oberta en sentit horari: 10 Punts<\/span><\/td>\n<\/tr>\n<tr>\n<td><\/td>\n<td>\u00a0Recupereu la c\u00e0mera i porteu-la a la base.<\/td>\n<td>\u00a0La c\u00e0mera est\u00e0 completament dins la base =15 Punts.<\/td>\n<\/tr>\n<tr>\n<td><\/td>\n<td><span lang=\"ca\">Porteu el Gos i l&#8217;adiestrador, la Zo\u00f2loga i \/ o mostres de Excrements a la Zona d&#8217;Ensinistrament i Recerca.<\/span><\/td>\n<td><span lang=\"ca\">El Gos i l&#8217;Ensinistrador estan completament dins de la Zona d&#8217;Ensinistrament i<br \/>\nRecerca:12punts<\/p>\n<p>La Zo\u00f2loga est\u00e0 completament dins de la Zona d&#8217;Ensinistrament i Recerca: 15punts<\/p>\n<p>Mostres de Excrements * completament dins de la Zona d&#8217;Ensinistrament i<br \/>\nRecerca:5punts cada 1<\/span><\/td>\n<\/tr>\n<tr>\n<td><\/td>\n<td>\u00a0Col\u00b7locar l&#8217;abella a la colmena obtinguent aix\u00ed la mel.<\/td>\n<td>\u00a0<span lang=\"ca\">L&#8217;Abella est\u00e0 sobre la Rusc i no hi ha Mel<br \/>\na la\u00a0arna: 12 Punts<br \/>\nL&#8217;Abella est\u00e0 sobre la Rusc i la Mel est\u00e0<br \/>\ncompletament dins de la Base: 15 Punts<\/span><\/td>\n<\/tr>\n<tr>\n<td><\/td>\n<td>\u00a0<span lang=\"ca\">Col\u00b7loqueu la Pr\u00f2tesis al lloc on haurien d&#8217;estar les potes de la Mascota (el nostre Amiguet) i torneu la Mascota a la seva zona a la Granja.<\/span><\/td>\n<td><span lang=\"ca\">La Pr\u00f2tesis est\u00e0 col\u00b7locada en la Mascota i no la sost\u00e9 l&#8217;\u00e0rbitre: 9 Punts<\/p>\n<p>La Pr\u00f2tesis est\u00e0 col\u00b7locada en la Mascota i la Mascota est\u00e0 completament dins<br \/>\nla Zona de la Granja: 15 Punts<\/span><\/td>\n<\/tr>\n<tr>\n<td><\/td>\n<td>\u00a0El robot ha de portar la foca a la base sense que es trenqui.<\/td>\n<td>\u00a0<span lang=\"ca\">La Foca est\u00e0 completament dins de la Base i no est\u00e0 trencada: 1 punt<\/span><\/td>\n<\/tr>\n<tr>\n<td><\/td>\n<td>\u00a0El robot ha de portar\u00a0 les unitats de llet dins la base.<\/td>\n<td>\u00a0<span lang=\"ca\">Les tres unitats de Llet estan completament dins de la Base: 1 punt<\/span><\/td>\n<\/tr>\n<tr>\n<td><\/td>\n<td>El robot ha de posar les unitats de llet a la rampa i fer una de les opcions.<\/td>\n<td>\u00a0<span lang=\"ca\">Opci\u00f3 1: 2 Punts<\/p>\n<p>La Rampa suporta completament les tres unitats de Llet<\/p>\n<p>Opci\u00f3 2: 3 Punts<\/p>\n<p>La Rampa suporta completament les tres unitats de Llet<br \/>\nI s\u00f3n els \u00fanics objectes que suporta la Rampa i que toquen la Rampa<\/p>\n<p>Opci\u00f3n3: 4 Punts<\/p>\n<p>La Rampa suporta completament les tres unitats de Llet<br \/>\nI s\u00f3n els \u00fanics objectes que suporta la Rampa i que toquen la Rampa i que estan drets<\/span><\/td>\n<\/tr>\n<tr>\n<td><\/td>\n<td>\u00a0 El robot ha de portar les set mostres d&#8217;excrements completament dins la zona d&#8217;investigaci\u00f3.<\/td>\n<td><span lang=\"ca\">Les set Mostres de Excrements estan completament dins de la Zona de Ensinistrament i Investigaci\u00f3: 5 Punts afegits a M09<\/span><\/td>\n<\/tr>\n<\/tbody>\n<\/table>\n<p>&nbsp;<\/p>\n<div dir=\"ltr\"><\/div>\n","protected":false},"excerpt":{"rendered":"<p>\u00a0\u00a0\u00a0\u00a0\u00a0\u00a0\u00a0\u00a0\u00a0\u00a0\u00a0\u00a0\u00a0\u00a0\u00a0\u00a0 Missions<br \/>\nTransportar al taur\u00f3 a la seva nova casa sense que toqui les parets del seu tanc.<br \/>\n\u00a0 \u00a0 \u00a0 \u00a0 \u00a0 \u00a0 \u00a0 \u00a0 \u00a0 \u00a0 \u00a0 \u00a0 \u00a0 \u00a0Valors<br \/>\nZona 1= 7 punts\u00a0\u00a0 \u00a0\u00a0 \u00a0 \u00a0\u00a0zona 2 = 10 punts<br \/>\nsense tocar parets = 20 punts<\/p>\n<p>Pasar&hellip;  <a href=\"https:\/\/agora.xtec.cat\/iessantfeliu\/fll\/fll-2017-el-repte\/fll-2017-missions-robot\/\" title=\"Read FLL 2017 &#8211; Missions robot\">Llegeix m\u00e9s\u00bb<\/a><\/p>\n","protected":false},"author":1,"featured_media":0,"parent":2845,"menu_order":0,"comment_status":"closed","ping_status":"closed","template":"page-templates\/side-menu.php","meta":{"_bbp_topic_count":0,"_bbp_reply_count":0,"_bbp_total_topic_count":0,"_bbp_total_reply_count":0,"_bbp_voice_count":0,"_bbp_anonymous_reply_count":0,"_bbp_topic_count_hidden":0,"_bbp_reply_count_hidden":0,"_bbp_forum_subforum_count":0,"footnotes":""},"class_list":["post-2847","page","type-page","status-publish","hentry"],"post_mailing_queue_ids":[],"_links":{"self":[{"href":"https:\/\/agora.xtec.cat\/iessantfeliu\/wp-json\/wp\/v2\/pages\/2847","targetHints":{"allow":["GET"]}}],"collection":[{"href":"https:\/\/agora.xtec.cat\/iessantfeliu\/wp-json\/wp\/v2\/pages"}],"about":[{"href":"https:\/\/agora.xtec.cat\/iessantfeliu\/wp-json\/wp\/v2\/types\/page"}],"author":[{"embeddable":true,"href":"https:\/\/agora.xtec.cat\/iessantfeliu\/wp-json\/wp\/v2\/users\/1"}],"replies":[{"embeddable":true,"href":"https:\/\/agora.xtec.cat\/iessantfeliu\/wp-json\/wp\/v2\/comments?post=2847"}],"version-history":[{"count":2,"href":"https:\/\/agora.xtec.cat\/iessantfeliu\/wp-json\/wp\/v2\/pages\/2847\/revisions"}],"predecessor-version":[{"id":2873,"href":"https:\/\/agora.xtec.cat\/iessantfeliu\/wp-json\/wp\/v2\/pages\/2847\/revisions\/2873"}],"up":[{"embeddable":true,"href":"https:\/\/agora.xtec.cat\/iessantfeliu\/wp-json\/wp\/v2\/pages\/2845"}],"wp:attachment":[{"href":"https:\/\/agora.xtec.cat\/iessantfeliu\/wp-json\/wp\/v2\/media?parent=2847"}],"curies":[{"name":"wp","href":"https:\/\/api.w.org\/{rel}","templated":true}]}}