{"id":2835,"date":"2018-03-01T13:30:17","date_gmt":"2018-03-01T12:30:17","guid":{"rendered":"http:\/\/agora.xtec.cat\/iessantfeliu\/?page_id=2835"},"modified":"2018-03-02T16:18:55","modified_gmt":"2018-03-02T15:18:55","slug":"tecnorepte-2017","status":"publish","type":"page","link":"https:\/\/agora.xtec.cat\/iessantfeliu\/tecnorepte\/tecnorepte-2017\/","title":{"rendered":"Tecnorepte 2017"},"content":{"rendered":"<h4><\/h4>\n<div><a href=\"https:\/\/sites.google.com\/a\/isantfeliu.net\/tecnorepte\/curs-2016-17\/Maquina.png?attredirects=0\"><img decoding=\"async\" src=\"https:\/\/sites.google.com\/a\/isantfeliu.net\/tecnorepte\/_\/rsrc\/1488890402386\/curs-2016-17\/Maquina.png\" border=\"0\" \/><\/a><\/div>\n<p>En aquesta tercera edici\u00f3, el disseny del repte s\u00b4ha inspirat en el fet que aquest\u00a0any 2017 ser\u00e0 l\u00b4<b>Any Internacional del Turisme Sostenible pel Desenvolupament<\/b>.\u00a0Entenem que el turisme \u00e9s una de les forces motrius del creixement del nostre pa\u00eds i per aquest motiu ens proposem el repte de promocionar\u00a0o donar a con\u00e8ixer un indret que pugui tenir un inter\u00e8s tur\u00edstic (exemple: un monument, una font, una escultura, un arbre centenari, un carrer, etc). Us proposem que a trav\u00e9s de la ideaci\u00f3 i fent \u00fas de la construcci\u00f3 d\u00b4una m\u00e0quina d\u00b4efectes encadenats us proposeu de promocionar un indret.<\/p>\n<p>Aquesta m\u00e0quina d\u00b4efectes encadenats <b>ha de tenir aquests m\u00ednims<\/b>:<\/p>\n<p>-una palanca<\/p>\n<p>-una politja i<\/p>\n<p>-un pla inclinat<\/p>\n","protected":false},"excerpt":{"rendered":"<p><a href=\"https:\/\/sites.google.com\/a\/isantfeliu.net\/tecnorepte\/curs-2016-17\/Maquina.png?attredirects=0\"><\/a><br \/>\nEn aquesta tercera edici\u00f3, el disseny del repte s\u00b4ha inspirat en el fet que aquest\u00a0any 2017 ser\u00e0 l\u00b4Any Internacional del Turisme Sostenible pel Desenvolupament.\u00a0Entenem que el turisme \u00e9s una de les forces motrius del creixement del nostre pa\u00eds i per aquest motiu ens proposem&hellip;  <a href=\"https:\/\/agora.xtec.cat\/iessantfeliu\/tecnorepte\/tecnorepte-2017\/\" title=\"Read Tecnorepte 2017\">Llegeix m\u00e9s\u00bb<\/a><\/p>\n","protected":false},"author":1,"featured_media":0,"parent":2735,"menu_order":10,"comment_status":"closed","ping_status":"closed","template":"page-templates\/side-menu.php","meta":{"_bbp_topic_count":0,"_bbp_reply_count":0,"_bbp_total_topic_count":0,"_bbp_total_reply_count":0,"_bbp_voice_count":0,"_bbp_anonymous_reply_count":0,"_bbp_topic_count_hidden":0,"_bbp_reply_count_hidden":0,"_bbp_forum_subforum_count":0,"footnotes":""},"class_list":["post-2835","page","type-page","status-publish","hentry"],"post_mailing_queue_ids":[],"_links":{"self":[{"href":"https:\/\/agora.xtec.cat\/iessantfeliu\/wp-json\/wp\/v2\/pages\/2835","targetHints":{"allow":["GET"]}}],"collection":[{"href":"https:\/\/agora.xtec.cat\/iessantfeliu\/wp-json\/wp\/v2\/pages"}],"about":[{"href":"https:\/\/agora.xtec.cat\/iessantfeliu\/wp-json\/wp\/v2\/types\/page"}],"author":[{"embeddable":true,"href":"https:\/\/agora.xtec.cat\/iessantfeliu\/wp-json\/wp\/v2\/users\/1"}],"replies":[{"embeddable":true,"href":"https:\/\/agora.xtec.cat\/iessantfeliu\/wp-json\/wp\/v2\/comments?post=2835"}],"version-history":[{"count":2,"href":"https:\/\/agora.xtec.cat\/iessantfeliu\/wp-json\/wp\/v2\/pages\/2835\/revisions"}],"predecessor-version":[{"id":2915,"href":"https:\/\/agora.xtec.cat\/iessantfeliu\/wp-json\/wp\/v2\/pages\/2835\/revisions\/2915"}],"up":[{"embeddable":true,"href":"https:\/\/agora.xtec.cat\/iessantfeliu\/wp-json\/wp\/v2\/pages\/2735"}],"wp:attachment":[{"href":"https:\/\/agora.xtec.cat\/iessantfeliu\/wp-json\/wp\/v2\/media?parent=2835"}],"curies":[{"name":"wp","href":"https:\/\/api.w.org\/{rel}","templated":true}]}}