{"id":2794,"date":"2018-02-28T23:20:52","date_gmt":"2018-02-28T22:20:52","guid":{"rendered":"http:\/\/agora.xtec.cat\/iessantfeliu\/?page_id=2794"},"modified":"2018-03-01T11:48:20","modified_gmt":"2018-03-01T10:48:20","slug":"fll-2018-pojecte-cientific","status":"publish","type":"page","link":"https:\/\/agora.xtec.cat\/iessantfeliu\/fll\/fll-2018-el-repte\/fll-2018-pojecte-cientific\/","title":{"rendered":"FLL 2018 &#8211; Pojecte Cient\u00edfic"},"content":{"rendered":"<p>El nostre projecte cient\u00edfic consta d&#8217;un problema i la seva soluci\u00f3.<\/p>\n<p>Com podem reutilitzar l&#8217;aigua freda que surt abans de la calenta a la dutxa?<\/p>\n<p>Segur que sempre que vas a la dutxa, mai entres en el moment en qu\u00e8 la encens; perqu\u00e8 l\u2019aigua surt freda i tu et vols dutxar amb aigua calenta. Nosaltres hem solucionat aquest problema gr\u00e0cies a un dip\u00f2sit extern el qual emmagatzemar\u00e0 tota l\u2019aigua que no correspongui a la temperatura que tinguis marcada en el regulador de temperatura.<\/p>\n<p><span lang=\"CA\">Primer de tot, el fet que surti aigua freda quan tu la marques calenta quan l\u2019encens; succeeix perqu\u00e8 l\u2019\u00faltima vegada que et vas dutxar, al tancar-la, va quedar aigua a la canonada. Aquesta aigua estancada s\u2019ha refredat i ara, que et vols tornar a dutxar, ha de sortir primer l\u2019aigua freda.<\/span><\/p>\n<div>\n<div>\n<div>\u00a0\r\n\t<div class=\"slideshow_container slideshow_container_style-light\" style=\"height: 300px; \" data-slideshow-id=\"2808\" data-style-name=\"style-light\" data-style-version=\"2.3.1\" >\r\n\r\n\t\t\t\t\t<div class=\"slideshow_loading_icon\"><\/div>\r\n\t\t\r\n\t\t<div class=\"slideshow_content\" style=\"display: none;\">\r\n\r\n\t\t\t<div class=\"slideshow_view\">\r\n\t<div class=\"slideshow_slide slideshow_slide_video\">\r\n\t\t<div class=\"slideshow_slide_video_id\" style=\"display: none;\" data-show-related-videos=\"0\">ZaJvhGI6ZyQ<\/div>\r\n\t<\/div>\r\n\r\n\t<div class=\"slideshow_slide slideshow_slide_video\">\r\n\t\t<div class=\"slideshow_slide_video_id\" style=\"display: none;\" data-show-related-videos=\"0\">HR7wfAQAkQw<\/div>\r\n\t<\/div>\r\n<div style=\"clear: both;\"><\/div><\/div>\r\n\t\t<\/div>\r\n\r\n\t\t<div class=\"slideshow_controlPanel slideshow_transparent\" style=\"display: none;\"><ul><li class=\"slideshow_togglePlay\" data-play-text=\"Visualitza\" data-pause-text=\"Pausa\"><\/li><\/ul><\/div>\r\n\r\n\t\t<div class=\"slideshow_button slideshow_previous slideshow_transparent\" role=\"button\" data-previous-text=\"Anterior\" style=\"display: none;\"><\/div>\r\n\t\t<div class=\"slideshow_button slideshow_next slideshow_transparent\" role=\"button\" data-next-text=\"Seg\u00fcent\" style=\"display: none;\"><\/div>\r\n\r\n\t\t<div class=\"slideshow_pagination\" style=\"display: none;\" data-go-to-text=\"V\u00e9s a la diapositiva\"><div class=\"slideshow_pagination_center\"><\/div><\/div>\r\n\r\n\t\t<!-- WordPress Slideshow Version 2.3.1 -->\r\n\r\n\t\t\t<\/div>\r\n\r\n<\/div>\n<div><\/div>\n<div>\n<div><a href=\"https:\/\/sites.google.com\/a\/isantfeliu.net\/isantfeliuteamfirstlegoleague\/fll-hydrodinamics\/projecte-cientific\/grup-blau\/scratch\"><img loading=\"lazy\" decoding=\"async\" class=\"alignnone\" src=\"https:\/\/sites.google.com\/a\/isantfeliu.net\/isantfeliuteamfirstlegoleague\/_\/rsrc\/1513258276594\/fll-hydrodinamics\/projecte-cientific\/grup-blau\/ScratchCat-Small.png?height=200&amp;width=200\" alt=\"Scratch\" width=\"121\" height=\"121\" border=\"0\" \/><\/a><a href=\"https:\/\/sites.google.com\/a\/isantfeliu.net\/isantfeliuteamfirstlegoleague\/fll-hydrodinamics\/projecte-cientific\/grup-blau\/app-inventor\"><img loading=\"lazy\" decoding=\"async\" class=\"\" src=\"https:\/\/sites.google.com\/a\/isantfeliu.net\/isantfeliuteamfirstlegoleague\/_\/rsrc\/1513258465254\/fll-hydrodinamics\/projecte-cientific\/grup-blau\/apinventor2logo.png\" width=\"143\" height=\"100\" border=\"0\" \/><\/a><a href=\"https:\/\/sites.google.com\/a\/isantfeliu.net\/isantfeliuteamfirstlegoleague\/fll-hydrodinamics\/projecte-cientific\/grup-blau\/sketchup\"><img loading=\"lazy\" decoding=\"async\" class=\"\" src=\"https:\/\/sites.google.com\/a\/isantfeliu.net\/isantfeliuteamfirstlegoleague\/_\/rsrc\/1513258524966\/fll-hydrodinamics\/projecte-cientific\/grup-blau\/SU_Icon.png?height=200&amp;width=184\" alt=\"SketchUp\" width=\"85\" height=\"92\" border=\"0\" \/><\/a><\/div>\n<\/div>\n<div><\/div>\n<div><\/div>\n<\/div>\n<\/div>\n","protected":false},"excerpt":{"rendered":"<p>El nostre projecte cient\u00edfic consta d&#8217;un problema i la seva soluci\u00f3.<br \/>\nCom podem reutilitzar l&#8217;aigua freda que surt abans de la calenta a la dutxa?<br \/>\nSegur que sempre que vas a la dutxa, mai entres en el moment en qu\u00e8 la encens; perqu\u00e8 l\u2019aigua surt freda i&hellip;  <a href=\"https:\/\/agora.xtec.cat\/iessantfeliu\/fll\/fll-2018-el-repte\/fll-2018-pojecte-cientific\/\" title=\"Read FLL 2018 &#8211; Pojecte Cient\u00edfic\">Llegeix m\u00e9s\u00bb<\/a><\/p>\n","protected":false},"author":1,"featured_media":0,"parent":2790,"menu_order":0,"comment_status":"closed","ping_status":"closed","template":"page-templates\/side-menu.php","meta":{"_bbp_topic_count":0,"_bbp_reply_count":0,"_bbp_total_topic_count":0,"_bbp_total_reply_count":0,"_bbp_voice_count":0,"_bbp_anonymous_reply_count":0,"_bbp_topic_count_hidden":0,"_bbp_reply_count_hidden":0,"_bbp_forum_subforum_count":0,"footnotes":""},"class_list":["post-2794","page","type-page","status-publish","hentry"],"post_mailing_queue_ids":[],"_links":{"self":[{"href":"https:\/\/agora.xtec.cat\/iessantfeliu\/wp-json\/wp\/v2\/pages\/2794","targetHints":{"allow":["GET"]}}],"collection":[{"href":"https:\/\/agora.xtec.cat\/iessantfeliu\/wp-json\/wp\/v2\/pages"}],"about":[{"href":"https:\/\/agora.xtec.cat\/iessantfeliu\/wp-json\/wp\/v2\/types\/page"}],"author":[{"embeddable":true,"href":"https:\/\/agora.xtec.cat\/iessantfeliu\/wp-json\/wp\/v2\/users\/1"}],"replies":[{"embeddable":true,"href":"https:\/\/agora.xtec.cat\/iessantfeliu\/wp-json\/wp\/v2\/comments?post=2794"}],"version-history":[{"count":3,"href":"https:\/\/agora.xtec.cat\/iessantfeliu\/wp-json\/wp\/v2\/pages\/2794\/revisions"}],"predecessor-version":[{"id":2811,"href":"https:\/\/agora.xtec.cat\/iessantfeliu\/wp-json\/wp\/v2\/pages\/2794\/revisions\/2811"}],"up":[{"embeddable":true,"href":"https:\/\/agora.xtec.cat\/iessantfeliu\/wp-json\/wp\/v2\/pages\/2790"}],"wp:attachment":[{"href":"https:\/\/agora.xtec.cat\/iessantfeliu\/wp-json\/wp\/v2\/media?parent=2794"}],"curies":[{"name":"wp","href":"https:\/\/api.w.org\/{rel}","templated":true}]}}