{"id":2790,"date":"2018-02-28T23:17:51","date_gmt":"2018-02-28T22:17:51","guid":{"rendered":"http:\/\/agora.xtec.cat\/iessantfeliu\/?page_id=2790"},"modified":"2018-03-02T00:26:44","modified_gmt":"2018-03-01T23:26:44","slug":"fll-2018-el-repte","status":"publish","type":"page","link":"https:\/\/agora.xtec.cat\/iessantfeliu\/fll\/fll-2018-el-repte\/","title":{"rendered":"FLL 2018 &#8211; El Repte"},"content":{"rendered":"<p>Aquest any la FIRST LEGO LEAGUE ens presenta un nou repte, l\u2019 HYDRO DYNAMICS. L&#8217;objectiu d&#8217;aquest repte \u00e9s estudiar el consum d&#8217;aigua que ens envolta. En especial, hem de buscar un problema en relaci\u00f3 al consum d&#8217;aigua del nostre entorn i trobar una soluci\u00f3 tecnol\u00f2gica per solucionar el problema. <img loading=\"lazy\" decoding=\"async\" class=\"aligncenter size-medium wp-image-2785\" src=\"http:\/\/agora.xtec.cat\/iessantfeliu\/wp-content\/uploads\/usu232\/2018\/02\/fll-hydro-300x204.jpg\" alt=\"\" width=\"300\" height=\"204\" srcset=\"https:\/\/agora.xtec.cat\/iessantfeliu\/wp-content\/uploads\/usu232\/2018\/02\/fll-hydro-300x204.jpg 300w, https:\/\/agora.xtec.cat\/iessantfeliu\/wp-content\/uploads\/usu232\/2018\/02\/fll-hydro.jpg 595w\" sizes=\"auto, (max-width: 300px) 100vw, 300px\" \/><\/p>\n","protected":false},"excerpt":{"rendered":"<p>Aquest any la FIRST LEGO LEAGUE ens presenta un nou repte, l\u2019 HYDRO DYNAMICS. L&#8217;objectiu d&#8217;aquest repte \u00e9s estudiar el consum d&#8217;aigua que ens envolta. En especial, hem de buscar un problema en relaci\u00f3 al consum d&#8217;aigua del nostre entorn i trobar una soluci\u00f3 tecnol\u00f2gica&hellip;  <a href=\"https:\/\/agora.xtec.cat\/iessantfeliu\/fll\/fll-2018-el-repte\/\" title=\"Read FLL 2018 &#8211; El Repte\">Llegeix m\u00e9s\u00bb<\/a><\/p>\n","protected":false},"author":1,"featured_media":0,"parent":2803,"menu_order":80,"comment_status":"closed","ping_status":"closed","template":"page-templates\/side-menu.php","meta":{"_bbp_topic_count":0,"_bbp_reply_count":0,"_bbp_total_topic_count":0,"_bbp_total_reply_count":0,"_bbp_voice_count":0,"_bbp_anonymous_reply_count":0,"_bbp_topic_count_hidden":0,"_bbp_reply_count_hidden":0,"_bbp_forum_subforum_count":0,"footnotes":""},"class_list":["post-2790","page","type-page","status-publish","hentry"],"post_mailing_queue_ids":[],"_links":{"self":[{"href":"https:\/\/agora.xtec.cat\/iessantfeliu\/wp-json\/wp\/v2\/pages\/2790","targetHints":{"allow":["GET"]}}],"collection":[{"href":"https:\/\/agora.xtec.cat\/iessantfeliu\/wp-json\/wp\/v2\/pages"}],"about":[{"href":"https:\/\/agora.xtec.cat\/iessantfeliu\/wp-json\/wp\/v2\/types\/page"}],"author":[{"embeddable":true,"href":"https:\/\/agora.xtec.cat\/iessantfeliu\/wp-json\/wp\/v2\/users\/1"}],"replies":[{"embeddable":true,"href":"https:\/\/agora.xtec.cat\/iessantfeliu\/wp-json\/wp\/v2\/comments?post=2790"}],"version-history":[{"count":2,"href":"https:\/\/agora.xtec.cat\/iessantfeliu\/wp-json\/wp\/v2\/pages\/2790\/revisions"}],"predecessor-version":[{"id":2904,"href":"https:\/\/agora.xtec.cat\/iessantfeliu\/wp-json\/wp\/v2\/pages\/2790\/revisions\/2904"}],"up":[{"embeddable":true,"href":"https:\/\/agora.xtec.cat\/iessantfeliu\/wp-json\/wp\/v2\/pages\/2803"}],"wp:attachment":[{"href":"https:\/\/agora.xtec.cat\/iessantfeliu\/wp-json\/wp\/v2\/media?parent=2790"}],"curies":[{"name":"wp","href":"https:\/\/api.w.org\/{rel}","templated":true}]}}