{"id":13138,"date":"2025-03-26T11:23:17","date_gmt":"2025-03-26T10:23:17","guid":{"rendered":"https:\/\/agora.xtec.cat\/iessantfeliu\/?page_id=13138"},"modified":"2025-03-26T11:23:17","modified_gmt":"2025-03-26T10:23:17","slug":"fp-basica-delectricitat-i-electronica","status":"publish","type":"page","link":"https:\/\/agora.xtec.cat\/iessantfeliu\/fp-basica-delectricitat-i-electronica\/","title":{"rendered":"FP B\u00e0sica d&#8217;electricitat i electr\u00f2nica"},"content":{"rendered":"<h3>\u00a0FP B\u00e0sica d&#8217;electricitat i electr\u00f2nica<\/h3>\n<div><\/div>\n<div><\/div>\n<p><span style=\"text-decoration: underline;\">\u00a0Els cicles formatius de grau b\u00e0sic tenen una durada de dos cursos acad\u00e8mics.<\/span><\/p>\n<p>Superar la totalitat dels \u00e0mbits inclosos en un cicle formatiu de grau b\u00e0sic permet l&#8217;obtenci\u00f3 del t\u00edtol de graduat o graduada en educaci\u00f3 secund\u00e0ria obligat\u00f2ria, aix\u00ed com el t\u00edtol de t\u00e8cnic o t\u00e8cnica b\u00e0sic en l\u2019especialitat corresponent, que acredita les compet\u00e8ncies professionals adquirides.<\/p>\n<p>Aquests cicles formatius s\u00f3n una oportunitat per als alumnes especialment motivats pels aprenentatges professionals que presenten m\u00e9s possibilitats d\u2019aprenentatge i d\u2019assoliment de les compet\u00e8ncies d&#8217;educaci\u00f3 secund\u00e0ria obligat\u00f2ria en un entorn vinculat al m\u00f3n professional.<\/p>\n<p><span style=\"text-decoration: underline;\"><strong>Per accedir als cicles formatius de grau b\u00e0sic cal complir els requisits seg\u00fcents:<\/strong><\/span><\/p>\n<p>\u2022 Tenir quinze anys o complir-los durant l&#8217;any natural en curs.<\/p>\n<p>\u2022 Haver cursat el tercer curs d\u2019educaci\u00f3 secund\u00e0ria obligat\u00f2ria o, excepcionalment, haver-ne cursat el segon curs.<\/p>\n<p>\u2022 Tenir una proposta de l&#8217;equip docent, a trav\u00e9s del consell orientador, per incorporar l\u2019alumne o alumna a un cicle formatiu de grau b\u00e0sic<\/p>\n<div>\n<p>Les persones que superen un cicle formatiu de grau b\u00e0sic poden accedir als cicles formatius de grau mitj\u00e0, al batxillerat o al m\u00f3n laboral.<\/p>\n<\/div>\n","protected":false},"excerpt":{"rendered":"<p>\u00a0FP B\u00e0sica d&#8217;electricitat i electr\u00f2nica<\/p>\n<p>\u00a0Els cicles formatius de grau b\u00e0sic tenen una durada de dos cursos acad\u00e8mics.<br \/>\nSuperar la totalitat dels \u00e0mbits inclosos en un cicle formatiu de grau b\u00e0sic permet l&#8217;obtenci\u00f3 del t\u00edtol de graduat o graduada en educaci\u00f3 secund\u00e0ria obligat\u00f2ria, aix\u00ed com el t\u00edtol&hellip;  <a href=\"https:\/\/agora.xtec.cat\/iessantfeliu\/fp-basica-delectricitat-i-electronica\/\" title=\"Read FP B\u00e0sica d&#8217;electricitat i electr\u00f2nica\">Llegeix m\u00e9s\u00bb<\/a><\/p>\n","protected":false},"author":20,"featured_media":0,"parent":0,"menu_order":0,"comment_status":"closed","ping_status":"closed","template":"","meta":{"_bbp_topic_count":0,"_bbp_reply_count":0,"_bbp_total_topic_count":0,"_bbp_total_reply_count":0,"_bbp_voice_count":0,"_bbp_anonymous_reply_count":0,"_bbp_topic_count_hidden":0,"_bbp_reply_count_hidden":0,"_bbp_forum_subforum_count":0,"footnotes":""},"class_list":["post-13138","page","type-page","status-publish","hentry"],"post_mailing_queue_ids":[],"_links":{"self":[{"href":"https:\/\/agora.xtec.cat\/iessantfeliu\/wp-json\/wp\/v2\/pages\/13138","targetHints":{"allow":["GET"]}}],"collection":[{"href":"https:\/\/agora.xtec.cat\/iessantfeliu\/wp-json\/wp\/v2\/pages"}],"about":[{"href":"https:\/\/agora.xtec.cat\/iessantfeliu\/wp-json\/wp\/v2\/types\/page"}],"author":[{"embeddable":true,"href":"https:\/\/agora.xtec.cat\/iessantfeliu\/wp-json\/wp\/v2\/users\/20"}],"replies":[{"embeddable":true,"href":"https:\/\/agora.xtec.cat\/iessantfeliu\/wp-json\/wp\/v2\/comments?post=13138"}],"version-history":[{"count":1,"href":"https:\/\/agora.xtec.cat\/iessantfeliu\/wp-json\/wp\/v2\/pages\/13138\/revisions"}],"predecessor-version":[{"id":13139,"href":"https:\/\/agora.xtec.cat\/iessantfeliu\/wp-json\/wp\/v2\/pages\/13138\/revisions\/13139"}],"wp:attachment":[{"href":"https:\/\/agora.xtec.cat\/iessantfeliu\/wp-json\/wp\/v2\/media?parent=13138"}],"curies":[{"name":"wp","href":"https:\/\/api.w.org\/{rel}","templated":true}]}}