{"id":11390,"date":"2024-03-07T19:16:58","date_gmt":"2024-03-07T18:16:58","guid":{"rendered":"https:\/\/agora.xtec.cat\/iessantfeliu\/?page_id=11390"},"modified":"2024-09-19T14:26:39","modified_gmt":"2024-09-19T12:26:39","slug":"grau-superior-preinscripcio-2024-25","status":"publish","type":"page","link":"https:\/\/agora.xtec.cat\/iessantfeliu\/preinscripcio-2024-25\/grau-superior-preinscripcio-2024-25\/","title":{"rendered":"GRAU SUPERIOR Preinscripci\u00f3 2024-25"},"content":{"rendered":"<p style=\"text-align: center;\"><strong>Cicles de formaci\u00f3 professional de Grau Superior<\/strong><\/p>\n<ul style=\"list-style-type: circle;\">\n<li><a href=\"https:\/\/agora.xtec.cat\/iessantfeliu\/wp-content\/uploads\/usu232\/2024\/07\/GS-Alumnes-assignats-al-centre-en-segona-tanda-a-11072024.pdf\" target=\"_blank\" rel=\"noopener\">Alumnes assignats al centre en segona tanda a 30\/07\/2024<\/a><\/li>\n<\/ul>\n<p>&nbsp;<\/p>\n<ul style=\"list-style-type: circle;\">\n<li style=\"text-align: left;\"><a href=\"https:\/\/agora.xtec.cat\/iessantfeliu\/wp-content\/uploads\/usu232\/2024\/07\/1-assignacio-CFGS-24-25.pdf\" target=\"_blank\" rel=\"noopener\">Alumnes assignats al centre en primera tanda a 11\/07\/2024<\/a><\/li>\n<\/ul>\n<hr \/>\n<ul style=\"list-style-type: circle;\">\n<li style=\"text-align: left;\"><a href=\"https:\/\/agora.xtec.cat\/iessantfeliu\/wp-content\/uploads\/usu232\/2024\/07\/GS-INFORME_BAREM_RESOLTES_BAREM.pdf\" target=\"_blank\" rel=\"noopener\">Publicaci\u00f3 de la llista de sol\u00b7licituds que han demanat el centre i l&#8217;ensenyament en primera petici\u00f3 amb la puntuaci\u00f3 resoltes les reclamacions a 04\/04<\/a><\/li>\n<li style=\"text-align: left;\"><a href=\"https:\/\/agora.xtec.cat\/iessantfeliu\/wp-content\/uploads\/usu232\/2024\/06\/INFORME_BAREM_PROVISIONAL_BAREM-1.pdf\" target=\"_blank\" rel=\"noopener\">CFPS &#8211; 2024-2025 &#8211; Cicles de formaci\u00f3 professional de grau superior. Publicaci\u00f3 de la llista de sol\u00b7licituds que han demanat el centre i l&#8217;ensenyament en primera petici\u00f3 amb la puntuaci\u00f3 provisional a 26\/06\/2024<\/a><\/li>\n<li style=\"text-align: left;\"><a href=\"https:\/\/agora.xtec.cat\/iessantfeliu\/wp-content\/uploads\/usu232\/2024\/05\/grau-superior-INFORME_OFERTA_OME_INFORME_OFERTA.pdf\">Publicaci\u00f3 de l&#8217;oferta inicial de places<\/a><\/li>\n<li style=\"text-align: left;\"><a href=\"https:\/\/educacio.gencat.cat\/ca\/tramits\/tramits-temes\/preinscripcio-fp-gs\" target=\"_blank\" rel=\"noopener\">Preinscripci\u00f3 al grau superior de formaci\u00f3 professional: <\/a><a href=\"https:\/\/educacio.gencat.cat\/ca\/tramits\/tramits-temes\/preinscripcio-fp-gs\"><strong>Sol\u00b7licitud<\/strong><\/a><\/li>\n<\/ul>\n<table style=\"width: 101.368%; height: 694px;\">\n<tbody>\n<tr style=\"height: 58px;\">\n<td style=\"width: 70.3628%; height: 37px; background-color: #ffffff;\">Publicaci\u00f3 de l\u2019oferta inicial de places<\/td>\n<td style=\"width: 56.618%; height: 37px; background-color: #ffffff;\">23 de maig<\/td>\n<\/tr>\n<tr style=\"height: 58px;\">\n<td style=\"width: 70.3628%; height: 41px;\">PREINSCRIPCI\u00d3 &#8211; Per\u00edode de presentaci\u00f3 de sol\u00b7licituds mitjan\u00e7ant sol\u00b7licitud electr\u00f2nica o sol\u00b7licitud amb suport inform\u00e0tic<\/td>\n<td style=\"width: 56.618%; height: 41px;\">Del 24 al 30 de maig (ambd\u00f3s inclosos)<\/td>\n<\/tr>\n<tr style=\"height: 58px;\">\n<td style=\"width: 126.981%; height: 41px;\" colspan=\"2\">Es podr\u00e0 presentar la documentaci\u00f3 fins el dia 31 de maig, electr\u00f2nicament.<\/td>\n<\/tr>\n<tr style=\"height: 58px;\">\n<td style=\"width: 70.3628%; height: 58px;\">Publicaci\u00f3 de les llistes de preinscripci\u00f3 amb la puntuaci\u00f3 provisional<\/td>\n<td style=\"width: 56.618%; height: 58px;\">26 de juny<\/td>\n<\/tr>\n<tr style=\"height: 58px;\">\n<td style=\"width: 70.3628%; height: 58px;\">Termini per presentar una reclamaci\u00f3, utilitzant l&#8217;eina electr\u00f2nica per adjuntar les reclamacions<\/td>\n<td style=\"width: 56.618%; height: 58px;\">Del 26 de juny al 1 de juliol<\/td>\n<\/tr>\n<tr style=\"height: 58px;\">\n<td style=\"width: 70.3628%; height: 58px; background-color: #ffffff;\">Publicaci\u00f3 de les llistes amb la puntuaci\u00f3 un cop resoltes les reclamacions<\/td>\n<td style=\"width: 56.618%; height: 58px; background-color: #ffffff;\">4 de juliol<\/td>\n<\/tr>\n<tr style=\"height: 58px;\">\n<td style=\"width: 70.3628%; height: 58px; background-color: #ffffff;\">Sorteig p\u00fablic del n\u00famero de desempat<\/td>\n<td style=\"width: 56.618%; height: 58px; background-color: #ffffff;\">4 de juliol a les 11.00h<\/td>\n<\/tr>\n<tr style=\"height: 58px;\">\n<td style=\"width: 70.3628%; height: 58px; background-color: #ffffff;\">Llista de places assignades 1a assignaci\u00f3<\/td>\n<td style=\"width: 56.618%; height: 58px; background-color: #ffffff;\">11 de juliol<\/td>\n<\/tr>\n<tr style=\"height: 97px;\">\n<td style=\"width: 70.3628%; height: 97px;\">Per\u00edode de MATR\u00cdCULA per als alumnes que se&#8217;ls ha assignat la seva <span style=\"text-decoration: underline;\">primera opci\u00f3<\/span> en la primera assignaci\u00f3<\/td>\n<td style=\"width: 56.618%; height: 97px;\">Del 15 al 18 de juliol<\/p>\n<p>(ambd\u00f3s inclosos)<\/td>\n<\/tr>\n<tr style=\"height: 58px;\">\n<td style=\"width: 70.3628%; height: 58px; background-color: #ffffff;\">Publicaci\u00f3 de places de la segona assignaci\u00f3<\/td>\n<td style=\"width: 56.618%; height: 58px; background-color: #ffffff;\">30 de juliol<\/td>\n<\/tr>\n<tr style=\"height: 33px;\">\n<td style=\"width: 70.3628%; height: 33px; background-color: #fcfcfc;\">Per\u00edode de MATR\u00cdCULA per als alumnes que se&#8217;ls ha assignat la seva <span style=\"text-decoration: underline;\">segon proc\u00e9s<\/span> d&#8217;assignaci\u00f3<\/td>\n<td style=\"width: 56.618%; height: 33px; background-color: #fcfcfc;\">&nbsp;<\/p>\n<p>Del 2 al 6 de setembre (ambd\u00f3s inclosos)<\/td>\n<\/tr>\n<tr>\n<td style=\"width: 70.3628%; background-color: #fcfcfc;\">PUBLICACI\u00d3 DE VACANTS<\/td>\n<td style=\"width: 56.618%; background-color: #fcfcfc;\">&nbsp;<\/p>\n<p>12 de setembre 2024<\/td>\n<\/tr>\n<tr>\n<td style=\"width: 70.3628%; background-color: #fcfcfc;\">Ampliaci\u00f3 de peticions de la sol\u00b7licitud de preinscripci\u00f3, correcci\u00f3 de la qualificaci\u00f3 al\u00b7legada i presentaci\u00f3 de sol\u00b7licituds si no s&#8217;ha participat en el proc\u00e9s de preinscripci\u00f3.<\/td>\n<td style=\"width: 56.618%; background-color: #fcfcfc;\">&nbsp;<\/p>\n<p>Del 12 al 16 de setembre de 2024<\/td>\n<\/tr>\n<tr>\n<td style=\"width: 70.3628%; background-color: #2af791;\">Llista de sol\u00b7licituds que participen en aquest proc\u00e9s amb la puntuaci\u00f3 validada.<\/td>\n<td style=\"width: 56.618%; background-color: #2af791;\">&nbsp;<\/p>\n<p>19 de setembre<\/td>\n<\/tr>\n<tr>\n<td style=\"width: 70.3628%; background-color: #fcfcfc;\">Llista de places assignades<\/td>\n<td style=\"width: 56.618%; background-color: #fcfcfc;\">&nbsp;<\/p>\n<p>25 de setembre de 2024<\/td>\n<\/tr>\n<tr>\n<td style=\"width: 70.3628%; background-color: #fcfcfc;\">Per\u00edode de MATR\u00cdCULA de les assignacions del proc\u00e9s de gesti\u00f3 de les places vacants<\/td>\n<td style=\"width: 56.618%; background-color: #fcfcfc;\">&nbsp;<\/p>\n<p>Del 26 al 30 de setembre de 2024<\/td>\n<\/tr>\n<\/tbody>\n<\/table>\n<p><a href=\"https:\/\/agora.xtec.cat\/iessantfeliu\/wp-content\/uploads\/usu232\/2024\/03\/PREINSCRIPCIO-GS-2024-25.png\">\u00a0<\/a><\/p>\n<p>M\u00e9s informaci\u00f3 <a href=\"https:\/\/preinscripcio.gencat.cat\/ca\/estudis\/fp-grau-superior\/inici\/\">aqu\u00ed<\/a><\/p>\n","protected":false},"excerpt":{"rendered":"<p>Cicles de formaci\u00f3 professional de Grau Superior<\/p>\n<ul style=\"list-style-type: circle;\">\n<li><a href=\"https:\/\/agora.xtec.cat\/iessantfeliu\/wp-content\/uploads\/usu232\/2024\/07\/GS-Alumnes-assignats-al-centre-en-segona-tanda-a-11072024.pdf\" target=\"_blank\" rel=\"noopener\">Alumnes assignats al centre en segona tanda a 30\/07\/2024<\/a><\/li>\n<\/ul>\n<p>&nbsp;<\/p>\n<ul style=\"list-style-type: circle;\">\n<li style=\"text-align: left;\"><a href=\"https:\/\/agora.xtec.cat\/iessantfeliu\/wp-content\/uploads\/usu232\/2024\/07\/1-assignacio-CFGS-24-25.pdf\" target=\"_blank\" rel=\"noopener\">Alumnes assignats al centre en primera tanda a 11\/07\/2024<\/a><\/li>\n<\/ul>\n<ul style=\"list-style-type: circle;\">\n<li style=\"text-align: left;\"><a href=\"https:\/\/agora.xtec.cat\/iessantfeliu\/wp-content\/uploads\/usu232\/2024\/07\/GS-INFORME_BAREM_RESOLTES_BAREM.pdf\" target=\"_blank\" rel=\"noopener\">Publicaci\u00f3 de la llista&hellip;  <a href=\"https:\/\/agora.xtec.cat\/iessantfeliu\/preinscripcio-2024-25\/grau-superior-preinscripcio-2024-25\/\" title=\"Read GRAU SUPERIOR Preinscripci\u00f3 2024-25\">Llegeix m\u00e9s\u00bb<\/a><br \/>\n","protected":false},"author":1,"featured_media":0,"parent":11381,"menu_order":0,"comment_status":"closed","ping_status":"closed","template":"page-templates\/side-menu.php","meta":{"_bbp_topic_count":0,"_bbp_reply_count":0,"_bbp_total_topic_count":0,"_bbp_total_reply_count":0,"_bbp_voice_count":0,"_bbp_anonymous_reply_count":0,"_bbp_topic_count_hidden":0,"_bbp_reply_count_hidden":0,"_bbp_forum_subforum_count":0,"footnotes":""},"class_list":["post-11390","page","type-page","status-publish","hentry"],"post_mailing_queue_ids":[],"_links":{"self":[{"href":"https:\/\/agora.xtec.cat\/iessantfeliu\/wp-json\/wp\/v2\/pages\/11390","targetHints":{"allow":["GET"]}}],"collection":[{"href":"https:\/\/agora.xtec.cat\/iessantfeliu\/wp-json\/wp\/v2\/pages"}],"about":[{"href":"https:\/\/agora.xtec.cat\/iessantfeliu\/wp-json\/wp\/v2\/types\/page"}],"author":[{"embeddable":true,"href":"https:\/\/agora.xtec.cat\/iessantfeliu\/wp-json\/wp\/v2\/users\/1"}],"replies":[{"embeddable":true,"href":"https:\/\/agora.xtec.cat\/iessantfeliu\/wp-json\/wp\/v2\/comments?post=11390"}],"version-history":[{"count":7,"href":"https:\/\/agora.xtec.cat\/iessantfeliu\/wp-json\/wp\/v2\/pages\/11390\/revisions"}],"predecessor-version":[{"id":12149,"href":"https:\/\/agora.xtec.cat\/iessantfeliu\/wp-json\/wp\/v2\/pages\/11390\/revisions\/12149"}],"up":[{"embeddable":true,"href":"https:\/\/agora.xtec.cat\/iessantfeliu\/wp-json\/wp\/v2\/pages\/11381"}],"wp:attachment":[{"href":"https:\/\/agora.xtec.cat\/iessantfeliu\/wp-json\/wp\/v2\/media?parent=11390"}],"curies":[{"name":"wp","href":"https:\/\/api.w.org\/{rel}","templated":true}]}}