{"id":11376,"date":"2024-03-07T19:07:50","date_gmt":"2024-03-07T18:07:50","guid":{"rendered":"https:\/\/agora.xtec.cat\/iessantfeliu\/?page_id=11376"},"modified":"2024-07-15T10:06:46","modified_gmt":"2024-07-15T08:06:46","slug":"batxillerat-preinscripcio-2024-25","status":"publish","type":"page","link":"https:\/\/agora.xtec.cat\/iessantfeliu\/preinscripcio-2024-25\/batxillerat-preinscripcio-2024-25\/","title":{"rendered":"BATXILLERAT Preinscripci\u00f3 2024-25"},"content":{"rendered":"<ul style=\"list-style-type: circle;\">\n<li style=\"text-align: left;\" tabindex=\"-1\" data-thread-perm-id=\"thread-f:1800370696905471349\" data-legacy-thread-id=\"18fc339c2d12b575\"><a href=\"https:\/\/agora.xtec.cat\/iessantfeliu\/wp-content\/uploads\/usu232\/2024\/06\/INFORME_ASSIGNADES_INFORME_ASSIGNADES.pdf\">Informe alumnes admesos Batxillerat<\/a><\/li>\n<\/ul>\n<hr \/>\n<ul style=\"list-style-type: circle;\">\n<li style=\"text-align: left;\"><a href=\"https:\/\/agora.xtec.cat\/iessantfeliu\/wp-content\/uploads\/usu232\/2024\/06\/INFORME_LLISTA_ESPERA_OME_LLISTA_ESPERA.pdf\">Llistat alumnes en llista d&#8217;espera<\/a><\/li>\n<li class=\"hP default_cursor_cs\" style=\"text-align: left;\" tabindex=\"-1\" data-thread-perm-id=\"thread-f:1800370696905471349\" data-legacy-thread-id=\"18fc339c2d12b575\"><a href=\"https:\/\/agora.xtec.cat\/iessantfeliu\/wp-content\/uploads\/usu232\/2024\/06\/INFORME_OFERTA_OME_INFORME_OFERTA_1.pdf\">Llistat oferta definitiva de places Batxillerat<\/a><\/li>\n<\/ul>\n<table style=\"width: 101.368%; height: 511px;\">\n<tbody>\n<tr style=\"height: 58px;\">\n<td style=\"width: 70.3628%; height: 37px;\">Publicaci\u00f3 de l\u2019oferta inicial de places<\/td>\n<td style=\"width: 56.618%; height: 37px;\">16 d&#8217;abril<\/td>\n<\/tr>\n<tr style=\"height: 58px;\">\n<td style=\"width: 70.3628%; height: 41px; background-color: #fcfcfa;\">PREINSCRIPCI\u00d3 &#8211; Per\u00edode de presentaci\u00f3 de sol\u00b7licituds mitjan\u00e7ant sol\u00b7licitud electr\u00f2nica o sol\u00b7licitud amb suport inform\u00e0tic<\/td>\n<td style=\"width: 56.618%; height: 41px; background-color: #fcfcfa;\">Del 18 al 25 d&#8217;abril (ambd\u00f3s inclosos)<\/td>\n<\/tr>\n<tr style=\"height: 58px;\">\n<td style=\"width: 126.981%; height: 41px; background-color: #ffffff;\" colspan=\"2\">Es podr\u00e0 presentar la documentaci\u00f3 fins el dia 26 d&#8217;abril.<\/td>\n<\/tr>\n<tr style=\"height: 58px;\">\n<td style=\"width: 70.3628%; height: 58px;\">Publicaci\u00f3 de les llistes de preinscripci\u00f3 amb la puntuaci\u00f3 provisional<\/td>\n<td style=\"width: 56.618%; height: 58px;\">17 de maig<\/td>\n<\/tr>\n<tr style=\"height: 58px;\">\n<td style=\"width: 70.3628%; height: 58px;\">Termini per presentar una reclamaci\u00f3, utilitzant l&#8217;eina electr\u00f2nica per adjuntar les reclamacions<\/td>\n<td style=\"width: 56.618%; height: 58px;\">Del 17 al 23 de maig<\/td>\n<\/tr>\n<tr style=\"height: 58px;\">\n<td style=\"width: 70.3628%; height: 58px; background-color: #ffffff;\">Publicaci\u00f3 de les llistes amb la puntuaci\u00f3 un cop resoltes les reclamacions<\/td>\n<td style=\"width: 56.618%; height: 58px; background-color: #ffffff;\">29 de maig<\/td>\n<\/tr>\n<tr style=\"height: 58px;\">\n<td style=\"width: 70.3628%; height: 58px;\">Sorteig p\u00fablic del n\u00famero de desempat<\/td>\n<td style=\"width: 56.618%; height: 58px;\">29 de maig a les 11.00h<\/td>\n<\/tr>\n<tr style=\"height: 58px;\">\n<td style=\"width: 70.3628%; height: 58px;\">Publicaci\u00f3 llista ordenada<\/td>\n<td style=\"width: 56.618%; height: 58px;\">3 de juny<\/td>\n<\/tr>\n<tr style=\"height: 97px;\">\n<td style=\"width: 70.3628%; height: 69px;\">Publicaci\u00f3 llista alumnes admesos i llista d&#8217;espera<\/td>\n<td style=\"width: 56.618%; height: 69px;\">20 de juny<\/td>\n<\/tr>\n<tr style=\"height: 33px;\">\n<td style=\"width: 70.3628%; height: 33px; background-color: #1ad999;\">Per\u00edode de MATR\u00cdCULA ordin\u00e0ria<\/td>\n<td style=\"width: 56.618%; height: 33px; background-color: #1ad999;\">&nbsp;<\/p>\n<p>Del 21 de juny a l&#8217;1 de juliol<\/td>\n<\/tr>\n<\/tbody>\n<\/table>\n<p>M\u00e9s informaci\u00f3 <a href=\"https:\/\/preinscripcio.gencat.cat\/ca\/estudis\/batxillerat\/inici\/\">aqu\u00ed<\/a><\/p>\n<h2 tabindex=\"-1\" data-thread-perm-id=\"thread-f:1800370696905471349\" data-legacy-thread-id=\"18fc339c2d12b575\">Llistat barem batxillerat ORDENADA: <span style=\"text-decoration: underline;\"><a href=\"https:\/\/agora.xtec.cat\/iessantfeliu\/wp-content\/uploads\/usu232\/2024\/06\/INFORME_BAREM_DEFINITIU_BAREM.pdf\">LLISTAT<\/a><\/span><\/h2>\n<h2 class=\"hP default_cursor_cs\" tabindex=\"-1\" data-thread-perm-id=\"thread-f:1800370696905471349\" data-legacy-thread-id=\"18fc339c2d12b575\">Llistat barem batxillerat amb reclamacions resoltes: <span style=\"text-decoration: underline;\"><a href=\"https:\/\/agora.xtec.cat\/iessantfeliu\/wp-content\/uploads\/usu232\/2024\/05\/INFORME_BAREM_RESOLTES_BAREM.pdf\">LLISTAT<\/a><\/span><\/h2>\n<p><span style=\"text-decoration: underline;\">L&#8217;enlla\u00e7 de preinscripci\u00f3<\/span> per poder escollir la modalitat i optatives de batxillerat pel curs 24-25.<\/p>\n<ul>\n<li>Preinscripci\u00f3 alumnes del centre INS Sant Feliu, ompliu aquest <a href=\"https:\/\/docs.google.com\/forms\/d\/e\/1FAIpQLSfBt1KaE7T4XhO6lRbHV9RNjPs_hBVGxkZf1E-Bs5CUiEbNKg\/viewform\">formulari<\/a><\/li>\n<li>Preinscripci\u00f3 alumnes fora del centre de l&#8217;Institut de Sant Feliu de Gu\u00edxols <a href=\"https:\/\/preinscripcio.gencat.cat\/ca\/estudis\/batxillerat\/preinscriute\/sollicitud\/\">enlla\u00e7<\/a><\/li>\n<\/ul>\n<div class=\"default_cursor_cs\"><\/div>\n<div>\n<h3><a href=\"https:\/\/agora.xtec.cat\/iessantfeliu\/wp-content\/uploads\/usu232\/2024\/05\/INFORME_BAREM_PROVISIONAL_BAREM-BATXILLERAT.pdf\" target=\"_blank\" rel=\"noopener\">Llista amb puntuaci\u00f3 provisional<\/a><\/h3>\n<\/div>\n<div><\/div>\n<div class=\"default_cursor_cs\"><\/div>\n<p><img loading=\"lazy\" decoding=\"async\" src=\"https:\/\/agora.xtec.cat\/iessantfeliu\/wp-content\/uploads\/usu232\/2024\/04\/Oferta-Batxillerat-2024-25.png\" alt=\"\" width=\"1263\" height=\"410\" \/><\/p>\n","protected":false},"excerpt":{"rendered":"<ul style=\"list-style-type: circle;\">\n<li style=\"text-align: left;\" tabindex=\"-1\" data-thread-perm-id=\"thread-f:1800370696905471349\" data-legacy-thread-id=\"18fc339c2d12b575\"><a href=\"https:\/\/agora.xtec.cat\/iessantfeliu\/wp-content\/uploads\/usu232\/2024\/06\/INFORME_ASSIGNADES_INFORME_ASSIGNADES.pdf\">Informe alumnes admesos Batxillerat<\/a><\/li>\n<\/ul>\n<ul style=\"list-style-type: circle;\">\n<li style=\"text-align: left;\"><a href=\"https:\/\/agora.xtec.cat\/iessantfeliu\/wp-content\/uploads\/usu232\/2024\/06\/INFORME_LLISTA_ESPERA_OME_LLISTA_ESPERA.pdf\">Llistat alumnes en llista d&#8217;espera<\/a><\/li>\n<li class=\"hP default_cursor_cs\" style=\"text-align: left;\" tabindex=\"-1\" data-thread-perm-id=\"thread-f:1800370696905471349\" data-legacy-thread-id=\"18fc339c2d12b575\"><a href=\"https:\/\/agora.xtec.cat\/iessantfeliu\/wp-content\/uploads\/usu232\/2024\/06\/INFORME_OFERTA_OME_INFORME_OFERTA_1.pdf\">Llistat oferta definitiva de places Batxillerat<\/a><\/li>\n<\/ul>\n<p>Publicaci\u00f3 de l\u2019oferta inicial de places<br \/>\n16 d&#8217;abril<\/p>\n<p>PREINSCRIPCI\u00d3 &#8211; Per\u00edode de presentaci\u00f3 de&hellip;  <a href=\"https:\/\/agora.xtec.cat\/iessantfeliu\/preinscripcio-2024-25\/batxillerat-preinscripcio-2024-25\/\" title=\"Read BATXILLERAT Preinscripci\u00f3 2024-25\">Llegeix m\u00e9s\u00bb<\/a><\/p>\n","protected":false},"author":1,"featured_media":0,"parent":11381,"menu_order":0,"comment_status":"closed","ping_status":"closed","template":"page-templates\/side-menu.php","meta":{"_bbp_topic_count":0,"_bbp_reply_count":0,"_bbp_total_topic_count":0,"_bbp_total_reply_count":0,"_bbp_voice_count":0,"_bbp_anonymous_reply_count":0,"_bbp_topic_count_hidden":0,"_bbp_reply_count_hidden":0,"_bbp_forum_subforum_count":0,"footnotes":""},"class_list":["post-11376","page","type-page","status-publish","hentry"],"post_mailing_queue_ids":[],"_links":{"self":[{"href":"https:\/\/agora.xtec.cat\/iessantfeliu\/wp-json\/wp\/v2\/pages\/11376","targetHints":{"allow":["GET"]}}],"collection":[{"href":"https:\/\/agora.xtec.cat\/iessantfeliu\/wp-json\/wp\/v2\/pages"}],"about":[{"href":"https:\/\/agora.xtec.cat\/iessantfeliu\/wp-json\/wp\/v2\/types\/page"}],"author":[{"embeddable":true,"href":"https:\/\/agora.xtec.cat\/iessantfeliu\/wp-json\/wp\/v2\/users\/1"}],"replies":[{"embeddable":true,"href":"https:\/\/agora.xtec.cat\/iessantfeliu\/wp-json\/wp\/v2\/comments?post=11376"}],"version-history":[{"count":8,"href":"https:\/\/agora.xtec.cat\/iessantfeliu\/wp-json\/wp\/v2\/pages\/11376\/revisions"}],"predecessor-version":[{"id":12069,"href":"https:\/\/agora.xtec.cat\/iessantfeliu\/wp-json\/wp\/v2\/pages\/11376\/revisions\/12069"}],"up":[{"embeddable":true,"href":"https:\/\/agora.xtec.cat\/iessantfeliu\/wp-json\/wp\/v2\/pages\/11381"}],"wp:attachment":[{"href":"https:\/\/agora.xtec.cat\/iessantfeliu\/wp-json\/wp\/v2\/media?parent=11376"}],"curies":[{"name":"wp","href":"https:\/\/api.w.org\/{rel}","templated":true}]}}