{"id":11030,"date":"2024-02-09T12:03:34","date_gmt":"2024-02-09T11:03:34","guid":{"rendered":"https:\/\/agora.xtec.cat\/iessantfeliu\/?page_id=11030"},"modified":"2024-09-25T14:16:48","modified_gmt":"2024-09-25T12:16:48","slug":"erasmus-4","status":"publish","type":"page","link":"https:\/\/agora.xtec.cat\/iessantfeliu\/erasmus-4\/","title":{"rendered":"Erasmus +"},"content":{"rendered":"<p><a href=\"http:\/\/sepie.es\/\" target=\"_blank\" rel=\"noopener\"><img loading=\"lazy\" decoding=\"async\" class=\"size-full wp-image-11027 aligncenter\" src=\"https:\/\/agora.xtec.cat\/iessantfeliu\/wp-content\/uploads\/usu232\/2024\/02\/SEPIE_erasmus_plus.gif\" alt=\"\" width=\"400\" height=\"148\" \/><\/a><\/p>\n<div class=\"row\" style=\"margin-bottom: 1em !important;\">\n<div class=\"small-12 large-4 text-center columns\"><\/div>\n<div class=\"small-12 large-4 text-center columns\"><\/div>\n<div class=\"small-12 large-4 text-center columns\"><\/div>\n<\/div>\n<div class=\"row\" style=\"margin-bottom: 1em !important;\">\n<div class=\"small-12 large-4 text-center columns\">\n<p><a href=\"http:\/\/sepie.es\/\" target=\"_blank\" rel=\"noopener\"><img loading=\"lazy\" decoding=\"async\" class=\"alignnone\" src=\"https:\/\/agora.xtec.cat\/iessantfeliu\/wp-content\/uploads\/usu232\/2024\/02\/Erasmus-Info.png\" alt=\"\" width=\"200\" height=\"200\" \/><\/a><\/p>\n<h5><\/h5>\n<p>&nbsp;<\/p>\n<\/div>\n<div class=\"small-12 large-4 text-center columns\">\n<p><a href=\"https:\/\/drive.google.com\/file\/d\/18q3--g6V_i0VmNNEYgB0i8JvZTm4TgC6\/view?usp=sharing\"><img loading=\"lazy\" decoding=\"async\" class=\"alignnone\" src=\"https:\/\/agora.xtec.cat\/iessantfeliu\/wp-content\/uploads\/usu232\/2024\/02\/Erasmus-solicitud-alumnat.png\" alt=\"\" width=\"200\" height=\"200\" \/><\/a><\/p>\n<h5><\/h5>\n<p>&nbsp;<\/p>\n<\/div>\n<div class=\"small-12 large-4 text-center columns\">\n<p><a href=\"https:\/\/drive.google.com\/file\/d\/1iowiuIu7aWZHa13dIG39nIOpN7g8kC0e\/view?usp=sharing\" target=\"_blank\" rel=\"noopener\"><img loading=\"lazy\" decoding=\"async\" class=\"alignnone\" src=\"https:\/\/agora.xtec.cat\/iessantfeliu\/wp-content\/uploads\/usu232\/2024\/02\/Erasmus-obligacions-alumnat.png\" alt=\"\" width=\"200\" height=\"200\" \/><\/a><\/p>\n<p>&nbsp;<\/p>\n<\/div>\n<\/div>\n<div class=\"row\" style=\"margin-bottom: 1em !important;\">\n<div class=\"small-12 large-4 text-center columns\">\n<p><a href=\"https:\/\/agora.xtec.cat\/iessantfeliu\/erasmus-4\/erasmus-carta-eche\/\"><img loading=\"lazy\" decoding=\"async\" class=\"alignnone\" src=\"https:\/\/agora.xtec.cat\/iessantfeliu\/wp-content\/uploads\/usu232\/2024\/02\/Carta-eche.jpg\" alt=\"\" width=\"253\" height=\"199\" \/><\/a><\/p>\n<p>&nbsp;<\/p>\n<\/div>\n<div class=\"small-12 large-4 text-center columns\">\n<p><a href=\"https:\/\/drive.google.com\/drive\/folders\/13Z7t1wKuTBYJyzoCYTlRhlfh_Zwo4J6t?usp=sharing\" target=\"_blank\" rel=\"noopener\"><img loading=\"lazy\" decoding=\"async\" class=\"alignnone\" src=\"https:\/\/agora.xtec.cat\/iessantfeliu\/wp-content\/uploads\/usu232\/2024\/02\/Erasmus-docs-GM.png\" alt=\"\" width=\"250\" height=\"202\" \/><\/a><\/p>\n<h5><\/h5>\n<p>&nbsp;<\/p>\n<\/div>\n<div class=\"small-12 large-4 text-center columns\">\n<p><a href=\"https:\/\/drive.google.com\/drive\/folders\/1MsWnvN3Wntsp2r23hw0UitPoPD23HK43?usp=sharing\" target=\"_blank\" rel=\"noopener\"><img loading=\"lazy\" decoding=\"async\" class=\"alignnone\" src=\"https:\/\/agora.xtec.cat\/iessantfeliu\/wp-content\/uploads\/usu232\/2024\/02\/Erasmus-docs-GS.png\" alt=\"\" width=\"245\" height=\"202\" \/><\/a><\/p>\n<h5><\/h5>\n<\/div>\n<\/div>\n<table style=\"border-color: #ffffff; border-style: none;\">\n<tbody>\n<tr>\n<td>El present projecte ha estat finan\u00e7at amb el suport de la Comissi\u00f3 Europea. Aquesta publicaci\u00f3 (comunicaci\u00f3) \u00e9s responsabilitat exclusiva del vostre autor. La Comissi\u00f3 no \u00e9s responsable de l&#8217;\u00fas que es pugui fer de la informaci\u00f3 aqu\u00ed difosa.<\/td>\n<\/tr>\n<\/tbody>\n<\/table>\n<table style=\"width: 100%; border-collapse: collapse; border-style: none;\">\n<tbody>\n<tr>\n<td style=\"width: 50%;\"><a href=\"https:\/\/agora.xtec.cat\/iessantfeliu\/wp-content\/uploads\/usu232\/2024\/09\/es_cofinanciado_por_la_union_europea_pos-2.png\"><img loading=\"lazy\" decoding=\"async\" class=\"alignnone size-full wp-image-12162\" src=\"https:\/\/agora.xtec.cat\/iessantfeliu\/wp-content\/uploads\/usu232\/2024\/09\/es_cofinanciado_por_la_union_europea_pos-2.png\" alt=\"\" width=\"8493\" height=\"1780\" srcset=\"https:\/\/agora.xtec.cat\/iessantfeliu\/wp-content\/uploads\/usu232\/2024\/09\/es_cofinanciado_por_la_union_europea_pos-2.png 8493w, https:\/\/agora.xtec.cat\/iessantfeliu\/wp-content\/uploads\/usu232\/2024\/09\/es_cofinanciado_por_la_union_europea_pos-2-300x63.png 300w, https:\/\/agora.xtec.cat\/iessantfeliu\/wp-content\/uploads\/usu232\/2024\/09\/es_cofinanciado_por_la_union_europea_pos-2-1024x215.png 1024w, https:\/\/agora.xtec.cat\/iessantfeliu\/wp-content\/uploads\/usu232\/2024\/09\/es_cofinanciado_por_la_union_europea_pos-2-768x161.png 768w, https:\/\/agora.xtec.cat\/iessantfeliu\/wp-content\/uploads\/usu232\/2024\/09\/es_cofinanciado_por_la_union_europea_pos-2-1536x322.png 1536w, https:\/\/agora.xtec.cat\/iessantfeliu\/wp-content\/uploads\/usu232\/2024\/09\/es_cofinanciado_por_la_union_europea_pos-2-2048x429.png 2048w\" sizes=\"auto, (max-width: 8493px) 100vw, 8493px\" \/><\/a><\/td>\n<td style=\"width: 50%;\"><a href=\"https:\/\/agora.xtec.cat\/iessantfeliu\/wp-content\/uploads\/usu232\/2024\/09\/erasmus_izquierda-1.png\"><img loading=\"lazy\" decoding=\"async\" class=\"alignnone size-full wp-image-12164\" src=\"https:\/\/agora.xtec.cat\/iessantfeliu\/wp-content\/uploads\/usu232\/2024\/09\/erasmus_izquierda-1.png\" alt=\"\" width=\"1000\" height=\"264\" srcset=\"https:\/\/agora.xtec.cat\/iessantfeliu\/wp-content\/uploads\/usu232\/2024\/09\/erasmus_izquierda-1.png 1000w, https:\/\/agora.xtec.cat\/iessantfeliu\/wp-content\/uploads\/usu232\/2024\/09\/erasmus_izquierda-1-300x79.png 300w, https:\/\/agora.xtec.cat\/iessantfeliu\/wp-content\/uploads\/usu232\/2024\/09\/erasmus_izquierda-1-768x203.png 768w\" sizes=\"auto, (max-width: 1000px) 100vw, 1000px\" \/><\/a><\/td>\n<\/tr>\n<\/tbody>\n<\/table>\n","protected":false},"excerpt":{"rendered":"<p><a href=\"http:\/\/sepie.es\/\" target=\"_blank\" rel=\"noopener\"><\/a><\/p>\n<p><a href=\"http:\/\/sepie.es\/\" target=\"_blank\" rel=\"noopener\"><\/a><\/p>\n<p>&nbsp;<\/p>\n<p><a href=\"https:\/\/drive.google.com\/file\/d\/18q3--g6V_i0VmNNEYgB0i8JvZTm4TgC6\/view?usp=sharing\"><\/a><\/p>\n<p>&nbsp;<\/p>\n<p><a href=\"https:\/\/drive.google.com\/file\/d\/1iowiuIu7aWZHa13dIG39nIOpN7g8kC0e\/view?usp=sharing\" target=\"_blank\" rel=\"noopener\"><\/a><br \/>\n&nbsp;<\/p>\n<p><a href=\"https:\/\/agora.xtec.cat\/iessantfeliu\/erasmus-4\/erasmus-carta-eche\/\"><\/a><br \/>\n&nbsp;<\/p>\n<p><a href=\"https:\/\/drive.google.com\/drive\/folders\/13Z7t1wKuTBYJyzoCYTlRhlfh_Zwo4J6t?usp=sharing\" target=\"_blank\" rel=\"noopener\"><\/a><\/p>\n<p>&nbsp;<\/p>\n<p><a href=\"https:\/\/drive.google.com\/drive\/folders\/1MsWnvN3Wntsp2r23hw0UitPoPD23HK43?usp=sharing\" target=\"_blank\" rel=\"noopener\"><\/a><\/p>\n<p>El present projecte ha estat finan\u00e7at amb el suport de la Comissi\u00f3 Europea. Aquesta publicaci\u00f3 (comunicaci\u00f3) \u00e9s responsabilitat exclusiva del vostre autor. La Comissi\u00f3 no \u00e9s responsable de&hellip;  <a href=\"https:\/\/agora.xtec.cat\/iessantfeliu\/erasmus-4\/\" title=\"Read Erasmus +\">Llegeix m\u00e9s\u00bb<\/a><\/p>\n","protected":false},"author":1,"featured_media":0,"parent":0,"menu_order":0,"comment_status":"closed","ping_status":"closed","template":"page-templates\/side-menu.php","meta":{"_bbp_topic_count":0,"_bbp_reply_count":0,"_bbp_total_topic_count":0,"_bbp_total_reply_count":0,"_bbp_voice_count":0,"_bbp_anonymous_reply_count":0,"_bbp_topic_count_hidden":0,"_bbp_reply_count_hidden":0,"_bbp_forum_subforum_count":0,"footnotes":""},"class_list":["post-11030","page","type-page","status-publish","hentry"],"post_mailing_queue_ids":[],"_links":{"self":[{"href":"https:\/\/agora.xtec.cat\/iessantfeliu\/wp-json\/wp\/v2\/pages\/11030","targetHints":{"allow":["GET"]}}],"collection":[{"href":"https:\/\/agora.xtec.cat\/iessantfeliu\/wp-json\/wp\/v2\/pages"}],"about":[{"href":"https:\/\/agora.xtec.cat\/iessantfeliu\/wp-json\/wp\/v2\/types\/page"}],"author":[{"embeddable":true,"href":"https:\/\/agora.xtec.cat\/iessantfeliu\/wp-json\/wp\/v2\/users\/1"}],"replies":[{"embeddable":true,"href":"https:\/\/agora.xtec.cat\/iessantfeliu\/wp-json\/wp\/v2\/comments?post=11030"}],"version-history":[{"count":6,"href":"https:\/\/agora.xtec.cat\/iessantfeliu\/wp-json\/wp\/v2\/pages\/11030\/revisions"}],"predecessor-version":[{"id":12167,"href":"https:\/\/agora.xtec.cat\/iessantfeliu\/wp-json\/wp\/v2\/pages\/11030\/revisions\/12167"}],"wp:attachment":[{"href":"https:\/\/agora.xtec.cat\/iessantfeliu\/wp-json\/wp\/v2\/media?parent=11030"}],"curies":[{"name":"wp","href":"https:\/\/api.w.org\/{rel}","templated":true}]}}