{"id":10954,"date":"2024-01-30T14:30:30","date_gmt":"2024-01-30T13:30:30","guid":{"rendered":"https:\/\/agora.xtec.cat\/iessantfeliu\/?page_id=10954"},"modified":"2026-02-05T13:33:01","modified_gmt":"2026-02-05T12:33:01","slug":"tramitacio-de-titols","status":"publish","type":"page","link":"https:\/\/agora.xtec.cat\/iessantfeliu\/secretaria\/tramitacio-de-titols\/","title":{"rendered":"Tramitaci\u00f3 de t\u00edtols"},"content":{"rendered":"<table style=\"border-collapse: collapse; width: 100%;\">\n<tbody>\n<tr>\n<td style=\"width: 100%; background-color: #81b9c9;\">\n<h3 style=\"text-align: center;\"><b>TRAMITACI\u00d3 DE T\u00cdTOLS D&#8217;ESO<\/b><\/h3>\n<\/td>\n<\/tr>\n<\/tbody>\n<\/table>\n<p><b><\/b><span style=\"font-weight: 400;\">La sol\u00b7licitud de la primera expedici\u00f3 del t\u00edtol es realitzar\u00e0 des del centre.<\/span><\/p>\n<p><span style=\"font-weight: 400;\">En cas que els alumnes vulguin modificar qualsevol dada del t\u00edtol d\u2019ESO o sol\u00b7licitar-ne un duplicat, la gesti\u00f3 l\u2019ha de fer la persona interessada a trav\u00e9s del seg\u00fcent enlla\u00e7: <\/span><a href=\"https:\/\/tramits.gencat.cat\/ca\/tramits\/tramits-temes\/titols-academics-no-universitaris?category=742b7874-a82c-11e3-a972-000c29052e2c\"><b>DUPLICAT T\u00cdTOL ESO<\/b><\/a><\/p>\n<p>&nbsp;<\/p>\n<table style=\"border-collapse: collapse; width: 100%;\">\n<tbody>\n<tr>\n<td style=\"width: 100%; background-color: #81b9c9;\">\n<h3 style=\"text-align: center;\"><b>TRAMITACI\u00d3 DE T\u00cdTOLS POSTOBLIGATORIS: BATXILLERAT I CICLES FORMATIUS<\/b><\/h3>\n<\/td>\n<\/tr>\n<\/tbody>\n<\/table>\n<p><span style=\"font-weight: 400;\">La tramitaci\u00f3 del <\/span><b style=\"font-family: inherit; font-size: 1em; text-align: center;\">t\u00edtol o duplicat <\/b><span style=\"font-weight: 400;\">l\u2019ha de fer la persona interessada directament a trav\u00e9s de la web del Departament d\u2019Educaci\u00f3.<\/span><\/p>\n<p><b>T\u2019expliquem com fer-ho i et deixem l\u2019enlla\u00e7 al final de les instruccions<\/b><\/p>\n<ol>\n<li style=\"font-weight: 400;\" aria-level=\"1\"><span style=\"font-weight: 400;\">Sol\u00b7licitar la tramitaci\u00f3 del teu t\u00edtol o duplicat. <\/span><i><span style=\"font-weight: 400;\">Sol\u00b7licitud en l\u00ednia<\/span><\/i><\/li>\n<li style=\"font-weight: 400;\" aria-level=\"1\"><span style=\"font-weight: 400;\">Pagar la taxa corresponent: al caixer<\/span><i><span style=\"font-weight: 400;\">\u00a0o per internet<\/span><\/i>\n<ul>\n<li style=\"font-weight: 400;\" aria-level=\"3\"><span style=\"font-weight: 400;\">Batxillerat: 69,65 euros<\/span><\/li>\n<li style=\"font-weight: 400;\" aria-level=\"3\"><span style=\"font-weight: 400;\">Formaci\u00f3 professional:\u00a0 <\/span> <span style=\"font-weight: 400;\">T\u00edtol de t\u00e8cnic\/a: 69,65 euros<\/span><\/li>\n<li style=\"font-weight: 400;\" aria-level=\"3\">T\u00edtol de t\u00e8cnic\/a superior: 78 euros<\/li>\n<\/ul>\n<\/li>\n<\/ol>\n<ol>\n<li style=\"font-weight: 400;\" aria-level=\"1\"><span style=\"font-weight: 400;\">Quan el teu pagament s\u2019hagi conciliat (triga entre 24 i 48 hores), la teva sol\u00b7licitud passar\u00e0 a l\u2019estat \u201cRegistrada\u201d i podr\u00e0s descarregar el teu resguard de t\u00edtol.\u00a0<\/span><\/li>\n<\/ol>\n<table style=\"border-collapse: collapse; width: 100%;\">\n<tbody>\n<tr>\n<td style=\"width: 100%; background-color: #f28585; text-align: center;\"><b>ATENCI\u00d3<\/b>! Cal esperar\u00a0<b><i><u>24 a 48 hores fins que el resguard sigui v\u00e0lid abans d&#8217;enviar-lo al centre de refer\u00e8ncia<\/u><\/i><\/b><\/td>\n<\/tr>\n<\/tbody>\n<\/table>\n<p><span style=\"font-weight: 400;\">2. Enviar el resguard a <\/span><a href=\"mailto:secretaria@isantfeliu.net\"><b>secretaria@isantfeliu.net<\/b><span style=\"font-weight: 400;\">\u00a0<\/span><\/a><span style=\"font-weight: 400;\">perqu\u00e8 el segellin.\u00a0\u00a0<\/span><\/p>\n<p>&nbsp;<\/p>\n<p><b>Sense aquesta validaci\u00f3, el teu resguard de t\u00edtol no ser\u00e0 v\u00e0lid<\/b><\/p>\n<ol>\n<li style=\"font-weight: 400;\" aria-level=\"1\"><span style=\"font-weight: 400;\">El centre et retornar\u00e0 el resguard signat amb certificat digital i ser\u00e0 v\u00e0lid fins que arribi el t\u00edtol definitiu.<\/span><\/li>\n<li style=\"font-weight: 400;\" aria-level=\"1\"><span style=\"font-weight: 400;\">Quan arribi el t\u00edtol al centre, rebr\u00e0s un av\u00eds perqu\u00e8 puguis passar-lo a recollir.<\/span><\/li>\n<\/ol>\n<div><\/div>\n<div><\/div>\n<div><b>INDICACIONS PER RECOLLIR EL T\u00cdTOL:\u00a0<\/b><\/div>\n<div><\/div>\n<div>Quan arribi el t\u00edtol definitiu\u00a0a l&#8217;Institut us avisarem a trav\u00e9s del correu electr\u00f2nic indicat en la sol\u00b7licitud.<\/div>\n<div><\/div>\n<div>Si no podeu venir personalment, cal que autoritzeu un tercer a recollir-lo, cal signar el document d&#8217;autoritzaci\u00f3 que us podeu descarregar aqu\u00ed:<\/div>\n<div><\/div>\n<h4><\/h4>\n<h4 style=\"text-align: center;\"><strong><a href=\"https:\/\/drive.google.com\/file\/d\/1ZBlZ_3N5edNMRBwRhiBMsWb5wO8abnHL\/view?usp=sharing\">Autoritzaci\u00f3\u00a0<\/a><\/strong><\/h4>\n<p>&nbsp;<\/p>\n<table style=\"border-collapse: collapse; width: 100%;\">\n<tbody>\n<tr>\n<td style=\"width: 100%; background-color: #ebb7b7;\">\n<h4 style=\"text-align: center;\"><b>ENLLA\u00c7 : <\/b><a href=\"https:\/\/tramits.gencat.cat\/ca\/tramits\/tramits-temes\/titols-academics-no-universitaris?category=742b7874-a82c-11e3-a972-000c29052e2c\"><b>TRAMITACI\u00d3 DE T\u00cdTOLS BATXILLERAT I CICLES FORMATIUS<\/b><\/a><\/h4>\n<\/td>\n<\/tr>\n<\/tbody>\n<\/table>\n<h4><\/h4>\n","protected":false},"excerpt":{"rendered":"<p>TRAMITACI\u00d3 DE T\u00cdTOLS D&#8217;ESO<\/p>\n<p>La sol\u00b7licitud de la primera expedici\u00f3 del t\u00edtol es realitzar\u00e0 des del centre.<br \/>\nEn cas que els alumnes vulguin modificar qualsevol dada del t\u00edtol d\u2019ESO o sol\u00b7licitar-ne un duplicat, la gesti\u00f3 l\u2019ha de fer la persona interessada a trav\u00e9s del seg\u00fcent enlla\u00e7: <a&hellip;  <a href=\"https:\/\/agora.xtec.cat\/iessantfeliu\/secretaria\/tramitacio-de-titols\/\" title=\"Read Tramitaci\u00f3 de t\u00edtols\">Llegeix m\u00e9s\u00bb<\/a><\/p>\n","protected":false},"author":19,"featured_media":0,"parent":81,"menu_order":3,"comment_status":"closed","ping_status":"closed","template":"page-templates\/side-menu.php","meta":{"_bbp_topic_count":0,"_bbp_reply_count":0,"_bbp_total_topic_count":0,"_bbp_total_reply_count":0,"_bbp_voice_count":0,"_bbp_anonymous_reply_count":0,"_bbp_topic_count_hidden":0,"_bbp_reply_count_hidden":0,"_bbp_forum_subforum_count":0,"footnotes":""},"class_list":["post-10954","page","type-page","status-publish","hentry"],"post_mailing_queue_ids":[],"_links":{"self":[{"href":"https:\/\/agora.xtec.cat\/iessantfeliu\/wp-json\/wp\/v2\/pages\/10954","targetHints":{"allow":["GET"]}}],"collection":[{"href":"https:\/\/agora.xtec.cat\/iessantfeliu\/wp-json\/wp\/v2\/pages"}],"about":[{"href":"https:\/\/agora.xtec.cat\/iessantfeliu\/wp-json\/wp\/v2\/types\/page"}],"author":[{"embeddable":true,"href":"https:\/\/agora.xtec.cat\/iessantfeliu\/wp-json\/wp\/v2\/users\/19"}],"replies":[{"embeddable":true,"href":"https:\/\/agora.xtec.cat\/iessantfeliu\/wp-json\/wp\/v2\/comments?post=10954"}],"version-history":[{"count":7,"href":"https:\/\/agora.xtec.cat\/iessantfeliu\/wp-json\/wp\/v2\/pages\/10954\/revisions"}],"predecessor-version":[{"id":14269,"href":"https:\/\/agora.xtec.cat\/iessantfeliu\/wp-json\/wp\/v2\/pages\/10954\/revisions\/14269"}],"up":[{"embeddable":true,"href":"https:\/\/agora.xtec.cat\/iessantfeliu\/wp-json\/wp\/v2\/pages\/81"}],"wp:attachment":[{"href":"https:\/\/agora.xtec.cat\/iessantfeliu\/wp-json\/wp\/v2\/media?parent=10954"}],"curies":[{"name":"wp","href":"https:\/\/api.w.org\/{rel}","templated":true}]}}