{"id":10943,"date":"2024-01-30T13:38:42","date_gmt":"2024-01-30T12:38:42","guid":{"rendered":"https:\/\/agora.xtec.cat\/iessantfeliu\/?page_id=10943"},"modified":"2024-01-30T21:30:06","modified_gmt":"2024-01-30T20:30:06","slug":"certificats-academics","status":"publish","type":"page","link":"https:\/\/agora.xtec.cat\/iessantfeliu\/secretaria\/certificats-academics\/","title":{"rendered":"Certificats acad\u00e8mics"},"content":{"rendered":"<p>Es poden sol\u00b7licitar a Secretaria certificats relacionats amb els estudis que s&#8217;estiguin fent o s&#8217;hagin realitzat a l<strong>&#8216;Institut de Sant Feliu de Gu\u00edxols.<\/strong><\/p>\n<p>Existeixen diversos tipus de certificats per\u00f2 els m\u00e9s habituals s\u00f3n:<\/p>\n<ul>\n<li>Certificat de matr\u00edcula<\/li>\n<li>Certificat de qualificacions<\/li>\n<\/ul>\n<p>Aquests certificats es poden demanar:<\/p>\n<ol>\n<li>Presencialment a la secretaria del centre<\/li>\n<li>Per correu electr\u00f2nic a <a style=\"font-family: inherit; font-size: 1em;\" href=\"mailto:secretaria@isantfeliu.net\">secretaria<span class=\"\"><span class=\"\">@isantfeliu.net <\/span><\/span><\/a>En aquest correu haur\u00e0 d&#8217;adjuntar c\u00f2pia del DNI\/NIE\/PASSAPORT i concretar el tipus de certificat i els estudis realitzats.<\/li>\n<\/ol>\n<p>&nbsp;<\/p>\n","protected":false},"excerpt":{"rendered":"<p>Es poden sol\u00b7licitar a Secretaria certificats relacionats amb els estudis que s&#8217;estiguin fent o s&#8217;hagin realitzat a l&#8216;Institut de Sant Feliu de Gu\u00edxols.<br \/>\nExisteixen diversos tipus de certificats per\u00f2 els m\u00e9s habituals s\u00f3n:<\/p>\n<ul>\n<li>Certificat de matr\u00edcula<\/li>\n<li>Certificat de qualificacions<\/li>\n<\/ul>\n<p>Aquests certificats es poden demanar:<\/p>\n<ol>\n<li>Presencialment a la secretaria del centre<\/li>\n<li>Per&hellip;  <a href=\"https:\/\/agora.xtec.cat\/iessantfeliu\/secretaria\/certificats-academics\/\" title=\"Read Certificats acad\u00e8mics\">Llegeix m\u00e9s\u00bb<\/a><br \/>\n","protected":false},"author":19,"featured_media":0,"parent":81,"menu_order":0,"comment_status":"closed","ping_status":"closed","template":"page-templates\/side-menu.php","meta":{"_bbp_topic_count":0,"_bbp_reply_count":0,"_bbp_total_topic_count":0,"_bbp_total_reply_count":0,"_bbp_voice_count":0,"_bbp_anonymous_reply_count":0,"_bbp_topic_count_hidden":0,"_bbp_reply_count_hidden":0,"_bbp_forum_subforum_count":0,"footnotes":""},"class_list":["post-10943","page","type-page","status-publish","hentry"],"post_mailing_queue_ids":[],"_links":{"self":[{"href":"https:\/\/agora.xtec.cat\/iessantfeliu\/wp-json\/wp\/v2\/pages\/10943","targetHints":{"allow":["GET"]}}],"collection":[{"href":"https:\/\/agora.xtec.cat\/iessantfeliu\/wp-json\/wp\/v2\/pages"}],"about":[{"href":"https:\/\/agora.xtec.cat\/iessantfeliu\/wp-json\/wp\/v2\/types\/page"}],"author":[{"embeddable":true,"href":"https:\/\/agora.xtec.cat\/iessantfeliu\/wp-json\/wp\/v2\/users\/19"}],"replies":[{"embeddable":true,"href":"https:\/\/agora.xtec.cat\/iessantfeliu\/wp-json\/wp\/v2\/comments?post=10943"}],"version-history":[{"count":7,"href":"https:\/\/agora.xtec.cat\/iessantfeliu\/wp-json\/wp\/v2\/pages\/10943\/revisions"}],"predecessor-version":[{"id":10980,"href":"https:\/\/agora.xtec.cat\/iessantfeliu\/wp-json\/wp\/v2\/pages\/10943\/revisions\/10980"}],"up":[{"embeddable":true,"href":"https:\/\/agora.xtec.cat\/iessantfeliu\/wp-json\/wp\/v2\/pages\/81"}],"wp:attachment":[{"href":"https:\/\/agora.xtec.cat\/iessantfeliu\/wp-json\/wp\/v2\/media?parent=10943"}],"curies":[{"name":"wp","href":"https:\/\/api.w.org\/{rel}","templated":true}]}}