{"id":722,"date":"2020-06-10T13:54:09","date_gmt":"2020-06-10T11:54:09","guid":{"rendered":"http:\/\/agora.xtec.cat\/iessantaeugenia\/?page_id=722"},"modified":"2026-04-09T13:08:28","modified_gmt":"2026-04-09T11:08:28","slug":"installacio-i-manteniment","status":"publish","type":"page","link":"https:\/\/agora.xtec.cat\/iessantaeugenia\/cicles-formatius\/installacio-i-manteniment\/","title":{"rendered":"Instal\u00b7laci\u00f3 i manteniment\/ Energia i Aigua"},"content":{"rendered":"<p><!--no borrar mai!--><\/p>\n<ul class=\"blocgeneric\">\n<li><a href=\"http:\/\/agora.xtec.cat\/iessantaeugenia\/estudis\/cicles-formatius\/installacio-i-manteniment\/cfgm-instal-lacions-frigorifiques-i-de-climatitzacio\/\">CFGM Instal.lacions Frigor\u00edfiques i de Climatitzaci\u00f3<\/a><\/li>\n<li><a href=\"http:\/\/agora.xtec.cat\/iessantaeugenia\/estudis\/cicles-formatius\/installacio-i-manteniment\/cfgs-installacions-de-produccio-de-calor\/\">CFGM Instal\u00b7lacions de Producci\u00f3 de Calor<\/a><\/li>\n<li><a href=\"https:\/\/agora.xtec.cat\/iessantaeugenia\/estudis\/cicles-formatius\/energia-i-aigua\/eficiencia-energetica-i-energia-solar-termica\/\">CFGS Efici\u00e8ncia Energ\u00e8tica i Energia Solar T\u00e8rmica<\/a><\/li>\n<li><a href=\"https:\/\/agora.xtec.cat\/iessantaeugenia\/estudis\/cicles-formatius\/energia-i-aigua\/desenvolupament-de-projectes-dinstallacions-termiques-i-de-fluids\/\">CFGS Desenvolupament de Projectes d\u2019Instal\u00b7lacions T\u00e8rmiques i de Fluids<\/a><\/li>\n<li><a href=\"https:\/\/agora.xtec.cat\/iessantaeugenia\/cicles-formatius\/installacio-i-manteniment\/modelatge-de-la-informacio-de-la-construccio-bim\/\">Curs especialitzaci\u00f3 Modelatge de la Informaci\u00f3 de la construcci\u00f3 (BIM)<\/a><\/li>\n<\/ul>\n<p><span style=\"color: #ffffff;\">.<\/span><\/p>\n<h5><strong>DESCARREGA&#8217;T ELS NOSTRES CAT\u00c0LEGS<\/strong><\/h5>\n<p><a href=\"https:\/\/agora.xtec.cat\/iessantaeugenia\/wp-content\/uploads\/usu1801\/2021\/10\/GRAU-MITJA-DINSTAL\u00b7LACIONS-DE-PRODUCCIO-DE-COLOR.pdf\" target=\"_blank\" rel=\"noopener\">GRAU MITJ\u00c0 D&#8217;INSTAL\u00b7LACIONS DE PRODUCCI\u00d3 DE CALOR<\/a><\/p>\n<p><a href=\"https:\/\/agora.xtec.cat\/iessantaeugenia\/wp-content\/uploads\/usu1801\/2021\/10\/GRAU-MITJA-DINSTAL\u00b7LACIONS-FRIGORIFIQUES-I-DE-CLIMATITZACIO.pdf\" target=\"_blank\" rel=\"noopener\">GRAU MITJ\u00c0 D&#8217;INSTAL\u00b7LACIONS FRIGOR\u00cdFIQUES I DE CLIMATITZACI\u00d3<\/a><\/p>\n<p><a href=\"https:\/\/agora.xtec.cat\/iessantaeugenia\/wp-content\/uploads\/usu1801\/2021\/10\/GRAU-SUPERIOR-DEFICIENCIA-ENERGETICA-I-ENERGIA-SOLAR-TERMICA-2.pdf\" target=\"_blank\" rel=\"noopener\">GRAU SUPERIOR D&#8217;EFICI\u00c8NCIA ENERG\u00c8TICA I ENERGIA SOLAR T\u00c8RMICA<\/a><\/p>\n<p><a href=\"https:\/\/agora.xtec.cat\/iessantaeugenia\/wp-content\/uploads\/usu1801\/2021\/10\/GRAU-SUPERIOR-DE-DESENVOLUPAMENT-DE-PROJECTES-DINSTAL\u00b7LACIONS-TERMIQUES-I-DE-FLUIDS-2.pdf\" target=\"_blank\" rel=\"noopener\">GRAU SUPERIOR DE DESENVOLUPAMENT DE PROJECTES D&#8217;INSTAL\u00b7LACIONS T\u00c8RMIQUES I DE FLUIDS<\/a><\/p>\n<p><a href=\"https:\/\/agora.xtec.cat\/iessantaeugenia\/wp-content\/uploads\/usu1801\/2022\/05\/CursEspecialitzacioBIMpdf-3.pdf\">CURS ESPECIALITZACIO EN MODELATGE DE LA CONSTRUCCI\u00d3 (BIM)<\/a><\/p>\n<p>&nbsp;<\/p>\n<h5><strong>SEGUEIX-NOS EN ELS NOSTRES CANALS<\/strong><\/h5>\n<ul>\n<li><a href=\"https:\/\/fredicalor.wordpress.com\/\" target=\"_blank\" rel=\"noopener\">BLOG<\/a><\/li>\n<li><a href=\"https:\/\/www.instagram.com\/fpfredicalor\/\" target=\"_blank\" rel=\"noopener\">INSTAGRAM<\/a><\/li>\n<\/ul>\n<p>&nbsp;<\/p>\n<p><!--no borrar mai!--><\/p>\n<ul style=\"display: none;\">\n<li><a href=\"http:\/\/agora.xtec.cat\/iessantaeugenia\/estudis\/cicles-formatius\/installacio-i-manteniment\/cfgm-instal-lacions-frigorifiques-i-de-climatitzacio\/\">CFGM Instal.lacions Frigor\u00edfiques i de Climatitzaci\u00f3<\/a><\/li>\n<li><a href=\"http:\/\/agora.xtec.cat\/iessantaeugenia\/estudis\/cicles-formatius\/installacio-i-manteniment\/cfgs-installacions-de-produccio-de-calor\/\">CFGS Instal\u00b7lacions de Producci\u00f3 de Calor<\/a><\/li>\n<\/ul>\n","protected":false},"excerpt":{"rendered":"<ul class=\"blocgeneric\">\n<li><a href=\"http:\/\/agora.xtec.cat\/iessantaeugenia\/estudis\/cicles-formatius\/installacio-i-manteniment\/cfgm-instal-lacions-frigorifiques-i-de-climatitzacio\/\">CFGM Instal.lacions Frigor\u00edfiques i de Climatitzaci\u00f3<\/a><\/li>\n<li><a href=\"http:\/\/agora.xtec.cat\/iessantaeugenia\/estudis\/cicles-formatius\/installacio-i-manteniment\/cfgs-installacions-de-produccio-de-calor\/\">CFGM Instal\u00b7lacions de Producci\u00f3 de Calor<\/a><\/li>\n<li><a href=\"https:\/\/agora.xtec.cat\/iessantaeugenia\/estudis\/cicles-formatius\/energia-i-aigua\/eficiencia-energetica-i-energia-solar-termica\/\">CFGS Efici\u00e8ncia Energ\u00e8tica i Energia Solar T\u00e8rmica<\/a><\/li>\n<li><a href=\"https:\/\/agora.xtec.cat\/iessantaeugenia\/estudis\/cicles-formatius\/energia-i-aigua\/desenvolupament-de-projectes-dinstallacions-termiques-i-de-fluids\/\">CFGS Desenvolupament de Projectes d\u2019Instal\u00b7lacions T\u00e8rmiques i de Fluids<\/a><\/li>\n<li><a href=\"https:\/\/agora.xtec.cat\/iessantaeugenia\/cicles-formatius\/installacio-i-manteniment\/modelatge-de-la-informacio-de-la-construccio-bim\/\">Curs especialitzaci\u00f3 Modelatge de la Informaci\u00f3 de la construcci\u00f3 (BIM)<\/a><\/li>\n<\/ul>\n<p>.<br \/>\nDESCARREGA&#8217;T ELS NOSTRES CAT\u00c0LEGS<br \/>\n<a href=\"https:\/\/agora.xtec.cat\/iessantaeugenia\/wp-content\/uploads\/usu1801\/2021\/10\/GRAU-MITJA-DINSTAL\u00b7LACIONS-DE-PRODUCCIO-DE-COLOR.pdf\" target=\"_blank\"&hellip;  <a href=\"https:\/\/agora.xtec.cat\/iessantaeugenia\/cicles-formatius\/installacio-i-manteniment\/\" title=\"Read Instal\u00b7laci\u00f3 i manteniment\/ Energia i Aigua\">Llegeix m\u00e9s\u00bb<\/a><\/p>\n","protected":false},"author":1,"featured_media":0,"parent":712,"menu_order":8,"comment_status":"closed","ping_status":"closed","template":"page-templates\/side-menu.php","meta":{"_bbp_topic_count":0,"_bbp_reply_count":0,"_bbp_total_topic_count":0,"_bbp_total_reply_count":0,"_bbp_voice_count":0,"_bbp_anonymous_reply_count":0,"_bbp_topic_count_hidden":0,"_bbp_reply_count_hidden":0,"_bbp_forum_subforum_count":0,"footnotes":""},"class_list":["post-722","page","type-page","status-publish","hentry"],"post_mailing_queue_ids":[],"_links":{"self":[{"href":"https:\/\/agora.xtec.cat\/iessantaeugenia\/wp-json\/wp\/v2\/pages\/722","targetHints":{"allow":["GET"]}}],"collection":[{"href":"https:\/\/agora.xtec.cat\/iessantaeugenia\/wp-json\/wp\/v2\/pages"}],"about":[{"href":"https:\/\/agora.xtec.cat\/iessantaeugenia\/wp-json\/wp\/v2\/types\/page"}],"author":[{"embeddable":true,"href":"https:\/\/agora.xtec.cat\/iessantaeugenia\/wp-json\/wp\/v2\/users\/1"}],"replies":[{"embeddable":true,"href":"https:\/\/agora.xtec.cat\/iessantaeugenia\/wp-json\/wp\/v2\/comments?post=722"}],"version-history":[{"count":6,"href":"https:\/\/agora.xtec.cat\/iessantaeugenia\/wp-json\/wp\/v2\/pages\/722\/revisions"}],"predecessor-version":[{"id":14017,"href":"https:\/\/agora.xtec.cat\/iessantaeugenia\/wp-json\/wp\/v2\/pages\/722\/revisions\/14017"}],"up":[{"embeddable":true,"href":"https:\/\/agora.xtec.cat\/iessantaeugenia\/wp-json\/wp\/v2\/pages\/712"}],"wp:attachment":[{"href":"https:\/\/agora.xtec.cat\/iessantaeugenia\/wp-json\/wp\/v2\/media?parent=722"}],"curies":[{"name":"wp","href":"https:\/\/api.w.org\/{rel}","templated":true}]}}