{"id":718,"date":"2020-06-10T13:53:11","date_gmt":"2020-06-10T11:53:11","guid":{"rendered":"http:\/\/agora.xtec.cat\/iessantaeugenia\/?page_id=718"},"modified":"2026-04-09T13:05:03","modified_gmt":"2026-04-09T11:05:03","slug":"edificacio-i-obra-civil","status":"publish","type":"page","link":"https:\/\/agora.xtec.cat\/iessantaeugenia\/cicles-formatius\/edificacio-i-obra-civil\/","title":{"rendered":"Edificaci\u00f3 i obra civil"},"content":{"rendered":"<p><!--no borrar mai!--><\/p>\n<ul class=\"blocgeneric\">\n<li><a href=\"https:\/\/triaeducativa.gencat.cat\/ca\/fp\/pfi\/families-professionals\/edificacio-obra-civil\/?p_id=4430&amp;estudi\">PFI Auxiliar de Construcci\u00f3<\/a><\/li>\n<li><a href=\"http:\/\/agora.xtec.cat\/iessantaeugenia\/estudis\/cicles-formatius\/edificacio-i-obra-civil\/cfgm-obres-dinterior-decoracio-i-rehabilitacio\/\">CFGM Obres d\u2019Interior Decoraci\u00f3 i Rehabilitaci\u00f3<\/a><\/li>\n<li><a href=\"http:\/\/agora.xtec.cat\/iessantaeugenia\/estudis\/cicles-formatius\/edificacio-i-obra-civil\/cfgs-projectes-dedificacio\/\">CFGS Projectes d\u2019Edificaci\u00f3<\/a><\/li>\n<li><a href=\"https:\/\/triaeducativa.gencat.cat\/ca\/fp\/cursos-especialitzacio\/cursos\/?p_id=5312&amp;estudi\">Curs especialitzaci\u00f3 Modelatge de la Informaci\u00f3 de la construcci\u00f3 (BIM)<\/a><\/li>\n<\/ul>\n<p><span style=\"color: #ffffff;\">.<\/span><\/p>\n<p><strong>DESCARREGA&#8217;T ELS NOSTRES CAT\u00c0LEGS<\/strong><\/p>\n<p><a href=\"https:\/\/agora.xtec.cat\/iessantaeugenia\/wp-content\/uploads\/usu1801\/2021\/10\/GRAU-MITJA-DOBRES-DINTERIOR-DECORACIO-I-REHABILITACIO.pdf\" target=\"_blank\" rel=\"noopener\">GRAU MITJ\u00c0 D&#8217;OBRES D&#8217;INTERIOR, DECORACI\u00d3 I REHABILITACI\u00d3<\/a><\/p>\n<p><a href=\"https:\/\/agora.xtec.cat\/iessantaeugenia\/wp-content\/uploads\/usu1801\/2021\/10\/GRAU-SUPERIOR-DE-PROJECTES-DEDIFICACIO.pdf\" target=\"_blank\" rel=\"noopener\">GRAU SUPERIOR DE PROJECTES D&#8217;EDIFICACI\u00d3 (DUAL)<\/a><\/p>\n<p><a href=\"https:\/\/agora.xtec.cat\/iessantaeugenia\/wp-content\/uploads\/usu1801\/2022\/04\/Perfil_Construccio.pdf\" target=\"_blank\" rel=\"noopener\">AUXILIAR DE CONSTRUCCI\u00d3<\/a><\/p>\n<p><a href=\"https:\/\/agora.xtec.cat\/iessantaeugenia\/wp-content\/uploads\/usu1801\/2022\/05\/CursEspecialitzacioBIMpdf-3.pdf\">CURS ESPECIALITZACI\u00d3 EN MODELATGE DE LA CONSTRUCCI\u00d3 (BIM)<\/a><\/p>\n<p><!--no borrar mai!--><\/p>\n<ul style=\"display: none;\">\n<li><a href=\"http:\/\/agora.xtec.cat\/iessantaeugenia\/estudis\/cicles-formatius\/edificacio-i-obra-civil\/cfgm-obres-dinterior-decoracio-i-rehabilitacio\/\">CFGM Obres d\u2019Interior Decoraci\u00f3 i Rehabilitaci\u00f3<\/a><\/li>\n<li><a href=\"http:\/\/agora.xtec.cat\/iessantaeugenia\/estudis\/cicles-formatius\/edificacio-i-obra-civil\/cfgs-projectes-dedificacio\/\">CFGS Projectes d\u2019Edificaci\u00f3<\/a><\/li>\n<\/ul>\n","protected":false},"excerpt":{"rendered":"<ul class=\"blocgeneric\">\n<li><a href=\"https:\/\/triaeducativa.gencat.cat\/ca\/fp\/pfi\/families-professionals\/edificacio-obra-civil\/?p_id=4430&amp;estudi\">PFI Auxiliar de Construcci\u00f3<\/a><\/li>\n<li><a href=\"http:\/\/agora.xtec.cat\/iessantaeugenia\/estudis\/cicles-formatius\/edificacio-i-obra-civil\/cfgm-obres-dinterior-decoracio-i-rehabilitacio\/\">CFGM Obres d\u2019Interior Decoraci\u00f3 i Rehabilitaci\u00f3<\/a><\/li>\n<li><a href=\"http:\/\/agora.xtec.cat\/iessantaeugenia\/estudis\/cicles-formatius\/edificacio-i-obra-civil\/cfgs-projectes-dedificacio\/\">CFGS Projectes d\u2019Edificaci\u00f3<\/a><\/li>\n<li><a href=\"https:\/\/triaeducativa.gencat.cat\/ca\/fp\/cursos-especialitzacio\/cursos\/?p_id=5312&amp;estudi\">Curs especialitzaci\u00f3 Modelatge de la Informaci\u00f3 de la construcci\u00f3 (BIM)<\/a><\/li>\n<\/ul>\n<p>.<br \/>\nDESCARREGA&#8217;T ELS NOSTRES CAT\u00c0LEGS<br \/>\n<a href=\"https:\/\/agora.xtec.cat\/iessantaeugenia\/wp-content\/uploads\/usu1801\/2021\/10\/GRAU-MITJA-DOBRES-DINTERIOR-DECORACIO-I-REHABILITACIO.pdf\" target=\"_blank\" rel=\"noopener\">GRAU MITJ\u00c0 D&#8217;OBRES D&#8217;INTERIOR, DECORACI\u00d3 I REHABILITACI\u00d3<\/a><br \/>\n<a href=\"https:\/\/agora.xtec.cat\/iessantaeugenia\/wp-content\/uploads\/usu1801\/2021\/10\/GRAU-SUPERIOR-DE-PROJECTES-DEDIFICACIO.pdf\" target=\"_blank\" rel=\"noopener\">GRAU SUPERIOR DE PROJECTES D&#8217;EDIFICACI\u00d3 (DUAL)<\/a><br \/>\n<a&hellip;  <a href=\"https:\/\/agora.xtec.cat\/iessantaeugenia\/cicles-formatius\/edificacio-i-obra-civil\/\" title=\"Read Edificaci\u00f3 i obra civil\">Llegeix m\u00e9s\u00bb<\/a><\/p>\n","protected":false},"author":1,"featured_media":0,"parent":712,"menu_order":3,"comment_status":"closed","ping_status":"closed","template":"page-templates\/side-menu.php","meta":{"_bbp_topic_count":0,"_bbp_reply_count":0,"_bbp_total_topic_count":0,"_bbp_total_reply_count":0,"_bbp_voice_count":0,"_bbp_anonymous_reply_count":0,"_bbp_topic_count_hidden":0,"_bbp_reply_count_hidden":0,"_bbp_forum_subforum_count":0,"footnotes":""},"class_list":["post-718","page","type-page","status-publish","hentry"],"post_mailing_queue_ids":[],"_links":{"self":[{"href":"https:\/\/agora.xtec.cat\/iessantaeugenia\/wp-json\/wp\/v2\/pages\/718","targetHints":{"allow":["GET"]}}],"collection":[{"href":"https:\/\/agora.xtec.cat\/iessantaeugenia\/wp-json\/wp\/v2\/pages"}],"about":[{"href":"https:\/\/agora.xtec.cat\/iessantaeugenia\/wp-json\/wp\/v2\/types\/page"}],"author":[{"embeddable":true,"href":"https:\/\/agora.xtec.cat\/iessantaeugenia\/wp-json\/wp\/v2\/users\/1"}],"replies":[{"embeddable":true,"href":"https:\/\/agora.xtec.cat\/iessantaeugenia\/wp-json\/wp\/v2\/comments?post=718"}],"version-history":[{"count":6,"href":"https:\/\/agora.xtec.cat\/iessantaeugenia\/wp-json\/wp\/v2\/pages\/718\/revisions"}],"predecessor-version":[{"id":14014,"href":"https:\/\/agora.xtec.cat\/iessantaeugenia\/wp-json\/wp\/v2\/pages\/718\/revisions\/14014"}],"up":[{"embeddable":true,"href":"https:\/\/agora.xtec.cat\/iessantaeugenia\/wp-json\/wp\/v2\/pages\/712"}],"wp:attachment":[{"href":"https:\/\/agora.xtec.cat\/iessantaeugenia\/wp-json\/wp\/v2\/media?parent=718"}],"curies":[{"name":"wp","href":"https:\/\/api.w.org\/{rel}","templated":true}]}}